{"id":14093,"date":"2025-04-24T14:51:50","date_gmt":"2025-04-24T14:51:50","guid":{"rendered":"https:\/\/kurita-eu-gudza2cjbzfhcwbx.francecentral-01.azurewebsites.net\/?page_id=14093"},"modified":"2026-03-30T14:33:33","modified_gmt":"2026-03-30T14:33:33","slug":"giluton","status":"publish","type":"page","link":"https:\/\/kuritaeuwe-1d317f88af-hmdafwemhrbdfrck.a03.azurefd.net\/cs\/solutions\/giluton\/","title":{"rendered":"Giluton\u00ae"},"content":{"rendered":"<div data-elementor-type=\"wp-page\" data-elementor-id=\"14093\" class=\"elementor elementor-14093\" data-elementor-post-type=\"page\">\n\t\t\t\t\t\t<section class=\"elementor-section elementor-top-section elementor-element elementor-element-19c485db elementor-section-full_width elementor-section-height-default elementor-section-height-default\" data-id=\"19c485db\" data-element_type=\"section\" data-e-type=\"section\">\n\t\t\t\t\t\t<div class=\"elementor-container elementor-column-gap-default\">\n\t\t\t\t\t<div class=\"elementor-column elementor-col-100 elementor-top-column elementor-element elementor-element-4c9999b9\" data-id=\"4c9999b9\" data-element_type=\"column\" data-e-type=\"column\">\n\t\t\t<div class=\"elementor-widget-wrap elementor-element-populated\">\n\t\t\t\t\t\t<div class=\"elementor-element elementor-element-282a56fd elementor--h-position-center elementor--v-position-middle elementor-arrows-position-inside elementor-pagination-position-inside elementor-widget elementor-widget-slides\" data-id=\"282a56fd\" data-element_type=\"widget\" data-e-type=\"widget\" data-settings=\"{&quot;navigation&quot;:&quot;both&quot;,&quot;autoplay&quot;:&quot;yes&quot;,&quot;pause_on_hover&quot;:&quot;yes&quot;,&quot;pause_on_interaction&quot;:&quot;yes&quot;,&quot;autoplay_speed&quot;:5000,&quot;infinite&quot;:&quot;yes&quot;,&quot;transition&quot;:&quot;slide&quot;,&quot;transition_speed&quot;:500}\" data-widget_type=\"slides.default\">\n\t\t\t\t<div class=\"elementor-widget-container\">\n\t\t\t\t\t\t\t\t\t<div class=\"elementor-swiper\">\n\t\t\t\t\t<div class=\"elementor-slides-wrapper elementor-main-swiper swiper\" role=\"region\" aria-roledescription=\"carousel\" aria-label=\"Slides\" dir=\"ltr\" data-animation=\"fadeInUp\">\n\t\t\t\t<div class=\"swiper-wrapper elementor-slides\">\n\t\t\t\t\t\t\t\t\t\t<div class=\"elementor-repeater-item-4e0b9f7 swiper-slide\" role=\"group\" aria-roledescription=\"slide\"><div class=\"swiper-slide-bg elementor-ken-burns elementor-ken-burns--in\" role=\"img\" aria-label=\"Applications_Paper.jpg\"><\/div><div class=\"elementor-background-overlay\"><\/div><div class=\"swiper-slide-inner\" ><div class=\"swiper-slide-contents\"><h1 class=\"elementor-slide-heading\">Giluton\u00ae<\/h1><\/div><\/div><\/div>\t\t\t\t<\/div>\n\t\t\t\t\t\t\t<\/div>\n\t\t\t\t<\/div>\n\t\t\t\t\t\t\t\t<\/div>\n\t\t\t\t<\/div>\n\t\t\t\t\t<\/div>\n\t\t<\/div>\n\t\t\t\t\t<\/div>\n\t\t<\/section>\n\t\t\t\t<section class=\"elementor-section elementor-top-section elementor-element elementor-element-4512a4 elementor-section-boxed elementor-section-height-default elementor-section-height-default\" data-id=\"4512a4\" data-element_type=\"section\" data-e-type=\"section\">\n\t\t\t\t\t\t<div class=\"elementor-container elementor-column-gap-default\">\n\t\t\t\t\t<div class=\"elementor-column elementor-col-66 elementor-top-column elementor-element elementor-element-448c4bf7 margin-content\" data-id=\"448c4bf7\" data-element_type=\"column\" data-e-type=\"column\">\n\t\t\t<div class=\"elementor-widget-wrap elementor-element-populated\">\n\t\t\t\t\t\t<div class=\"elementor-element elementor-element-6d42747f elementor-widget elementor-widget-heading\" data-id=\"6d42747f\" data-element_type=\"widget\" data-e-type=\"widget\" data-widget_type=\"heading.default\">\n\t\t\t\t<div class=\"elementor-widget-container\">\n\t\t\t\t\t<h2 class=\"elementor-heading-title elementor-size-default\">Pokro\u010dil\u00e9 technologie v pap\u00edrensk\u00e9 chemii: prost\u0159edky pro zv\u00fd\u0161en\u00ed pevnosti za mokra - Giluton\u00ae<\/h2>\t\t\t\t<\/div>\n\t\t\t\t<\/div>\n\t\t\t\t<div class=\"elementor-element elementor-element-fde3432 elementor-invisible elementor-widget elementor-widget-text-editor\" data-id=\"fde3432\" data-element_type=\"widget\" data-e-type=\"widget\" data-settings=\"{&quot;_animation&quot;:&quot;fadeInUp&quot;}\" data-widget_type=\"text-editor.default\">\n\t\t\t\t<div class=\"elementor-widget-container\">\n\t\t\t\t\t\t\t\t\tSpole\u010dnost Kurita si za v\u00edce ne\u017e t\u0159i desetilet\u00ed vybudovala vedouc\u00ed postaven\u00ed na evropsk\u00e9m trhu s p\u0159\u00edsadami pro zv\u00fd\u0161en\u00ed pevnosti za mokra.\n\nN\u00e1\u0161 Giluton<sup>\u00ae<\/sup>\u00a0prysky\u0159ice pro mokr\u00e9 aplikace jsou zalo\u017eeny na polyamidoamin-epichlorhydrinov\u00e9 (PAAE) chemii a pou\u017e\u00edvaj\u00ed se p\u0159edev\u0161\u00edm v neutr\u00e1ln\u00edch a\u017e m\u00edrn\u011b alkalick\u00fdch podm\u00ednk\u00e1ch.\n\nPrysky\u0159ice PAAE podporuje:\n<ul>\n \t<li>pevnost za mokra<\/li>\n \t<li>zadr\u017eov\u00e1n\u00ed jemn\u00fdch \u010d\u00e1stic a plniva<\/li>\n \t<li>fixace odpadu<\/li>\n \t<li>v\u00fdkonnost dal\u0161\u00edch p\u0159\u00edsad, nap\u0159. dimenzov\u00e1n\u00ed mokr\u00fdch konc\u016f.<\/li>\n \t<li>sk\u0159\u00edp\u00e1n\u00ed na v\u00e1lci Yankee (tk\u00e1\u0148)<\/li>\n \t<li>pevnost v suchu<\/li>\n \t<li>bilance n\u00e1pln\u011b syst\u00e9mu<\/li>\n<\/ul><\/p>\n<p>\nNa\u0161e siln\u00e9 odhodl\u00e1n\u00ed v oblasti v\u00fdzkumu a v\u00fdvoje vedlo k vytvo\u0159en\u00ed pokro\u010dil\u00e9ho portfolia spl\u0148uj\u00edc\u00edho pot\u0159eby konkr\u00e9tn\u00edch aplikac\u00ed a po\u017eadavk\u016f BfR (Bundesinstitut f\u00fcr Risikoanalyse), FDA a \u010d\u00ednsk\u00e9 normy GB 9685-2008. Krom\u011b toho v\u011bt\u0161ina na\u0161eho portfolia spl\u0148uje po\u017eadavky RAL-Umweltzeichen, Nordic Swan- a EU Ecolabel.\n\nDoporu\u010dujeme v\u00e1m pod\u00edvat se na n\u00ed\u017ee uveden\u00e9 video, kde uvid\u00edte laboratorn\u00ed test s Gilutonem<sup>\u00ae<\/sup>\u00a0a v\u00fdrobn\u00ed proces mokr\u00e9ho zpevn\u011bn\u00e9ho pap\u00edru s na\u0161\u00edm pilotn\u00edm pap\u00edrov\u00fdm strojem.\t\t\t\t\t\t\t\t<\/div>\n\t\t\t\t<\/div>\n\t\t\t\t\t<\/div>\n\t\t<\/div>\n\t\t\t\t<div class=\"elementor-column elementor-col-33 elementor-top-column elementor-element elementor-element-172bc7ea margin-content\" data-id=\"172bc7ea\" data-element_type=\"column\" data-e-type=\"column\">\n\t\t\t<div class=\"elementor-widget-wrap elementor-element-populated\">\n\t\t\t\t\t\t<div class=\"elementor-element elementor-element-29729e01 elementor-invisible elementor-widget elementor-widget-image\" data-id=\"29729e01\" data-element_type=\"widget\" data-e-type=\"widget\" data-settings=\"{&quot;_animation&quot;:&quot;fadeIn&quot;}\" data-widget_type=\"image.default\">\n\t\t\t\t<div class=\"elementor-widget-container\">\n\t\t\t\t\t\t\t\t\t\t\t\t\t\t\t<img fetchpriority=\"high\" decoding=\"async\" width=\"350\" height=\"299\" src=\"\/wp-content\/uploads\/2025\/04\/Stamp-Kurita-PATENTED-SOLUTION-0e304df3.png\" class=\"attachment-large size-large wp-image-12806\" alt=\"\" srcset=\"\/wp-content\/uploads\/2025\/04\/Stamp-Kurita-PATENTED-SOLUTION-0e304df3.png 350w, \/wp-content\/uploads\/2025\/04\/Stamp-Kurita-PATENTED-SOLUTION-0e304df3-300x256.png 300w\" sizes=\"(max-width: 350px) 100vw, 350px\" data-no-translation=\"\" \/>\t\t\t\t\t\t\t\t\t\t\t\t\t\t\t<\/div>\n\t\t\t\t<\/div>\n\t\t\t\t\t<\/div>\n\t\t<\/div>\n\t\t\t\t\t<\/div>\n\t\t<\/section>\n\t\t\t\t<section class=\"elementor-section elementor-top-section elementor-element elementor-element-32730b9f elementor-section-boxed elementor-section-height-default elementor-section-height-default\" data-id=\"32730b9f\" data-element_type=\"section\" data-e-type=\"section\" data-settings=\"{&quot;background_background&quot;:&quot;classic&quot;}\">\n\t\t\t\t\t\t<div class=\"elementor-container elementor-column-gap-default\">\n\t\t\t\t\t<div class=\"elementor-column elementor-col-100 elementor-top-column elementor-element elementor-element-3628a982 margin-content\" data-id=\"3628a982\" data-element_type=\"column\" data-e-type=\"column\">\n\t\t\t<div class=\"elementor-widget-wrap elementor-element-populated\">\n\t\t\t\t\t\t<div class=\"elementor-element elementor-element-43491c3a elementor-widget elementor-widget-heading\" data-id=\"43491c3a\" data-element_type=\"widget\" data-e-type=\"widget\" data-widget_type=\"heading.default\">\n\t\t\t\t<div class=\"elementor-widget-container\">\n\t\t\t\t\t<h4 class=\"elementor-heading-title elementor-size-default\">Laboratorn\u00ed test<\/h4>\t\t\t\t<\/div>\n\t\t\t\t<\/div>\n\t\t\t\t<div class=\"elementor-element elementor-element-6ce675af elementor-widget elementor-widget-video\" data-id=\"6ce675af\" data-element_type=\"widget\" data-e-type=\"widget\" data-settings=\"{&quot;youtube_url&quot;:&quot;https:\\\/\\\/www.youtube.com\\\/watch?v=btHrrm0nnLg&quot;,&quot;video_type&quot;:&quot;youtube&quot;,&quot;controls&quot;:&quot;yes&quot;}\" data-widget_type=\"video.default\">\n\t\t\t\t<div class=\"elementor-widget-container\">\n\t\t\t\t\t\t\t<div class=\"elementor-wrapper elementor-open-inline\">\n\t\t\t<div class=\"elementor-video\"><\/div>\t\t<\/div>\n\t\t\t\t\t\t<\/div>\n\t\t\t\t<\/div>\n\t\t\t\t\t<\/div>\n\t\t<\/div>\n\t\t\t\t\t<\/div>\n\t\t<\/section>\n\t\t\t\t<section class=\"elementor-section elementor-top-section elementor-element elementor-element-4a71968a elementor-section-boxed elementor-section-height-default elementor-section-height-default\" data-id=\"4a71968a\" data-element_type=\"section\" data-e-type=\"section\" data-settings=\"{&quot;background_background&quot;:&quot;classic&quot;}\">\n\t\t\t\t\t\t<div class=\"elementor-container elementor-column-gap-default\">\n\t\t\t\t\t<div class=\"elementor-column elementor-col-100 elementor-top-column elementor-element elementor-element-56d14dc1 margin-content\" data-id=\"56d14dc1\" data-element_type=\"column\" data-e-type=\"column\">\n\t\t\t<div class=\"elementor-widget-wrap elementor-element-populated\">\n\t\t\t\t\t\t<div class=\"elementor-element elementor-element-76aef264 elementor-widget elementor-widget-heading\" data-id=\"76aef264\" data-element_type=\"widget\" data-e-type=\"widget\" data-widget_type=\"heading.default\">\n\t\t\t\t<div class=\"elementor-widget-container\">\n\t\t\t\t\t<h2 class=\"elementor-heading-title elementor-size-default\">Jsme v\u00e1m k dispozici<\/h2>\t\t\t\t<\/div>\n\t\t\t\t<\/div>\n\t\t\t\t<div class=\"elementor-element elementor-element-55766160 elementor-widget elementor-widget-html\" data-id=\"55766160\" data-element_type=\"widget\" data-e-type=\"widget\" data-widget_type=\"html.default\">\n\t\t\t\t<div class=\"elementor-widget-container\">\n\t\t\t\t\t<div\r\n        data-form-id='f4d0a8e4-73ce-ef11-b8e8-000d3ab41b62'\r\n        data-form-api-url='https:\/\/public-eur.mkt.dynamics.com\/api\/v1.0\/orgs\/30cac5a2-33f9-ed11-a66d-000d3a64d748\/landingpageforms'\r\n        data-cached-form-url='https:\/\/assets-eur.mkt.dynamics.com\/30cac5a2-33f9-ed11-a66d-000d3a64d748\/digitalassets\/forms\/f4d0a8e4-73ce-ef11-b8e8-000d3ab41b62' ><\/div>\r\n        <script src = 'https:\/\/cxppusa1formui01cdnsa01-endpoint.azureedge.net\/eur\/FormLoader\/FormLoader.bundle.js' ><\/script>\r\n        <script>document.documentElement.lang = navigator.language;<\/script>\t\t\t\t<\/div>\n\t\t\t\t<\/div>\n\t\t\t\t\t<\/div>\n\t\t<\/div>\n\t\t\t\t\t<\/div>\n\t\t<\/section>\n\t\t\t\t<\/div>","protected":false},"excerpt":{"rendered":"<p>Our Giluton\u00ae wet strength resins are based on polyamidoamine-epichlorohydrin (PAAE) chemistry and are primarily applied under neutral to slightly alkaline conditions.<\/p>","protected":false},"author":2,"featured_media":0,"parent":13875,"menu_order":0,"comment_status":"closed","ping_status":"closed","template":"","meta":{"footnotes":""},"class_list":["post-14093","page","type-page","status-publish","hentry"],"yoast_head":"<!-- This site is optimized with the Yoast SEO plugin v27.3 - https:\/\/yoast.com\/product\/yoast-seo-wordpress\/ -->\n<title>Giluton\u00ae - Kurita Europe<\/title>\n<meta name=\"description\" content=\"Giluton\u00ae by Kurita: wet strength resins for paper production, enhancing durability, efficiency, and compliance with global standards.\" \/>\n<meta name=\"robots\" content=\"index, follow, max-snippet:-1, max-image-preview:large, max-video-preview:-1\" \/>\n<link rel=\"canonical\" href=\"https:\/\/kurita.eu\/pl\/solutions\/giluton\/\" \/>\n<meta property=\"og:locale\" content=\"cs_CZ\" \/>\n<meta property=\"og:type\" content=\"article\" \/>\n<meta property=\"og:title\" content=\"Giluton\u00ae - Kurita Europe\" \/>\n<meta property=\"og:description\" content=\"Giluton\u00ae by Kurita: wet strength resins for paper production, enhancing durability, efficiency, and compliance with global standards.\" \/>\n<meta property=\"og:url\" content=\"https:\/\/kurita.eu\/pl\/solutions\/giluton\/\" \/>\n<meta property=\"og:site_name\" content=\"Kurita Europe\" \/>\n<meta property=\"article:modified_time\" content=\"2026-03-30T14:33:33+00:00\" \/>\n<meta property=\"og:image\" content=\"https:\/\/kuritaeuwe-1d317f88af-hmdafwemhrbdfrck.a03.azurefd.net\/wp-content\/uploads\/2025\/07\/kurita-favicon-512x512-1.png\" \/>\n\t<meta property=\"og:image:width\" content=\"512\" \/>\n\t<meta property=\"og:image:height\" content=\"512\" \/>\n\t<meta property=\"og:image:type\" content=\"image\/png\" \/>\n<meta name=\"twitter:card\" content=\"summary_large_image\" \/>\n<meta name=\"twitter:site\" content=\"@KuritaGlobal\" \/>\n<meta name=\"twitter:label1\" content=\"Odhadovan\u00e1 doba \u010dten\u00ed\" \/>\n\t<meta name=\"twitter:data1\" content=\"1 minuta\" \/>\n<script type=\"application\/ld+json\" class=\"yoast-schema-graph\">{\"@context\":\"https:\\\/\\\/schema.org\",\"@graph\":[{\"@type\":\"WebPage\",\"@id\":\"https:\\\/\\\/kurita.eu\\\/pl\\\/solutions\\\/giluton\\\/\",\"url\":\"https:\\\/\\\/kurita.eu\\\/pl\\\/solutions\\\/giluton\\\/\",\"name\":\"Giluton\u00ae - Kurita Europe\",\"isPartOf\":{\"@id\":\"https:\\\/\\\/www.kurita.eu\\\/fr\\\/#website\"},\"datePublished\":\"2025-04-24T14:51:50+00:00\",\"dateModified\":\"2026-03-30T14:33:33+00:00\",\"description\":\"Giluton\u00ae by Kurita: wet strength resins for paper production, enhancing durability, efficiency, and compliance with global standards.\",\"breadcrumb\":{\"@id\":\"https:\\\/\\\/kurita.eu\\\/pl\\\/solutions\\\/giluton\\\/#breadcrumb\"},\"inLanguage\":\"cs\",\"potentialAction\":[{\"@type\":\"ReadAction\",\"target\":[\"https:\\\/\\\/kurita.eu\\\/pl\\\/solutions\\\/giluton\\\/\"]}]},{\"@type\":\"BreadcrumbList\",\"@id\":\"https:\\\/\\\/kurita.eu\\\/pl\\\/solutions\\\/giluton\\\/#breadcrumb\",\"itemListElement\":[{\"@type\":\"ListItem\",\"position\":1,\"name\":\"Home\",\"item\":\"https:\\\/\\\/kuritaeuwe-1d317f88af-hmdafwemhrbdfrck.a03.azurefd.net\\\/en\\\/\"},{\"@type\":\"ListItem\",\"position\":2,\"name\":\"Solutions\",\"item\":\"https:\\\/\\\/www.kurita.eu\\\/se\\\/losningar\\\/\"},{\"@type\":\"ListItem\",\"position\":3,\"name\":\"Giluton\u00ae\"}]},{\"@type\":\"WebSite\",\"@id\":\"https:\\\/\\\/www.kurita.eu\\\/fr\\\/#website\",\"url\":\"https:\\\/\\\/www.kurita.eu\\\/fr\\\/\",\"name\":\"Kurita Europe\",\"description\":\"Water Treatment Solutions\",\"publisher\":{\"@id\":\"https:\\\/\\\/www.kurita.eu\\\/fr\\\/#organization\"},\"potentialAction\":[{\"@type\":\"SearchAction\",\"target\":{\"@type\":\"EntryPoint\",\"urlTemplate\":\"https:\\\/\\\/www.kurita.eu\\\/fr\\\/?s={search_term_string}\"},\"query-input\":{\"@type\":\"PropertyValueSpecification\",\"valueRequired\":true,\"valueName\":\"search_term_string\"}}],\"inLanguage\":\"cs\"},{\"@type\":\"Organization\",\"@id\":\"https:\\\/\\\/www.kurita.eu\\\/fr\\\/#organization\",\"name\":\"Kurita Europe\",\"url\":\"https:\\\/\\\/www.kurita.eu\\\/fr\\\/\",\"logo\":{\"@type\":\"ImageObject\",\"inLanguage\":\"cs\",\"@id\":\"https:\\\/\\\/www.kurita.eu\\\/fr\\\/#\\\/schema\\\/logo\\\/image\\\/\",\"url\":\"\\\/wp-content\\\/uploads\\\/2025\\\/05\\\/cropped-brand_mark_horizon_blue.png\",\"contentUrl\":\"\\\/wp-content\\\/uploads\\\/2025\\\/05\\\/cropped-brand_mark_horizon_blue.png\",\"width\":712,\"height\":204,\"caption\":\"Kurita Europe\"},\"image\":{\"@id\":\"https:\\\/\\\/www.kurita.eu\\\/fr\\\/#\\\/schema\\\/logo\\\/image\\\/\"},\"sameAs\":[\"https:\\\/\\\/x.com\\\/KuritaGlobal\",\"https:\\\/\\\/www.linkedin.com\\\/company\\\/kurita\\\/\"]}]}<\/script>\n<!-- \/ Yoast SEO plugin. -->","yoast_head_json":{"title":"Giluton\u00ae - Kurita Europe","description":"Giluton\u00ae od spole\u010dnosti Kurita: prysky\u0159ice pro v\u00fdrobu pap\u00edru za mokra, kter\u00e9 zvy\u0161uj\u00ed trvanlivost, efektivitu a soulad s glob\u00e1ln\u00edmi normami.","robots":{"index":"index","follow":"follow","max-snippet":"max-snippet:-1","max-image-preview":"max-image-preview:large","max-video-preview":"max-video-preview:-1"},"canonical":"https:\/\/kurita.eu\/pl\/solutions\/giluton\/","og_locale":"cs_CZ","og_type":"article","og_title":"Giluton\u00ae - Kurita Europe","og_description":"Giluton\u00ae by Kurita: wet strength resins for paper production, enhancing durability, efficiency, and compliance with global standards.","og_url":"https:\/\/kurita.eu\/pl\/solutions\/giluton\/","og_site_name":"Kurita Europe","article_modified_time":"2026-03-30T14:33:33+00:00","og_image":[{"width":512,"height":512,"url":"https:\/\/kuritaeuwe-1d317f88af-hmdafwemhrbdfrck.a03.azurefd.net\/wp-content\/uploads\/2025\/07\/kurita-favicon-512x512-1.png","type":"image\/png"}],"twitter_card":"summary_large_image","twitter_site":"@KuritaGlobal","twitter_misc":{"Odhadovan\u00e1 doba \u010dten\u00ed":"1 minuta"},"schema":{"@context":"https:\/\/schema.org","@graph":[{"@type":"WebPage","@id":"https:\/\/kurita.eu\/pl\/solutions\/giluton\/","url":"https:\/\/kurita.eu\/pl\/solutions\/giluton\/","name":"Giluton\u00ae - Kurita Europe","isPartOf":{"@id":"https:\/\/www.kurita.eu\/fr\/#website"},"datePublished":"2025-04-24T14:51:50+00:00","dateModified":"2026-03-30T14:33:33+00:00","description":"Giluton\u00ae od spole\u010dnosti Kurita: prysky\u0159ice pro v\u00fdrobu pap\u00edru za mokra, kter\u00e9 zvy\u0161uj\u00ed trvanlivost, efektivitu a soulad s glob\u00e1ln\u00edmi normami.","breadcrumb":{"@id":"https:\/\/kurita.eu\/pl\/solutions\/giluton\/#breadcrumb"},"inLanguage":"cs","potentialAction":[{"@type":"ReadAction","target":["https:\/\/kurita.eu\/pl\/solutions\/giluton\/"]}]},{"@type":"BreadcrumbList","@id":"https:\/\/kurita.eu\/pl\/solutions\/giluton\/#breadcrumb","itemListElement":[{"@type":"ListItem","position":1,"name":"Home","item":"https:\/\/kuritaeuwe-1d317f88af-hmdafwemhrbdfrck.a03.azurefd.net\/en\/"},{"@type":"ListItem","position":2,"name":"Solutions","item":"https:\/\/www.kurita.eu\/se\/losningar\/"},{"@type":"ListItem","position":3,"name":"Giluton\u00ae"}]},{"@type":"WebSite","@id":"https:\/\/www.kurita.eu\/fr\/#website","url":"https:\/\/www.kurita.eu\/fr\/","name":"Kurita Europe","description":"\u0158e\u0161en\u00ed pro \u00fapravu vody","publisher":{"@id":"https:\/\/www.kurita.eu\/fr\/#organization"},"potentialAction":[{"@type":"SearchAction","target":{"@type":"EntryPoint","urlTemplate":"https:\/\/www.kurita.eu\/fr\/?s={search_term_string}"},"query-input":{"@type":"PropertyValueSpecification","valueRequired":true,"valueName":"search_term_string"}}],"inLanguage":"cs"},{"@type":"Organization","@id":"https:\/\/www.kurita.eu\/fr\/#organization","name":"Kurita Europe","url":"https:\/\/www.kurita.eu\/fr\/","logo":{"@type":"ImageObject","inLanguage":"cs","@id":"https:\/\/www.kurita.eu\/fr\/#\/schema\/logo\/image\/","url":"\/wp-content\/uploads\/2025\/05\/cropped-brand_mark_horizon_blue.png","contentUrl":"\/wp-content\/uploads\/2025\/05\/cropped-brand_mark_horizon_blue.png","width":712,"height":204,"caption":"Kurita Europe"},"image":{"@id":"https:\/\/www.kurita.eu\/fr\/#\/schema\/logo\/image\/"},"sameAs":["https:\/\/x.com\/KuritaGlobal","https:\/\/www.linkedin.com\/company\/kurita\/"]}]}},"_links":{"self":[{"href":"https:\/\/kuritaeuwe-1d317f88af-hmdafwemhrbdfrck.a03.azurefd.net\/cs\/wp-json\/wp\/v2\/pages\/14093","targetHints":{"allow":["GET"]}}],"collection":[{"href":"https:\/\/kuritaeuwe-1d317f88af-hmdafwemhrbdfrck.a03.azurefd.net\/cs\/wp-json\/wp\/v2\/pages"}],"about":[{"href":"https:\/\/kuritaeuwe-1d317f88af-hmdafwemhrbdfrck.a03.azurefd.net\/cs\/wp-json\/wp\/v2\/types\/page"}],"author":[{"embeddable":true,"href":"https:\/\/kuritaeuwe-1d317f88af-hmdafwemhrbdfrck.a03.azurefd.net\/cs\/wp-json\/wp\/v2\/users\/2"}],"replies":[{"embeddable":true,"href":"https:\/\/kuritaeuwe-1d317f88af-hmdafwemhrbdfrck.a03.azurefd.net\/cs\/wp-json\/wp\/v2\/comments?post=14093"}],"version-history":[{"count":8,"href":"https:\/\/kuritaeuwe-1d317f88af-hmdafwemhrbdfrck.a03.azurefd.net\/cs\/wp-json\/wp\/v2\/pages\/14093\/revisions"}],"predecessor-version":[{"id":21631,"href":"https:\/\/kuritaeuwe-1d317f88af-hmdafwemhrbdfrck.a03.azurefd.net\/cs\/wp-json\/wp\/v2\/pages\/14093\/revisions\/21631"}],"up":[{"embeddable":true,"href":"https:\/\/kuritaeuwe-1d317f88af-hmdafwemhrbdfrck.a03.azurefd.net\/cs\/wp-json\/wp\/v2\/pages\/13875"}],"wp:attachment":[{"href":"https:\/\/kuritaeuwe-1d317f88af-hmdafwemhrbdfrck.a03.azurefd.net\/cs\/wp-json\/wp\/v2\/media?parent=14093"}],"curies":[{"name":"wp","href":"https:\/\/api.w.org\/{rel}","templated":true}]}}