{"id":14113,"date":"2025-04-25T07:02:54","date_gmt":"2025-04-25T07:02:54","guid":{"rendered":"https:\/\/kurita-eu-gudza2cjbzfhcwbx.francecentral-01.azurewebsites.net\/?page_id=14113"},"modified":"2026-01-20T14:19:00","modified_gmt":"2026-01-20T14:19:00","slug":"hydrobio-advance","status":"publish","type":"page","link":"https:\/\/kuritaeuwe-1d317f88af-hmdafwemhrbdfrck.a03.azurefd.net\/cs\/solutions\/hydrobio-advance\/","title":{"rendered":"HydroBio\u00ae Advance"},"content":{"rendered":"<div data-elementor-type=\"wp-page\" data-elementor-id=\"14113\" class=\"elementor elementor-14113\" data-elementor-post-type=\"page\">\n\t\t\t\t\t\t<section class=\"elementor-section elementor-top-section elementor-element elementor-element-44178f0b elementor-section-full_width elementor-section-height-default elementor-section-height-default\" data-id=\"44178f0b\" data-element_type=\"section\" data-e-type=\"section\">\n\t\t\t\t\t\t<div class=\"elementor-container elementor-column-gap-default\">\n\t\t\t\t\t<div class=\"elementor-column elementor-col-100 elementor-top-column elementor-element elementor-element-1fde594a\" data-id=\"1fde594a\" data-element_type=\"column\" data-e-type=\"column\">\n\t\t\t<div class=\"elementor-widget-wrap elementor-element-populated\">\n\t\t\t\t\t\t<div class=\"elementor-element elementor-element-5ae4b9c1 elementor--h-position-center elementor--v-position-middle elementor-arrows-position-inside elementor-pagination-position-inside elementor-widget elementor-widget-slides\" data-id=\"5ae4b9c1\" data-element_type=\"widget\" data-e-type=\"widget\" data-settings=\"{&quot;navigation&quot;:&quot;both&quot;,&quot;autoplay&quot;:&quot;yes&quot;,&quot;pause_on_hover&quot;:&quot;yes&quot;,&quot;pause_on_interaction&quot;:&quot;yes&quot;,&quot;autoplay_speed&quot;:5000,&quot;infinite&quot;:&quot;yes&quot;,&quot;transition&quot;:&quot;slide&quot;,&quot;transition_speed&quot;:500}\" data-widget_type=\"slides.default\">\n\t\t\t\t<div class=\"elementor-widget-container\">\n\t\t\t\t\t\t\t\t\t<div class=\"elementor-swiper\">\n\t\t\t\t\t<div class=\"elementor-slides-wrapper elementor-main-swiper swiper\" role=\"region\" aria-roledescription=\"carousel\" aria-label=\"Slides\" dir=\"ltr\" data-animation=\"fadeInUp\">\n\t\t\t\t<div class=\"swiper-wrapper elementor-slides\">\n\t\t\t\t\t\t\t\t\t\t<div class=\"elementor-repeater-item-4e0b9f7 swiper-slide\" role=\"group\" aria-roledescription=\"slide\"><div class=\"swiper-slide-bg elementor-ken-burns elementor-ken-burns--in\" role=\"img\" aria-label=\"Applications_WaterTreatment-401e7d4b.jpg\"><\/div><div class=\"elementor-background-overlay\"><\/div><div class=\"swiper-slide-inner\" ><div class=\"swiper-slide-contents\"><h1 class=\"elementor-slide-heading\">HydroBio\u00ae Advance<\/h1><\/div><\/div><\/div>\t\t\t\t<\/div>\n\t\t\t\t\t\t\t<\/div>\n\t\t\t\t<\/div>\n\t\t\t\t\t\t\t\t<\/div>\n\t\t\t\t<\/div>\n\t\t\t\t\t<\/div>\n\t\t<\/div>\n\t\t\t\t\t<\/div>\n\t\t<\/section>\n\t\t\t\t<section class=\"elementor-section elementor-top-section elementor-element elementor-element-2d154416 elementor-section-boxed elementor-section-height-default elementor-section-height-default\" data-id=\"2d154416\" data-element_type=\"section\" data-e-type=\"section\">\n\t\t\t\t\t\t<div class=\"elementor-container elementor-column-gap-default\">\n\t\t\t\t\t<div class=\"elementor-column elementor-col-66 elementor-top-column elementor-element elementor-element-27606122 margin-content\" data-id=\"27606122\" data-element_type=\"column\" data-e-type=\"column\">\n\t\t\t<div class=\"elementor-widget-wrap elementor-element-populated\">\n\t\t\t\t\t\t<div class=\"elementor-element elementor-element-522ef013 elementor-widget elementor-widget-heading\" data-id=\"522ef013\" data-element_type=\"widget\" data-e-type=\"widget\" data-widget_type=\"heading.default\">\n\t\t\t\t<div class=\"elementor-widget-container\">\n\t\t\t\t\t<h2 class=\"elementor-heading-title elementor-size-default\">HydroBio\u00ae Advance - Online metoda pro stanoven\u00ed a monitorov\u00e1n\u00ed biofilmu ve v\u0161ech vodn\u00edch syst\u00e9mech.<\/h2>\t\t\t\t<\/div>\n\t\t\t\t<\/div>\n\t\t\t\t<div class=\"elementor-element elementor-element-22cae30e elementor-invisible elementor-widget elementor-widget-text-editor\" data-id=\"22cae30e\" data-element_type=\"widget\" data-e-type=\"widget\" data-settings=\"{&quot;_animation&quot;:&quot;fadeInUp&quot;}\" data-widget_type=\"text-editor.default\">\n\t\t\t\t<div class=\"elementor-widget-container\">\n\t\t\t\t\t\t\t\t\t<h6>Nyn\u00ed je k dispozici s nov\u00fdmi funkcemi, jako je automatick\u00e1 kompenzace pr\u016ftoku pro m\u011b\u0159en\u00ed zne\u010di\u0161t\u011bn\u00ed a nov\u00fd senzor pro geoterm\u00e1ln\u00ed aplikace do 250 \u00b0C.<\/h6><p>Biofilmy jsou probl\u00e9mem t\u00e9m\u011b\u0159 ve v\u0161ech druz\u00edch pr\u016fmyslov\u00fdch odv\u011btv\u00ed, kde se pou\u017e\u00edv\u00e1 voda. Biofilm ve vod\u011b a zejm\u00e9na v chladic\u00edch syst\u00e9mech m\u00e1 ide\u00e1ln\u00ed podm\u00ednky pro r\u016fst: spr\u00e1vnou teplotu, velk\u00e9 mno\u017estv\u00ed \u017eivin a hodn\u011b slune\u010dn\u00edho sv\u011btla.  Kontrola biofilmu ve vod\u011b je proto nezbytn\u00e1 k omezen\u00ed r\u016fstu mikroorganism\u016f, zejm\u00e9na patogen\u016f, jako je Legionella.<\/p><p>K tvorb\u011b biofilmu doch\u00e1z\u00ed na povrchu potrub\u00ed a trubek, vznik\u00e1 z kontaminace vzduchem, a proto se mu v chladic\u00edch v\u011b\u017e\u00edch nelze vyhnout. Sledov\u00e1n\u00ed tlou\u0161\u0165ky biofilmu se proto st\u00e1v\u00e1 kl\u00ed\u010dov\u00fdm pro kontrolu mikrobiologie v ka\u017ed\u00e9m rozvodn\u00e9m syst\u00e9mu vody.<\/p><p>HydroBio spole\u010dnosti Kurita<sup>\u00ae<\/sup>\u00a0Advance je schv\u00e1len\u00fd monitor procesu, kter\u00fd vyu\u017e\u00edv\u00e1 inovativn\u00ed online metodu pro stanoven\u00ed a monitorov\u00e1n\u00ed biofilmu. Jak se biofilm vyv\u00edj\u00ed na povrchu trubek, HydroBio<sup>\u00ae<\/sup>\u00a0Advance m\u011b\u0159\u00ed biofilmy na povrchu speci\u00e1ln\u00ed trubice nebo f\u00f3liov\u00e9ho senzoru. Tato inovativn\u00ed metoda kombinuje vysoce citliv\u00e9 m\u011b\u0159en\u00ed p\u0159enosu tepla se stanoven\u00edm biofilm\u016f. I p\u0159es vysokou citlivost je m\u011b\u0159en\u00ed velmi robustn\u00ed a nen\u00ed ovlivn\u011bno suspendovan\u00fdmi l\u00e1tkami, barvou ani z\u00e1kalem vody.<\/p><p>HydroBio<sup>\u00ae<\/sup>\u00a0P\u0159\u00edstroj Advance je ur\u010den nejen k m\u011b\u0159en\u00ed tlou\u0161\u0165ky a v\u00fdvoje biofilmu, ale je tak\u00e9 schopen zobrazit odstran\u011bn\u00ed biofilmu v d\u016fsledku dezinfek\u010dn\u00edho o\u0161et\u0159en\u00ed: 24 hodin denn\u011b, 7 dn\u00ed v t\u00fddnu.<\/p><p>S HydroBio<sup>\u00ae<\/sup>\u00a0Advance, v re\u00e1ln\u00e9m \u010dase uprav\u00edte sv\u016fj l\u00e9\u010debn\u00fd program: spr\u00e1vn\u00e9 produkty, spr\u00e1vn\u00e9 d\u00e1vkov\u00e1n\u00ed ve spr\u00e1vn\u00fd \u010das. Reagujte na zm\u011bny rychleji a zvy\u0161te spolehlivost sv\u00e9 l\u00e9\u010dby d\u00edky informac\u00edm v re\u00e1ln\u00e9m \u010dase pomoc\u00ed syst\u00e9mu Kurita HydroBio.<sup>\u00ae<\/sup>\u00a0Z\u00e1loha.<\/p><p>Biofilmy stoj\u00ed pr\u016fmysl ka\u017edoro\u010dn\u011b miliardy:<\/p><ul><li>Biofilmy sni\u017euj\u00ed p\u0159enos tepla a zvy\u0161uj\u00ed n\u00e1roky na energii.<\/li><li>Biofilmy vytv\u00e1\u0159ej\u00ed prost\u0159ed\u00ed pro anaerobn\u00ed bakterie, kter\u00e9 zp\u016fsobuj\u00ed korozi syst\u00e9mu.<\/li><li>Biofilmy jsou zdrojem patogenn\u00edch bakteri\u00ed, jako je Legionella.<\/li><\/ul><p>Proto je ve vodovodn\u00edch syst\u00e9mech z\u00e1sadn\u00ed online monitorov\u00e1n\u00ed a kontrola biofilmu a jeho tlou\u0161\u0165ky.  HydroBio<sup>\u00ae<\/sup>\u00a0Prakticky umo\u017e\u0148uje sledovat, co se d\u011bje na povrchu uvnit\u0159 potrub\u00ed.<\/p>\t\t\t\t\t\t\t\t<\/div>\n\t\t\t\t<\/div>\n\t\t\t\t\t<\/div>\n\t\t<\/div>\n\t\t\t\t<div class=\"elementor-column elementor-col-33 elementor-top-column elementor-element elementor-element-588aef17 margin-content\" data-id=\"588aef17\" data-element_type=\"column\" data-e-type=\"column\">\n\t\t\t<div class=\"elementor-widget-wrap elementor-element-populated\">\n\t\t\t\t\t\t<div class=\"elementor-element elementor-element-614ac163 elementor-invisible elementor-widget elementor-widget-image\" data-id=\"614ac163\" data-element_type=\"widget\" data-e-type=\"widget\" data-settings=\"{&quot;_animation&quot;:&quot;fadeIn&quot;}\" data-widget_type=\"image.default\">\n\t\t\t\t<div class=\"elementor-widget-container\">\n\t\t\t\t\t\t\t\t\t\t\t\t\t\t\t<img fetchpriority=\"high\" decoding=\"async\" width=\"350\" height=\"233\" src=\"\/wp-content\/uploads\/2025\/04\/RZ_HBA1_grau-8a736a69.jpg\" class=\"attachment-large size-large wp-image-14115\" alt=\"\" srcset=\"\/wp-content\/uploads\/2025\/04\/RZ_HBA1_grau-8a736a69.jpg 350w, \/wp-content\/uploads\/2025\/04\/RZ_HBA1_grau-8a736a69-300x200.jpg 300w\" sizes=\"(max-width: 350px) 100vw, 350px\" data-no-translation=\"\" \/>\t\t\t\t\t\t\t\t\t\t\t\t\t\t\t<\/div>\n\t\t\t\t<\/div>\n\t\t\t\t\t<\/div>\n\t\t<\/div>\n\t\t\t\t\t<\/div>\n\t\t<\/section>\n\t\t\t\t<section class=\"elementor-section elementor-top-section elementor-element elementor-element-15addac9 elementor-section-boxed elementor-section-height-default elementor-section-height-default\" data-id=\"15addac9\" data-element_type=\"section\" data-e-type=\"section\" data-settings=\"{&quot;background_background&quot;:&quot;classic&quot;}\">\n\t\t\t\t\t\t<div class=\"elementor-container elementor-column-gap-default\">\n\t\t\t\t\t<div class=\"elementor-column elementor-col-50 elementor-top-column elementor-element elementor-element-2ea8b5a0 margin-content\" data-id=\"2ea8b5a0\" data-element_type=\"column\" data-e-type=\"column\">\n\t\t\t<div class=\"elementor-widget-wrap elementor-element-populated\">\n\t\t\t\t\t\t<div class=\"elementor-element elementor-element-16f1c402 elementor-widget elementor-widget-heading\" data-id=\"16f1c402\" data-element_type=\"widget\" data-e-type=\"widget\" data-widget_type=\"heading.default\">\n\t\t\t\t<div class=\"elementor-widget-container\">\n\t\t\t\t\t<h4 class=\"elementor-heading-title elementor-size-default\">HydroBio\u00ae Advance umo\u017e\u0148uje u\u0161et\u0159it a\u017e 50% celkov\u00fdch provozn\u00edch n\u00e1klad\u016f:\n<\/h4>\t\t\t\t<\/div>\n\t\t\t\t<\/div>\n\t\t\t\t<div class=\"elementor-element elementor-element-4f8965f2 elementor-invisible elementor-widget elementor-widget-text-editor\" data-id=\"4f8965f2\" data-element_type=\"widget\" data-e-type=\"widget\" data-settings=\"{&quot;_animation&quot;:&quot;fadeIn&quot;}\" data-widget_type=\"text-editor.default\">\n\t\t\t\t<div class=\"elementor-widget-container\">\n\t\t\t\t\t\t\t\t\t<ul><li>Sn\u00ed\u017een\u00ed spot\u0159eby biocid\u016f a ekologick\u00e9 stopy<\/li><li>Sn\u00ed\u017een\u00ed mikrobi\u00e1ln\u00ed koroze<\/li><li>Sn\u00ed\u017een\u00ed n\u00e1klad\u016f na \u00fadr\u017ebu a odst\u00e1vek syst\u00e9mu<\/li><li>Zlep\u0161en\u00ed v\u00fdkonu syst\u00e9mu<\/li><li>Zaji\u0161t\u011bn\u00ed bezpe\u010dnosti a zdrav\u00ed va\u0161ich pracovn\u00edk\u016f<\/li><li>Pou\u017e\u00edvejte spr\u00e1vn\u00e9 produkty ve spr\u00e1vn\u00fd \u010das<\/li><\/ul>\t\t\t\t\t\t\t\t<\/div>\n\t\t\t\t<\/div>\n\t\t\t\t\t<\/div>\n\t\t<\/div>\n\t\t\t\t<div class=\"elementor-column elementor-col-50 elementor-top-column elementor-element elementor-element-4ddef758 margin-content\" data-id=\"4ddef758\" data-element_type=\"column\" data-e-type=\"column\">\n\t\t\t<div class=\"elementor-widget-wrap elementor-element-populated\">\n\t\t\t\t\t\t<div class=\"elementor-element elementor-element-6e0a4d8c elementor-widget elementor-widget-image\" data-id=\"6e0a4d8c\" data-element_type=\"widget\" data-e-type=\"widget\" data-widget_type=\"image.default\">\n\t\t\t\t<div class=\"elementor-widget-container\">\n\t\t\t\t\t\t\t\t\t\t\t\t\t\t\t<img decoding=\"async\" width=\"350\" height=\"299\" src=\"\/wp-content\/uploads\/2025\/04\/Stamp-Kurita-PATENTED-SOLUTION-0e304df3.png\" class=\"attachment-large size-large wp-image-12806\" alt=\"\" srcset=\"\/wp-content\/uploads\/2025\/04\/Stamp-Kurita-PATENTED-SOLUTION-0e304df3.png 350w, \/wp-content\/uploads\/2025\/04\/Stamp-Kurita-PATENTED-SOLUTION-0e304df3-300x256.png 300w\" sizes=\"(max-width: 350px) 100vw, 350px\" data-no-translation=\"\" \/>\t\t\t\t\t\t\t\t\t\t\t\t\t\t\t<\/div>\n\t\t\t\t<\/div>\n\t\t\t\t\t<\/div>\n\t\t<\/div>\n\t\t\t\t\t<\/div>\n\t\t<\/section>\n\t\t\t\t<section class=\"elementor-section elementor-top-section elementor-element elementor-element-7205deb4 elementor-section-boxed elementor-section-height-default elementor-section-height-default\" data-id=\"7205deb4\" data-element_type=\"section\" data-e-type=\"section\" data-settings=\"{&quot;background_background&quot;:&quot;classic&quot;}\">\n\t\t\t\t\t\t<div class=\"elementor-container elementor-column-gap-default\">\n\t\t\t\t\t<div class=\"elementor-column elementor-col-100 elementor-top-column elementor-element elementor-element-3f6f6ad5 margin-content\" data-id=\"3f6f6ad5\" data-element_type=\"column\" data-e-type=\"column\">\n\t\t\t<div class=\"elementor-widget-wrap elementor-element-populated\">\n\t\t\t\t\t\t<div class=\"elementor-element elementor-element-17ecdd1 elementor-widget elementor-widget-heading\" data-id=\"17ecdd1\" data-element_type=\"widget\" data-e-type=\"widget\" data-widget_type=\"heading.default\">\n\t\t\t\t<div class=\"elementor-widget-container\">\n\t\t\t\t\t<h2 class=\"elementor-heading-title elementor-size-default\">Jsme v\u00e1m k dispozici<\/h2>\t\t\t\t<\/div>\n\t\t\t\t<\/div>\n\t\t\t\t<div class=\"elementor-element elementor-element-53c79df9 elementor-widget elementor-widget-html\" data-id=\"53c79df9\" data-element_type=\"widget\" data-e-type=\"widget\" data-widget_type=\"html.default\">\n\t\t\t\t<div class=\"elementor-widget-container\">\n\t\t\t\t\t<div\r\n        data-form-id='f4d0a8e4-73ce-ef11-b8e8-000d3ab41b62'\r\n        data-form-api-url='https:\/\/public-eur.mkt.dynamics.com\/api\/v1.0\/orgs\/30cac5a2-33f9-ed11-a66d-000d3a64d748\/landingpageforms'\r\n        data-cached-form-url='https:\/\/assets-eur.mkt.dynamics.com\/30cac5a2-33f9-ed11-a66d-000d3a64d748\/digitalassets\/forms\/f4d0a8e4-73ce-ef11-b8e8-000d3ab41b62' ><\/div>\r\n        <script src = 'https:\/\/cxppusa1formui01cdnsa01-endpoint.azureedge.net\/eur\/FormLoader\/FormLoader.bundle.js' ><\/script>\r\n        <script>document.documentElement.lang = navigator.language;<\/script>\t\t\t\t<\/div>\n\t\t\t\t<\/div>\n\t\t\t\t\t<\/div>\n\t\t<\/div>\n\t\t\t\t\t<\/div>\n\t\t<\/section>\n\t\t\t\t<\/div>","protected":false},"excerpt":{"rendered":"<p>HydroBio\u00ae Advance HydroBio\u00ae Advance \u2013 Online method to determine and monitor biofilm in all water systems. Now available with new features like automatic flow compensation for fouling measurements and a new sensor for geothermal applications up to 250\u00b0 C. Biofilms are a problem in nearly all different kinds of industries using water in their process. [&hellip;]<\/p>\n","protected":false},"author":2,"featured_media":0,"parent":13875,"menu_order":0,"comment_status":"closed","ping_status":"closed","template":"","meta":{"footnotes":""},"class_list":["post-14113","page","type-page","status-publish","hentry"],"yoast_head":"<!-- This site is optimized with the Yoast SEO plugin v27.3 - https:\/\/yoast.com\/product\/yoast-seo-wordpress\/ -->\n<title>HydroBio\u00ae Advance - Kurita Europe<\/title>\n<meta name=\"description\" content=\"HydroBio\u00ae Advance: real-time biofilm monitoring for water systems, reducing corrosion, biocide use, and operational costs.\" \/>\n<meta name=\"robots\" content=\"index, follow, max-snippet:-1, max-image-preview:large, max-video-preview:-1\" \/>\n<link rel=\"canonical\" href=\"https:\/\/kurita.eu\/es\/solutions\/hydrobio-advance\/\" \/>\n<meta property=\"og:locale\" content=\"cs_CZ\" \/>\n<meta property=\"og:type\" content=\"article\" \/>\n<meta property=\"og:title\" content=\"HydroBio\u00ae Advance - Kurita Europe\" \/>\n<meta property=\"og:description\" content=\"HydroBio\u00ae Advance: real-time biofilm monitoring for water systems, reducing corrosion, biocide use, and operational costs.\" \/>\n<meta property=\"og:url\" content=\"https:\/\/kurita.eu\/es\/solutions\/hydrobio-advance\/\" \/>\n<meta property=\"og:site_name\" content=\"Kurita Europe\" \/>\n<meta property=\"article:modified_time\" content=\"2026-01-20T14:19:00+00:00\" \/>\n<meta property=\"og:image\" content=\"https:\/\/kuritaeuwe-1d317f88af-hmdafwemhrbdfrck.a03.azurefd.net\/wp-content\/uploads\/2025\/07\/kurita-favicon-512x512-1.png\" \/>\n\t<meta property=\"og:image:width\" content=\"512\" \/>\n\t<meta property=\"og:image:height\" content=\"512\" \/>\n\t<meta property=\"og:image:type\" content=\"image\/png\" \/>\n<meta name=\"twitter:card\" content=\"summary_large_image\" \/>\n<meta name=\"twitter:site\" content=\"@KuritaGlobal\" \/>\n<meta name=\"twitter:label1\" content=\"Odhadovan\u00e1 doba \u010dten\u00ed\" \/>\n\t<meta name=\"twitter:data1\" content=\"5 minut\" \/>\n<script type=\"application\/ld+json\" class=\"yoast-schema-graph\">{\"@context\":\"https:\\\/\\\/schema.org\",\"@graph\":[{\"@type\":\"WebPage\",\"@id\":\"https:\\\/\\\/kurita.eu\\\/es\\\/solutions\\\/hydrobio-advance\\\/\",\"url\":\"https:\\\/\\\/kurita.eu\\\/es\\\/solutions\\\/hydrobio-advance\\\/\",\"name\":\"HydroBio\u00ae Advance - Kurita Europe\",\"isPartOf\":{\"@id\":\"https:\\\/\\\/www.kurita.eu\\\/fr\\\/#website\"},\"datePublished\":\"2025-04-25T07:02:54+00:00\",\"dateModified\":\"2026-01-20T14:19:00+00:00\",\"description\":\"HydroBio\u00ae Advance: real-time biofilm monitoring for water systems, reducing corrosion, biocide use, and operational costs.\",\"breadcrumb\":{\"@id\":\"https:\\\/\\\/kurita.eu\\\/es\\\/solutions\\\/hydrobio-advance\\\/#breadcrumb\"},\"inLanguage\":\"cs\",\"potentialAction\":[{\"@type\":\"ReadAction\",\"target\":[\"https:\\\/\\\/kurita.eu\\\/es\\\/solutions\\\/hydrobio-advance\\\/\"]}]},{\"@type\":\"BreadcrumbList\",\"@id\":\"https:\\\/\\\/kurita.eu\\\/es\\\/solutions\\\/hydrobio-advance\\\/#breadcrumb\",\"itemListElement\":[{\"@type\":\"ListItem\",\"position\":1,\"name\":\"Home\",\"item\":\"https:\\\/\\\/kuritaeuwe-1d317f88af-hmdafwemhrbdfrck.a03.azurefd.net\\\/en\\\/\"},{\"@type\":\"ListItem\",\"position\":2,\"name\":\"Solutions\",\"item\":\"https:\\\/\\\/www.kurita.eu\\\/se\\\/losningar\\\/\"},{\"@type\":\"ListItem\",\"position\":3,\"name\":\"HydroBio\u00ae Advance\"}]},{\"@type\":\"WebSite\",\"@id\":\"https:\\\/\\\/www.kurita.eu\\\/fr\\\/#website\",\"url\":\"https:\\\/\\\/www.kurita.eu\\\/fr\\\/\",\"name\":\"Kurita Europe\",\"description\":\"Water Treatment Solutions\",\"publisher\":{\"@id\":\"https:\\\/\\\/www.kurita.eu\\\/fr\\\/#organization\"},\"potentialAction\":[{\"@type\":\"SearchAction\",\"target\":{\"@type\":\"EntryPoint\",\"urlTemplate\":\"https:\\\/\\\/www.kurita.eu\\\/fr\\\/?s={search_term_string}\"},\"query-input\":{\"@type\":\"PropertyValueSpecification\",\"valueRequired\":true,\"valueName\":\"search_term_string\"}}],\"inLanguage\":\"cs\"},{\"@type\":\"Organization\",\"@id\":\"https:\\\/\\\/www.kurita.eu\\\/fr\\\/#organization\",\"name\":\"Kurita Europe\",\"url\":\"https:\\\/\\\/www.kurita.eu\\\/fr\\\/\",\"logo\":{\"@type\":\"ImageObject\",\"inLanguage\":\"cs\",\"@id\":\"https:\\\/\\\/www.kurita.eu\\\/fr\\\/#\\\/schema\\\/logo\\\/image\\\/\",\"url\":\"\\\/wp-content\\\/uploads\\\/2025\\\/05\\\/cropped-brand_mark_horizon_blue.png\",\"contentUrl\":\"\\\/wp-content\\\/uploads\\\/2025\\\/05\\\/cropped-brand_mark_horizon_blue.png\",\"width\":712,\"height\":204,\"caption\":\"Kurita Europe\"},\"image\":{\"@id\":\"https:\\\/\\\/www.kurita.eu\\\/fr\\\/#\\\/schema\\\/logo\\\/image\\\/\"},\"sameAs\":[\"https:\\\/\\\/x.com\\\/KuritaGlobal\",\"https:\\\/\\\/www.linkedin.com\\\/company\\\/kurita\\\/\"]}]}<\/script>\n<!-- \/ Yoast SEO plugin. -->","yoast_head_json":{"title":"HydroBio\u00ae Advance - Kurita Europe","description":"HydroBio\u00ae Advance: monitorov\u00e1n\u00ed biofilmu v re\u00e1ln\u00e9m \u010dase pro vodovodn\u00ed syst\u00e9my, kter\u00e9 sni\u017euje korozi, pou\u017e\u00edv\u00e1n\u00ed biocid\u016f a provozn\u00ed n\u00e1klady.","robots":{"index":"index","follow":"follow","max-snippet":"max-snippet:-1","max-image-preview":"max-image-preview:large","max-video-preview":"max-video-preview:-1"},"canonical":"https:\/\/kurita.eu\/es\/solutions\/hydrobio-advance\/","og_locale":"cs_CZ","og_type":"article","og_title":"HydroBio\u00ae Advance - Kurita Europe","og_description":"HydroBio\u00ae Advance: real-time biofilm monitoring for water systems, reducing corrosion, biocide use, and operational costs.","og_url":"https:\/\/kurita.eu\/es\/solutions\/hydrobio-advance\/","og_site_name":"Kurita Europe","article_modified_time":"2026-01-20T14:19:00+00:00","og_image":[{"width":512,"height":512,"url":"https:\/\/kuritaeuwe-1d317f88af-hmdafwemhrbdfrck.a03.azurefd.net\/wp-content\/uploads\/2025\/07\/kurita-favicon-512x512-1.png","type":"image\/png"}],"twitter_card":"summary_large_image","twitter_site":"@KuritaGlobal","twitter_misc":{"Odhadovan\u00e1 doba \u010dten\u00ed":"5 minut"},"schema":{"@context":"https:\/\/schema.org","@graph":[{"@type":"WebPage","@id":"https:\/\/kurita.eu\/es\/solutions\/hydrobio-advance\/","url":"https:\/\/kurita.eu\/es\/solutions\/hydrobio-advance\/","name":"HydroBio\u00ae Advance - Kurita Europe","isPartOf":{"@id":"https:\/\/www.kurita.eu\/fr\/#website"},"datePublished":"2025-04-25T07:02:54+00:00","dateModified":"2026-01-20T14:19:00+00:00","description":"HydroBio\u00ae Advance: monitorov\u00e1n\u00ed biofilmu v re\u00e1ln\u00e9m \u010dase pro vodovodn\u00ed syst\u00e9my, kter\u00e9 sni\u017euje korozi, pou\u017e\u00edv\u00e1n\u00ed biocid\u016f a provozn\u00ed n\u00e1klady.","breadcrumb":{"@id":"https:\/\/kurita.eu\/es\/solutions\/hydrobio-advance\/#breadcrumb"},"inLanguage":"cs","potentialAction":[{"@type":"ReadAction","target":["https:\/\/kurita.eu\/es\/solutions\/hydrobio-advance\/"]}]},{"@type":"BreadcrumbList","@id":"https:\/\/kurita.eu\/es\/solutions\/hydrobio-advance\/#breadcrumb","itemListElement":[{"@type":"ListItem","position":1,"name":"Home","item":"https:\/\/kuritaeuwe-1d317f88af-hmdafwemhrbdfrck.a03.azurefd.net\/en\/"},{"@type":"ListItem","position":2,"name":"Solutions","item":"https:\/\/www.kurita.eu\/se\/losningar\/"},{"@type":"ListItem","position":3,"name":"HydroBio\u00ae Advance"}]},{"@type":"WebSite","@id":"https:\/\/www.kurita.eu\/fr\/#website","url":"https:\/\/www.kurita.eu\/fr\/","name":"Kurita Europe","description":"\u0158e\u0161en\u00ed pro \u00fapravu vody","publisher":{"@id":"https:\/\/www.kurita.eu\/fr\/#organization"},"potentialAction":[{"@type":"SearchAction","target":{"@type":"EntryPoint","urlTemplate":"https:\/\/www.kurita.eu\/fr\/?s={search_term_string}"},"query-input":{"@type":"PropertyValueSpecification","valueRequired":true,"valueName":"search_term_string"}}],"inLanguage":"cs"},{"@type":"Organization","@id":"https:\/\/www.kurita.eu\/fr\/#organization","name":"Kurita Europe","url":"https:\/\/www.kurita.eu\/fr\/","logo":{"@type":"ImageObject","inLanguage":"cs","@id":"https:\/\/www.kurita.eu\/fr\/#\/schema\/logo\/image\/","url":"\/wp-content\/uploads\/2025\/05\/cropped-brand_mark_horizon_blue.png","contentUrl":"\/wp-content\/uploads\/2025\/05\/cropped-brand_mark_horizon_blue.png","width":712,"height":204,"caption":"Kurita Europe"},"image":{"@id":"https:\/\/www.kurita.eu\/fr\/#\/schema\/logo\/image\/"},"sameAs":["https:\/\/x.com\/KuritaGlobal","https:\/\/www.linkedin.com\/company\/kurita\/"]}]}},"_links":{"self":[{"href":"https:\/\/kuritaeuwe-1d317f88af-hmdafwemhrbdfrck.a03.azurefd.net\/cs\/wp-json\/wp\/v2\/pages\/14113","targetHints":{"allow":["GET"]}}],"collection":[{"href":"https:\/\/kuritaeuwe-1d317f88af-hmdafwemhrbdfrck.a03.azurefd.net\/cs\/wp-json\/wp\/v2\/pages"}],"about":[{"href":"https:\/\/kuritaeuwe-1d317f88af-hmdafwemhrbdfrck.a03.azurefd.net\/cs\/wp-json\/wp\/v2\/types\/page"}],"author":[{"embeddable":true,"href":"https:\/\/kuritaeuwe-1d317f88af-hmdafwemhrbdfrck.a03.azurefd.net\/cs\/wp-json\/wp\/v2\/users\/2"}],"replies":[{"embeddable":true,"href":"https:\/\/kuritaeuwe-1d317f88af-hmdafwemhrbdfrck.a03.azurefd.net\/cs\/wp-json\/wp\/v2\/comments?post=14113"}],"version-history":[{"count":7,"href":"https:\/\/kuritaeuwe-1d317f88af-hmdafwemhrbdfrck.a03.azurefd.net\/cs\/wp-json\/wp\/v2\/pages\/14113\/revisions"}],"predecessor-version":[{"id":19291,"href":"https:\/\/kuritaeuwe-1d317f88af-hmdafwemhrbdfrck.a03.azurefd.net\/cs\/wp-json\/wp\/v2\/pages\/14113\/revisions\/19291"}],"up":[{"embeddable":true,"href":"https:\/\/kuritaeuwe-1d317f88af-hmdafwemhrbdfrck.a03.azurefd.net\/cs\/wp-json\/wp\/v2\/pages\/13875"}],"wp:attachment":[{"href":"https:\/\/kuritaeuwe-1d317f88af-hmdafwemhrbdfrck.a03.azurefd.net\/cs\/wp-json\/wp\/v2\/media?parent=14113"}],"curies":[{"name":"wp","href":"https:\/\/api.w.org\/{rel}","templated":true}]}}