{"id":14177,"date":"2025-04-25T07:29:04","date_gmt":"2025-04-25T07:29:04","guid":{"rendered":"https:\/\/kurita-eu-gudza2cjbzfhcwbx.francecentral-01.azurewebsites.net\/?page_id=14177"},"modified":"2026-01-20T16:18:52","modified_gmt":"2026-01-20T16:18:52","slug":"kuriloc-kit","status":"publish","type":"page","link":"https:\/\/kuritaeuwe-1d317f88af-hmdafwemhrbdfrck.a03.azurefd.net\/cs\/solutions\/kuriloc-kit\/","title":{"rendered":"Sada KuriLoc"},"content":{"rendered":"<div data-elementor-type=\"wp-page\" data-elementor-id=\"14177\" class=\"elementor elementor-14177\" data-elementor-post-type=\"page\">\n\t\t\t\t\t\t<section class=\"elementor-section elementor-top-section elementor-element elementor-element-454dafdc elementor-section-full_width elementor-section-height-default elementor-section-height-default\" data-id=\"454dafdc\" data-element_type=\"section\" data-e-type=\"section\">\n\t\t\t\t\t\t<div class=\"elementor-container elementor-column-gap-default\">\n\t\t\t\t\t<div class=\"elementor-column elementor-col-100 elementor-top-column elementor-element elementor-element-745955c2\" data-id=\"745955c2\" data-element_type=\"column\" data-e-type=\"column\">\n\t\t\t<div class=\"elementor-widget-wrap elementor-element-populated\">\n\t\t\t\t\t\t<div class=\"elementor-element elementor-element-1b81eb80 elementor--h-position-center elementor--v-position-middle elementor-arrows-position-inside elementor-pagination-position-inside elementor-widget elementor-widget-slides\" data-id=\"1b81eb80\" data-element_type=\"widget\" data-e-type=\"widget\" data-settings=\"{&quot;navigation&quot;:&quot;both&quot;,&quot;autoplay&quot;:&quot;yes&quot;,&quot;pause_on_hover&quot;:&quot;yes&quot;,&quot;pause_on_interaction&quot;:&quot;yes&quot;,&quot;autoplay_speed&quot;:5000,&quot;infinite&quot;:&quot;yes&quot;,&quot;transition&quot;:&quot;slide&quot;,&quot;transition_speed&quot;:500}\" data-widget_type=\"slides.default\">\n\t\t\t\t<div class=\"elementor-widget-container\">\n\t\t\t\t\t\t\t\t\t<div class=\"elementor-swiper\">\n\t\t\t\t\t<div class=\"elementor-slides-wrapper elementor-main-swiper swiper\" role=\"region\" aria-roledescription=\"carousel\" aria-label=\"Slides\" dir=\"ltr\" data-animation=\"fadeInUp\">\n\t\t\t\t<div class=\"swiper-wrapper elementor-slides\">\n\t\t\t\t\t\t\t\t\t\t<div class=\"elementor-repeater-item-4e0b9f7 swiper-slide\" role=\"group\" aria-roledescription=\"slide\"><div class=\"swiper-slide-bg elementor-ken-burns elementor-ken-burns--in\" role=\"img\" aria-label=\"Applications_WaterTreatment-401e7d4b.jpg\"><\/div><div class=\"elementor-background-overlay\"><\/div><div class=\"swiper-slide-inner\" ><div class=\"swiper-slide-contents\"><div class=\"elementor-slide-heading\">Sada KuriLoc <\/div><\/div><\/div><\/div>\t\t\t\t<\/div>\n\t\t\t\t\t\t\t<\/div>\n\t\t\t\t<\/div>\n\t\t\t\t\t\t\t\t<\/div>\n\t\t\t\t<\/div>\n\t\t\t\t\t<\/div>\n\t\t<\/div>\n\t\t\t\t\t<\/div>\n\t\t<\/section>\n\t\t\t\t<section class=\"elementor-section elementor-top-section elementor-element elementor-element-7f504964 elementor-section-boxed elementor-section-height-default elementor-section-height-default\" data-id=\"7f504964\" data-element_type=\"section\" data-e-type=\"section\">\n\t\t\t\t\t\t<div class=\"elementor-container elementor-column-gap-default\">\n\t\t\t\t\t<div class=\"elementor-column elementor-col-66 elementor-top-column elementor-element elementor-element-79a118bf margin-content\" data-id=\"79a118bf\" data-element_type=\"column\" data-e-type=\"column\">\n\t\t\t<div class=\"elementor-widget-wrap elementor-element-populated\">\n\t\t\t\t\t\t<div class=\"elementor-element elementor-element-6fb8e46f elementor-widget elementor-widget-heading\" data-id=\"6fb8e46f\" data-element_type=\"widget\" data-e-type=\"widget\" data-widget_type=\"heading.default\">\n\t\t\t\t<div class=\"elementor-widget-container\">\n\t\t\t\t\t<h1 class=\"elementor-heading-title elementor-size-default\">KuriLoc Kit - sada pro testov\u00e1n\u00ed legionelly<\/h1>\t\t\t\t<\/div>\n\t\t\t\t<\/div>\n\t\t\t\t<div class=\"elementor-element elementor-element-42135f59 elementor-invisible elementor-widget elementor-widget-text-editor\" data-id=\"42135f59\" data-element_type=\"widget\" data-e-type=\"widget\" data-settings=\"{&quot;_animation&quot;:&quot;fadeInUp&quot;}\" data-widget_type=\"text-editor.default\">\n\t\t\t\t<div class=\"elementor-widget-container\">\n\t\t\t\t\t\t\t\t\t<p>Legion\u00e1\u0159sk\u00e1 nemoc byla objevena koncem 70. let po n\u011bkolika vypuknut\u00edch. V posledn\u00edch deseti letech za\u010daly \u00fa\u0159ady a st\u00e1ty zintenziv\u0148ovat sv\u00e9 \u00fasil\u00ed o regulaci tohoto t\u00e9matu. Zem\u011b jako \u0160pan\u011blsko, Francie, Nizozemsko, N\u011bmecko a Velk\u00e1 Brit\u00e1nie maj\u00ed p\u0159\u00edsn\u00e9 z\u00e1kony, kter\u00e9 nut\u00ed kone\u010dn\u00e9 u\u017eivatele vody v pr\u016fmyslov\u00fdch a komun\u00e1ln\u00edch za\u0159\u00edzen\u00edch k d\u016fsledn\u00e9 kontrole jejich syst\u00e9m\u016f a aplikac\u00ed. Dokonce i v zem\u00edch, kde p\u0159\u00edm\u00e9 z\u00e1kony o legionel\u00e1ch neexistuj\u00ed, existuj\u00ed sm\u011brnice, normy nebo osv\u011bd\u010den\u00e9 postupy, kter\u00e9 je t\u0159eba dodr\u017eovat. Spole\u010dnost Kurita je v oblasti kontroly legionelly v\u017edy o krok nap\u0159ed a m\u00e1 v t\u00e9to oblasti dlouhou trajektorii.<\/p><p>Jednou z nejnov\u011bj\u0161\u00edch inovac\u00ed v oblasti kontroly legionel je metoda rychl\u00e9 detekce:\u00a0<strong>Sada KuriLoc<\/strong>. Tato testovac\u00ed souprava na legionellu poskytuje prvn\u00ed v\u00fdsledky ji\u017e 3 hodiny po odb\u011bru vzorku a je vysoce specifick\u00e1. Stanoven\u00ed se prov\u00e1d\u00ed specificky podle RNA bakterie Legionella, kter\u00e1 se vyskytuje ve vzorku vody. RNA se oproti DNA nach\u00e1z\u00ed pouze v \u017eiv\u00fdch bu\u0148k\u00e1ch, v\u010detn\u011b bun\u011bk ve stavu VBNC. Rychlotest KuriLoc je ur\u010den ke stanoven\u00ed Legionella spp. navr\u017een. Rychl\u00fd test KuriLoc se ji\u017e pou\u017e\u00edv\u00e1 v akreditovan\u00fdch i jin\u00fdch laborato\u0159\u00edch a poskytuje p\u0159ehled o koncentraci legionel b\u011bhem n\u011bkolika hodin. Lze tak v\u010das vyhodnotit proveden\u00e9 o\u0161et\u0159en\u00ed v syst\u00e9mech na probl\u00e9my s legionelou jako vnitropodnikovou kontrolu. T\u00edm se zvy\u0161uje spolehlivost syst\u00e9m\u016f a minimalizuje se potenci\u00e1ln\u00ed zdravotn\u00ed riziko pro t\u0159et\u00ed strany a vlastn\u00ed zam\u011bstnance. Krom\u011b toho je sledov\u00e1n\u00ed mikrobi\u00e1ln\u00edch usazenin (biofilmu) v pr\u016fmyslov\u00fdch vodn\u00edch vrstv\u00e1ch - reprodukovateln\u00e9, kvantitativn\u00ed a v re\u00e1ln\u00e9m \u010dase - z\u00e1kladn\u00edm prvkem pro \u00fasp\u011b\u0161nou kontrolu proces\u016f s ohledem na kontaminaci. Rychl\u00e1 detekce a monitorov\u00e1n\u00ed mikrobiologie hraj\u00ed \u00fast\u0159edn\u00ed roli.\u00a0<strong>Z\u00e1kazn\u00edci mohou vyu\u017e\u00edvat v\u00fdhod rychl\u00e9 detek\u010dn\u00ed soupravy KuriLoc, a to bu\u010f zakoupen\u00edm vlastn\u00edho za\u0159\u00edzen\u00ed, nebo vyu\u017eit\u00edm slu\u017eeb akreditovan\u00fdch laborato\u0159\u00ed spole\u010dnosti Kurita v oblasti testov\u00e1n\u00ed legionelly.<\/strong><\/p><p>Na\u0161e koncepce kontroly legionelly nab\u00edz\u00ed kompletn\u00ed bal\u00ed\u010dek pro kontrolu, monitorov\u00e1n\u00ed a l\u00e9\u010dbu legionelly:<\/p><ul><li>Certifikovan\u00ed odborn\u00edci od\u00a0<a href=\"http:\/\/www.vdi.eu\/\">VDI<\/a><\/li><li>Rychl\u00e9 metody detekce KuriLoc<\/li><li>Slu\u017eba testov\u00e1n\u00ed legionelly<\/li><li>Ak\u010dn\u00ed pl\u00e1n<\/li><li>Monitorov\u00e1n\u00ed\u00a0<a href=\"https:\/\/www.kurita.eu\/en\/solutions\/hydrobio-advance\/\">HydroBio<sup>\u00ae<\/sup>\u00a0Advance<\/a><\/li><li>Technologie a produkty\u00a0<a href=\"https:\/\/www.kurita.eu\/solutions\/dilurit-bcs\/\">Dilurit<sup>\u00ae<\/sup>\u00a0BC S-System<\/a><\/li><li>Posouzen\u00ed rizika legionelly<\/li><li>Postup<\/li><li>Odb\u011br vzork\u016f a anal\u00fdza<\/li><li>\u010ci\u0161t\u011bn\u00ed a dezinfekce<\/li><li>\u0160kolen\u00ed<\/li><\/ul>\t\t\t\t\t\t\t\t<\/div>\n\t\t\t\t<\/div>\n\t\t\t\t\t<\/div>\n\t\t<\/div>\n\t\t\t\t<div class=\"elementor-column elementor-col-33 elementor-top-column elementor-element elementor-element-2e2bce92 margin-content\" data-id=\"2e2bce92\" data-element_type=\"column\" data-e-type=\"column\">\n\t\t\t<div class=\"elementor-widget-wrap elementor-element-populated\">\n\t\t\t\t\t\t<div class=\"elementor-element elementor-element-7a1d2151 elementor-invisible elementor-widget elementor-widget-image\" data-id=\"7a1d2151\" data-element_type=\"widget\" data-e-type=\"widget\" data-settings=\"{&quot;_animation&quot;:&quot;fadeIn&quot;}\" data-widget_type=\"image.default\">\n\t\t\t\t<div class=\"elementor-widget-container\">\n\t\t\t\t\t\t\t\t\t\t\t\t\t\t\t<img fetchpriority=\"high\" decoding=\"async\" width=\"350\" height=\"197\" src=\"\/wp-content\/uploads\/2025\/04\/Legionella_CMYK_1920x1080-cd1a533b.jpg\" class=\"attachment-large size-large wp-image-14179\" alt=\"\" srcset=\"\/wp-content\/uploads\/2025\/04\/Legionella_CMYK_1920x1080-cd1a533b.jpg 350w, \/wp-content\/uploads\/2025\/04\/Legionella_CMYK_1920x1080-cd1a533b-300x169.jpg 300w\" sizes=\"(max-width: 350px) 100vw, 350px\" data-no-translation=\"\" \/>\t\t\t\t\t\t\t\t\t\t\t\t\t\t\t<\/div>\n\t\t\t\t<\/div>\n\t\t\t\t\t<\/div>\n\t\t<\/div>\n\t\t\t\t\t<\/div>\n\t\t<\/section>\n\t\t\t\t<section class=\"elementor-section elementor-top-section elementor-element elementor-element-4ea0ee7a elementor-section-boxed elementor-section-height-default elementor-section-height-default\" data-id=\"4ea0ee7a\" data-element_type=\"section\" data-e-type=\"section\" data-settings=\"{&quot;background_background&quot;:&quot;classic&quot;}\">\n\t\t\t\t\t\t<div class=\"elementor-container elementor-column-gap-default\">\n\t\t\t\t\t<div class=\"elementor-column elementor-col-100 elementor-top-column elementor-element elementor-element-41876185 margin-content\" data-id=\"41876185\" data-element_type=\"column\" data-e-type=\"column\">\n\t\t\t<div class=\"elementor-widget-wrap elementor-element-populated\">\n\t\t\t\t\t\t<div class=\"elementor-element elementor-element-3338ce7b elementor-widget elementor-widget-heading\" data-id=\"3338ce7b\" data-element_type=\"widget\" data-e-type=\"widget\" data-widget_type=\"heading.default\">\n\t\t\t\t<div class=\"elementor-widget-container\">\n\t\t\t\t\t<h2 class=\"elementor-heading-title elementor-size-default\">Jsme v\u00e1m k dispozici<\/h2>\t\t\t\t<\/div>\n\t\t\t\t<\/div>\n\t\t\t\t<div class=\"elementor-element elementor-element-5bc4d54f elementor-widget elementor-widget-html\" data-id=\"5bc4d54f\" data-element_type=\"widget\" data-e-type=\"widget\" data-widget_type=\"html.default\">\n\t\t\t\t<div class=\"elementor-widget-container\">\n\t\t\t\t\t<div\r\n        data-form-id='f4d0a8e4-73ce-ef11-b8e8-000d3ab41b62'\r\n        data-form-api-url='https:\/\/public-eur.mkt.dynamics.com\/api\/v1.0\/orgs\/30cac5a2-33f9-ed11-a66d-000d3a64d748\/landingpageforms'\r\n        data-cached-form-url='https:\/\/assets-eur.mkt.dynamics.com\/30cac5a2-33f9-ed11-a66d-000d3a64d748\/digitalassets\/forms\/f4d0a8e4-73ce-ef11-b8e8-000d3ab41b62' ><\/div>\r\n        <script src = 'https:\/\/cxppusa1formui01cdnsa01-endpoint.azureedge.net\/eur\/FormLoader\/FormLoader.bundle.js' ><\/script>\r\n        <script>document.documentElement.lang = navigator.language;<\/script>\t\t\t\t<\/div>\n\t\t\t\t<\/div>\n\t\t\t\t\t<\/div>\n\t\t<\/div>\n\t\t\t\t\t<\/div>\n\t\t<\/section>\n\t\t\t\t<\/div>","protected":false},"excerpt":{"rendered":"<p>KuriLoc Kit KuriLoc Kit \u2013 Legionella testing kit Legionnaires disease was discovered in the late 70\u2018s after several outbreaks. In the last ten years, the authorities and countries started to intensify their efforts to regulate the topic. Countries like Spain, France, Nederland, Germany and UK have strict laws that force the final users of the [&hellip;]<\/p>\n","protected":false},"author":2,"featured_media":0,"parent":13875,"menu_order":0,"comment_status":"closed","ping_status":"closed","template":"","meta":{"footnotes":""},"class_list":["post-14177","page","type-page","status-publish","hentry"],"yoast_head":"<!-- This site is optimized with the Yoast SEO plugin v27.3 - https:\/\/yoast.com\/product\/yoast-seo-wordpress\/ -->\n<title>KuriLoc Kit - Kurita Europe<\/title>\n<meta name=\"description\" content=\"KuriLoc Kit: rapid Legionella detection. Reliable early insight in hours to guide actions, protect people and ensure compliance.\" \/>\n<meta name=\"robots\" content=\"index, follow, max-snippet:-1, max-image-preview:large, max-video-preview:-1\" \/>\n<link rel=\"canonical\" href=\"https:\/\/www.kurita.eu\/es\/soluciones\/kit-kuriloc\/\" \/>\n<meta property=\"og:locale\" content=\"cs_CZ\" \/>\n<meta property=\"og:type\" content=\"article\" \/>\n<meta property=\"og:title\" content=\"KuriLoc Kit - Kurita Europe\" \/>\n<meta property=\"og:description\" content=\"KuriLoc Kit: rapid Legionella detection. Reliable early insight in hours to guide actions, protect people and ensure compliance.\" \/>\n<meta property=\"og:url\" content=\"https:\/\/www.kurita.eu\/es\/soluciones\/kit-kuriloc\/\" \/>\n<meta property=\"og:site_name\" content=\"Kurita Europe\" \/>\n<meta property=\"article:modified_time\" content=\"2026-01-20T16:18:52+00:00\" \/>\n<meta property=\"og:image\" content=\"https:\/\/kuritaeuwe-1d317f88af-hmdafwemhrbdfrck.a03.azurefd.net\/wp-content\/uploads\/2025\/07\/kurita-favicon-512x512-1.png\" \/>\n\t<meta property=\"og:image:width\" content=\"512\" \/>\n\t<meta property=\"og:image:height\" content=\"512\" \/>\n\t<meta property=\"og:image:type\" content=\"image\/png\" \/>\n<meta name=\"twitter:card\" content=\"summary_large_image\" \/>\n<meta name=\"twitter:site\" content=\"@KuritaGlobal\" \/>\n<meta name=\"twitter:label1\" content=\"Odhadovan\u00e1 doba \u010dten\u00ed\" \/>\n\t<meta name=\"twitter:data1\" content=\"2 minuty\" \/>\n<script type=\"application\/ld+json\" class=\"yoast-schema-graph\">{\"@context\":\"https:\\\/\\\/schema.org\",\"@graph\":[{\"@type\":\"WebPage\",\"@id\":\"https:\\\/\\\/www.kurita.eu\\\/es\\\/soluciones\\\/kit-kuriloc\\\/\",\"url\":\"https:\\\/\\\/www.kurita.eu\\\/es\\\/soluciones\\\/kit-kuriloc\\\/\",\"name\":\"KuriLoc Kit - Kurita Europe\",\"isPartOf\":{\"@id\":\"https:\\\/\\\/www.kurita.eu\\\/fr\\\/#website\"},\"datePublished\":\"2025-04-25T07:29:04+00:00\",\"dateModified\":\"2026-01-20T16:18:52+00:00\",\"description\":\"KuriLoc Kit: rapid Legionella detection. Reliable early insight in hours to guide actions, protect people and ensure compliance.\",\"breadcrumb\":{\"@id\":\"https:\\\/\\\/www.kurita.eu\\\/es\\\/soluciones\\\/kit-kuriloc\\\/#breadcrumb\"},\"inLanguage\":\"cs\",\"potentialAction\":[{\"@type\":\"ReadAction\",\"target\":[\"https:\\\/\\\/www.kurita.eu\\\/es\\\/soluciones\\\/kit-kuriloc\\\/\"]}]},{\"@type\":\"BreadcrumbList\",\"@id\":\"https:\\\/\\\/www.kurita.eu\\\/es\\\/soluciones\\\/kit-kuriloc\\\/#breadcrumb\",\"itemListElement\":[{\"@type\":\"ListItem\",\"position\":1,\"name\":\"Home\",\"item\":\"https:\\\/\\\/kuritaeuwe-1d317f88af-hmdafwemhrbdfrck.a03.azurefd.net\\\/en\\\/\"},{\"@type\":\"ListItem\",\"position\":2,\"name\":\"Solutions\",\"item\":\"https:\\\/\\\/www.kurita.eu\\\/se\\\/losningar\\\/\"},{\"@type\":\"ListItem\",\"position\":3,\"name\":\"KuriLoc Kit\"}]},{\"@type\":\"WebSite\",\"@id\":\"https:\\\/\\\/www.kurita.eu\\\/fr\\\/#website\",\"url\":\"https:\\\/\\\/www.kurita.eu\\\/fr\\\/\",\"name\":\"Kurita Europe\",\"description\":\"Water Treatment Solutions\",\"publisher\":{\"@id\":\"https:\\\/\\\/www.kurita.eu\\\/fr\\\/#organization\"},\"potentialAction\":[{\"@type\":\"SearchAction\",\"target\":{\"@type\":\"EntryPoint\",\"urlTemplate\":\"https:\\\/\\\/www.kurita.eu\\\/fr\\\/?s={search_term_string}\"},\"query-input\":{\"@type\":\"PropertyValueSpecification\",\"valueRequired\":true,\"valueName\":\"search_term_string\"}}],\"inLanguage\":\"cs\"},{\"@type\":\"Organization\",\"@id\":\"https:\\\/\\\/www.kurita.eu\\\/fr\\\/#organization\",\"name\":\"Kurita Europe\",\"url\":\"https:\\\/\\\/www.kurita.eu\\\/fr\\\/\",\"logo\":{\"@type\":\"ImageObject\",\"inLanguage\":\"cs\",\"@id\":\"https:\\\/\\\/www.kurita.eu\\\/fr\\\/#\\\/schema\\\/logo\\\/image\\\/\",\"url\":\"\\\/wp-content\\\/uploads\\\/2025\\\/05\\\/cropped-brand_mark_horizon_blue.png\",\"contentUrl\":\"\\\/wp-content\\\/uploads\\\/2025\\\/05\\\/cropped-brand_mark_horizon_blue.png\",\"width\":712,\"height\":204,\"caption\":\"Kurita Europe\"},\"image\":{\"@id\":\"https:\\\/\\\/www.kurita.eu\\\/fr\\\/#\\\/schema\\\/logo\\\/image\\\/\"},\"sameAs\":[\"https:\\\/\\\/x.com\\\/KuritaGlobal\",\"https:\\\/\\\/www.linkedin.com\\\/company\\\/kurita\\\/\"]}]}<\/script>\n<!-- \/ Yoast SEO plugin. -->","yoast_head_json":{"title":"Sada KuriLoc - Kurita Europe","description":"KuriLoc Kit: rychl\u00e1 detekce legionel. Spolehliv\u00fd v\u010dasn\u00fd n\u00e1hled v \u0159\u00e1du hodin, kter\u00fd umo\u017e\u0148uje \u0159\u00eddit opat\u0159en\u00ed, chr\u00e1nit lidi a zajistit dodr\u017eov\u00e1n\u00ed p\u0159edpis\u016f.","robots":{"index":"index","follow":"follow","max-snippet":"max-snippet:-1","max-image-preview":"max-image-preview:large","max-video-preview":"max-video-preview:-1"},"canonical":"https:\/\/www.kurita.eu\/es\/soluciones\/kit-kuriloc\/","og_locale":"cs_CZ","og_type":"article","og_title":"KuriLoc Kit - Kurita Europe","og_description":"KuriLoc Kit: rapid Legionella detection. Reliable early insight in hours to guide actions, protect people and ensure compliance.","og_url":"https:\/\/www.kurita.eu\/es\/soluciones\/kit-kuriloc\/","og_site_name":"Kurita Europe","article_modified_time":"2026-01-20T16:18:52+00:00","og_image":[{"width":512,"height":512,"url":"https:\/\/kuritaeuwe-1d317f88af-hmdafwemhrbdfrck.a03.azurefd.net\/wp-content\/uploads\/2025\/07\/kurita-favicon-512x512-1.png","type":"image\/png"}],"twitter_card":"summary_large_image","twitter_site":"@KuritaGlobal","twitter_misc":{"Odhadovan\u00e1 doba \u010dten\u00ed":"2 minuty"},"schema":{"@context":"https:\/\/schema.org","@graph":[{"@type":"WebPage","@id":"https:\/\/www.kurita.eu\/es\/soluciones\/kit-kuriloc\/","url":"https:\/\/www.kurita.eu\/es\/soluciones\/kit-kuriloc\/","name":"Sada KuriLoc - Kurita Europe","isPartOf":{"@id":"https:\/\/www.kurita.eu\/fr\/#website"},"datePublished":"2025-04-25T07:29:04+00:00","dateModified":"2026-01-20T16:18:52+00:00","description":"KuriLoc Kit: rychl\u00e1 detekce legionel. Spolehliv\u00fd v\u010dasn\u00fd n\u00e1hled v \u0159\u00e1du hodin, kter\u00fd umo\u017e\u0148uje \u0159\u00eddit opat\u0159en\u00ed, chr\u00e1nit lidi a zajistit dodr\u017eov\u00e1n\u00ed p\u0159edpis\u016f.","breadcrumb":{"@id":"https:\/\/www.kurita.eu\/es\/soluciones\/kit-kuriloc\/#breadcrumb"},"inLanguage":"cs","potentialAction":[{"@type":"ReadAction","target":["https:\/\/www.kurita.eu\/es\/soluciones\/kit-kuriloc\/"]}]},{"@type":"BreadcrumbList","@id":"https:\/\/www.kurita.eu\/es\/soluciones\/kit-kuriloc\/#breadcrumb","itemListElement":[{"@type":"ListItem","position":1,"name":"Home","item":"https:\/\/kuritaeuwe-1d317f88af-hmdafwemhrbdfrck.a03.azurefd.net\/en\/"},{"@type":"ListItem","position":2,"name":"Solutions","item":"https:\/\/www.kurita.eu\/se\/losningar\/"},{"@type":"ListItem","position":3,"name":"KuriLoc Kit"}]},{"@type":"WebSite","@id":"https:\/\/www.kurita.eu\/fr\/#website","url":"https:\/\/www.kurita.eu\/fr\/","name":"Kurita Europe","description":"\u0158e\u0161en\u00ed pro \u00fapravu vody","publisher":{"@id":"https:\/\/www.kurita.eu\/fr\/#organization"},"potentialAction":[{"@type":"SearchAction","target":{"@type":"EntryPoint","urlTemplate":"https:\/\/www.kurita.eu\/fr\/?s={search_term_string}"},"query-input":{"@type":"PropertyValueSpecification","valueRequired":true,"valueName":"search_term_string"}}],"inLanguage":"cs"},{"@type":"Organization","@id":"https:\/\/www.kurita.eu\/fr\/#organization","name":"Kurita Europe","url":"https:\/\/www.kurita.eu\/fr\/","logo":{"@type":"ImageObject","inLanguage":"cs","@id":"https:\/\/www.kurita.eu\/fr\/#\/schema\/logo\/image\/","url":"\/wp-content\/uploads\/2025\/05\/cropped-brand_mark_horizon_blue.png","contentUrl":"\/wp-content\/uploads\/2025\/05\/cropped-brand_mark_horizon_blue.png","width":712,"height":204,"caption":"Kurita Europe"},"image":{"@id":"https:\/\/www.kurita.eu\/fr\/#\/schema\/logo\/image\/"},"sameAs":["https:\/\/x.com\/KuritaGlobal","https:\/\/www.linkedin.com\/company\/kurita\/"]}]}},"_links":{"self":[{"href":"https:\/\/kuritaeuwe-1d317f88af-hmdafwemhrbdfrck.a03.azurefd.net\/cs\/wp-json\/wp\/v2\/pages\/14177","targetHints":{"allow":["GET"]}}],"collection":[{"href":"https:\/\/kuritaeuwe-1d317f88af-hmdafwemhrbdfrck.a03.azurefd.net\/cs\/wp-json\/wp\/v2\/pages"}],"about":[{"href":"https:\/\/kuritaeuwe-1d317f88af-hmdafwemhrbdfrck.a03.azurefd.net\/cs\/wp-json\/wp\/v2\/types\/page"}],"author":[{"embeddable":true,"href":"https:\/\/kuritaeuwe-1d317f88af-hmdafwemhrbdfrck.a03.azurefd.net\/cs\/wp-json\/wp\/v2\/users\/2"}],"replies":[{"embeddable":true,"href":"https:\/\/kuritaeuwe-1d317f88af-hmdafwemhrbdfrck.a03.azurefd.net\/cs\/wp-json\/wp\/v2\/comments?post=14177"}],"version-history":[{"count":10,"href":"https:\/\/kuritaeuwe-1d317f88af-hmdafwemhrbdfrck.a03.azurefd.net\/cs\/wp-json\/wp\/v2\/pages\/14177\/revisions"}],"predecessor-version":[{"id":19355,"href":"https:\/\/kuritaeuwe-1d317f88af-hmdafwemhrbdfrck.a03.azurefd.net\/cs\/wp-json\/wp\/v2\/pages\/14177\/revisions\/19355"}],"up":[{"embeddable":true,"href":"https:\/\/kuritaeuwe-1d317f88af-hmdafwemhrbdfrck.a03.azurefd.net\/cs\/wp-json\/wp\/v2\/pages\/13875"}],"wp:attachment":[{"href":"https:\/\/kuritaeuwe-1d317f88af-hmdafwemhrbdfrck.a03.azurefd.net\/cs\/wp-json\/wp\/v2\/media?parent=14177"}],"curies":[{"name":"wp","href":"https:\/\/api.w.org\/{rel}","templated":true}]}}