{"id":14393,"date":"2025-04-25T09:08:27","date_gmt":"2025-04-25T09:08:27","guid":{"rendered":"https:\/\/kurita-eu-gudza2cjbzfhcwbx.francecentral-01.azurewebsites.net\/?page_id=14393"},"modified":"2026-04-07T08:58:39","modified_gmt":"2026-04-07T08:58:39","slug":"ssk","status":"publish","type":"page","link":"https:\/\/kuritaeuwe-1d317f88af-hmdafwemhrbdfrck.a03.azurefd.net\/cs\/solutions\/ssk\/","title":{"rendered":"SSK"},"content":{"rendered":"<div data-elementor-type=\"wp-page\" data-elementor-id=\"14393\" class=\"elementor elementor-14393\" data-elementor-post-type=\"page\">\n\t\t\t\t\t\t<section class=\"elementor-section elementor-top-section elementor-element elementor-element-5a8dcc58 elementor-section-full_width elementor-section-height-default elementor-section-height-default\" data-id=\"5a8dcc58\" data-element_type=\"section\" data-e-type=\"section\">\n\t\t\t\t\t\t<div class=\"elementor-container elementor-column-gap-default\">\n\t\t\t\t\t<div class=\"elementor-column elementor-col-100 elementor-top-column elementor-element elementor-element-4086de5d\" data-id=\"4086de5d\" data-element_type=\"column\" data-e-type=\"column\">\n\t\t\t<div class=\"elementor-widget-wrap elementor-element-populated\">\n\t\t\t\t\t\t<div class=\"elementor-element elementor-element-283abb4e elementor--h-position-center elementor--v-position-middle elementor-arrows-position-inside elementor-pagination-position-inside elementor-widget elementor-widget-slides\" data-id=\"283abb4e\" data-element_type=\"widget\" data-e-type=\"widget\" data-settings=\"{&quot;navigation&quot;:&quot;both&quot;,&quot;autoplay&quot;:&quot;yes&quot;,&quot;pause_on_hover&quot;:&quot;yes&quot;,&quot;pause_on_interaction&quot;:&quot;yes&quot;,&quot;autoplay_speed&quot;:5000,&quot;infinite&quot;:&quot;yes&quot;,&quot;transition&quot;:&quot;slide&quot;,&quot;transition_speed&quot;:500}\" data-widget_type=\"slides.default\">\n\t\t\t\t<div class=\"elementor-widget-container\">\n\t\t\t\t\t\t\t\t\t<div class=\"elementor-swiper\">\n\t\t\t\t\t<div class=\"elementor-slides-wrapper elementor-main-swiper swiper\" role=\"region\" aria-roledescription=\"carousel\" aria-label=\"Slides\" dir=\"ltr\" data-animation=\"fadeInUp\">\n\t\t\t\t<div class=\"swiper-wrapper elementor-slides\">\n\t\t\t\t\t\t\t\t\t\t<div class=\"elementor-repeater-item-4e0b9f7 swiper-slide\" role=\"group\" aria-roledescription=\"slide\"><div class=\"swiper-slide-bg elementor-ken-burns elementor-ken-burns--in\" role=\"img\" aria-label=\"shutterstock_medium-size_1992497891-9f42f35e.jpg\"><\/div><div class=\"elementor-background-overlay\"><\/div><div class=\"swiper-slide-inner\" ><div class=\"swiper-slide-contents\"><h1 class=\"elementor-slide-heading\">Technologie SSK<\/h1><h2 class=\"elementor-slide-description\">Kombinovan\u00e1 technologie provzdu\u0161\u0148ov\u00e1n\u00ed a biocid\u016f<\/h2><\/div><\/div><\/div>\t\t\t\t<\/div>\n\t\t\t\t\t\t\t<\/div>\n\t\t\t\t<\/div>\n\t\t\t\t\t\t\t\t<\/div>\n\t\t\t\t<\/div>\n\t\t\t\t\t<\/div>\n\t\t<\/div>\n\t\t\t\t\t<\/div>\n\t\t<\/section>\n\t\t\t\t<section class=\"elementor-section elementor-top-section elementor-element elementor-element-618c9adb elementor-section-boxed elementor-section-height-default elementor-section-height-default\" data-id=\"618c9adb\" data-element_type=\"section\" data-e-type=\"section\">\n\t\t\t\t\t\t<div class=\"elementor-container elementor-column-gap-default\">\n\t\t\t\t\t<div class=\"elementor-column elementor-col-66 elementor-top-column elementor-element elementor-element-7fb485da margin-content\" data-id=\"7fb485da\" data-element_type=\"column\" data-e-type=\"column\">\n\t\t\t<div class=\"elementor-widget-wrap elementor-element-populated\">\n\t\t\t\t\t\t<div class=\"elementor-element elementor-element-f0639a2 elementor-widget elementor-widget-heading\" data-id=\"f0639a2\" data-element_type=\"widget\" data-e-type=\"widget\" data-widget_type=\"heading.default\">\n\t\t\t\t<div class=\"elementor-widget-container\">\n\t\t\t\t\t<h4 class=\"elementor-heading-title elementor-size-default\">Syst\u00e9m SSK - technologie provzdu\u0161\u0148ov\u00e1n\u00ed spole\u010dnosti Kurita<\/h4>\t\t\t\t<\/div>\n\t\t\t\t<\/div>\n\t\t\t\t<div class=\"elementor-element elementor-element-5a38f343 elementor-widget elementor-widget-text-editor\" data-id=\"5a38f343\" data-element_type=\"widget\" data-e-type=\"widget\" data-widget_type=\"text-editor.default\">\n\t\t\t\t<div class=\"elementor-widget-container\">\n\t\t\t\t\t\t\t\t\t<h5><span class=\"TextRun SCXP215523348 BCX0\" lang=\"TR-TR\" xml:lang=\"TR-TR\" data-scheme-color=\"@0069C8,,\" data-usefontface=\"true\" data-contrast=\"none\"><span class=\"NormalTextRun SCXP215523348 BCX0\">I<\/span><\/span><span class=\"TextRun SpellingErrorZoomed SCXP215523348 BCX0\" lang=\"EN-GB\" xml:lang=\"EN-GB\" data-scheme-color=\"@0069C8,,\" data-usefontface=\"true\" data-contrast=\"none\"><span class=\"SCXP215523348 BCX0\">mprove<\/span><\/span><span class=\"TextRun SCXP215523348 BCX0\" lang=\"EN-GB\" xml:lang=\"EN-GB\" data-scheme-color=\"@0069C8,,\" data-usefontface=\"true\" data-contrast=\"none\"><span class=\"NormalTextRun SCXP215523348 BCX0\"> Produktivita, efektivita provozu a ochrana \u017eivotn\u00edho prost\u0159ed\u00ed <\/span><\/span><span class=\"TextRun SCXP215523348 BCX0\" lang=\"EN-GB\" xml:lang=\"EN-GB\" data-scheme-color=\"@0069C8,,\" data-usefontface=\"true\" data-contrast=\"none\"><span class=\"NormalTextRun SCXP215523348 BCX0\">Zdrav\u00ed v pap\u00edru <\/span><\/span><span class=\"TextRun SCXP215523348 BCX0\" lang=\"TR-TR\" xml:lang=\"TR-TR\" data-scheme-color=\"@0069C8,,\" data-usefontface=\"true\" data-contrast=\"none\"><span class=\"NormalTextRun SCXP215523348 BCX0\">B<\/span><\/span><span class=\"TextRun SpellingErrorZoomed SCXP215523348 BCX0\" lang=\"EN-GB\" xml:lang=\"EN-GB\" data-scheme-color=\"@0069C8,,\" data-usefontface=\"true\" data-contrast=\"none\"><span class=\"SCXP215523348 BCX0\">oard<\/span><\/span> <span class=\"TextRun SCXP215523348 BCX0\" lang=\"TR-TR\" xml:lang=\"TR-TR\" data-scheme-color=\"@0069C8,,\" data-usefontface=\"true\" data-contrast=\"none\"><span class=\"NormalTextRun SCXP215523348 BCX0\">P<\/span><\/span><span class=\"TextRun SpellingErrorZoomed SCXP215523348 BCX0\" lang=\"EN-GB\" xml:lang=\"EN-GB\" data-scheme-color=\"@0069C8,,\" data-usefontface=\"true\" data-contrast=\"none\"><span class=\"SCXP215523348 BCX0\">rodukce<\/span><\/span><\/h5>\t\t\t\t\t\t\t\t<\/div>\n\t\t\t\t<\/div>\n\t\t\t\t<div class=\"elementor-element elementor-element-530ab92d elementor-invisible elementor-widget elementor-widget-text-editor\" data-id=\"530ab92d\" data-element_type=\"widget\" data-e-type=\"widget\" data-settings=\"{&quot;_animation&quot;:&quot;fadeInUp&quot;}\" data-widget_type=\"text-editor.default\">\n\t\t\t\t<div class=\"elementor-widget-container\">\n\t\t\t\t\t\t\t\t\t<p><span class=\"style-scope yt-formatted-string\" dir=\"auto\">Existence velk\u00e9ho mno\u017estv\u00ed bakteri\u00ed v syst\u00e9mu znamen\u00e1, \u017ee kysl\u00edk je spot\u0159ebov\u00e1v\u00e1n, oxida\u010dn\u011b reduk\u010dn\u00ed potenci\u00e1l vykazuje z\u00e1pornou hodnotu a cel\u00fd syst\u00e9m je\u00a0<\/span>anaerobn\u00ed<span class=\"style-scope yt-formatted-string\" dir=\"auto\">. Tradi\u010dn\u011b se ve stagnuj\u00edc\u00ed \u010d\u00e1sti vytv\u00e1\u0159\u00ed vrstva kalu, ale s technologi\u00ed spole\u010dnosti Kurita stagnuj\u00edc\u00ed \u010d\u00e1st miz\u00ed. Kombinace patentovan\u00fdch technologi\u00ed spole\u010dnosti Kurita\u00a0<\/span>biokontrola<span class=\"style-scope yt-formatted-string\" dir=\"auto\">\u00a0\u00faprava, technologie provzdu\u0161\u0148ov\u00e1n\u00ed a\u00a0<a href=\"https:\/\/www.kurita.eu\/solutions\/ssensing\/\">S.sensing<sup>TM<\/sup><\/a>\u00a0jako monitorovac\u00ed syst\u00e9m, vede k absenci vrstvy slizu, co\u017e zvy\u0161uje \u00fa\u010dinnost cel\u00e9ho syst\u00e9mu. P\u0159i pou\u017eit\u00ed provzdu\u0161\u0148ov\u00e1n\u00ed s biocidem p\u016fsob\u00ed biocid \u00fa\u010dinn\u011b.\u00a0<\/span><\/p>\t\t\t\t\t\t\t\t<\/div>\n\t\t\t\t<\/div>\n\t\t\t\t\t<\/div>\n\t\t<\/div>\n\t\t\t\t<div class=\"elementor-column elementor-col-33 elementor-top-column elementor-element elementor-element-4b220d55 margin-content\" data-id=\"4b220d55\" data-element_type=\"column\" data-e-type=\"column\">\n\t\t\t<div class=\"elementor-widget-wrap elementor-element-populated\">\n\t\t\t\t\t\t<div class=\"elementor-element elementor-element-400de5b4 elementor-invisible elementor-widget elementor-widget-image\" data-id=\"400de5b4\" data-element_type=\"widget\" data-e-type=\"widget\" data-settings=\"{&quot;_animation&quot;:&quot;fadeIn&quot;}\" data-widget_type=\"image.default\">\n\t\t\t\t<div class=\"elementor-widget-container\">\n\t\t\t\t\t\t\t\t\t\t\t\t\t\t\t\t<a href=\"\/wp-content\/uploads\/2026\/02\/SSK-infographic.png\" data-elementor-open-lightbox=\"yes\" data-elementor-lightbox-title=\"SSK-infographic\" data-e-action-hash=\"#elementor-action%3Aaction%3Dlightbox%26settings%3DeyJpZCI6MTk3NDMsInVybCI6Ilwvd3AtY29udGVudFwvdXBsb2Fkc1wvMjAyNlwvMDJcL1NTSy1pbmZvZ3JhcGhpYy5wbmcifQ%3D%3D\">\n\t\t\t\t\t\t\t<img fetchpriority=\"high\" decoding=\"async\" width=\"800\" height=\"452\" src=\"\/wp-content\/uploads\/2026\/02\/SSK-infographic-1024x579.png\" class=\"attachment-large size-large wp-image-19743\" alt=\"\" srcset=\"\/wp-content\/uploads\/2026\/02\/SSK-infographic-1024x579.png 1024w, \/wp-content\/uploads\/2026\/02\/SSK-infographic-300x170.png 300w, \/wp-content\/uploads\/2026\/02\/SSK-infographic-768x434.png 768w, \/wp-content\/uploads\/2026\/02\/SSK-infographic-1536x869.png 1536w, \/wp-content\/uploads\/2026\/02\/SSK-infographic-2048x1158.png 2048w, \/wp-content\/uploads\/2026\/02\/SSK-infographic-18x10.png 18w\" sizes=\"(max-width: 800px) 100vw, 800px\" data-no-translation=\"\" \/>\t\t\t\t\t\t\t\t<\/a>\n\t\t\t\t\t\t\t\t\t\t\t\t\t\t\t<\/div>\n\t\t\t\t<\/div>\n\t\t\t\t\t<\/div>\n\t\t<\/div>\n\t\t\t\t\t<\/div>\n\t\t<\/section>\n\t\t\t\t<section class=\"elementor-section elementor-top-section elementor-element elementor-element-c0e7340 elementor-section-boxed elementor-section-height-default elementor-section-height-default\" data-id=\"c0e7340\" data-element_type=\"section\" data-e-type=\"section\" data-settings=\"{&quot;background_background&quot;:&quot;classic&quot;}\">\n\t\t\t\t\t\t<div class=\"elementor-container elementor-column-gap-default\">\n\t\t\t\t\t<div class=\"elementor-column elementor-col-100 elementor-top-column elementor-element elementor-element-408102ec margin-content\" data-id=\"408102ec\" data-element_type=\"column\" data-e-type=\"column\">\n\t\t\t<div class=\"elementor-widget-wrap elementor-element-populated\">\n\t\t\t\t\t\t<div class=\"elementor-element elementor-element-2a8072d3 elementor-widget elementor-widget-heading\" data-id=\"2a8072d3\" data-element_type=\"widget\" data-e-type=\"widget\" data-widget_type=\"heading.default\">\n\t\t\t\t<div class=\"elementor-widget-container\">\n\t\t\t\t\t<h4 class=\"elementor-heading-title elementor-size-default\">V\u00fdhody syst\u00e9mu SSK spole\u010dnosti Kurita\n<\/h4>\t\t\t\t<\/div>\n\t\t\t\t<\/div>\n\t\t\t\t<div class=\"elementor-element elementor-element-125baf44 elementor-invisible elementor-widget elementor-widget-text-editor\" data-id=\"125baf44\" data-element_type=\"widget\" data-e-type=\"widget\" data-settings=\"{&quot;_animation&quot;:&quot;fadeIn&quot;}\" data-widget_type=\"text-editor.default\">\n\t\t\t\t<div class=\"elementor-widget-container\">\n\t\t\t\t\t\t\t\t\t<li>Sn\u00ed\u017een\u00ed CHSK odpadn\u00edch vod<\/li>\n \t<li>\u00daspora spot\u0159eby vody<\/li>\n \t<li class=\"ce_text first block\">Tvorba z\u00e1pachu pod kontrolou<\/li>\n \t<li class=\"ce_text first block\">Zv\u00fd\u0161en\u00ed v\u00fdt\u011b\u017enosti produktu<\/li>\n \t<li class=\"ce_text first block\">Sn\u00ed\u017een\u00ed obsahu chemick\u00fdch p\u0159\u00edsad<\/li>\n \t<li class=\"ce_text first block\">Sn\u00ed\u017een\u00fd n\u00e1nos rozte\u010de a plechov\u00e9 brzdy<\/li>\n<\/ul>\t\t\t\t\t\t\t\t<\/div>\n\t\t\t\t<\/div>\n\t\t\t\t\t<\/div>\n\t\t<\/div>\n\t\t\t\t\t<\/div>\n\t\t<\/section>\n\t\t\t\t<section class=\"elementor-section elementor-top-section elementor-element elementor-element-21c8776d elementor-section-boxed elementor-section-height-default elementor-section-height-default\" data-id=\"21c8776d\" data-element_type=\"section\" data-e-type=\"section\" data-settings=\"{&quot;background_background&quot;:&quot;classic&quot;}\">\n\t\t\t\t\t\t<div class=\"elementor-container elementor-column-gap-default\">\n\t\t\t\t\t<div class=\"elementor-column elementor-col-100 elementor-top-column elementor-element elementor-element-5eac46a7 margin-content\" data-id=\"5eac46a7\" data-element_type=\"column\" data-e-type=\"column\">\n\t\t\t<div class=\"elementor-widget-wrap elementor-element-populated\">\n\t\t\t\t\t\t<div class=\"elementor-element elementor-element-bcc4de2 elementor-widget elementor-widget-heading\" data-id=\"bcc4de2\" data-element_type=\"widget\" data-e-type=\"widget\" data-widget_type=\"heading.default\">\n\t\t\t\t<div class=\"elementor-widget-container\">\n\t\t\t\t\t<h4 class=\"elementor-heading-title elementor-size-default\">Produktov\u00e9 video<\/h4>\t\t\t\t<\/div>\n\t\t\t\t<\/div>\n\t\t\t\t<div class=\"elementor-element elementor-element-30975d75 elementor-widget elementor-widget-video\" data-id=\"30975d75\" data-element_type=\"widget\" data-e-type=\"widget\" data-settings=\"{&quot;video_type&quot;:&quot;vimeo&quot;}\" data-widget_type=\"video.default\">\n\t\t\t\t<div class=\"elementor-widget-container\">\n\t\t\t\t\t\t\t<div class=\"elementor-wrapper elementor-open-inline\">\n\t\t\t<iframe class=\"elementor-video-iframe\" allowfullscreen allow=\"clipboard-write\" title=\"vimeo-videospelare\" src=\"https:\/\/player.vimeo.com\/video\/827989662?color&amp;autopause=0&amp;loop=0&amp;muted=0&amp;title=1&amp;portrait=1&amp;byline=1#t=\" data-no-translation-title=\"\"><\/iframe>\t\t<\/div>\n\t\t\t\t\t\t<\/div>\n\t\t\t\t<\/div>\n\t\t\t\t\t<\/div>\n\t\t<\/div>\n\t\t\t\t\t<\/div>\n\t\t<\/section>\n\t\t\t\t<section class=\"elementor-section elementor-top-section elementor-element elementor-element-44dac175 elementor-section-boxed elementor-section-height-default elementor-section-height-default\" data-id=\"44dac175\" data-element_type=\"section\" data-e-type=\"section\" data-settings=\"{&quot;background_background&quot;:&quot;classic&quot;}\">\n\t\t\t\t\t\t<div class=\"elementor-container elementor-column-gap-default\">\n\t\t\t\t\t<div class=\"elementor-column elementor-col-100 elementor-top-column elementor-element elementor-element-25a0b2f6 margin-content\" data-id=\"25a0b2f6\" data-element_type=\"column\" data-e-type=\"column\">\n\t\t\t<div class=\"elementor-widget-wrap elementor-element-populated\">\n\t\t\t\t\t\t<div class=\"elementor-element elementor-element-2afab7f9 elementor-widget elementor-widget-heading\" data-id=\"2afab7f9\" data-element_type=\"widget\" data-e-type=\"widget\" data-widget_type=\"heading.default\">\n\t\t\t\t<div class=\"elementor-widget-container\">\n\t\t\t\t\t<h2 class=\"elementor-heading-title elementor-size-default\">Jsme v\u00e1m k dispozici<\/h2>\t\t\t\t<\/div>\n\t\t\t\t<\/div>\n\t\t\t\t<div class=\"elementor-element elementor-element-2a6f148c elementor-widget elementor-widget-html\" data-id=\"2a6f148c\" data-element_type=\"widget\" data-e-type=\"widget\" data-widget_type=\"html.default\">\n\t\t\t\t<div class=\"elementor-widget-container\">\n\t\t\t\t\t<div\r\n        data-form-id='f4d0a8e4-73ce-ef11-b8e8-000d3ab41b62'\r\n        data-form-api-url='https:\/\/public-eur.mkt.dynamics.com\/api\/v1.0\/orgs\/30cac5a2-33f9-ed11-a66d-000d3a64d748\/landingpageforms'\r\n        data-cached-form-url='https:\/\/assets-eur.mkt.dynamics.com\/30cac5a2-33f9-ed11-a66d-000d3a64d748\/digitalassets\/forms\/f4d0a8e4-73ce-ef11-b8e8-000d3ab41b62' ><\/div>\r\n        <script src = 'https:\/\/cxppusa1formui01cdnsa01-endpoint.azureedge.net\/eur\/FormLoader\/FormLoader.bundle.js' ><\/script>\r\n        <script>document.documentElement.lang = navigator.language;<\/script>\t\t\t\t<\/div>\n\t\t\t\t<\/div>\n\t\t\t\t\t<\/div>\n\t\t<\/div>\n\t\t\t\t\t<\/div>\n\t\t<\/section>\n\t\t\t\t<\/div>","protected":false},"excerpt":{"rendered":"<p>Integrovan\u00e1 biokontrola, technologie provzdu\u0161\u0148ov\u00e1n\u00ed a monitorov\u00e1n\u00ed S.sensing\u2122 spole\u010dnosti Kurita zabra\u0148uj\u00ed tvorb\u011b kalu, \u010d\u00edm\u017e zvy\u0161uj\u00ed efektivitu a ekologi\u010dnost v\u00fdroby lepenky.<\/p>","protected":false},"author":2,"featured_media":0,"parent":13875,"menu_order":0,"comment_status":"closed","ping_status":"closed","template":"","meta":{"footnotes":""},"class_list":["post-14393","page","type-page","status-publish","hentry"],"yoast_head":"<!-- This site is optimized with the Yoast SEO plugin v27.3 - https:\/\/yoast.com\/product\/yoast-seo-wordpress\/ -->\n<title>SSK - Kurita Europe<\/title>\n<meta name=\"description\" content=\"SSK Technology: combined aeration and biocide approach that strengthens biological treatment, stabilizes performance and reduces wastewater bottlenecks.\" \/>\n<meta name=\"robots\" content=\"index, follow, max-snippet:-1, max-image-preview:large, max-video-preview:-1\" \/>\n<link rel=\"canonical\" href=\"https:\/\/www.kurita.eu\/en\/solutions\/ssk\/\" \/>\n<meta property=\"og:locale\" content=\"cs_CZ\" \/>\n<meta property=\"og:type\" content=\"article\" \/>\n<meta property=\"og:title\" content=\"SSK - Kurita Europe\" \/>\n<meta property=\"og:description\" content=\"SSK Technology: combined aeration and biocide approach that strengthens biological treatment, stabilizes performance and reduces wastewater bottlenecks.\" \/>\n<meta property=\"og:url\" content=\"https:\/\/www.kurita.eu\/en\/solutions\/ssk\/\" \/>\n<meta property=\"og:site_name\" content=\"Kurita Europe\" \/>\n<meta property=\"article:modified_time\" content=\"2026-04-07T08:58:39+00:00\" \/>\n<meta property=\"og:image\" content=\"https:\/\/kuritaeuwe-1d317f88af-hmdafwemhrbdfrck.a03.azurefd.net\/wp-content\/uploads\/2025\/07\/kurita-favicon-512x512-1.png\" \/>\n\t<meta property=\"og:image:width\" content=\"512\" \/>\n\t<meta property=\"og:image:height\" content=\"512\" \/>\n\t<meta property=\"og:image:type\" content=\"image\/png\" \/>\n<meta name=\"twitter:card\" content=\"summary_large_image\" \/>\n<meta name=\"twitter:site\" content=\"@KuritaGlobal\" \/>\n<meta name=\"twitter:label1\" content=\"Odhadovan\u00e1 doba \u010dten\u00ed\" \/>\n\t<meta name=\"twitter:data1\" content=\"3 minuty\" \/>\n<script type=\"application\/ld+json\" class=\"yoast-schema-graph\">{\"@context\":\"https:\\\/\\\/schema.org\",\"@graph\":[{\"@type\":\"WebPage\",\"@id\":\"https:\\\/\\\/www.kurita.eu\\\/en\\\/solutions\\\/ssk\\\/\",\"url\":\"https:\\\/\\\/www.kurita.eu\\\/en\\\/solutions\\\/ssk\\\/\",\"name\":\"SSK - Kurita Europe\",\"isPartOf\":{\"@id\":\"https:\\\/\\\/www.kurita.eu\\\/fr\\\/#website\"},\"datePublished\":\"2025-04-25T09:08:27+00:00\",\"dateModified\":\"2026-04-07T08:58:39+00:00\",\"description\":\"SSK Technology: combined aeration and biocide approach that strengthens biological treatment, stabilizes performance and reduces wastewater bottlenecks.\",\"breadcrumb\":{\"@id\":\"https:\\\/\\\/www.kurita.eu\\\/en\\\/solutions\\\/ssk\\\/#breadcrumb\"},\"inLanguage\":\"cs\",\"potentialAction\":[{\"@type\":\"ReadAction\",\"target\":[\"https:\\\/\\\/www.kurita.eu\\\/en\\\/solutions\\\/ssk\\\/\"]}]},{\"@type\":\"BreadcrumbList\",\"@id\":\"https:\\\/\\\/www.kurita.eu\\\/en\\\/solutions\\\/ssk\\\/#breadcrumb\",\"itemListElement\":[{\"@type\":\"ListItem\",\"position\":1,\"name\":\"Home\",\"item\":\"https:\\\/\\\/kuritaeuwe-1d317f88af-hmdafwemhrbdfrck.a03.azurefd.net\\\/en\\\/\"},{\"@type\":\"ListItem\",\"position\":2,\"name\":\"Solutions\",\"item\":\"https:\\\/\\\/www.kurita.eu\\\/en\\\/solutions\\\/\"},{\"@type\":\"ListItem\",\"position\":3,\"name\":\"SSK\"}]},{\"@type\":\"WebSite\",\"@id\":\"https:\\\/\\\/www.kurita.eu\\\/fr\\\/#website\",\"url\":\"https:\\\/\\\/www.kurita.eu\\\/fr\\\/\",\"name\":\"Kurita Europe\",\"description\":\"Water Treatment Solutions\",\"publisher\":{\"@id\":\"https:\\\/\\\/www.kurita.eu\\\/fr\\\/#organization\"},\"potentialAction\":[{\"@type\":\"SearchAction\",\"target\":{\"@type\":\"EntryPoint\",\"urlTemplate\":\"https:\\\/\\\/www.kurita.eu\\\/fr\\\/?s={search_term_string}\"},\"query-input\":{\"@type\":\"PropertyValueSpecification\",\"valueRequired\":true,\"valueName\":\"search_term_string\"}}],\"inLanguage\":\"cs\"},{\"@type\":\"Organization\",\"@id\":\"https:\\\/\\\/www.kurita.eu\\\/fr\\\/#organization\",\"name\":\"Kurita Europe\",\"url\":\"https:\\\/\\\/www.kurita.eu\\\/fr\\\/\",\"logo\":{\"@type\":\"ImageObject\",\"inLanguage\":\"cs\",\"@id\":\"https:\\\/\\\/www.kurita.eu\\\/fr\\\/#\\\/schema\\\/logo\\\/image\\\/\",\"url\":\"\\\/wp-content\\\/uploads\\\/2025\\\/05\\\/cropped-brand_mark_horizon_blue.png\",\"contentUrl\":\"\\\/wp-content\\\/uploads\\\/2025\\\/05\\\/cropped-brand_mark_horizon_blue.png\",\"width\":712,\"height\":204,\"caption\":\"Kurita Europe\"},\"image\":{\"@id\":\"https:\\\/\\\/www.kurita.eu\\\/fr\\\/#\\\/schema\\\/logo\\\/image\\\/\"},\"sameAs\":[\"https:\\\/\\\/x.com\\\/KuritaGlobal\",\"https:\\\/\\\/www.linkedin.com\\\/company\\\/kurita\\\/\"]}]}<\/script>\n<!-- \/ Yoast SEO plugin. -->","yoast_head_json":{"title":"SSK - Kurita Europe","description":"Technologie SSK: kombinovan\u00fd p\u0159\u00edstup k provzdu\u0161\u0148ov\u00e1n\u00ed a biocid\u016fm, kter\u00fd posiluje biologick\u00e9 \u010di\u0161t\u011bn\u00ed, stabilizuje v\u00fdkonnost a sni\u017euje \u00fazk\u00e1 m\u00edsta v odpadn\u00ed vod\u011b.","robots":{"index":"index","follow":"follow","max-snippet":"max-snippet:-1","max-image-preview":"max-image-preview:large","max-video-preview":"max-video-preview:-1"},"canonical":"https:\/\/www.kurita.eu\/en\/solutions\/ssk\/","og_locale":"cs_CZ","og_type":"article","og_title":"SSK - Kurita Europe","og_description":"SSK Technology: combined aeration and biocide approach that strengthens biological treatment, stabilizes performance and reduces wastewater bottlenecks.","og_url":"https:\/\/www.kurita.eu\/en\/solutions\/ssk\/","og_site_name":"Kurita Europe","article_modified_time":"2026-04-07T08:58:39+00:00","og_image":[{"width":512,"height":512,"url":"https:\/\/kuritaeuwe-1d317f88af-hmdafwemhrbdfrck.a03.azurefd.net\/wp-content\/uploads\/2025\/07\/kurita-favicon-512x512-1.png","type":"image\/png"}],"twitter_card":"summary_large_image","twitter_site":"@KuritaGlobal","twitter_misc":{"Odhadovan\u00e1 doba \u010dten\u00ed":"3 minuty"},"schema":{"@context":"https:\/\/schema.org","@graph":[{"@type":"WebPage","@id":"https:\/\/www.kurita.eu\/en\/solutions\/ssk\/","url":"https:\/\/www.kurita.eu\/en\/solutions\/ssk\/","name":"SSK - Kurita Europe","isPartOf":{"@id":"https:\/\/www.kurita.eu\/fr\/#website"},"datePublished":"2025-04-25T09:08:27+00:00","dateModified":"2026-04-07T08:58:39+00:00","description":"Technologie SSK: kombinovan\u00fd p\u0159\u00edstup k provzdu\u0161\u0148ov\u00e1n\u00ed a biocid\u016fm, kter\u00fd posiluje biologick\u00e9 \u010di\u0161t\u011bn\u00ed, stabilizuje v\u00fdkonnost a sni\u017euje \u00fazk\u00e1 m\u00edsta v odpadn\u00ed vod\u011b.","breadcrumb":{"@id":"https:\/\/www.kurita.eu\/en\/solutions\/ssk\/#breadcrumb"},"inLanguage":"cs","potentialAction":[{"@type":"ReadAction","target":["https:\/\/www.kurita.eu\/en\/solutions\/ssk\/"]}]},{"@type":"BreadcrumbList","@id":"https:\/\/www.kurita.eu\/en\/solutions\/ssk\/#breadcrumb","itemListElement":[{"@type":"ListItem","position":1,"name":"Home","item":"https:\/\/kuritaeuwe-1d317f88af-hmdafwemhrbdfrck.a03.azurefd.net\/en\/"},{"@type":"ListItem","position":2,"name":"Solutions","item":"https:\/\/www.kurita.eu\/en\/solutions\/"},{"@type":"ListItem","position":3,"name":"SSK"}]},{"@type":"WebSite","@id":"https:\/\/www.kurita.eu\/fr\/#website","url":"https:\/\/www.kurita.eu\/fr\/","name":"Kurita Europe","description":"\u0158e\u0161en\u00ed pro \u00fapravu vody","publisher":{"@id":"https:\/\/www.kurita.eu\/fr\/#organization"},"potentialAction":[{"@type":"SearchAction","target":{"@type":"EntryPoint","urlTemplate":"https:\/\/www.kurita.eu\/fr\/?s={search_term_string}"},"query-input":{"@type":"PropertyValueSpecification","valueRequired":true,"valueName":"search_term_string"}}],"inLanguage":"cs"},{"@type":"Organization","@id":"https:\/\/www.kurita.eu\/fr\/#organization","name":"Kurita Europe","url":"https:\/\/www.kurita.eu\/fr\/","logo":{"@type":"ImageObject","inLanguage":"cs","@id":"https:\/\/www.kurita.eu\/fr\/#\/schema\/logo\/image\/","url":"\/wp-content\/uploads\/2025\/05\/cropped-brand_mark_horizon_blue.png","contentUrl":"\/wp-content\/uploads\/2025\/05\/cropped-brand_mark_horizon_blue.png","width":712,"height":204,"caption":"Kurita Europe"},"image":{"@id":"https:\/\/www.kurita.eu\/fr\/#\/schema\/logo\/image\/"},"sameAs":["https:\/\/x.com\/KuritaGlobal","https:\/\/www.linkedin.com\/company\/kurita\/"]}]}},"_links":{"self":[{"href":"https:\/\/kuritaeuwe-1d317f88af-hmdafwemhrbdfrck.a03.azurefd.net\/cs\/wp-json\/wp\/v2\/pages\/14393","targetHints":{"allow":["GET"]}}],"collection":[{"href":"https:\/\/kuritaeuwe-1d317f88af-hmdafwemhrbdfrck.a03.azurefd.net\/cs\/wp-json\/wp\/v2\/pages"}],"about":[{"href":"https:\/\/kuritaeuwe-1d317f88af-hmdafwemhrbdfrck.a03.azurefd.net\/cs\/wp-json\/wp\/v2\/types\/page"}],"author":[{"embeddable":true,"href":"https:\/\/kuritaeuwe-1d317f88af-hmdafwemhrbdfrck.a03.azurefd.net\/cs\/wp-json\/wp\/v2\/users\/2"}],"replies":[{"embeddable":true,"href":"https:\/\/kuritaeuwe-1d317f88af-hmdafwemhrbdfrck.a03.azurefd.net\/cs\/wp-json\/wp\/v2\/comments?post=14393"}],"version-history":[{"count":18,"href":"https:\/\/kuritaeuwe-1d317f88af-hmdafwemhrbdfrck.a03.azurefd.net\/cs\/wp-json\/wp\/v2\/pages\/14393\/revisions"}],"predecessor-version":[{"id":21762,"href":"https:\/\/kuritaeuwe-1d317f88af-hmdafwemhrbdfrck.a03.azurefd.net\/cs\/wp-json\/wp\/v2\/pages\/14393\/revisions\/21762"}],"up":[{"embeddable":true,"href":"https:\/\/kuritaeuwe-1d317f88af-hmdafwemhrbdfrck.a03.azurefd.net\/cs\/wp-json\/wp\/v2\/pages\/13875"}],"wp:attachment":[{"href":"https:\/\/kuritaeuwe-1d317f88af-hmdafwemhrbdfrck.a03.azurefd.net\/cs\/wp-json\/wp\/v2\/media?parent=14393"}],"curies":[{"name":"wp","href":"https:\/\/api.w.org\/{rel}","templated":true}]}}