{"id":14113,"date":"2025-04-25T07:02:54","date_gmt":"2025-04-25T07:02:54","guid":{"rendered":"https:\/\/kurita-eu-gudza2cjbzfhcwbx.francecentral-01.azurewebsites.net\/?page_id=14113"},"modified":"2026-01-20T14:19:00","modified_gmt":"2026-01-20T14:19:00","slug":"hydrobio-advance","status":"publish","type":"page","link":"https:\/\/kuritaeuwe-1d317f88af-hmdafwemhrbdfrck.a03.azurefd.net\/de\/solutions\/hydrobio-advance\/","title":{"rendered":"HydroBio\u00ae Advance"},"content":{"rendered":"<div data-elementor-type=\"wp-page\" data-elementor-id=\"14113\" class=\"elementor elementor-14113\" data-elementor-post-type=\"page\">\n\t\t\t\t\t\t<section class=\"elementor-section elementor-top-section elementor-element elementor-element-44178f0b elementor-section-full_width elementor-section-height-default elementor-section-height-default\" data-id=\"44178f0b\" data-element_type=\"section\" data-e-type=\"section\">\n\t\t\t\t\t\t<div class=\"elementor-container elementor-column-gap-default\">\n\t\t\t\t\t<div class=\"elementor-column elementor-col-100 elementor-top-column elementor-element elementor-element-1fde594a\" data-id=\"1fde594a\" data-element_type=\"column\" data-e-type=\"column\">\n\t\t\t<div class=\"elementor-widget-wrap elementor-element-populated\">\n\t\t\t\t\t\t<div class=\"elementor-element elementor-element-5ae4b9c1 elementor--h-position-center elementor--v-position-middle elementor-arrows-position-inside elementor-pagination-position-inside elementor-widget elementor-widget-slides\" data-id=\"5ae4b9c1\" data-element_type=\"widget\" data-e-type=\"widget\" data-settings=\"{&quot;navigation&quot;:&quot;both&quot;,&quot;autoplay&quot;:&quot;yes&quot;,&quot;pause_on_hover&quot;:&quot;yes&quot;,&quot;pause_on_interaction&quot;:&quot;yes&quot;,&quot;autoplay_speed&quot;:5000,&quot;infinite&quot;:&quot;yes&quot;,&quot;transition&quot;:&quot;slide&quot;,&quot;transition_speed&quot;:500}\" data-widget_type=\"slides.default\">\n\t\t\t\t<div class=\"elementor-widget-container\">\n\t\t\t\t\t\t\t\t\t<div class=\"elementor-swiper\">\n\t\t\t\t\t<div class=\"elementor-slides-wrapper elementor-main-swiper swiper\" role=\"region\" aria-roledescription=\"carousel\" aria-label=\"Folien\" dir=\"ltr\" data-animation=\"fadeInUp\">\n\t\t\t\t<div class=\"swiper-wrapper elementor-slides\">\n\t\t\t\t\t\t\t\t\t\t<div class=\"elementor-repeater-item-4e0b9f7 swiper-slide\" role=\"group\" aria-roledescription=\"slide\"><div class=\"swiper-slide-bg elementor-ken-burns elementor-ken-burns--in\" role=\"img\" aria-label=\"Applications_WaterTreatment-401e7d4b.jpg\"><\/div><div class=\"elementor-background-overlay\"><\/div><div class=\"swiper-slide-inner\" ><div class=\"swiper-slide-contents\"><h1 class=\"elementor-slide-heading\">HydroBio\u00ae Advance<\/h1><\/div><\/div><\/div>\t\t\t\t<\/div>\n\t\t\t\t\t\t\t<\/div>\n\t\t\t\t<\/div>\n\t\t\t\t\t\t\t\t<\/div>\n\t\t\t\t<\/div>\n\t\t\t\t\t<\/div>\n\t\t<\/div>\n\t\t\t\t\t<\/div>\n\t\t<\/section>\n\t\t\t\t<section class=\"elementor-section elementor-top-section elementor-element elementor-element-2d154416 elementor-section-boxed elementor-section-height-default elementor-section-height-default\" data-id=\"2d154416\" data-element_type=\"section\" data-e-type=\"section\">\n\t\t\t\t\t\t<div class=\"elementor-container elementor-column-gap-default\">\n\t\t\t\t\t<div class=\"elementor-column elementor-col-66 elementor-top-column elementor-element elementor-element-27606122 margin-content\" data-id=\"27606122\" data-element_type=\"column\" data-e-type=\"column\">\n\t\t\t<div class=\"elementor-widget-wrap elementor-element-populated\">\n\t\t\t\t\t\t<div class=\"elementor-element elementor-element-522ef013 elementor-widget elementor-widget-heading\" data-id=\"522ef013\" data-element_type=\"widget\" data-e-type=\"widget\" data-widget_type=\"heading.default\">\n\t\t\t\t<div class=\"elementor-widget-container\">\n\t\t\t\t\t<h2 class=\"elementor-heading-title elementor-size-default\">HydroBio\u00ae Advance - Online-Methode zur Bestimmung und \u00dcberwachung von Biofilm in allen Wassersystemen.<\/h2>\t\t\t\t<\/div>\n\t\t\t\t<\/div>\n\t\t\t\t<div class=\"elementor-element elementor-element-22cae30e elementor-invisible elementor-widget elementor-widget-text-editor\" data-id=\"22cae30e\" data-element_type=\"widget\" data-e-type=\"widget\" data-settings=\"{&quot;_animation&quot;:&quot;fadeInUp&quot;}\" data-widget_type=\"text-editor.default\">\n\t\t\t\t<div class=\"elementor-widget-container\">\n\t\t\t\t\t\t\t\t\t<h6>Jetzt mit neuen Funktionen wie automatischer Durchflusskompensation f\u00fcr Verschmutzungsmessungen und einem neuen Sensor f\u00fcr geothermische Anwendungen bis zu 250\u00b0 C.<\/h6><p>Biofilme sind ein Problem in fast allen Industriezweigen, die Wasser f\u00fcr ihre Prozesse verwenden. Biofilme in Wasser und insbesondere in K\u00fchlsystemen haben ideale Wachstumsbedingungen: die richtige Temperatur, eine gro\u00dfe Menge an N\u00e4hrstoffen und viel Sonnenlicht.  Die Kontrolle von Biofilmen im Wasser ist daher unerl\u00e4sslich, um das Wachstum von Mikroorganismen, insbesondere von Krankheitserregern wie Legionellen, zu begrenzen.<\/p><p>Biofilme bilden sich auf der Oberfl\u00e4che von Rohren und Schl\u00e4uchen, sie entstehen durch Verunreinigungen aus der Luft und lassen sich daher in K\u00fchlt\u00fcrmen nicht vermeiden. Die \u00dcberwachung der Biofilmdicke ist daher entscheidend f\u00fcr die Kontrolle der Mikrobiologie in jedem Wasserverteilungssystem.<\/p><p>HydroBio von Kurita<sup>\u00ae<\/sup>\u00a0Advance ist ein prozessgepr\u00fcftes \u00dcberwachungsger\u00e4t, das eine innovative Online-Methode zur Bestimmung und \u00dcberwachung des Biofilms verwendet. Wenn sich der Biofilm auf der Oberfl\u00e4che der Rohre entwickelt, wird auch HydroBio<sup>\u00ae<\/sup>\u00a0Advance misst die Biofilme auf der Oberfl\u00e4che eines speziellen Rohr- oder Plattensensors. Diese innovative Methode kombiniert eine hochempfindliche Messung der W\u00e4rme\u00fcbertragung mit der Bestimmung von Biofilmen. Trotz der hohen Empfindlichkeit ist die Messung sehr robust und wird nicht durch Schwebstoffe, Farbe oder Tr\u00fcbung des Wassers beeinflusst.<\/p><p>HydroBio<sup>\u00ae<\/sup>\u00a0Advance misst nicht nur die Dicke und die Entwicklung des Biofilms, sondern kann auch die Entfernung des Biofilms infolge einer Desinfektionsbehandlung anzeigen: 24 Stunden am Tag, 7 Tage die Woche.<\/p><p>Mit HydroBio<sup>\u00ae<\/sup>\u00a0Advance passen Sie Ihr Behandlungsprogramm in Echtzeit an: die richtigen Produkte, die richtige Dosierung zur richtigen Zeit. Reagieren Sie schneller auf Ver\u00e4nderungen und verbessern Sie die Zuverl\u00e4ssigkeit Ihrer Behandlung durch Echtzeitinformationen mit dem Kurita HydroBio<sup>\u00ae<\/sup>\u00a0Vorschuss.<\/p><p>Biofilme verursachen der Industrie jedes Jahr Kosten in Milliardenh\u00f6he:<\/p><ul><li>Biofilme verringern die W\u00e4rme\u00fcbertragung und erh\u00f6hen Ihren Energiebedarf<\/li><li>Biofilme bieten eine Umgebung f\u00fcr anaerobe Bakterien, die Ihr System korrodieren<\/li><li>Biofilme sind eine Quelle f\u00fcr krankheitserregende Bakterien wie Legionellen<\/li><\/ul><p>Aus diesem Grund sind die Online-\u00dcberwachung und die Kontrolle des Biofilms und seiner Dicke in Wassersystemen von entscheidender Bedeutung.  HydroBio<sup>\u00ae<\/sup>\u00a0Mit Advance kann man praktisch sehen, was an der Oberfl\u00e4che im Inneren der Rohre passiert.<\/p>\t\t\t\t\t\t\t\t<\/div>\n\t\t\t\t<\/div>\n\t\t\t\t\t<\/div>\n\t\t<\/div>\n\t\t\t\t<div class=\"elementor-column elementor-col-33 elementor-top-column elementor-element elementor-element-588aef17 margin-content\" data-id=\"588aef17\" data-element_type=\"column\" data-e-type=\"column\">\n\t\t\t<div class=\"elementor-widget-wrap elementor-element-populated\">\n\t\t\t\t\t\t<div class=\"elementor-element elementor-element-614ac163 elementor-invisible elementor-widget elementor-widget-image\" data-id=\"614ac163\" data-element_type=\"widget\" data-e-type=\"widget\" data-settings=\"{&quot;_animation&quot;:&quot;fadeIn&quot;}\" data-widget_type=\"image.default\">\n\t\t\t\t<div class=\"elementor-widget-container\">\n\t\t\t\t\t\t\t\t\t\t\t\t\t\t\t<img fetchpriority=\"high\" decoding=\"async\" width=\"350\" height=\"233\" src=\"\/wp-content\/uploads\/2025\/04\/RZ_HBA1_grau-8a736a69.jpg\" class=\"attachment-large size-large wp-image-14115\" alt=\"\" srcset=\"\/wp-content\/uploads\/2025\/04\/RZ_HBA1_grau-8a736a69.jpg 350w, \/wp-content\/uploads\/2025\/04\/RZ_HBA1_grau-8a736a69-300x200.jpg 300w\" sizes=\"(max-width: 350px) 100vw, 350px\" data-no-translation=\"\" \/>\t\t\t\t\t\t\t\t\t\t\t\t\t\t\t<\/div>\n\t\t\t\t<\/div>\n\t\t\t\t\t<\/div>\n\t\t<\/div>\n\t\t\t\t\t<\/div>\n\t\t<\/section>\n\t\t\t\t<section class=\"elementor-section elementor-top-section elementor-element elementor-element-15addac9 elementor-section-boxed elementor-section-height-default elementor-section-height-default\" data-id=\"15addac9\" data-element_type=\"section\" data-e-type=\"section\" data-settings=\"{&quot;background_background&quot;:&quot;classic&quot;}\">\n\t\t\t\t\t\t<div class=\"elementor-container elementor-column-gap-default\">\n\t\t\t\t\t<div class=\"elementor-column elementor-col-50 elementor-top-column elementor-element elementor-element-2ea8b5a0 margin-content\" data-id=\"2ea8b5a0\" data-element_type=\"column\" data-e-type=\"column\">\n\t\t\t<div class=\"elementor-widget-wrap elementor-element-populated\">\n\t\t\t\t\t\t<div class=\"elementor-element elementor-element-16f1c402 elementor-widget elementor-widget-heading\" data-id=\"16f1c402\" data-element_type=\"widget\" data-e-type=\"widget\" data-widget_type=\"heading.default\">\n\t\t\t\t<div class=\"elementor-widget-container\">\n\t\t\t\t\t<h4 class=\"elementor-heading-title elementor-size-default\">Mit HydroBio\u00ae Advance k\u00f6nnen Sie bis zu 50% der Gesamtbetriebskosten einsparen:\n<\/h4>\t\t\t\t<\/div>\n\t\t\t\t<\/div>\n\t\t\t\t<div class=\"elementor-element elementor-element-4f8965f2 elementor-invisible elementor-widget elementor-widget-text-editor\" data-id=\"4f8965f2\" data-element_type=\"widget\" data-e-type=\"widget\" data-settings=\"{&quot;_animation&quot;:&quot;fadeIn&quot;}\" data-widget_type=\"text-editor.default\">\n\t\t\t\t<div class=\"elementor-widget-container\">\n\t\t\t\t\t\t\t\t\t<ul><li>Verringerung des Biozidverbrauchs und des \u00f6kologischen Fu\u00dfabdrucks<\/li><li>Verringerung der mikrobiellen Korrosion<\/li><li>Verringerung von Wartungskosten und Systemausfallzeiten<\/li><li>Verbesserung der Leistung Ihres Systems<\/li><li>Gew\u00e4hrleistung der Sicherheit und Gesundheit Ihrer Mitarbeiter<\/li><li>Verwenden Sie die richtigen Produkte zur richtigen Zeit<\/li><\/ul>\t\t\t\t\t\t\t\t<\/div>\n\t\t\t\t<\/div>\n\t\t\t\t\t<\/div>\n\t\t<\/div>\n\t\t\t\t<div class=\"elementor-column elementor-col-50 elementor-top-column elementor-element elementor-element-4ddef758 margin-content\" data-id=\"4ddef758\" data-element_type=\"column\" data-e-type=\"column\">\n\t\t\t<div class=\"elementor-widget-wrap elementor-element-populated\">\n\t\t\t\t\t\t<div class=\"elementor-element elementor-element-6e0a4d8c elementor-widget elementor-widget-image\" data-id=\"6e0a4d8c\" data-element_type=\"widget\" data-e-type=\"widget\" data-widget_type=\"image.default\">\n\t\t\t\t<div class=\"elementor-widget-container\">\n\t\t\t\t\t\t\t\t\t\t\t\t\t\t\t<img decoding=\"async\" width=\"350\" height=\"299\" src=\"\/wp-content\/uploads\/2025\/04\/Stamp-Kurita-PATENTED-SOLUTION-0e304df3.png\" class=\"attachment-large size-large wp-image-12806\" alt=\"\" srcset=\"\/wp-content\/uploads\/2025\/04\/Stamp-Kurita-PATENTED-SOLUTION-0e304df3.png 350w, \/wp-content\/uploads\/2025\/04\/Stamp-Kurita-PATENTED-SOLUTION-0e304df3-300x256.png 300w\" sizes=\"(max-width: 350px) 100vw, 350px\" data-no-translation=\"\" \/>\t\t\t\t\t\t\t\t\t\t\t\t\t\t\t<\/div>\n\t\t\t\t<\/div>\n\t\t\t\t\t<\/div>\n\t\t<\/div>\n\t\t\t\t\t<\/div>\n\t\t<\/section>\n\t\t\t\t<section class=\"elementor-section elementor-top-section elementor-element elementor-element-7205deb4 elementor-section-boxed elementor-section-height-default elementor-section-height-default\" data-id=\"7205deb4\" data-element_type=\"section\" data-e-type=\"section\" data-settings=\"{&quot;background_background&quot;:&quot;classic&quot;}\">\n\t\t\t\t\t\t<div class=\"elementor-container elementor-column-gap-default\">\n\t\t\t\t\t<div class=\"elementor-column elementor-col-100 elementor-top-column elementor-element elementor-element-3f6f6ad5 margin-content\" data-id=\"3f6f6ad5\" data-element_type=\"column\" data-e-type=\"column\">\n\t\t\t<div class=\"elementor-widget-wrap elementor-element-populated\">\n\t\t\t\t\t\t<div class=\"elementor-element elementor-element-17ecdd1 elementor-widget elementor-widget-heading\" data-id=\"17ecdd1\" data-element_type=\"widget\" data-e-type=\"widget\" data-widget_type=\"heading.default\">\n\t\t\t\t<div class=\"elementor-widget-container\">\n\t\t\t\t\t<h2 class=\"elementor-heading-title elementor-size-default\">Wir sind f\u00fcr Sie da<\/h2>\t\t\t\t<\/div>\n\t\t\t\t<\/div>\n\t\t\t\t<div class=\"elementor-element elementor-element-53c79df9 elementor-widget elementor-widget-html\" data-id=\"53c79df9\" data-element_type=\"widget\" data-e-type=\"widget\" data-widget_type=\"html.default\">\n\t\t\t\t<div class=\"elementor-widget-container\">\n\t\t\t\t\t<div\r\n        data-form-id='f4d0a8e4-73ce-ef11-b8e8-000d3ab41b62'\r\n        data-form-api-url='https:\/\/public-eur.mkt.dynamics.com\/api\/v1.0\/orgs\/30cac5a2-33f9-ed11-a66d-000d3a64d748\/landingpageforms'\r\n        data-cached-form-url='https:\/\/assets-eur.mkt.dynamics.com\/30cac5a2-33f9-ed11-a66d-000d3a64d748\/digitalassets\/forms\/f4d0a8e4-73ce-ef11-b8e8-000d3ab41b62' ><\/div>\r\n        <script src = 'https:\/\/cxppusa1formui01cdnsa01-endpoint.azureedge.net\/eur\/FormLoader\/FormLoader.bundle.js' ><\/script>\r\n        <script>document.documentElement.lang = navigator.language;<\/script>\t\t\t\t<\/div>\n\t\t\t\t<\/div>\n\t\t\t\t\t<\/div>\n\t\t<\/div>\n\t\t\t\t\t<\/div>\n\t\t<\/section>\n\t\t\t\t<\/div>","protected":false},"excerpt":{"rendered":"<p>HydroBio\u00ae Advance HydroBio\u00ae Advance \u2013 Online method to determine and monitor biofilm in all water systems. Now available with new features like automatic flow compensation for fouling measurements and a new sensor for geothermal applications up to 250\u00b0 C. Biofilms are a problem in nearly all different kinds of industries using water in their process. [&hellip;]<\/p>\n","protected":false},"author":2,"featured_media":0,"parent":13875,"menu_order":0,"comment_status":"closed","ping_status":"closed","template":"","meta":{"footnotes":""},"class_list":["post-14113","page","type-page","status-publish","hentry"],"yoast_head":"<!-- This site is optimized with the Yoast SEO plugin v27.3 - https:\/\/yoast.com\/product\/yoast-seo-wordpress\/ -->\n<title>HydroBio\u00ae Advance - Kurita Europe<\/title>\n<meta name=\"description\" content=\"HydroBio\u00ae Advance: real-time biofilm monitoring for water systems, reducing corrosion, biocide use, and operational costs.\" \/>\n<meta name=\"robots\" content=\"index, follow, max-snippet:-1, max-image-preview:large, max-video-preview:-1\" \/>\n<link rel=\"canonical\" href=\"https:\/\/kurita.eu\/es\/solutions\/hydrobio-advance\/\" \/>\n<meta property=\"og:locale\" content=\"de_DE\" \/>\n<meta property=\"og:type\" content=\"article\" \/>\n<meta property=\"og:title\" content=\"HydroBio\u00ae Advance - Kurita Europe\" \/>\n<meta property=\"og:description\" content=\"HydroBio\u00ae Advance: real-time biofilm monitoring for water systems, reducing corrosion, biocide use, and operational costs.\" \/>\n<meta property=\"og:url\" content=\"https:\/\/kurita.eu\/es\/solutions\/hydrobio-advance\/\" \/>\n<meta property=\"og:site_name\" content=\"Kurita Europe\" \/>\n<meta property=\"article:modified_time\" content=\"2026-01-20T14:19:00+00:00\" \/>\n<meta property=\"og:image\" content=\"https:\/\/kuritaeuwe-1d317f88af-hmdafwemhrbdfrck.a03.azurefd.net\/wp-content\/uploads\/2025\/07\/kurita-favicon-512x512-1.png\" \/>\n\t<meta property=\"og:image:width\" content=\"512\" \/>\n\t<meta property=\"og:image:height\" content=\"512\" \/>\n\t<meta property=\"og:image:type\" content=\"image\/png\" \/>\n<meta name=\"twitter:card\" content=\"summary_large_image\" \/>\n<meta name=\"twitter:site\" content=\"@KuritaGlobal\" \/>\n<meta name=\"twitter:label1\" content=\"Gesch\u00e4tzte Lesezeit\" \/>\n\t<meta name=\"twitter:data1\" content=\"5\u00a0Minuten\" \/>\n<script type=\"application\/ld+json\" class=\"yoast-schema-graph\">{\"@context\":\"https:\\\/\\\/schema.org\",\"@graph\":[{\"@type\":\"WebPage\",\"@id\":\"https:\\\/\\\/kurita.eu\\\/es\\\/solutions\\\/hydrobio-advance\\\/\",\"url\":\"https:\\\/\\\/kurita.eu\\\/es\\\/solutions\\\/hydrobio-advance\\\/\",\"name\":\"HydroBio\u00ae Advance - Kurita Europe\",\"isPartOf\":{\"@id\":\"https:\\\/\\\/www.kurita.eu\\\/fr\\\/#website\"},\"datePublished\":\"2025-04-25T07:02:54+00:00\",\"dateModified\":\"2026-01-20T14:19:00+00:00\",\"description\":\"HydroBio\u00ae Advance: real-time biofilm monitoring for water systems, reducing corrosion, biocide use, and operational costs.\",\"breadcrumb\":{\"@id\":\"https:\\\/\\\/kurita.eu\\\/es\\\/solutions\\\/hydrobio-advance\\\/#breadcrumb\"},\"inLanguage\":\"de\",\"potentialAction\":[{\"@type\":\"ReadAction\",\"target\":[\"https:\\\/\\\/kurita.eu\\\/es\\\/solutions\\\/hydrobio-advance\\\/\"]}]},{\"@type\":\"BreadcrumbList\",\"@id\":\"https:\\\/\\\/kurita.eu\\\/es\\\/solutions\\\/hydrobio-advance\\\/#breadcrumb\",\"itemListElement\":[{\"@type\":\"ListItem\",\"position\":1,\"name\":\"Home\",\"item\":\"https:\\\/\\\/kuritaeuwe-1d317f88af-hmdafwemhrbdfrck.a03.azurefd.net\\\/en\\\/\"},{\"@type\":\"ListItem\",\"position\":2,\"name\":\"Solutions\",\"item\":\"https:\\\/\\\/www.kurita.eu\\\/se\\\/losningar\\\/\"},{\"@type\":\"ListItem\",\"position\":3,\"name\":\"HydroBio\u00ae Advance\"}]},{\"@type\":\"WebSite\",\"@id\":\"https:\\\/\\\/www.kurita.eu\\\/fr\\\/#website\",\"url\":\"https:\\\/\\\/www.kurita.eu\\\/fr\\\/\",\"name\":\"Kurita Europe\",\"description\":\"Water Treatment Solutions\",\"publisher\":{\"@id\":\"https:\\\/\\\/www.kurita.eu\\\/fr\\\/#organization\"},\"potentialAction\":[{\"@type\":\"SearchAction\",\"target\":{\"@type\":\"EntryPoint\",\"urlTemplate\":\"https:\\\/\\\/www.kurita.eu\\\/fr\\\/?s={search_term_string}\"},\"query-input\":{\"@type\":\"PropertyValueSpecification\",\"valueRequired\":true,\"valueName\":\"search_term_string\"}}],\"inLanguage\":\"de\"},{\"@type\":\"Organization\",\"@id\":\"https:\\\/\\\/www.kurita.eu\\\/fr\\\/#organization\",\"name\":\"Kurita Europe\",\"url\":\"https:\\\/\\\/www.kurita.eu\\\/fr\\\/\",\"logo\":{\"@type\":\"ImageObject\",\"inLanguage\":\"de\",\"@id\":\"https:\\\/\\\/www.kurita.eu\\\/fr\\\/#\\\/schema\\\/logo\\\/image\\\/\",\"url\":\"\\\/wp-content\\\/uploads\\\/2025\\\/05\\\/cropped-brand_mark_horizon_blue.png\",\"contentUrl\":\"\\\/wp-content\\\/uploads\\\/2025\\\/05\\\/cropped-brand_mark_horizon_blue.png\",\"width\":712,\"height\":204,\"caption\":\"Kurita Europe\"},\"image\":{\"@id\":\"https:\\\/\\\/www.kurita.eu\\\/fr\\\/#\\\/schema\\\/logo\\\/image\\\/\"},\"sameAs\":[\"https:\\\/\\\/x.com\\\/KuritaGlobal\",\"https:\\\/\\\/www.linkedin.com\\\/company\\\/kurita\\\/\"]}]}<\/script>\n<!-- \/ Yoast SEO plugin. -->","yoast_head_json":{"title":"HydroBio\u00ae Advance - Kurita Europa","description":"HydroBio\u00ae Advance: Echtzeit-Biofilm\u00fcberwachung f\u00fcr Wassersysteme, die Korrosion, Biozideinsatz und Betriebskosten reduziert.","robots":{"index":"index","follow":"follow","max-snippet":"max-snippet:-1","max-image-preview":"max-image-preview:large","max-video-preview":"max-video-preview:-1"},"canonical":"https:\/\/kurita.eu\/es\/solutions\/hydrobio-advance\/","og_locale":"de_DE","og_type":"article","og_title":"HydroBio\u00ae Advance - Kurita Europe","og_description":"HydroBio\u00ae Advance: real-time biofilm monitoring for water systems, reducing corrosion, biocide use, and operational costs.","og_url":"https:\/\/kurita.eu\/es\/solutions\/hydrobio-advance\/","og_site_name":"Kurita Europe","article_modified_time":"2026-01-20T14:19:00+00:00","og_image":[{"width":512,"height":512,"url":"https:\/\/kuritaeuwe-1d317f88af-hmdafwemhrbdfrck.a03.azurefd.net\/wp-content\/uploads\/2025\/07\/kurita-favicon-512x512-1.png","type":"image\/png"}],"twitter_card":"summary_large_image","twitter_site":"@KuritaGlobal","twitter_misc":{"Gesch\u00e4tzte Lesezeit":"5\u00a0Minuten"},"schema":{"@context":"https:\/\/schema.org","@graph":[{"@type":"WebPage","@id":"https:\/\/kurita.eu\/es\/solutions\/hydrobio-advance\/","url":"https:\/\/kurita.eu\/es\/solutions\/hydrobio-advance\/","name":"HydroBio\u00ae Advance - Kurita Europa","isPartOf":{"@id":"https:\/\/www.kurita.eu\/fr\/#website"},"datePublished":"2025-04-25T07:02:54+00:00","dateModified":"2026-01-20T14:19:00+00:00","description":"HydroBio\u00ae Advance: Echtzeit-Biofilm\u00fcberwachung f\u00fcr Wassersysteme, die Korrosion, Biozideinsatz und Betriebskosten reduziert.","breadcrumb":{"@id":"https:\/\/kurita.eu\/es\/solutions\/hydrobio-advance\/#breadcrumb"},"inLanguage":"de","potentialAction":[{"@type":"ReadAction","target":["https:\/\/kurita.eu\/es\/solutions\/hydrobio-advance\/"]}]},{"@type":"BreadcrumbList","@id":"https:\/\/kurita.eu\/es\/solutions\/hydrobio-advance\/#breadcrumb","itemListElement":[{"@type":"ListItem","position":1,"name":"Home","item":"https:\/\/kuritaeuwe-1d317f88af-hmdafwemhrbdfrck.a03.azurefd.net\/en\/"},{"@type":"ListItem","position":2,"name":"Solutions","item":"https:\/\/www.kurita.eu\/se\/losningar\/"},{"@type":"ListItem","position":3,"name":"HydroBio\u00ae Advance"}]},{"@type":"WebSite","@id":"https:\/\/www.kurita.eu\/fr\/#website","url":"https:\/\/www.kurita.eu\/fr\/","name":"Kurita Europa","description":"L\u00f6sungen f\u00fcr die Wasseraufbereitung","publisher":{"@id":"https:\/\/www.kurita.eu\/fr\/#organization"},"potentialAction":[{"@type":"SearchAction","target":{"@type":"EntryPoint","urlTemplate":"https:\/\/www.kurita.eu\/fr\/?s={search_term_string}"},"query-input":{"@type":"PropertyValueSpecification","valueRequired":true,"valueName":"search_term_string"}}],"inLanguage":"de"},{"@type":"Organization","@id":"https:\/\/www.kurita.eu\/fr\/#organization","name":"Kurita Europa","url":"https:\/\/www.kurita.eu\/fr\/","logo":{"@type":"ImageObject","inLanguage":"de","@id":"https:\/\/www.kurita.eu\/fr\/#\/schema\/logo\/image\/","url":"\/wp-content\/uploads\/2025\/05\/cropped-brand_mark_horizon_blue.png","contentUrl":"\/wp-content\/uploads\/2025\/05\/cropped-brand_mark_horizon_blue.png","width":712,"height":204,"caption":"Kurita Europe"},"image":{"@id":"https:\/\/www.kurita.eu\/fr\/#\/schema\/logo\/image\/"},"sameAs":["https:\/\/x.com\/KuritaGlobal","https:\/\/www.linkedin.com\/company\/kurita\/"]}]}},"_links":{"self":[{"href":"https:\/\/kuritaeuwe-1d317f88af-hmdafwemhrbdfrck.a03.azurefd.net\/de\/wp-json\/wp\/v2\/pages\/14113","targetHints":{"allow":["GET"]}}],"collection":[{"href":"https:\/\/kuritaeuwe-1d317f88af-hmdafwemhrbdfrck.a03.azurefd.net\/de\/wp-json\/wp\/v2\/pages"}],"about":[{"href":"https:\/\/kuritaeuwe-1d317f88af-hmdafwemhrbdfrck.a03.azurefd.net\/de\/wp-json\/wp\/v2\/types\/page"}],"author":[{"embeddable":true,"href":"https:\/\/kuritaeuwe-1d317f88af-hmdafwemhrbdfrck.a03.azurefd.net\/de\/wp-json\/wp\/v2\/users\/2"}],"replies":[{"embeddable":true,"href":"https:\/\/kuritaeuwe-1d317f88af-hmdafwemhrbdfrck.a03.azurefd.net\/de\/wp-json\/wp\/v2\/comments?post=14113"}],"version-history":[{"count":7,"href":"https:\/\/kuritaeuwe-1d317f88af-hmdafwemhrbdfrck.a03.azurefd.net\/de\/wp-json\/wp\/v2\/pages\/14113\/revisions"}],"predecessor-version":[{"id":19291,"href":"https:\/\/kuritaeuwe-1d317f88af-hmdafwemhrbdfrck.a03.azurefd.net\/de\/wp-json\/wp\/v2\/pages\/14113\/revisions\/19291"}],"up":[{"embeddable":true,"href":"https:\/\/kuritaeuwe-1d317f88af-hmdafwemhrbdfrck.a03.azurefd.net\/de\/wp-json\/wp\/v2\/pages\/13875"}],"wp:attachment":[{"href":"https:\/\/kuritaeuwe-1d317f88af-hmdafwemhrbdfrck.a03.azurefd.net\/de\/wp-json\/wp\/v2\/media?parent=14113"}],"curies":[{"name":"wp","href":"https:\/\/api.w.org\/{rel}","templated":true}]}}