{"id":14177,"date":"2025-04-25T07:29:04","date_gmt":"2025-04-25T07:29:04","guid":{"rendered":"https:\/\/kurita-eu-gudza2cjbzfhcwbx.francecentral-01.azurewebsites.net\/?page_id=14177"},"modified":"2026-01-20T16:18:52","modified_gmt":"2026-01-20T16:18:52","slug":"kuriloc-kit","status":"publish","type":"page","link":"https:\/\/kuritaeuwe-1d317f88af-hmdafwemhrbdfrck.a03.azurefd.net\/de\/solutions\/kuriloc-kit\/","title":{"rendered":"KuriLoc Bausatz"},"content":{"rendered":"<div data-elementor-type=\"wp-page\" data-elementor-id=\"14177\" class=\"elementor elementor-14177\" data-elementor-post-type=\"page\">\n\t\t\t\t\t\t<section class=\"elementor-section elementor-top-section elementor-element elementor-element-454dafdc elementor-section-full_width elementor-section-height-default elementor-section-height-default\" data-id=\"454dafdc\" data-element_type=\"section\" data-e-type=\"section\">\n\t\t\t\t\t\t<div class=\"elementor-container elementor-column-gap-default\">\n\t\t\t\t\t<div class=\"elementor-column elementor-col-100 elementor-top-column elementor-element elementor-element-745955c2\" data-id=\"745955c2\" data-element_type=\"column\" data-e-type=\"column\">\n\t\t\t<div class=\"elementor-widget-wrap elementor-element-populated\">\n\t\t\t\t\t\t<div class=\"elementor-element elementor-element-1b81eb80 elementor--h-position-center elementor--v-position-middle elementor-arrows-position-inside elementor-pagination-position-inside elementor-widget elementor-widget-slides\" data-id=\"1b81eb80\" data-element_type=\"widget\" data-e-type=\"widget\" data-settings=\"{&quot;navigation&quot;:&quot;both&quot;,&quot;autoplay&quot;:&quot;yes&quot;,&quot;pause_on_hover&quot;:&quot;yes&quot;,&quot;pause_on_interaction&quot;:&quot;yes&quot;,&quot;autoplay_speed&quot;:5000,&quot;infinite&quot;:&quot;yes&quot;,&quot;transition&quot;:&quot;slide&quot;,&quot;transition_speed&quot;:500}\" data-widget_type=\"slides.default\">\n\t\t\t\t<div class=\"elementor-widget-container\">\n\t\t\t\t\t\t\t\t\t<div class=\"elementor-swiper\">\n\t\t\t\t\t<div class=\"elementor-slides-wrapper elementor-main-swiper swiper\" role=\"region\" aria-roledescription=\"carousel\" aria-label=\"Folien\" dir=\"ltr\" data-animation=\"fadeInUp\">\n\t\t\t\t<div class=\"swiper-wrapper elementor-slides\">\n\t\t\t\t\t\t\t\t\t\t<div class=\"elementor-repeater-item-4e0b9f7 swiper-slide\" role=\"group\" aria-roledescription=\"slide\"><div class=\"swiper-slide-bg elementor-ken-burns elementor-ken-burns--in\" role=\"img\" aria-label=\"Applications_WaterTreatment-401e7d4b.jpg\"><\/div><div class=\"elementor-background-overlay\"><\/div><div class=\"swiper-slide-inner\" ><div class=\"swiper-slide-contents\"><div class=\"elementor-slide-heading\">KuriLoc Bausatz <\/div><\/div><\/div><\/div>\t\t\t\t<\/div>\n\t\t\t\t\t\t\t<\/div>\n\t\t\t\t<\/div>\n\t\t\t\t\t\t\t\t<\/div>\n\t\t\t\t<\/div>\n\t\t\t\t\t<\/div>\n\t\t<\/div>\n\t\t\t\t\t<\/div>\n\t\t<\/section>\n\t\t\t\t<section class=\"elementor-section elementor-top-section elementor-element elementor-element-7f504964 elementor-section-boxed elementor-section-height-default elementor-section-height-default\" data-id=\"7f504964\" data-element_type=\"section\" data-e-type=\"section\">\n\t\t\t\t\t\t<div class=\"elementor-container elementor-column-gap-default\">\n\t\t\t\t\t<div class=\"elementor-column elementor-col-66 elementor-top-column elementor-element elementor-element-79a118bf margin-content\" data-id=\"79a118bf\" data-element_type=\"column\" data-e-type=\"column\">\n\t\t\t<div class=\"elementor-widget-wrap elementor-element-populated\">\n\t\t\t\t\t\t<div class=\"elementor-element elementor-element-6fb8e46f elementor-widget elementor-widget-heading\" data-id=\"6fb8e46f\" data-element_type=\"widget\" data-e-type=\"widget\" data-widget_type=\"heading.default\">\n\t\t\t\t<div class=\"elementor-widget-container\">\n\t\t\t\t\t<h1 class=\"elementor-heading-title elementor-size-default\">KuriLoc Kit - Legionellen-Testkit<\/h1>\t\t\t\t<\/div>\n\t\t\t\t<\/div>\n\t\t\t\t<div class=\"elementor-element elementor-element-42135f59 elementor-invisible elementor-widget elementor-widget-text-editor\" data-id=\"42135f59\" data-element_type=\"widget\" data-e-type=\"widget\" data-settings=\"{&quot;_animation&quot;:&quot;fadeInUp&quot;}\" data-widget_type=\"text-editor.default\">\n\t\t\t\t<div class=\"elementor-widget-container\">\n\t\t\t\t\t\t\t\t\t<p>Die Legion\u00e4rskrankheit wurde in den sp\u00e4ten 70er Jahren nach mehreren Ausbr\u00fcchen entdeckt. In den letzten zehn Jahren haben die Beh\u00f6rden und L\u00e4nder begonnen, ihre Bem\u00fchungen zur Regulierung des Themas zu verst\u00e4rken. In L\u00e4ndern wie Spanien, Frankreich, den Niederlanden, Deutschland und dem Vereinigten K\u00f6nigreich gibt es strenge Gesetze, die die Endverbraucher von Wasser in industriellen und kommunalen Anlagen zu einer genauen Kontrolle ihrer Systeme und Anwendungen zwingen. Selbst in den L\u00e4ndern, in denen es keine direkten Gesetze \u00fcber Legionellen gibt, m\u00fcssen Richtlinien, Normen oder bew\u00e4hrte Verfahren eingehalten werden. Kurita war bei der Legionellenbek\u00e4mpfung immer einen Schritt voraus und kann auf eine lange Erfahrung in diesem Bereich zur\u00fcckblicken.<\/p><p>Eine der neuesten Innovationen bei der Legionellenbek\u00e4mpfung ist die Schnellnachweismethode:\u00a0<strong>KuriLoc Bausatz<\/strong>. Dieses Legionellen-Testkit liefert bereits 3 Stunden nach der Probenahme die ersten Ergebnisse und ist hochspezifisch. Die Bestimmung erfolgt speziell \u00fcber die RNA der Legionellen, die in der Wasserprobe vorkommt. RNA kommt im Gegensatz zu DNA nur in lebenden Zellen vor, auch in Zellen im VBNC-Zustand. Der KuriLoc-Schnelltest ist f\u00fcr die Bestimmung von Legionella spp. konzipiert. Der KuriLoc-Schnelltest wird bereits in akkreditierten und anderen Laboratorien eingesetzt und liefert innerhalb weniger Stunden einen \u00dcberblick \u00fcber die Legionellenkonzentration. Somit kann eine zeitnahe Beurteilung einer durchgef\u00fchrten Behandlung in Anlagen auf Probleme mit Legionellen als Eigenkontrolle erfolgen. Dies erh\u00f6ht die Zuverl\u00e4ssigkeit der Anlagen und minimiert ein m\u00f6gliches Gesundheitsrisiko f\u00fcr Dritte und die eigenen Mitarbeiter. Dar\u00fcber hinaus ist die \u00dcberwachung von mikrobiellen Ablagerungen (Biofilm) in industriellen Grundwasserleitern - reproduzierbar, quantitativ und in Echtzeit - ein wesentliches Element f\u00fcr eine erfolgreiche Prozesskontrolle im Hinblick auf Kontaminationen. Der schnelle Nachweis und die \u00dcberwachung der Mikrobiologie spielen dabei eine zentrale Rolle.\u00a0<strong>Kunden profitieren von den Vorteilen des Schnellnachweis-Kits KuriLoc, entweder durch den Kauf eines eigenen Ger\u00e4ts oder durch die Inanspruchnahme der Legionellen-Testdienstleistungen der akkreditierten Kurita-Labore.<\/strong><\/p><p>Unser Legionellenbek\u00e4mpfungskonzept bietet ein Komplettpaket f\u00fcr die Kontrolle, \u00dcberwachung und Behandlung von Legionellen:<\/p><ul><li>Zertifizierte Fachleute durch die\u00a0<a href=\"http:\/\/www.vdi.eu\/\">VDI<\/a><\/li><li>Schnelle Erkennungsmethoden KuriLoc<\/li><li>Legionellenpr\u00fcfungsdienst<\/li><li>Aktionsplan<\/li><li>\u00dcberwachung\u00a0<a href=\"https:\/\/www.kurita.eu\/en\/solutions\/hydrobio-advance\/\">HydroBio<sup>\u00ae<\/sup>\u00a0Vorschuss<\/a><\/li><li>Technologien und Produkte\u00a0<a href=\"https:\/\/www.kurita.eu\/solutions\/dilurit-bcs\/\">Dilurit<sup>\u00ae<\/sup>\u00a0BC S-System<\/a><\/li><li>Legionellen-Risikobewertungen<\/li><li>Verfahren<\/li><li>Probenahme und Analyse<\/li><li>Reinigung und Desinfektion<\/li><li>Ausbildung<\/li><\/ul>\t\t\t\t\t\t\t\t<\/div>\n\t\t\t\t<\/div>\n\t\t\t\t\t<\/div>\n\t\t<\/div>\n\t\t\t\t<div class=\"elementor-column elementor-col-33 elementor-top-column elementor-element elementor-element-2e2bce92 margin-content\" data-id=\"2e2bce92\" data-element_type=\"column\" data-e-type=\"column\">\n\t\t\t<div class=\"elementor-widget-wrap elementor-element-populated\">\n\t\t\t\t\t\t<div class=\"elementor-element elementor-element-7a1d2151 elementor-invisible elementor-widget elementor-widget-image\" data-id=\"7a1d2151\" data-element_type=\"widget\" data-e-type=\"widget\" data-settings=\"{&quot;_animation&quot;:&quot;fadeIn&quot;}\" data-widget_type=\"image.default\">\n\t\t\t\t<div class=\"elementor-widget-container\">\n\t\t\t\t\t\t\t\t\t\t\t\t\t\t\t<img fetchpriority=\"high\" decoding=\"async\" width=\"350\" height=\"197\" src=\"\/wp-content\/uploads\/2025\/04\/Legionella_CMYK_1920x1080-cd1a533b.jpg\" class=\"attachment-large size-large wp-image-14179\" alt=\"\" srcset=\"\/wp-content\/uploads\/2025\/04\/Legionella_CMYK_1920x1080-cd1a533b.jpg 350w, \/wp-content\/uploads\/2025\/04\/Legionella_CMYK_1920x1080-cd1a533b-300x169.jpg 300w\" sizes=\"(max-width: 350px) 100vw, 350px\" data-no-translation=\"\" \/>\t\t\t\t\t\t\t\t\t\t\t\t\t\t\t<\/div>\n\t\t\t\t<\/div>\n\t\t\t\t\t<\/div>\n\t\t<\/div>\n\t\t\t\t\t<\/div>\n\t\t<\/section>\n\t\t\t\t<section class=\"elementor-section elementor-top-section elementor-element elementor-element-4ea0ee7a elementor-section-boxed elementor-section-height-default elementor-section-height-default\" data-id=\"4ea0ee7a\" data-element_type=\"section\" data-e-type=\"section\" data-settings=\"{&quot;background_background&quot;:&quot;classic&quot;}\">\n\t\t\t\t\t\t<div class=\"elementor-container elementor-column-gap-default\">\n\t\t\t\t\t<div class=\"elementor-column elementor-col-100 elementor-top-column elementor-element elementor-element-41876185 margin-content\" data-id=\"41876185\" data-element_type=\"column\" data-e-type=\"column\">\n\t\t\t<div class=\"elementor-widget-wrap elementor-element-populated\">\n\t\t\t\t\t\t<div class=\"elementor-element elementor-element-3338ce7b elementor-widget elementor-widget-heading\" data-id=\"3338ce7b\" data-element_type=\"widget\" data-e-type=\"widget\" data-widget_type=\"heading.default\">\n\t\t\t\t<div class=\"elementor-widget-container\">\n\t\t\t\t\t<h2 class=\"elementor-heading-title elementor-size-default\">Wir sind f\u00fcr Sie da<\/h2>\t\t\t\t<\/div>\n\t\t\t\t<\/div>\n\t\t\t\t<div class=\"elementor-element elementor-element-5bc4d54f elementor-widget elementor-widget-html\" data-id=\"5bc4d54f\" data-element_type=\"widget\" data-e-type=\"widget\" data-widget_type=\"html.default\">\n\t\t\t\t<div class=\"elementor-widget-container\">\n\t\t\t\t\t<div\r\n        data-form-id='f4d0a8e4-73ce-ef11-b8e8-000d3ab41b62'\r\n        data-form-api-url='https:\/\/public-eur.mkt.dynamics.com\/api\/v1.0\/orgs\/30cac5a2-33f9-ed11-a66d-000d3a64d748\/landingpageforms'\r\n        data-cached-form-url='https:\/\/assets-eur.mkt.dynamics.com\/30cac5a2-33f9-ed11-a66d-000d3a64d748\/digitalassets\/forms\/f4d0a8e4-73ce-ef11-b8e8-000d3ab41b62' ><\/div>\r\n        <script src = 'https:\/\/cxppusa1formui01cdnsa01-endpoint.azureedge.net\/eur\/FormLoader\/FormLoader.bundle.js' ><\/script>\r\n        <script>document.documentElement.lang = navigator.language;<\/script>\t\t\t\t<\/div>\n\t\t\t\t<\/div>\n\t\t\t\t\t<\/div>\n\t\t<\/div>\n\t\t\t\t\t<\/div>\n\t\t<\/section>\n\t\t\t\t<\/div>","protected":false},"excerpt":{"rendered":"<p>KuriLoc Kit KuriLoc Kit \u2013 Legionella testing kit Legionnaires disease was discovered in the late 70\u2018s after several outbreaks. In the last ten years, the authorities and countries started to intensify their efforts to regulate the topic. Countries like Spain, France, Nederland, Germany and UK have strict laws that force the final users of the [&hellip;]<\/p>\n","protected":false},"author":2,"featured_media":0,"parent":13875,"menu_order":0,"comment_status":"closed","ping_status":"closed","template":"","meta":{"footnotes":""},"class_list":["post-14177","page","type-page","status-publish","hentry"],"yoast_head":"<!-- This site is optimized with the Yoast SEO plugin v27.3 - https:\/\/yoast.com\/product\/yoast-seo-wordpress\/ -->\n<title>KuriLoc Kit - Kurita Europe<\/title>\n<meta name=\"description\" content=\"KuriLoc Kit: rapid Legionella detection. Reliable early insight in hours to guide actions, protect people and ensure compliance.\" \/>\n<meta name=\"robots\" content=\"index, follow, max-snippet:-1, max-image-preview:large, max-video-preview:-1\" \/>\n<link rel=\"canonical\" href=\"https:\/\/www.kurita.eu\/es\/soluciones\/kit-kuriloc\/\" \/>\n<meta property=\"og:locale\" content=\"de_DE\" \/>\n<meta property=\"og:type\" content=\"article\" \/>\n<meta property=\"og:title\" content=\"KuriLoc Kit - Kurita Europe\" \/>\n<meta property=\"og:description\" content=\"KuriLoc Kit: rapid Legionella detection. Reliable early insight in hours to guide actions, protect people and ensure compliance.\" \/>\n<meta property=\"og:url\" content=\"https:\/\/www.kurita.eu\/es\/soluciones\/kit-kuriloc\/\" \/>\n<meta property=\"og:site_name\" content=\"Kurita Europe\" \/>\n<meta property=\"article:modified_time\" content=\"2026-01-20T16:18:52+00:00\" \/>\n<meta property=\"og:image\" content=\"https:\/\/kuritaeuwe-1d317f88af-hmdafwemhrbdfrck.a03.azurefd.net\/wp-content\/uploads\/2025\/07\/kurita-favicon-512x512-1.png\" \/>\n\t<meta property=\"og:image:width\" content=\"512\" \/>\n\t<meta property=\"og:image:height\" content=\"512\" \/>\n\t<meta property=\"og:image:type\" content=\"image\/png\" \/>\n<meta name=\"twitter:card\" content=\"summary_large_image\" \/>\n<meta name=\"twitter:site\" content=\"@KuritaGlobal\" \/>\n<meta name=\"twitter:label1\" content=\"Gesch\u00e4tzte Lesezeit\" \/>\n\t<meta name=\"twitter:data1\" content=\"2\u00a0Minuten\" \/>\n<script type=\"application\/ld+json\" class=\"yoast-schema-graph\">{\"@context\":\"https:\\\/\\\/schema.org\",\"@graph\":[{\"@type\":\"WebPage\",\"@id\":\"https:\\\/\\\/www.kurita.eu\\\/es\\\/soluciones\\\/kit-kuriloc\\\/\",\"url\":\"https:\\\/\\\/www.kurita.eu\\\/es\\\/soluciones\\\/kit-kuriloc\\\/\",\"name\":\"KuriLoc Kit - Kurita Europe\",\"isPartOf\":{\"@id\":\"https:\\\/\\\/www.kurita.eu\\\/fr\\\/#website\"},\"datePublished\":\"2025-04-25T07:29:04+00:00\",\"dateModified\":\"2026-01-20T16:18:52+00:00\",\"description\":\"KuriLoc Kit: rapid Legionella detection. Reliable early insight in hours to guide actions, protect people and ensure compliance.\",\"breadcrumb\":{\"@id\":\"https:\\\/\\\/www.kurita.eu\\\/es\\\/soluciones\\\/kit-kuriloc\\\/#breadcrumb\"},\"inLanguage\":\"de\",\"potentialAction\":[{\"@type\":\"ReadAction\",\"target\":[\"https:\\\/\\\/www.kurita.eu\\\/es\\\/soluciones\\\/kit-kuriloc\\\/\"]}]},{\"@type\":\"BreadcrumbList\",\"@id\":\"https:\\\/\\\/www.kurita.eu\\\/es\\\/soluciones\\\/kit-kuriloc\\\/#breadcrumb\",\"itemListElement\":[{\"@type\":\"ListItem\",\"position\":1,\"name\":\"Home\",\"item\":\"https:\\\/\\\/kuritaeuwe-1d317f88af-hmdafwemhrbdfrck.a03.azurefd.net\\\/en\\\/\"},{\"@type\":\"ListItem\",\"position\":2,\"name\":\"Solutions\",\"item\":\"https:\\\/\\\/www.kurita.eu\\\/se\\\/losningar\\\/\"},{\"@type\":\"ListItem\",\"position\":3,\"name\":\"KuriLoc Kit\"}]},{\"@type\":\"WebSite\",\"@id\":\"https:\\\/\\\/www.kurita.eu\\\/fr\\\/#website\",\"url\":\"https:\\\/\\\/www.kurita.eu\\\/fr\\\/\",\"name\":\"Kurita Europe\",\"description\":\"Water Treatment Solutions\",\"publisher\":{\"@id\":\"https:\\\/\\\/www.kurita.eu\\\/fr\\\/#organization\"},\"potentialAction\":[{\"@type\":\"SearchAction\",\"target\":{\"@type\":\"EntryPoint\",\"urlTemplate\":\"https:\\\/\\\/www.kurita.eu\\\/fr\\\/?s={search_term_string}\"},\"query-input\":{\"@type\":\"PropertyValueSpecification\",\"valueRequired\":true,\"valueName\":\"search_term_string\"}}],\"inLanguage\":\"de\"},{\"@type\":\"Organization\",\"@id\":\"https:\\\/\\\/www.kurita.eu\\\/fr\\\/#organization\",\"name\":\"Kurita Europe\",\"url\":\"https:\\\/\\\/www.kurita.eu\\\/fr\\\/\",\"logo\":{\"@type\":\"ImageObject\",\"inLanguage\":\"de\",\"@id\":\"https:\\\/\\\/www.kurita.eu\\\/fr\\\/#\\\/schema\\\/logo\\\/image\\\/\",\"url\":\"\\\/wp-content\\\/uploads\\\/2025\\\/05\\\/cropped-brand_mark_horizon_blue.png\",\"contentUrl\":\"\\\/wp-content\\\/uploads\\\/2025\\\/05\\\/cropped-brand_mark_horizon_blue.png\",\"width\":712,\"height\":204,\"caption\":\"Kurita Europe\"},\"image\":{\"@id\":\"https:\\\/\\\/www.kurita.eu\\\/fr\\\/#\\\/schema\\\/logo\\\/image\\\/\"},\"sameAs\":[\"https:\\\/\\\/x.com\\\/KuritaGlobal\",\"https:\\\/\\\/www.linkedin.com\\\/company\\\/kurita\\\/\"]}]}<\/script>\n<!-- \/ Yoast SEO plugin. -->","yoast_head_json":{"title":"KuriLoc Bausatz - Kurita Europa","description":"KuriLoc Kit: Schnellnachweis von Legionellen. Zuverl\u00e4ssige, fr\u00fchzeitige Erkenntnisse innerhalb weniger Stunden, um Ma\u00dfnahmen einzuleiten, Menschen zu sch\u00fctzen und die Einhaltung von Vorschriften zu gew\u00e4hrleisten.","robots":{"index":"index","follow":"follow","max-snippet":"max-snippet:-1","max-image-preview":"max-image-preview:large","max-video-preview":"max-video-preview:-1"},"canonical":"https:\/\/www.kurita.eu\/es\/soluciones\/kit-kuriloc\/","og_locale":"de_DE","og_type":"article","og_title":"KuriLoc Kit - Kurita Europe","og_description":"KuriLoc Kit: rapid Legionella detection. Reliable early insight in hours to guide actions, protect people and ensure compliance.","og_url":"https:\/\/www.kurita.eu\/es\/soluciones\/kit-kuriloc\/","og_site_name":"Kurita Europe","article_modified_time":"2026-01-20T16:18:52+00:00","og_image":[{"width":512,"height":512,"url":"https:\/\/kuritaeuwe-1d317f88af-hmdafwemhrbdfrck.a03.azurefd.net\/wp-content\/uploads\/2025\/07\/kurita-favicon-512x512-1.png","type":"image\/png"}],"twitter_card":"summary_large_image","twitter_site":"@KuritaGlobal","twitter_misc":{"Gesch\u00e4tzte Lesezeit":"2\u00a0Minuten"},"schema":{"@context":"https:\/\/schema.org","@graph":[{"@type":"WebPage","@id":"https:\/\/www.kurita.eu\/es\/soluciones\/kit-kuriloc\/","url":"https:\/\/www.kurita.eu\/es\/soluciones\/kit-kuriloc\/","name":"KuriLoc Bausatz - Kurita Europa","isPartOf":{"@id":"https:\/\/www.kurita.eu\/fr\/#website"},"datePublished":"2025-04-25T07:29:04+00:00","dateModified":"2026-01-20T16:18:52+00:00","description":"KuriLoc Kit: Schnellnachweis von Legionellen. Zuverl\u00e4ssige, fr\u00fchzeitige Erkenntnisse innerhalb weniger Stunden, um Ma\u00dfnahmen einzuleiten, Menschen zu sch\u00fctzen und die Einhaltung von Vorschriften zu gew\u00e4hrleisten.","breadcrumb":{"@id":"https:\/\/www.kurita.eu\/es\/soluciones\/kit-kuriloc\/#breadcrumb"},"inLanguage":"de","potentialAction":[{"@type":"ReadAction","target":["https:\/\/www.kurita.eu\/es\/soluciones\/kit-kuriloc\/"]}]},{"@type":"BreadcrumbList","@id":"https:\/\/www.kurita.eu\/es\/soluciones\/kit-kuriloc\/#breadcrumb","itemListElement":[{"@type":"ListItem","position":1,"name":"Home","item":"https:\/\/kuritaeuwe-1d317f88af-hmdafwemhrbdfrck.a03.azurefd.net\/en\/"},{"@type":"ListItem","position":2,"name":"Solutions","item":"https:\/\/www.kurita.eu\/se\/losningar\/"},{"@type":"ListItem","position":3,"name":"KuriLoc Kit"}]},{"@type":"WebSite","@id":"https:\/\/www.kurita.eu\/fr\/#website","url":"https:\/\/www.kurita.eu\/fr\/","name":"Kurita Europa","description":"L\u00f6sungen f\u00fcr die Wasseraufbereitung","publisher":{"@id":"https:\/\/www.kurita.eu\/fr\/#organization"},"potentialAction":[{"@type":"SearchAction","target":{"@type":"EntryPoint","urlTemplate":"https:\/\/www.kurita.eu\/fr\/?s={search_term_string}"},"query-input":{"@type":"PropertyValueSpecification","valueRequired":true,"valueName":"search_term_string"}}],"inLanguage":"de"},{"@type":"Organization","@id":"https:\/\/www.kurita.eu\/fr\/#organization","name":"Kurita Europa","url":"https:\/\/www.kurita.eu\/fr\/","logo":{"@type":"ImageObject","inLanguage":"de","@id":"https:\/\/www.kurita.eu\/fr\/#\/schema\/logo\/image\/","url":"\/wp-content\/uploads\/2025\/05\/cropped-brand_mark_horizon_blue.png","contentUrl":"\/wp-content\/uploads\/2025\/05\/cropped-brand_mark_horizon_blue.png","width":712,"height":204,"caption":"Kurita Europe"},"image":{"@id":"https:\/\/www.kurita.eu\/fr\/#\/schema\/logo\/image\/"},"sameAs":["https:\/\/x.com\/KuritaGlobal","https:\/\/www.linkedin.com\/company\/kurita\/"]}]}},"_links":{"self":[{"href":"https:\/\/kuritaeuwe-1d317f88af-hmdafwemhrbdfrck.a03.azurefd.net\/de\/wp-json\/wp\/v2\/pages\/14177","targetHints":{"allow":["GET"]}}],"collection":[{"href":"https:\/\/kuritaeuwe-1d317f88af-hmdafwemhrbdfrck.a03.azurefd.net\/de\/wp-json\/wp\/v2\/pages"}],"about":[{"href":"https:\/\/kuritaeuwe-1d317f88af-hmdafwemhrbdfrck.a03.azurefd.net\/de\/wp-json\/wp\/v2\/types\/page"}],"author":[{"embeddable":true,"href":"https:\/\/kuritaeuwe-1d317f88af-hmdafwemhrbdfrck.a03.azurefd.net\/de\/wp-json\/wp\/v2\/users\/2"}],"replies":[{"embeddable":true,"href":"https:\/\/kuritaeuwe-1d317f88af-hmdafwemhrbdfrck.a03.azurefd.net\/de\/wp-json\/wp\/v2\/comments?post=14177"}],"version-history":[{"count":10,"href":"https:\/\/kuritaeuwe-1d317f88af-hmdafwemhrbdfrck.a03.azurefd.net\/de\/wp-json\/wp\/v2\/pages\/14177\/revisions"}],"predecessor-version":[{"id":19355,"href":"https:\/\/kuritaeuwe-1d317f88af-hmdafwemhrbdfrck.a03.azurefd.net\/de\/wp-json\/wp\/v2\/pages\/14177\/revisions\/19355"}],"up":[{"embeddable":true,"href":"https:\/\/kuritaeuwe-1d317f88af-hmdafwemhrbdfrck.a03.azurefd.net\/de\/wp-json\/wp\/v2\/pages\/13875"}],"wp:attachment":[{"href":"https:\/\/kuritaeuwe-1d317f88af-hmdafwemhrbdfrck.a03.azurefd.net\/de\/wp-json\/wp\/v2\/media?parent=14177"}],"curies":[{"name":"wp","href":"https:\/\/api.w.org\/{rel}","templated":true}]}}