{"id":14113,"date":"2025-04-25T07:02:54","date_gmt":"2025-04-25T07:02:54","guid":{"rendered":"https:\/\/kurita-eu-gudza2cjbzfhcwbx.francecentral-01.azurewebsites.net\/?page_id=14113"},"modified":"2026-01-20T14:19:00","modified_gmt":"2026-01-20T14:19:00","slug":"hydrobio-advance","status":"publish","type":"page","link":"https:\/\/kuritaeuwe-1d317f88af-hmdafwemhrbdfrck.a03.azurefd.net\/es\/solutions\/hydrobio-advance\/","title":{"rendered":"HydroBio\u00ae Advance"},"content":{"rendered":"<div data-elementor-type=\"wp-page\" data-elementor-id=\"14113\" class=\"elementor elementor-14113\" data-elementor-post-type=\"page\">\n\t\t\t\t\t\t<section class=\"elementor-section elementor-top-section elementor-element elementor-element-44178f0b elementor-section-full_width elementor-section-height-default elementor-section-height-default\" data-id=\"44178f0b\" data-element_type=\"section\" data-e-type=\"section\">\n\t\t\t\t\t\t<div class=\"elementor-container elementor-column-gap-default\">\n\t\t\t\t\t<div class=\"elementor-column elementor-col-100 elementor-top-column elementor-element elementor-element-1fde594a\" data-id=\"1fde594a\" data-element_type=\"column\" data-e-type=\"column\">\n\t\t\t<div class=\"elementor-widget-wrap elementor-element-populated\">\n\t\t\t\t\t\t<div class=\"elementor-element elementor-element-5ae4b9c1 elementor--h-position-center elementor--v-position-middle elementor-arrows-position-inside elementor-pagination-position-inside elementor-widget elementor-widget-slides\" data-id=\"5ae4b9c1\" data-element_type=\"widget\" data-e-type=\"widget\" data-settings=\"{&quot;navigation&quot;:&quot;both&quot;,&quot;autoplay&quot;:&quot;yes&quot;,&quot;pause_on_hover&quot;:&quot;yes&quot;,&quot;pause_on_interaction&quot;:&quot;yes&quot;,&quot;autoplay_speed&quot;:5000,&quot;infinite&quot;:&quot;yes&quot;,&quot;transition&quot;:&quot;slide&quot;,&quot;transition_speed&quot;:500}\" data-widget_type=\"slides.default\">\n\t\t\t\t<div class=\"elementor-widget-container\">\n\t\t\t\t\t\t\t\t\t<div class=\"elementor-swiper\">\n\t\t\t\t\t<div class=\"elementor-slides-wrapper elementor-main-swiper swiper\" role=\"region\" aria-roledescription=\"carousel\" aria-label=\"Diapositivas\" dir=\"ltr\" data-animation=\"fadeInUp\">\n\t\t\t\t<div class=\"swiper-wrapper elementor-slides\">\n\t\t\t\t\t\t\t\t\t\t<div class=\"elementor-repeater-item-4e0b9f7 swiper-slide\" role=\"group\" aria-roledescription=\"slide\"><div class=\"swiper-slide-bg elementor-ken-burns elementor-ken-burns--in\" role=\"img\" aria-label=\"Applications_WaterTreatment-401e7d4b.jpg\"><\/div><div class=\"elementor-background-overlay\"><\/div><div class=\"swiper-slide-inner\" ><div class=\"swiper-slide-contents\"><h1 class=\"elementor-slide-heading\">HydroBio\u00ae Advance<\/h1><\/div><\/div><\/div>\t\t\t\t<\/div>\n\t\t\t\t\t\t\t<\/div>\n\t\t\t\t<\/div>\n\t\t\t\t\t\t\t\t<\/div>\n\t\t\t\t<\/div>\n\t\t\t\t\t<\/div>\n\t\t<\/div>\n\t\t\t\t\t<\/div>\n\t\t<\/section>\n\t\t\t\t<section class=\"elementor-section elementor-top-section elementor-element elementor-element-2d154416 elementor-section-boxed elementor-section-height-default elementor-section-height-default\" data-id=\"2d154416\" data-element_type=\"section\" data-e-type=\"section\">\n\t\t\t\t\t\t<div class=\"elementor-container elementor-column-gap-default\">\n\t\t\t\t\t<div class=\"elementor-column elementor-col-66 elementor-top-column elementor-element elementor-element-27606122 margin-content\" data-id=\"27606122\" data-element_type=\"column\" data-e-type=\"column\">\n\t\t\t<div class=\"elementor-widget-wrap elementor-element-populated\">\n\t\t\t\t\t\t<div class=\"elementor-element elementor-element-522ef013 elementor-widget elementor-widget-heading\" data-id=\"522ef013\" data-element_type=\"widget\" data-e-type=\"widget\" data-widget_type=\"heading.default\">\n\t\t\t\t<div class=\"elementor-widget-container\">\n\t\t\t\t\t<h2 class=\"elementor-heading-title elementor-size-default\">HydroBio\u00ae Advance - M\u00e9todo en l\u00ednea para determinar y controlar la biopel\u00edcula en todos los sistemas de agua.<\/h2>\t\t\t\t<\/div>\n\t\t\t\t<\/div>\n\t\t\t\t<div class=\"elementor-element elementor-element-22cae30e elementor-invisible elementor-widget elementor-widget-text-editor\" data-id=\"22cae30e\" data-element_type=\"widget\" data-e-type=\"widget\" data-settings=\"{&quot;_animation&quot;:&quot;fadeInUp&quot;}\" data-widget_type=\"text-editor.default\">\n\t\t\t\t<div class=\"elementor-widget-container\">\n\t\t\t\t\t\t\t\t\t<h6>Ahora disponible con nuevas funciones como la compensaci\u00f3n autom\u00e1tica del caudal para mediciones de incrustaciones y un nuevo sensor para aplicaciones geot\u00e9rmicas de hasta 250\u00b0 C.<\/h6><p>Las biopel\u00edculas son un problema en casi todas las industrias que utilizan agua en sus procesos. La biopel\u00edcula en el agua, y especialmente en los sistemas de refrigeraci\u00f3n, re\u00fane las condiciones ideales para crecer: temperatura adecuada, gran cantidad de nutrientes y mucha luz solar.  El control de la biopel\u00edcula en el agua, por tanto, es esencial para limitar el crecimiento de microorganismos, especialmente de pat\u00f3genos como la Legionella.<\/p><p>La formaci\u00f3n de biopel\u00edculas tiene lugar en la superficie de tuber\u00edas y conductos, tienen su origen en la contaminaci\u00f3n del aire y, por tanto, no pueden evitarse en las torres de refrigeraci\u00f3n. Por lo tanto, la supervisi\u00f3n del espesor de la biopel\u00edcula es crucial para el control de la microbiolog\u00eda en cualquier sistema de distribuci\u00f3n de agua.<\/p><p>HydroBio de Kurita<sup>\u00ae<\/sup>\u00a0Advance es un monitor aprobado por el proceso que utiliza un innovador m\u00e9todo en l\u00ednea para determinar y controlar la biopel\u00edcula. A medida que la biopel\u00edcula se desarrolla en la superficie de los tubos tambi\u00e9n HydroBio<sup>\u00ae<\/sup>\u00a0Advance mide las biopel\u00edculas en la superficie de un sensor especial de tubo o l\u00e1mina. Este innovador m\u00e9todo combina una medici\u00f3n muy sensible de la transferencia de calor con la determinaci\u00f3n de las biopel\u00edculas. A pesar de su alta sensibilidad, la medici\u00f3n es muy robusta y no se ve afectada por los s\u00f3lidos en suspensi\u00f3n, el color o la turbidez del agua.<\/p><p>HydroBio<sup>\u00ae<\/sup>\u00a0Advance est\u00e1 dise\u00f1ado no s\u00f3lo para medir el grosor y el desarrollo de la biopel\u00edcula, sino que tambi\u00e9n es capaz de mostrar la eliminaci\u00f3n de biopel\u00edcula resultante de un tratamiento de desinfecci\u00f3n: 24 horas al d\u00eda, 7 d\u00edas a la semana.<\/p><p>Con HydroBio<sup>\u00ae<\/sup>\u00a0Advance, usted ajusta en tiempo real su programa de tratamiento: los productos adecuados, la dosis correcta en el momento adecuado. Responda a los cambios m\u00e1s r\u00e1pidamente y mejore la fiabilidad de su tratamiento con informaci\u00f3n en tiempo real utilizando el Kurita HydroBio<sup>\u00ae<\/sup>\u00a0Avance.<\/p><p>Cada a\u00f1o, las biopel\u00edculas cuestan miles de millones a la industria:<\/p><ul><li>Las biopel\u00edculas reducen la transferencia de calor y aumentan sus necesidades energ\u00e9ticas<\/li><li>Las biopel\u00edculas proporcionan un entorno para las bacterias anaerobias que corroen el sistema.<\/li><li>Las biopel\u00edculas son una fuente de bacterias pat\u00f3genas como la Legionella<\/li><\/ul><p>Por ello, la vigilancia en l\u00ednea y el control de la biopel\u00edcula y de su espesor son esenciales en los sistemas de agua.  HydroBio<sup>\u00ae<\/sup>\u00a0El avance permite pr\u00e1cticamente ver lo que ocurre en la superficie dentro de las tuber\u00edas.<\/p>\t\t\t\t\t\t\t\t<\/div>\n\t\t\t\t<\/div>\n\t\t\t\t\t<\/div>\n\t\t<\/div>\n\t\t\t\t<div class=\"elementor-column elementor-col-33 elementor-top-column elementor-element elementor-element-588aef17 margin-content\" data-id=\"588aef17\" data-element_type=\"column\" data-e-type=\"column\">\n\t\t\t<div class=\"elementor-widget-wrap elementor-element-populated\">\n\t\t\t\t\t\t<div class=\"elementor-element elementor-element-614ac163 elementor-invisible elementor-widget elementor-widget-image\" data-id=\"614ac163\" data-element_type=\"widget\" data-e-type=\"widget\" data-settings=\"{&quot;_animation&quot;:&quot;fadeIn&quot;}\" data-widget_type=\"image.default\">\n\t\t\t\t<div class=\"elementor-widget-container\">\n\t\t\t\t\t\t\t\t\t\t\t\t\t\t\t<img fetchpriority=\"high\" decoding=\"async\" width=\"350\" height=\"233\" src=\"\/wp-content\/uploads\/2025\/04\/RZ_HBA1_grau-8a736a69.jpg\" class=\"attachment-large size-large wp-image-14115\" alt=\"\" srcset=\"\/wp-content\/uploads\/2025\/04\/RZ_HBA1_grau-8a736a69.jpg 350w, \/wp-content\/uploads\/2025\/04\/RZ_HBA1_grau-8a736a69-300x200.jpg 300w\" sizes=\"(max-width: 350px) 100vw, 350px\" data-no-translation=\"\" \/>\t\t\t\t\t\t\t\t\t\t\t\t\t\t\t<\/div>\n\t\t\t\t<\/div>\n\t\t\t\t\t<\/div>\n\t\t<\/div>\n\t\t\t\t\t<\/div>\n\t\t<\/section>\n\t\t\t\t<section class=\"elementor-section elementor-top-section elementor-element elementor-element-15addac9 elementor-section-boxed elementor-section-height-default elementor-section-height-default\" data-id=\"15addac9\" data-element_type=\"section\" data-e-type=\"section\" data-settings=\"{&quot;background_background&quot;:&quot;classic&quot;}\">\n\t\t\t\t\t\t<div class=\"elementor-container elementor-column-gap-default\">\n\t\t\t\t\t<div class=\"elementor-column elementor-col-50 elementor-top-column elementor-element elementor-element-2ea8b5a0 margin-content\" data-id=\"2ea8b5a0\" data-element_type=\"column\" data-e-type=\"column\">\n\t\t\t<div class=\"elementor-widget-wrap elementor-element-populated\">\n\t\t\t\t\t\t<div class=\"elementor-element elementor-element-16f1c402 elementor-widget elementor-widget-heading\" data-id=\"16f1c402\" data-element_type=\"widget\" data-e-type=\"widget\" data-widget_type=\"heading.default\">\n\t\t\t\t<div class=\"elementor-widget-container\">\n\t\t\t\t\t<h4 class=\"elementor-heading-title elementor-size-default\">HydroBio\u00ae Advance le permite ahorrar hasta 50% de costes operativos totales:\n<\/h4>\t\t\t\t<\/div>\n\t\t\t\t<\/div>\n\t\t\t\t<div class=\"elementor-element elementor-element-4f8965f2 elementor-invisible elementor-widget elementor-widget-text-editor\" data-id=\"4f8965f2\" data-element_type=\"widget\" data-e-type=\"widget\" data-settings=\"{&quot;_animation&quot;:&quot;fadeIn&quot;}\" data-widget_type=\"text-editor.default\">\n\t\t\t\t<div class=\"elementor-widget-container\">\n\t\t\t\t\t\t\t\t\t<ul><li>Reducci\u00f3n del consumo de biocidas y de la huella medioambiental<\/li><li>Reducci\u00f3n de la corrosi\u00f3n microbiana<\/li><li>Reducci\u00f3n de los costes de mantenimiento y del tiempo de inactividad del sistema<\/li><li>Mejorar el rendimiento del sistema<\/li><li>Garantizar la seguridad y la salud de sus trabajadores<\/li><li>Utilizar los productos adecuados en el momento oportuno<\/li><\/ul>\t\t\t\t\t\t\t\t<\/div>\n\t\t\t\t<\/div>\n\t\t\t\t\t<\/div>\n\t\t<\/div>\n\t\t\t\t<div class=\"elementor-column elementor-col-50 elementor-top-column elementor-element elementor-element-4ddef758 margin-content\" data-id=\"4ddef758\" data-element_type=\"column\" data-e-type=\"column\">\n\t\t\t<div class=\"elementor-widget-wrap elementor-element-populated\">\n\t\t\t\t\t\t<div class=\"elementor-element elementor-element-6e0a4d8c elementor-widget elementor-widget-image\" data-id=\"6e0a4d8c\" data-element_type=\"widget\" data-e-type=\"widget\" data-widget_type=\"image.default\">\n\t\t\t\t<div class=\"elementor-widget-container\">\n\t\t\t\t\t\t\t\t\t\t\t\t\t\t\t<img decoding=\"async\" width=\"350\" height=\"299\" src=\"\/wp-content\/uploads\/2025\/04\/Stamp-Kurita-PATENTED-SOLUTION-0e304df3.png\" class=\"attachment-large size-large wp-image-12806\" alt=\"\" srcset=\"\/wp-content\/uploads\/2025\/04\/Stamp-Kurita-PATENTED-SOLUTION-0e304df3.png 350w, \/wp-content\/uploads\/2025\/04\/Stamp-Kurita-PATENTED-SOLUTION-0e304df3-300x256.png 300w\" sizes=\"(max-width: 350px) 100vw, 350px\" data-no-translation=\"\" \/>\t\t\t\t\t\t\t\t\t\t\t\t\t\t\t<\/div>\n\t\t\t\t<\/div>\n\t\t\t\t\t<\/div>\n\t\t<\/div>\n\t\t\t\t\t<\/div>\n\t\t<\/section>\n\t\t\t\t<section class=\"elementor-section elementor-top-section elementor-element elementor-element-7205deb4 elementor-section-boxed elementor-section-height-default elementor-section-height-default\" data-id=\"7205deb4\" data-element_type=\"section\" data-e-type=\"section\" data-settings=\"{&quot;background_background&quot;:&quot;classic&quot;}\">\n\t\t\t\t\t\t<div class=\"elementor-container elementor-column-gap-default\">\n\t\t\t\t\t<div class=\"elementor-column elementor-col-100 elementor-top-column elementor-element elementor-element-3f6f6ad5 margin-content\" data-id=\"3f6f6ad5\" data-element_type=\"column\" data-e-type=\"column\">\n\t\t\t<div class=\"elementor-widget-wrap elementor-element-populated\">\n\t\t\t\t\t\t<div class=\"elementor-element elementor-element-17ecdd1 elementor-widget elementor-widget-heading\" data-id=\"17ecdd1\" data-element_type=\"widget\" data-e-type=\"widget\" data-widget_type=\"heading.default\">\n\t\t\t\t<div class=\"elementor-widget-container\">\n\t\t\t\t\t<h2 class=\"elementor-heading-title elementor-size-default\">Estamos a su servicio<\/h2>\t\t\t\t<\/div>\n\t\t\t\t<\/div>\n\t\t\t\t<div class=\"elementor-element elementor-element-53c79df9 elementor-widget elementor-widget-html\" data-id=\"53c79df9\" data-element_type=\"widget\" data-e-type=\"widget\" data-widget_type=\"html.default\">\n\t\t\t\t<div class=\"elementor-widget-container\">\n\t\t\t\t\t<div\r\n        data-form-id='f4d0a8e4-73ce-ef11-b8e8-000d3ab41b62'\r\n        data-form-api-url='https:\/\/public-eur.mkt.dynamics.com\/api\/v1.0\/orgs\/30cac5a2-33f9-ed11-a66d-000d3a64d748\/landingpageforms'\r\n        data-cached-form-url='https:\/\/assets-eur.mkt.dynamics.com\/30cac5a2-33f9-ed11-a66d-000d3a64d748\/digitalassets\/forms\/f4d0a8e4-73ce-ef11-b8e8-000d3ab41b62' ><\/div>\r\n        <script src = 'https:\/\/cxppusa1formui01cdnsa01-endpoint.azureedge.net\/eur\/FormLoader\/FormLoader.bundle.js' ><\/script>\r\n        <script>document.documentElement.lang = navigator.language;<\/script>\t\t\t\t<\/div>\n\t\t\t\t<\/div>\n\t\t\t\t\t<\/div>\n\t\t<\/div>\n\t\t\t\t\t<\/div>\n\t\t<\/section>\n\t\t\t\t<\/div>","protected":false},"excerpt":{"rendered":"<p>HydroBio\u00ae Advance HydroBio\u00ae Advance \u2013 Online method to determine and monitor biofilm in all water systems. Now available with new features like automatic flow compensation for fouling measurements and a new sensor for geothermal applications up to 250\u00b0 C. Biofilms are a problem in nearly all different kinds of industries using water in their process. [&hellip;]<\/p>\n","protected":false},"author":2,"featured_media":0,"parent":13875,"menu_order":0,"comment_status":"closed","ping_status":"closed","template":"","meta":{"footnotes":""},"class_list":["post-14113","page","type-page","status-publish","hentry"],"yoast_head":"<!-- This site is optimized with the Yoast SEO plugin v27.3 - https:\/\/yoast.com\/product\/yoast-seo-wordpress\/ -->\n<title>HydroBio\u00ae Advance - Kurita Europe<\/title>\n<meta name=\"description\" content=\"HydroBio\u00ae Advance: real-time biofilm monitoring for water systems, reducing corrosion, biocide use, and operational costs.\" \/>\n<meta name=\"robots\" content=\"index, follow, max-snippet:-1, max-image-preview:large, max-video-preview:-1\" \/>\n<link rel=\"canonical\" href=\"https:\/\/kurita.eu\/es\/solutions\/hydrobio-advance\/\" \/>\n<meta property=\"og:locale\" content=\"es_ES\" \/>\n<meta property=\"og:type\" content=\"article\" \/>\n<meta property=\"og:title\" content=\"HydroBio\u00ae Advance - Kurita Europe\" \/>\n<meta property=\"og:description\" content=\"HydroBio\u00ae Advance: real-time biofilm monitoring for water systems, reducing corrosion, biocide use, and operational costs.\" \/>\n<meta property=\"og:url\" content=\"https:\/\/kurita.eu\/es\/solutions\/hydrobio-advance\/\" \/>\n<meta property=\"og:site_name\" content=\"Kurita Europe\" \/>\n<meta property=\"article:modified_time\" content=\"2026-01-20T14:19:00+00:00\" \/>\n<meta property=\"og:image\" content=\"https:\/\/kuritaeuwe-1d317f88af-hmdafwemhrbdfrck.a03.azurefd.net\/wp-content\/uploads\/2025\/07\/kurita-favicon-512x512-1.png\" \/>\n\t<meta property=\"og:image:width\" content=\"512\" \/>\n\t<meta property=\"og:image:height\" content=\"512\" \/>\n\t<meta property=\"og:image:type\" content=\"image\/png\" \/>\n<meta name=\"twitter:card\" content=\"summary_large_image\" \/>\n<meta name=\"twitter:site\" content=\"@KuritaGlobal\" \/>\n<meta name=\"twitter:label1\" content=\"Tiempo de lectura\" \/>\n\t<meta name=\"twitter:data1\" content=\"5 minutos\" \/>\n<script type=\"application\/ld+json\" class=\"yoast-schema-graph\">{\"@context\":\"https:\\\/\\\/schema.org\",\"@graph\":[{\"@type\":\"WebPage\",\"@id\":\"https:\\\/\\\/kurita.eu\\\/es\\\/solutions\\\/hydrobio-advance\\\/\",\"url\":\"https:\\\/\\\/kurita.eu\\\/es\\\/solutions\\\/hydrobio-advance\\\/\",\"name\":\"HydroBio\u00ae Advance - Kurita Europe\",\"isPartOf\":{\"@id\":\"https:\\\/\\\/www.kurita.eu\\\/fr\\\/#website\"},\"datePublished\":\"2025-04-25T07:02:54+00:00\",\"dateModified\":\"2026-01-20T14:19:00+00:00\",\"description\":\"HydroBio\u00ae Advance: real-time biofilm monitoring for water systems, reducing corrosion, biocide use, and operational costs.\",\"breadcrumb\":{\"@id\":\"https:\\\/\\\/kurita.eu\\\/es\\\/solutions\\\/hydrobio-advance\\\/#breadcrumb\"},\"inLanguage\":\"es\",\"potentialAction\":[{\"@type\":\"ReadAction\",\"target\":[\"https:\\\/\\\/kurita.eu\\\/es\\\/solutions\\\/hydrobio-advance\\\/\"]}]},{\"@type\":\"BreadcrumbList\",\"@id\":\"https:\\\/\\\/kurita.eu\\\/es\\\/solutions\\\/hydrobio-advance\\\/#breadcrumb\",\"itemListElement\":[{\"@type\":\"ListItem\",\"position\":1,\"name\":\"Home\",\"item\":\"https:\\\/\\\/kuritaeuwe-1d317f88af-hmdafwemhrbdfrck.a03.azurefd.net\\\/en\\\/\"},{\"@type\":\"ListItem\",\"position\":2,\"name\":\"Solutions\",\"item\":\"https:\\\/\\\/www.kurita.eu\\\/se\\\/losningar\\\/\"},{\"@type\":\"ListItem\",\"position\":3,\"name\":\"HydroBio\u00ae Advance\"}]},{\"@type\":\"WebSite\",\"@id\":\"https:\\\/\\\/www.kurita.eu\\\/fr\\\/#website\",\"url\":\"https:\\\/\\\/www.kurita.eu\\\/fr\\\/\",\"name\":\"Kurita Europe\",\"description\":\"Water Treatment Solutions\",\"publisher\":{\"@id\":\"https:\\\/\\\/www.kurita.eu\\\/fr\\\/#organization\"},\"potentialAction\":[{\"@type\":\"SearchAction\",\"target\":{\"@type\":\"EntryPoint\",\"urlTemplate\":\"https:\\\/\\\/www.kurita.eu\\\/fr\\\/?s={search_term_string}\"},\"query-input\":{\"@type\":\"PropertyValueSpecification\",\"valueRequired\":true,\"valueName\":\"search_term_string\"}}],\"inLanguage\":\"es\"},{\"@type\":\"Organization\",\"@id\":\"https:\\\/\\\/www.kurita.eu\\\/fr\\\/#organization\",\"name\":\"Kurita Europe\",\"url\":\"https:\\\/\\\/www.kurita.eu\\\/fr\\\/\",\"logo\":{\"@type\":\"ImageObject\",\"inLanguage\":\"es\",\"@id\":\"https:\\\/\\\/www.kurita.eu\\\/fr\\\/#\\\/schema\\\/logo\\\/image\\\/\",\"url\":\"\\\/wp-content\\\/uploads\\\/2025\\\/05\\\/cropped-brand_mark_horizon_blue.png\",\"contentUrl\":\"\\\/wp-content\\\/uploads\\\/2025\\\/05\\\/cropped-brand_mark_horizon_blue.png\",\"width\":712,\"height\":204,\"caption\":\"Kurita Europe\"},\"image\":{\"@id\":\"https:\\\/\\\/www.kurita.eu\\\/fr\\\/#\\\/schema\\\/logo\\\/image\\\/\"},\"sameAs\":[\"https:\\\/\\\/x.com\\\/KuritaGlobal\",\"https:\\\/\\\/www.linkedin.com\\\/company\\\/kurita\\\/\"]}]}<\/script>\n<!-- \/ Yoast SEO plugin. -->","yoast_head_json":{"title":"Monitorizaci\u00f3n online de biofilm | HydroBio Advance | Kurita Europe","description":"HydroBio\u00ae Advance: control de biopel\u00edculas en tiempo real para sistemas de agua, que reduce la corrosi\u00f3n, el uso de biocidas y los costes operativos.","robots":{"index":"index","follow":"follow","max-snippet":"max-snippet:-1","max-image-preview":"max-image-preview:large","max-video-preview":"max-video-preview:-1"},"canonical":"https:\/\/kurita.eu\/es\/solutions\/hydrobio-advance\/","og_locale":"es_ES","og_type":"article","og_title":"HydroBio\u00ae Advance - Kurita Europe","og_description":"HydroBio\u00ae Advance: real-time biofilm monitoring for water systems, reducing corrosion, biocide use, and operational costs.","og_url":"https:\/\/kurita.eu\/es\/solutions\/hydrobio-advance\/","og_site_name":"Kurita Europe","article_modified_time":"2026-01-20T14:19:00+00:00","og_image":[{"width":512,"height":512,"url":"https:\/\/kuritaeuwe-1d317f88af-hmdafwemhrbdfrck.a03.azurefd.net\/wp-content\/uploads\/2025\/07\/kurita-favicon-512x512-1.png","type":"image\/png"}],"twitter_card":"summary_large_image","twitter_site":"@KuritaGlobal","twitter_misc":{"Tiempo de lectura":"5 minutos"},"schema":{"@context":"https:\/\/schema.org","@graph":[{"@type":"WebPage","@id":"https:\/\/kurita.eu\/es\/solutions\/hydrobio-advance\/","url":"https:\/\/kurita.eu\/es\/solutions\/hydrobio-advance\/","name":"Monitorizaci\u00f3n online de biofilm | HydroBio Advance | Kurita Europe","isPartOf":{"@id":"https:\/\/www.kurita.eu\/fr\/#website"},"datePublished":"2025-04-25T07:02:54+00:00","dateModified":"2026-01-20T14:19:00+00:00","description":"HydroBio\u00ae Advance: control de biopel\u00edculas en tiempo real para sistemas de agua, que reduce la corrosi\u00f3n, el uso de biocidas y los costes operativos.","breadcrumb":{"@id":"https:\/\/kurita.eu\/es\/solutions\/hydrobio-advance\/#breadcrumb"},"inLanguage":"es","potentialAction":[{"@type":"ReadAction","target":["https:\/\/kurita.eu\/es\/solutions\/hydrobio-advance\/"]}]},{"@type":"BreadcrumbList","@id":"https:\/\/kurita.eu\/es\/solutions\/hydrobio-advance\/#breadcrumb","itemListElement":[{"@type":"ListItem","position":1,"name":"Home","item":"https:\/\/kuritaeuwe-1d317f88af-hmdafwemhrbdfrck.a03.azurefd.net\/en\/"},{"@type":"ListItem","position":2,"name":"Solutions","item":"https:\/\/www.kurita.eu\/se\/losningar\/"},{"@type":"ListItem","position":3,"name":"HydroBio\u00ae Advance"}]},{"@type":"WebSite","@id":"https:\/\/www.kurita.eu\/fr\/#website","url":"https:\/\/www.kurita.eu\/fr\/","name":"Kurita Europa","description":"Soluciones para el tratamiento del agua","publisher":{"@id":"https:\/\/www.kurita.eu\/fr\/#organization"},"potentialAction":[{"@type":"SearchAction","target":{"@type":"EntryPoint","urlTemplate":"https:\/\/www.kurita.eu\/fr\/?s={search_term_string}"},"query-input":{"@type":"PropertyValueSpecification","valueRequired":true,"valueName":"search_term_string"}}],"inLanguage":"es"},{"@type":"Organization","@id":"https:\/\/www.kurita.eu\/fr\/#organization","name":"Kurita Europa","url":"https:\/\/www.kurita.eu\/fr\/","logo":{"@type":"ImageObject","inLanguage":"es","@id":"https:\/\/www.kurita.eu\/fr\/#\/schema\/logo\/image\/","url":"\/wp-content\/uploads\/2025\/05\/cropped-brand_mark_horizon_blue.png","contentUrl":"\/wp-content\/uploads\/2025\/05\/cropped-brand_mark_horizon_blue.png","width":712,"height":204,"caption":"Kurita Europe"},"image":{"@id":"https:\/\/www.kurita.eu\/fr\/#\/schema\/logo\/image\/"},"sameAs":["https:\/\/x.com\/KuritaGlobal","https:\/\/www.linkedin.com\/company\/kurita\/"]}]}},"_links":{"self":[{"href":"https:\/\/kuritaeuwe-1d317f88af-hmdafwemhrbdfrck.a03.azurefd.net\/es\/wp-json\/wp\/v2\/pages\/14113","targetHints":{"allow":["GET"]}}],"collection":[{"href":"https:\/\/kuritaeuwe-1d317f88af-hmdafwemhrbdfrck.a03.azurefd.net\/es\/wp-json\/wp\/v2\/pages"}],"about":[{"href":"https:\/\/kuritaeuwe-1d317f88af-hmdafwemhrbdfrck.a03.azurefd.net\/es\/wp-json\/wp\/v2\/types\/page"}],"author":[{"embeddable":true,"href":"https:\/\/kuritaeuwe-1d317f88af-hmdafwemhrbdfrck.a03.azurefd.net\/es\/wp-json\/wp\/v2\/users\/2"}],"replies":[{"embeddable":true,"href":"https:\/\/kuritaeuwe-1d317f88af-hmdafwemhrbdfrck.a03.azurefd.net\/es\/wp-json\/wp\/v2\/comments?post=14113"}],"version-history":[{"count":7,"href":"https:\/\/kuritaeuwe-1d317f88af-hmdafwemhrbdfrck.a03.azurefd.net\/es\/wp-json\/wp\/v2\/pages\/14113\/revisions"}],"predecessor-version":[{"id":19291,"href":"https:\/\/kuritaeuwe-1d317f88af-hmdafwemhrbdfrck.a03.azurefd.net\/es\/wp-json\/wp\/v2\/pages\/14113\/revisions\/19291"}],"up":[{"embeddable":true,"href":"https:\/\/kuritaeuwe-1d317f88af-hmdafwemhrbdfrck.a03.azurefd.net\/es\/wp-json\/wp\/v2\/pages\/13875"}],"wp:attachment":[{"href":"https:\/\/kuritaeuwe-1d317f88af-hmdafwemhrbdfrck.a03.azurefd.net\/es\/wp-json\/wp\/v2\/media?parent=14113"}],"curies":[{"name":"wp","href":"https:\/\/api.w.org\/{rel}","templated":true}]}}