{"id":14177,"date":"2025-04-25T07:29:04","date_gmt":"2025-04-25T07:29:04","guid":{"rendered":"https:\/\/kurita-eu-gudza2cjbzfhcwbx.francecentral-01.azurewebsites.net\/?page_id=14177"},"modified":"2026-01-20T16:18:52","modified_gmt":"2026-01-20T16:18:52","slug":"kuriloc-kit","status":"publish","type":"page","link":"https:\/\/kuritaeuwe-1d317f88af-hmdafwemhrbdfrck.a03.azurefd.net\/es\/solutions\/kuriloc-kit\/","title":{"rendered":"Kit KuriLoc"},"content":{"rendered":"<div data-elementor-type=\"wp-page\" data-elementor-id=\"14177\" class=\"elementor elementor-14177\" data-elementor-post-type=\"page\">\n\t\t\t\t\t\t<section class=\"elementor-section elementor-top-section elementor-element elementor-element-454dafdc elementor-section-full_width elementor-section-height-default elementor-section-height-default\" data-id=\"454dafdc\" data-element_type=\"section\" data-e-type=\"section\">\n\t\t\t\t\t\t<div class=\"elementor-container elementor-column-gap-default\">\n\t\t\t\t\t<div class=\"elementor-column elementor-col-100 elementor-top-column elementor-element elementor-element-745955c2\" data-id=\"745955c2\" data-element_type=\"column\" data-e-type=\"column\">\n\t\t\t<div class=\"elementor-widget-wrap elementor-element-populated\">\n\t\t\t\t\t\t<div class=\"elementor-element elementor-element-1b81eb80 elementor--h-position-center elementor--v-position-middle elementor-arrows-position-inside elementor-pagination-position-inside elementor-widget elementor-widget-slides\" data-id=\"1b81eb80\" data-element_type=\"widget\" data-e-type=\"widget\" data-settings=\"{&quot;navigation&quot;:&quot;both&quot;,&quot;autoplay&quot;:&quot;yes&quot;,&quot;pause_on_hover&quot;:&quot;yes&quot;,&quot;pause_on_interaction&quot;:&quot;yes&quot;,&quot;autoplay_speed&quot;:5000,&quot;infinite&quot;:&quot;yes&quot;,&quot;transition&quot;:&quot;slide&quot;,&quot;transition_speed&quot;:500}\" data-widget_type=\"slides.default\">\n\t\t\t\t<div class=\"elementor-widget-container\">\n\t\t\t\t\t\t\t\t\t<div class=\"elementor-swiper\">\n\t\t\t\t\t<div class=\"elementor-slides-wrapper elementor-main-swiper swiper\" role=\"region\" aria-roledescription=\"carousel\" aria-label=\"Diapositivas\" dir=\"ltr\" data-animation=\"fadeInUp\">\n\t\t\t\t<div class=\"swiper-wrapper elementor-slides\">\n\t\t\t\t\t\t\t\t\t\t<div class=\"elementor-repeater-item-4e0b9f7 swiper-slide\" role=\"group\" aria-roledescription=\"slide\"><div class=\"swiper-slide-bg elementor-ken-burns elementor-ken-burns--in\" role=\"img\" aria-label=\"Applications_WaterTreatment-401e7d4b.jpg\"><\/div><div class=\"elementor-background-overlay\"><\/div><div class=\"swiper-slide-inner\" ><div class=\"swiper-slide-contents\"><div class=\"elementor-slide-heading\">Kit KuriLoc <\/div><\/div><\/div><\/div>\t\t\t\t<\/div>\n\t\t\t\t\t\t\t<\/div>\n\t\t\t\t<\/div>\n\t\t\t\t\t\t\t\t<\/div>\n\t\t\t\t<\/div>\n\t\t\t\t\t<\/div>\n\t\t<\/div>\n\t\t\t\t\t<\/div>\n\t\t<\/section>\n\t\t\t\t<section class=\"elementor-section elementor-top-section elementor-element elementor-element-7f504964 elementor-section-boxed elementor-section-height-default elementor-section-height-default\" data-id=\"7f504964\" data-element_type=\"section\" data-e-type=\"section\">\n\t\t\t\t\t\t<div class=\"elementor-container elementor-column-gap-default\">\n\t\t\t\t\t<div class=\"elementor-column elementor-col-66 elementor-top-column elementor-element elementor-element-79a118bf margin-content\" data-id=\"79a118bf\" data-element_type=\"column\" data-e-type=\"column\">\n\t\t\t<div class=\"elementor-widget-wrap elementor-element-populated\">\n\t\t\t\t\t\t<div class=\"elementor-element elementor-element-6fb8e46f elementor-widget elementor-widget-heading\" data-id=\"6fb8e46f\" data-element_type=\"widget\" data-e-type=\"widget\" data-widget_type=\"heading.default\">\n\t\t\t\t<div class=\"elementor-widget-container\">\n\t\t\t\t\t<h1 class=\"elementor-heading-title elementor-size-default\">Kit KuriLoc - Kit de an\u00e1lisis de legionela<\/h1>\t\t\t\t<\/div>\n\t\t\t\t<\/div>\n\t\t\t\t<div class=\"elementor-element elementor-element-42135f59 elementor-invisible elementor-widget elementor-widget-text-editor\" data-id=\"42135f59\" data-element_type=\"widget\" data-e-type=\"widget\" data-settings=\"{&quot;_animation&quot;:&quot;fadeInUp&quot;}\" data-widget_type=\"text-editor.default\">\n\t\t\t\t<div class=\"elementor-widget-container\">\n\t\t\t\t\t\t\t\t\t<p>La legionelosis se descubri\u00f3 a finales de los a\u00f1os 70 tras varios brotes. En los \u00faltimos diez a\u00f1os, las autoridades y los pa\u00edses empezaron a intensificar sus esfuerzos para regular el tema. Pa\u00edses como Espa\u00f1a, Francia, Holanda, Alemania y Reino Unido cuentan con leyes estrictas que obligan a los usuarios finales del agua en instalaciones industriales y municipales a llevar un estrecho control de sus sistemas y aplicaciones. Incluso en los pa\u00edses donde no existen leyes directas sobre la Legionella, hay directrices, normas o buenas pr\u00e1cticas que deben cumplirse. Kurita ha estado siempre un paso por delante en el control de la Legionella y con una larga trayectoria en el campo.<\/p><p>Una de las \u00faltimas innovaciones en el control de la Legionella es el m\u00e9todo de detecci\u00f3n r\u00e1pida:\u00a0<strong>Kit KuriLoc<\/strong>. Este kit de an\u00e1lisis de Legionella ofrece los primeros resultados s\u00f3lo 3 horas despu\u00e9s de la toma de muestras y es altamente espec\u00edfico. La determinaci\u00f3n se realiza espec\u00edficamente por el ARN de Legionella, que se encuentra en la muestra de agua. El ARN s\u00f3lo se encuentra en las c\u00e9lulas vivas en comparaci\u00f3n con el ADN, incluidas las c\u00e9lulas en estado VBNC. El test r\u00e1pido KuriLoc est\u00e1 dise\u00f1ado para la determinaci\u00f3n de Legionella spp. El test r\u00e1pido KuriLoc ya se utiliza en laboratorios acreditados y otros laboratorios y proporciona una visi\u00f3n general de la concentraci\u00f3n de Legionella en pocas horas. De este modo, se puede realizar una evaluaci\u00f3n a tiempo de un tratamiento realizado en sistemas para detectar problemas con Legionella como control interno. Esto aumenta la fiabilidad de los sistemas y minimiza un posible riesgo para la salud de terceros y de sus propios empleados. Adem\u00e1s, el seguimiento de los dep\u00f3sitos microbianos (biopel\u00edcula) en los acu\u00edferos industriales -reproducible, cuantitativo y en tiempo real- es un elemento esencial para el \u00e9xito del control del proceso en lo que respecta a la contaminaci\u00f3n. La detecci\u00f3n y el seguimiento r\u00e1pidos de la microbiolog\u00eda desempe\u00f1an un papel fundamental.\u00a0<strong>Los clientes se benefician de las ventajas del kit de detecci\u00f3n r\u00e1pida KuriLoc, ya sea comprando su propio dispositivo o utilizando los servicios de an\u00e1lisis de legionela de los laboratorios acreditados de Kurita.<\/strong><\/p><p>Nuestro concepto de control de la legionela ofrece un paquete completo para el control, la vigilancia y el tratamiento de la legionela:<\/p><ul><li>Especialistas certificados por la\u00a0<a href=\"http:\/\/www.vdi.eu\/\">VDI<\/a><\/li><li>M\u00e9todos de detecci\u00f3n r\u00e1pida KuriLoc<\/li><li>Servicio de detecci\u00f3n de legionela<\/li><li>Plan de acci\u00f3n<\/li><li>Supervisi\u00f3n\u00a0<a href=\"https:\/\/www.kurita.eu\/en\/solutions\/hydrobio-advance\/\">HydroBio<sup>\u00ae<\/sup>\u00a0Avanzar<\/a><\/li><li>Tecnolog\u00edas y productos\u00a0<a href=\"https:\/\/www.kurita.eu\/solutions\/dilurit-bcs\/\">Dilurit<sup>\u00ae<\/sup>\u00a0Sistema BC S<\/a><\/li><li>Evaluaciones del riesgo de legionela<\/li><li>Procedimiento<\/li><li>Muestreo y an\u00e1lisis<\/li><li>Limpieza y desinfecci\u00f3n<\/li><li>Formaci\u00f3n<\/li><\/ul>\t\t\t\t\t\t\t\t<\/div>\n\t\t\t\t<\/div>\n\t\t\t\t\t<\/div>\n\t\t<\/div>\n\t\t\t\t<div class=\"elementor-column elementor-col-33 elementor-top-column elementor-element elementor-element-2e2bce92 margin-content\" data-id=\"2e2bce92\" data-element_type=\"column\" data-e-type=\"column\">\n\t\t\t<div class=\"elementor-widget-wrap elementor-element-populated\">\n\t\t\t\t\t\t<div class=\"elementor-element elementor-element-7a1d2151 elementor-invisible elementor-widget elementor-widget-image\" data-id=\"7a1d2151\" data-element_type=\"widget\" data-e-type=\"widget\" data-settings=\"{&quot;_animation&quot;:&quot;fadeIn&quot;}\" data-widget_type=\"image.default\">\n\t\t\t\t<div class=\"elementor-widget-container\">\n\t\t\t\t\t\t\t\t\t\t\t\t\t\t\t<img fetchpriority=\"high\" decoding=\"async\" width=\"350\" height=\"197\" src=\"\/wp-content\/uploads\/2025\/04\/Legionella_CMYK_1920x1080-cd1a533b.jpg\" class=\"attachment-large size-large wp-image-14179\" alt=\"\" srcset=\"\/wp-content\/uploads\/2025\/04\/Legionella_CMYK_1920x1080-cd1a533b.jpg 350w, \/wp-content\/uploads\/2025\/04\/Legionella_CMYK_1920x1080-cd1a533b-300x169.jpg 300w\" sizes=\"(max-width: 350px) 100vw, 350px\" data-no-translation=\"\" \/>\t\t\t\t\t\t\t\t\t\t\t\t\t\t\t<\/div>\n\t\t\t\t<\/div>\n\t\t\t\t\t<\/div>\n\t\t<\/div>\n\t\t\t\t\t<\/div>\n\t\t<\/section>\n\t\t\t\t<section class=\"elementor-section elementor-top-section elementor-element elementor-element-4ea0ee7a elementor-section-boxed elementor-section-height-default elementor-section-height-default\" data-id=\"4ea0ee7a\" data-element_type=\"section\" data-e-type=\"section\" data-settings=\"{&quot;background_background&quot;:&quot;classic&quot;}\">\n\t\t\t\t\t\t<div class=\"elementor-container elementor-column-gap-default\">\n\t\t\t\t\t<div class=\"elementor-column elementor-col-100 elementor-top-column elementor-element elementor-element-41876185 margin-content\" data-id=\"41876185\" data-element_type=\"column\" data-e-type=\"column\">\n\t\t\t<div class=\"elementor-widget-wrap elementor-element-populated\">\n\t\t\t\t\t\t<div class=\"elementor-element elementor-element-3338ce7b elementor-widget elementor-widget-heading\" data-id=\"3338ce7b\" data-element_type=\"widget\" data-e-type=\"widget\" data-widget_type=\"heading.default\">\n\t\t\t\t<div class=\"elementor-widget-container\">\n\t\t\t\t\t<h2 class=\"elementor-heading-title elementor-size-default\">Estamos a su servicio<\/h2>\t\t\t\t<\/div>\n\t\t\t\t<\/div>\n\t\t\t\t<div class=\"elementor-element elementor-element-5bc4d54f elementor-widget elementor-widget-html\" data-id=\"5bc4d54f\" data-element_type=\"widget\" data-e-type=\"widget\" data-widget_type=\"html.default\">\n\t\t\t\t<div class=\"elementor-widget-container\">\n\t\t\t\t\t<div\r\n        data-form-id='f4d0a8e4-73ce-ef11-b8e8-000d3ab41b62'\r\n        data-form-api-url='https:\/\/public-eur.mkt.dynamics.com\/api\/v1.0\/orgs\/30cac5a2-33f9-ed11-a66d-000d3a64d748\/landingpageforms'\r\n        data-cached-form-url='https:\/\/assets-eur.mkt.dynamics.com\/30cac5a2-33f9-ed11-a66d-000d3a64d748\/digitalassets\/forms\/f4d0a8e4-73ce-ef11-b8e8-000d3ab41b62' ><\/div>\r\n        <script src = 'https:\/\/cxppusa1formui01cdnsa01-endpoint.azureedge.net\/eur\/FormLoader\/FormLoader.bundle.js' ><\/script>\r\n        <script>document.documentElement.lang = navigator.language;<\/script>\t\t\t\t<\/div>\n\t\t\t\t<\/div>\n\t\t\t\t\t<\/div>\n\t\t<\/div>\n\t\t\t\t\t<\/div>\n\t\t<\/section>\n\t\t\t\t<\/div>","protected":false},"excerpt":{"rendered":"<p>KuriLoc Kit KuriLoc Kit \u2013 Legionella testing kit Legionnaires disease was discovered in the late 70\u2018s after several outbreaks. In the last ten years, the authorities and countries started to intensify their efforts to regulate the topic. Countries like Spain, France, Nederland, Germany and UK have strict laws that force the final users of the [&hellip;]<\/p>\n","protected":false},"author":2,"featured_media":0,"parent":13875,"menu_order":0,"comment_status":"closed","ping_status":"closed","template":"","meta":{"footnotes":""},"class_list":["post-14177","page","type-page","status-publish","hentry"],"yoast_head":"<!-- This site is optimized with the Yoast SEO plugin v27.3 - https:\/\/yoast.com\/product\/yoast-seo-wordpress\/ -->\n<title>KuriLoc Kit - Kurita Europe<\/title>\n<meta name=\"description\" content=\"KuriLoc Kit: rapid Legionella detection. Reliable early insight in hours to guide actions, protect people and ensure compliance.\" \/>\n<meta name=\"robots\" content=\"index, follow, max-snippet:-1, max-image-preview:large, max-video-preview:-1\" \/>\n<link rel=\"canonical\" href=\"https:\/\/www.kurita.eu\/en\/solutions\/kuriloc-kit\/\" \/>\n<meta property=\"og:locale\" content=\"es_ES\" \/>\n<meta property=\"og:type\" content=\"article\" \/>\n<meta property=\"og:title\" content=\"KuriLoc Kit - Kurita Europe\" \/>\n<meta property=\"og:description\" content=\"KuriLoc Kit: rapid Legionella detection. Reliable early insight in hours to guide actions, protect people and ensure compliance.\" \/>\n<meta property=\"og:url\" content=\"https:\/\/www.kurita.eu\/en\/solutions\/kuriloc-kit\/\" \/>\n<meta property=\"og:site_name\" content=\"Kurita Europe\" \/>\n<meta property=\"article:modified_time\" content=\"2026-01-20T16:18:52+00:00\" \/>\n<meta property=\"og:image\" content=\"https:\/\/kuritaeuwe-1d317f88af-hmdafwemhrbdfrck.a03.azurefd.net\/wp-content\/uploads\/2025\/07\/kurita-favicon-512x512-1.png\" \/>\n\t<meta property=\"og:image:width\" content=\"512\" \/>\n\t<meta property=\"og:image:height\" content=\"512\" \/>\n\t<meta property=\"og:image:type\" content=\"image\/png\" \/>\n<meta name=\"twitter:card\" content=\"summary_large_image\" \/>\n<meta name=\"twitter:site\" content=\"@KuritaGlobal\" \/>\n<meta name=\"twitter:label1\" content=\"Tiempo de lectura\" \/>\n\t<meta name=\"twitter:data1\" content=\"2 minutos\" \/>\n<script type=\"application\/ld+json\" class=\"yoast-schema-graph\">{\"@context\":\"https:\\\/\\\/schema.org\",\"@graph\":[{\"@type\":\"WebPage\",\"@id\":\"https:\\\/\\\/www.kurita.eu\\\/en\\\/solutions\\\/kuriloc-kit\\\/\",\"url\":\"https:\\\/\\\/www.kurita.eu\\\/en\\\/solutions\\\/kuriloc-kit\\\/\",\"name\":\"KuriLoc Kit - Kurita Europe\",\"isPartOf\":{\"@id\":\"https:\\\/\\\/www.kurita.eu\\\/fr\\\/#website\"},\"datePublished\":\"2025-04-25T07:29:04+00:00\",\"dateModified\":\"2026-01-20T16:18:52+00:00\",\"description\":\"KuriLoc Kit: rapid Legionella detection. Reliable early insight in hours to guide actions, protect people and ensure compliance.\",\"breadcrumb\":{\"@id\":\"https:\\\/\\\/www.kurita.eu\\\/en\\\/solutions\\\/kuriloc-kit\\\/#breadcrumb\"},\"inLanguage\":\"es\",\"potentialAction\":[{\"@type\":\"ReadAction\",\"target\":[\"https:\\\/\\\/www.kurita.eu\\\/en\\\/solutions\\\/kuriloc-kit\\\/\"]}]},{\"@type\":\"BreadcrumbList\",\"@id\":\"https:\\\/\\\/www.kurita.eu\\\/en\\\/solutions\\\/kuriloc-kit\\\/#breadcrumb\",\"itemListElement\":[{\"@type\":\"ListItem\",\"position\":1,\"name\":\"Home\",\"item\":\"https:\\\/\\\/kuritaeuwe-1d317f88af-hmdafwemhrbdfrck.a03.azurefd.net\\\/en\\\/\"},{\"@type\":\"ListItem\",\"position\":2,\"name\":\"Solutions\",\"item\":\"https:\\\/\\\/www.kurita.eu\\\/en\\\/solutions\\\/\"},{\"@type\":\"ListItem\",\"position\":3,\"name\":\"KuriLoc Kit\"}]},{\"@type\":\"WebSite\",\"@id\":\"https:\\\/\\\/www.kurita.eu\\\/fr\\\/#website\",\"url\":\"https:\\\/\\\/www.kurita.eu\\\/fr\\\/\",\"name\":\"Kurita Europe\",\"description\":\"Water Treatment Solutions\",\"publisher\":{\"@id\":\"https:\\\/\\\/www.kurita.eu\\\/fr\\\/#organization\"},\"potentialAction\":[{\"@type\":\"SearchAction\",\"target\":{\"@type\":\"EntryPoint\",\"urlTemplate\":\"https:\\\/\\\/www.kurita.eu\\\/fr\\\/?s={search_term_string}\"},\"query-input\":{\"@type\":\"PropertyValueSpecification\",\"valueRequired\":true,\"valueName\":\"search_term_string\"}}],\"inLanguage\":\"es\"},{\"@type\":\"Organization\",\"@id\":\"https:\\\/\\\/www.kurita.eu\\\/fr\\\/#organization\",\"name\":\"Kurita Europe\",\"url\":\"https:\\\/\\\/www.kurita.eu\\\/fr\\\/\",\"logo\":{\"@type\":\"ImageObject\",\"inLanguage\":\"es\",\"@id\":\"https:\\\/\\\/www.kurita.eu\\\/fr\\\/#\\\/schema\\\/logo\\\/image\\\/\",\"url\":\"\\\/wp-content\\\/uploads\\\/2025\\\/05\\\/cropped-brand_mark_horizon_blue.png\",\"contentUrl\":\"\\\/wp-content\\\/uploads\\\/2025\\\/05\\\/cropped-brand_mark_horizon_blue.png\",\"width\":712,\"height\":204,\"caption\":\"Kurita Europe\"},\"image\":{\"@id\":\"https:\\\/\\\/www.kurita.eu\\\/fr\\\/#\\\/schema\\\/logo\\\/image\\\/\"},\"sameAs\":[\"https:\\\/\\\/x.com\\\/KuritaGlobal\",\"https:\\\/\\\/www.linkedin.com\\\/company\\\/kurita\\\/\"]}]}<\/script>\n<!-- \/ Yoast SEO plugin. -->","yoast_head_json":{"title":"Kit de an\u00e1lisis de legionela | Kurita Europe","description":"Kit KuriLoc: detecci\u00f3n r\u00e1pida de legionela. Una visi\u00f3n temprana fiable en cuesti\u00f3n de horas para orientar las acciones, proteger a las personas y garantizar el cumplimiento.","robots":{"index":"index","follow":"follow","max-snippet":"max-snippet:-1","max-image-preview":"max-image-preview:large","max-video-preview":"max-video-preview:-1"},"canonical":"https:\/\/www.kurita.eu\/en\/solutions\/kuriloc-kit\/","og_locale":"es_ES","og_type":"article","og_title":"KuriLoc Kit - Kurita Europe","og_description":"KuriLoc Kit: rapid Legionella detection. Reliable early insight in hours to guide actions, protect people and ensure compliance.","og_url":"https:\/\/www.kurita.eu\/en\/solutions\/kuriloc-kit\/","og_site_name":"Kurita Europe","article_modified_time":"2026-01-20T16:18:52+00:00","og_image":[{"width":512,"height":512,"url":"https:\/\/kuritaeuwe-1d317f88af-hmdafwemhrbdfrck.a03.azurefd.net\/wp-content\/uploads\/2025\/07\/kurita-favicon-512x512-1.png","type":"image\/png"}],"twitter_card":"summary_large_image","twitter_site":"@KuritaGlobal","twitter_misc":{"Tiempo de lectura":"2 minutos"},"schema":{"@context":"https:\/\/schema.org","@graph":[{"@type":"WebPage","@id":"https:\/\/www.kurita.eu\/en\/solutions\/kuriloc-kit\/","url":"https:\/\/www.kurita.eu\/en\/solutions\/kuriloc-kit\/","name":"Kit de an\u00e1lisis de legionela | Kurita Europe","isPartOf":{"@id":"https:\/\/www.kurita.eu\/fr\/#website"},"datePublished":"2025-04-25T07:29:04+00:00","dateModified":"2026-01-20T16:18:52+00:00","description":"Kit KuriLoc: detecci\u00f3n r\u00e1pida de legionela. Una visi\u00f3n temprana fiable en cuesti\u00f3n de horas para orientar las acciones, proteger a las personas y garantizar el cumplimiento.","breadcrumb":{"@id":"https:\/\/www.kurita.eu\/en\/solutions\/kuriloc-kit\/#breadcrumb"},"inLanguage":"es","potentialAction":[{"@type":"ReadAction","target":["https:\/\/www.kurita.eu\/en\/solutions\/kuriloc-kit\/"]}]},{"@type":"BreadcrumbList","@id":"https:\/\/www.kurita.eu\/en\/solutions\/kuriloc-kit\/#breadcrumb","itemListElement":[{"@type":"ListItem","position":1,"name":"Home","item":"https:\/\/kuritaeuwe-1d317f88af-hmdafwemhrbdfrck.a03.azurefd.net\/en\/"},{"@type":"ListItem","position":2,"name":"Solutions","item":"https:\/\/www.kurita.eu\/en\/solutions\/"},{"@type":"ListItem","position":3,"name":"KuriLoc Kit"}]},{"@type":"WebSite","@id":"https:\/\/www.kurita.eu\/fr\/#website","url":"https:\/\/www.kurita.eu\/fr\/","name":"Kurita Europa","description":"Soluciones para el tratamiento del agua","publisher":{"@id":"https:\/\/www.kurita.eu\/fr\/#organization"},"potentialAction":[{"@type":"SearchAction","target":{"@type":"EntryPoint","urlTemplate":"https:\/\/www.kurita.eu\/fr\/?s={search_term_string}"},"query-input":{"@type":"PropertyValueSpecification","valueRequired":true,"valueName":"search_term_string"}}],"inLanguage":"es"},{"@type":"Organization","@id":"https:\/\/www.kurita.eu\/fr\/#organization","name":"Kurita Europa","url":"https:\/\/www.kurita.eu\/fr\/","logo":{"@type":"ImageObject","inLanguage":"es","@id":"https:\/\/www.kurita.eu\/fr\/#\/schema\/logo\/image\/","url":"\/wp-content\/uploads\/2025\/05\/cropped-brand_mark_horizon_blue.png","contentUrl":"\/wp-content\/uploads\/2025\/05\/cropped-brand_mark_horizon_blue.png","width":712,"height":204,"caption":"Kurita Europe"},"image":{"@id":"https:\/\/www.kurita.eu\/fr\/#\/schema\/logo\/image\/"},"sameAs":["https:\/\/x.com\/KuritaGlobal","https:\/\/www.linkedin.com\/company\/kurita\/"]}]}},"_links":{"self":[{"href":"https:\/\/kuritaeuwe-1d317f88af-hmdafwemhrbdfrck.a03.azurefd.net\/es\/wp-json\/wp\/v2\/pages\/14177","targetHints":{"allow":["GET"]}}],"collection":[{"href":"https:\/\/kuritaeuwe-1d317f88af-hmdafwemhrbdfrck.a03.azurefd.net\/es\/wp-json\/wp\/v2\/pages"}],"about":[{"href":"https:\/\/kuritaeuwe-1d317f88af-hmdafwemhrbdfrck.a03.azurefd.net\/es\/wp-json\/wp\/v2\/types\/page"}],"author":[{"embeddable":true,"href":"https:\/\/kuritaeuwe-1d317f88af-hmdafwemhrbdfrck.a03.azurefd.net\/es\/wp-json\/wp\/v2\/users\/2"}],"replies":[{"embeddable":true,"href":"https:\/\/kuritaeuwe-1d317f88af-hmdafwemhrbdfrck.a03.azurefd.net\/es\/wp-json\/wp\/v2\/comments?post=14177"}],"version-history":[{"count":10,"href":"https:\/\/kuritaeuwe-1d317f88af-hmdafwemhrbdfrck.a03.azurefd.net\/es\/wp-json\/wp\/v2\/pages\/14177\/revisions"}],"predecessor-version":[{"id":19355,"href":"https:\/\/kuritaeuwe-1d317f88af-hmdafwemhrbdfrck.a03.azurefd.net\/es\/wp-json\/wp\/v2\/pages\/14177\/revisions\/19355"}],"up":[{"embeddable":true,"href":"https:\/\/kuritaeuwe-1d317f88af-hmdafwemhrbdfrck.a03.azurefd.net\/es\/wp-json\/wp\/v2\/pages\/13875"}],"wp:attachment":[{"href":"https:\/\/kuritaeuwe-1d317f88af-hmdafwemhrbdfrck.a03.azurefd.net\/es\/wp-json\/wp\/v2\/media?parent=14177"}],"curies":[{"name":"wp","href":"https:\/\/api.w.org\/{rel}","templated":true}]}}