{"id":14259,"date":"2025-04-25T08:01:07","date_gmt":"2025-04-25T08:01:07","guid":{"rendered":"https:\/\/kurita-eu-gudza2cjbzfhcwbx.francecentral-01.azurewebsites.net\/?page_id=14259"},"modified":"2026-01-20T16:28:43","modified_gmt":"2026-01-20T16:28:43","slug":"kuriverter-rc","status":"publish","type":"page","link":"https:\/\/kuritaeuwe-1d317f88af-hmdafwemhrbdfrck.a03.azurefd.net\/es\/solutions\/kuriverter-rc\/","title":{"rendered":"Kuriverter\u00ae RC"},"content":{"rendered":"<div data-elementor-type=\"wp-page\" data-elementor-id=\"14259\" class=\"elementor elementor-14259\" data-elementor-post-type=\"page\">\n\t\t\t\t\t\t<section class=\"elementor-section elementor-top-section elementor-element elementor-element-4f2780b7 elementor-section-full_width elementor-section-height-default elementor-section-height-default\" data-id=\"4f2780b7\" data-element_type=\"section\" data-e-type=\"section\">\n\t\t\t\t\t\t<div class=\"elementor-container elementor-column-gap-default\">\n\t\t\t\t\t<div class=\"elementor-column elementor-col-100 elementor-top-column elementor-element elementor-element-7e809e46\" data-id=\"7e809e46\" data-element_type=\"column\" data-e-type=\"column\">\n\t\t\t<div class=\"elementor-widget-wrap elementor-element-populated\">\n\t\t\t\t\t\t<div class=\"elementor-element elementor-element-4a1bccb2 elementor--h-position-center elementor--v-position-middle elementor-arrows-position-inside elementor-pagination-position-inside elementor-widget elementor-widget-slides\" data-id=\"4a1bccb2\" data-element_type=\"widget\" data-e-type=\"widget\" data-settings=\"{&quot;navigation&quot;:&quot;both&quot;,&quot;autoplay&quot;:&quot;yes&quot;,&quot;pause_on_hover&quot;:&quot;yes&quot;,&quot;pause_on_interaction&quot;:&quot;yes&quot;,&quot;autoplay_speed&quot;:5000,&quot;infinite&quot;:&quot;yes&quot;,&quot;transition&quot;:&quot;slide&quot;,&quot;transition_speed&quot;:500}\" data-widget_type=\"slides.default\">\n\t\t\t\t<div class=\"elementor-widget-container\">\n\t\t\t\t\t\t\t\t\t<div class=\"elementor-swiper\">\n\t\t\t\t\t<div class=\"elementor-slides-wrapper elementor-main-swiper swiper\" role=\"region\" aria-roledescription=\"carousel\" aria-label=\"Diapositivas\" dir=\"ltr\" data-animation=\"fadeInUp\">\n\t\t\t\t<div class=\"swiper-wrapper elementor-slides\">\n\t\t\t\t\t\t\t\t\t\t<div class=\"elementor-repeater-item-4e0b9f7 swiper-slide\" role=\"group\" aria-roledescription=\"slide\"><div class=\"swiper-slide-bg elementor-ken-burns elementor-ken-burns--in\" role=\"img\" aria-label=\"Kuriverter-14299ba0-1.png\"><\/div><div class=\"elementor-background-overlay\"><\/div><div class=\"swiper-slide-inner\" ><div class=\"swiper-slide-contents\"><h1 class=\"elementor-slide-heading\">Kuriverter\u00ae RC<\/h1><\/div><\/div><\/div>\t\t\t\t<\/div>\n\t\t\t\t\t\t\t<\/div>\n\t\t\t\t<\/div>\n\t\t\t\t\t\t\t\t<\/div>\n\t\t\t\t<\/div>\n\t\t\t\t\t<\/div>\n\t\t<\/div>\n\t\t\t\t\t<\/div>\n\t\t<\/section>\n\t\t\t\t<section class=\"elementor-section elementor-top-section elementor-element elementor-element-196327a4 elementor-section-boxed elementor-section-height-default elementor-section-height-default\" data-id=\"196327a4\" data-element_type=\"section\" data-e-type=\"section\">\n\t\t\t\t\t\t<div class=\"elementor-container elementor-column-gap-default\">\n\t\t\t\t\t<div class=\"elementor-column elementor-col-66 elementor-top-column elementor-element elementor-element-3fedc7e6 margin-content\" data-id=\"3fedc7e6\" data-element_type=\"column\" data-e-type=\"column\">\n\t\t\t<div class=\"elementor-widget-wrap elementor-element-populated\">\n\t\t\t\t\t\t<div class=\"elementor-element elementor-element-48e55468 elementor-widget elementor-widget-heading\" data-id=\"48e55468\" data-element_type=\"widget\" data-e-type=\"widget\" data-widget_type=\"heading.default\">\n\t\t\t\t<div class=\"elementor-widget-container\">\n\t\t\t\t\t<h2 class=\"elementor-heading-title elementor-size-default\">Evite la sustituci\u00f3n de la membrana de \u00f3smosis inversa utilizando Kuriverter\u00ae RC.\n<\/h2>\t\t\t\t<\/div>\n\t\t\t\t<\/div>\n\t\t\t\t<div class=\"elementor-element elementor-element-179a455b elementor-invisible elementor-widget elementor-widget-text-editor\" data-id=\"179a455b\" data-element_type=\"widget\" data-e-type=\"widget\" data-settings=\"{&quot;_animation&quot;:&quot;fadeInUp&quot;}\" data-widget_type=\"text-editor.default\">\n\t\t\t\t<div class=\"elementor-widget-container\">\n\t\t\t\t\t\t\t\t\t<p>Las aplicaciones que utilizan tecnolog\u00edas de membranas de \u00f3smosis inversa est\u00e1n presentes en todas partes de nuestras vidas: desde min\u00fasculas unidades bajo el mostrador que pulen nuestra agua potable, pasando por unidades industriales que preparan agua para procesos o purifican efluentes para su reutilizaci\u00f3n, hasta enormes plantas desalinizadoras de agua de mar que producen miles de m\u00b3 de agua potable y de riego cada d\u00eda. La \u00f3smosis inversa utilizada en esta tecnolog\u00eda se enfrenta a muchos problemas potenciales, como incrustaciones y dep\u00f3sitos, bioincrustaciones, tensiones f\u00edsicas y da\u00f1os qu\u00edmicos. Para muchos de estos problemas hemos desarrollado soluciones preventivas en forma de pretratamiento, antiincrustantes, dispersantes, biocidas y mejores procedimientos operativos.<\/p><p>La gama de productos de \u00f3smosis inversa Kurita y sus productos son compatibles con las membranas y est\u00e1n acreditados con cartas de compatibilidad de las empresas fabricantes de membranas m\u00e1s conocidas en todo el mundo.<\/p><p>Aunque se utilicen los productos adecuados, el trabajo diario no est\u00e1 exento de incidentes. La sobredosificaci\u00f3n de algunos productos qu\u00edmicos, la interrupci\u00f3n de los agentes neutralizantes, la rotura de las bombas, un mal c\u00e1lculo de la mano de obra, etc... pueden hacer que los sistemas de \u00f3smosis inversa sufran da\u00f1os qu\u00edmicos u oxidaci\u00f3n con el consiguiente aumento del paso de sales, p\u00e9rdida de rendimiento y problemas de producci\u00f3n. La soluci\u00f3n m\u00e1s r\u00e1pida y com\u00fan en estos casos es la sustituci\u00f3n de la membrana para evitar p\u00e9rdidas de producci\u00f3n a largo plazo pero, por supuesto, eso supone un elevado coste econ\u00f3mico, especialmente en las grandes plantas de \u00f3smosis inversa.<\/p><p>Pero ahora existe una alternativa para los clientes de Kurita que ayuda a mantener la membrana sin perder rendimiento: La tecnolog\u00eda Kuriverter\u00ae RC de Kurita. Esta tecnolog\u00eda permite rejuvenecer la membrana, restaurar el rechazo de sales y posponer el cambio de membrana hasta que est\u00e9 presupuestado y sea conveniente. Todo ello a una fracci\u00f3n del coste de sustituci\u00f3n mediante un proceso CIP de f\u00e1cil aplicaci\u00f3n.<\/p>\t\t\t\t\t\t\t\t<\/div>\n\t\t\t\t<\/div>\n\t\t\t\t\t<\/div>\n\t\t<\/div>\n\t\t\t\t<div class=\"elementor-column elementor-col-33 elementor-top-column elementor-element elementor-element-3431d06d margin-content\" data-id=\"3431d06d\" data-element_type=\"column\" data-e-type=\"column\">\n\t\t\t<div class=\"elementor-widget-wrap elementor-element-populated\">\n\t\t\t\t\t\t<div class=\"elementor-element elementor-element-3517d80f elementor-invisible elementor-widget elementor-widget-image\" data-id=\"3517d80f\" data-element_type=\"widget\" data-e-type=\"widget\" data-settings=\"{&quot;_animation&quot;:&quot;fadeIn&quot;}\" data-widget_type=\"image.default\">\n\t\t\t\t<div class=\"elementor-widget-container\">\n\t\t\t\t\t\t\t\t\t\t\t\t\t\t\t<img fetchpriority=\"high\" decoding=\"async\" width=\"350\" height=\"299\" src=\"\/wp-content\/uploads\/2025\/04\/Stamp-Kurita-PATENTED-SOLUTION-0e304df3.png\" class=\"attachment-large size-large wp-image-12806\" alt=\"\" srcset=\"\/wp-content\/uploads\/2025\/04\/Stamp-Kurita-PATENTED-SOLUTION-0e304df3.png 350w, \/wp-content\/uploads\/2025\/04\/Stamp-Kurita-PATENTED-SOLUTION-0e304df3-300x256.png 300w\" sizes=\"(max-width: 350px) 100vw, 350px\" data-no-translation=\"\" \/>\t\t\t\t\t\t\t\t\t\t\t\t\t\t\t<\/div>\n\t\t\t\t<\/div>\n\t\t\t\t\t<\/div>\n\t\t<\/div>\n\t\t\t\t\t<\/div>\n\t\t<\/section>\n\t\t\t\t<section class=\"elementor-section elementor-top-section elementor-element elementor-element-3e203dab elementor-section-boxed elementor-section-height-default elementor-section-height-default\" data-id=\"3e203dab\" data-element_type=\"section\" data-e-type=\"section\" data-settings=\"{&quot;background_background&quot;:&quot;classic&quot;}\">\n\t\t\t\t\t\t<div class=\"elementor-container elementor-column-gap-default\">\n\t\t\t\t\t<div class=\"elementor-column elementor-col-50 elementor-top-column elementor-element elementor-element-2f052e1a margin-content\" data-id=\"2f052e1a\" data-element_type=\"column\" data-e-type=\"column\">\n\t\t\t<div class=\"elementor-widget-wrap elementor-element-populated\">\n\t\t\t\t\t\t<div class=\"elementor-element elementor-element-4a1d8c3e elementor-widget elementor-widget-heading\" data-id=\"4a1d8c3e\" data-element_type=\"widget\" data-e-type=\"widget\" data-widget_type=\"heading.default\">\n\t\t\t\t<div class=\"elementor-widget-container\">\n\t\t\t\t\t<h4 class=\"elementor-heading-title elementor-size-default\">Los beneficios incluyen:\n<\/h4>\t\t\t\t<\/div>\n\t\t\t\t<\/div>\n\t\t\t\t<div class=\"elementor-element elementor-element-260bc15d elementor-invisible elementor-widget elementor-widget-text-editor\" data-id=\"260bc15d\" data-element_type=\"widget\" data-e-type=\"widget\" data-settings=\"{&quot;_animation&quot;:&quot;fadeIn&quot;}\" data-widget_type=\"text-editor.default\">\n\t\t\t\t<div class=\"elementor-widget-container\">\n\t\t\t\t\t\t\t\t\t<ul><li>FDA segura y\u00a0<a href=\"http:\/\/www.nsf.org\/\">NSF<\/a>\u00a0componentes homologados<\/li><li>Aplicaci\u00f3n est\u00e1ndar del proceso PIC<\/li><li>La soluci\u00f3n inmediata para restablecer la calidad del permeado<\/li><li>Bajo coste en comparaci\u00f3n con la sustituci\u00f3n<\/li><li>Permite planificar y presupuestar la eventual sustituci\u00f3n de la membrana<\/li><\/ul>\t\t\t\t\t\t\t\t<\/div>\n\t\t\t\t<\/div>\n\t\t\t\t<div class=\"elementor-element elementor-element-397b8f22 elementor-widget elementor-widget-text-editor\" data-id=\"397b8f22\" data-element_type=\"widget\" data-e-type=\"widget\" data-widget_type=\"text-editor.default\">\n\t\t\t\t<div class=\"elementor-widget-container\">\n\t\t\t\t\t\t\t\t\t<p>La tecnolog\u00eda Kuriverter\u00ae RC proporciona al operador de la planta de membranas otra herramienta para reducir el riesgo y mejorar el rendimiento de la planta, manteniendo el flujo de permeado original y el rechazo de sales.<\/p><p>El funcionamiento de una planta de membranas es un proceso secuencial en el que cada paso tiene requisitos espec\u00edficos para un funcionamiento eficiente, y la falta de control en un paso repercute significativamente en el siguiente. Con m\u00e1s de 60 a\u00f1os de experiencia, Kurita ofrece soluciones para cada uno de estos pasos del proceso que prolongar\u00e1n la vida \u00fatil de la planta y reducir\u00e1n el coste total de operaci\u00f3n.<\/p><p>Todos los componentes de Kuriverter\u00ae RC cumplen los requisitos de la FDA en materia de productos qu\u00edmicos aptos para el consumo humano.<\/p><p>Kuriverter\u00ae RC es\u00a0<a href=\"http:\/\/www.nsf.org\/\">NSF<\/a>\u00a0\/ ANSI 60 certificado para su uso en plantas de membrana que producen agua potable.<\/p>\t\t\t\t\t\t\t\t<\/div>\n\t\t\t\t<\/div>\n\t\t\t\t\t<\/div>\n\t\t<\/div>\n\t\t\t\t<div class=\"elementor-column elementor-col-50 elementor-top-column elementor-element elementor-element-6be3b973\" data-id=\"6be3b973\" data-element_type=\"column\" data-e-type=\"column\">\n\t\t\t<div class=\"elementor-widget-wrap elementor-element-populated\">\n\t\t\t\t\t\t<div class=\"elementor-element elementor-element-38679733 margin-content elementor-widget elementor-widget-image\" data-id=\"38679733\" data-element_type=\"widget\" data-e-type=\"widget\" data-widget_type=\"image.default\">\n\t\t\t\t<div class=\"elementor-widget-container\">\n\t\t\t\t\t\t\t\t\t\t\t\t\t\t\t<img decoding=\"async\" width=\"350\" height=\"232\" src=\"\/wp-content\/uploads\/2025\/04\/Innovations_Kuriverter-RC-40843c14.jpg\" class=\"attachment-large size-large wp-image-14262\" alt=\"\" srcset=\"\/wp-content\/uploads\/2025\/04\/Innovations_Kuriverter-RC-40843c14.jpg 350w, \/wp-content\/uploads\/2025\/04\/Innovations_Kuriverter-RC-40843c14-300x199.jpg 300w\" sizes=\"(max-width: 350px) 100vw, 350px\" data-no-translation=\"\" \/>\t\t\t\t\t\t\t\t\t\t\t\t\t\t\t<\/div>\n\t\t\t\t<\/div>\n\t\t\t\t\t<\/div>\n\t\t<\/div>\n\t\t\t\t\t<\/div>\n\t\t<\/section>\n\t\t\t\t<section class=\"elementor-section elementor-top-section elementor-element elementor-element-373089d8 elementor-section-boxed elementor-section-height-default elementor-section-height-default\" data-id=\"373089d8\" data-element_type=\"section\" data-e-type=\"section\" data-settings=\"{&quot;background_background&quot;:&quot;classic&quot;}\">\n\t\t\t\t\t\t<div class=\"elementor-container elementor-column-gap-default\">\n\t\t\t\t\t<div class=\"elementor-column elementor-col-100 elementor-top-column elementor-element elementor-element-78a2b396 margin-content\" data-id=\"78a2b396\" data-element_type=\"column\" data-e-type=\"column\">\n\t\t\t<div class=\"elementor-widget-wrap elementor-element-populated\">\n\t\t\t\t\t\t<div class=\"elementor-element elementor-element-588dcf26 elementor-widget elementor-widget-heading\" data-id=\"588dcf26\" data-element_type=\"widget\" data-e-type=\"widget\" data-widget_type=\"heading.default\">\n\t\t\t\t<div class=\"elementor-widget-container\">\n\t\t\t\t\t<h4 class=\"elementor-heading-title elementor-size-default\">Prueba de laboratorio<\/h4>\t\t\t\t<\/div>\n\t\t\t\t<\/div>\n\t\t\t\t<div class=\"elementor-element elementor-element-3ed76b43 elementor-widget elementor-widget-video\" data-id=\"3ed76b43\" data-element_type=\"widget\" data-e-type=\"widget\" data-settings=\"{&quot;youtube_url&quot;:&quot;https:\\\/\\\/www.youtube.com\\\/watch?v=Vqjw4wDwi4Y&amp;t&quot;,&quot;video_type&quot;:&quot;youtube&quot;,&quot;controls&quot;:&quot;yes&quot;}\" data-widget_type=\"video.default\">\n\t\t\t\t<div class=\"elementor-widget-container\">\n\t\t\t\t\t\t\t<div class=\"elementor-wrapper elementor-open-inline\">\n\t\t\t<div class=\"elementor-video\"><\/div>\t\t<\/div>\n\t\t\t\t\t\t<\/div>\n\t\t\t\t<\/div>\n\t\t\t\t\t<\/div>\n\t\t<\/div>\n\t\t\t\t\t<\/div>\n\t\t<\/section>\n\t\t\t\t<section class=\"elementor-section elementor-top-section elementor-element elementor-element-3dd265ea elementor-section-boxed elementor-section-height-default elementor-section-height-default\" data-id=\"3dd265ea\" data-element_type=\"section\" data-e-type=\"section\" data-settings=\"{&quot;background_background&quot;:&quot;classic&quot;}\">\n\t\t\t\t\t\t<div class=\"elementor-container elementor-column-gap-default\">\n\t\t\t\t\t<div class=\"elementor-column elementor-col-100 elementor-top-column elementor-element elementor-element-57eaabdf margin-content\" data-id=\"57eaabdf\" data-element_type=\"column\" data-e-type=\"column\">\n\t\t\t<div class=\"elementor-widget-wrap elementor-element-populated\">\n\t\t\t\t\t\t<div class=\"elementor-element elementor-element-56d5b128 elementor-widget elementor-widget-heading\" data-id=\"56d5b128\" data-element_type=\"widget\" data-e-type=\"widget\" data-widget_type=\"heading.default\">\n\t\t\t\t<div class=\"elementor-widget-container\">\n\t\t\t\t\t<h2 class=\"elementor-heading-title elementor-size-default\">Estamos a su servicio<\/h2>\t\t\t\t<\/div>\n\t\t\t\t<\/div>\n\t\t\t\t<div class=\"elementor-element elementor-element-e76bb06 elementor-widget elementor-widget-html\" data-id=\"e76bb06\" data-element_type=\"widget\" data-e-type=\"widget\" data-widget_type=\"html.default\">\n\t\t\t\t<div class=\"elementor-widget-container\">\n\t\t\t\t\t<div\r\n        data-form-id='f4d0a8e4-73ce-ef11-b8e8-000d3ab41b62'\r\n        data-form-api-url='https:\/\/public-eur.mkt.dynamics.com\/api\/v1.0\/orgs\/30cac5a2-33f9-ed11-a66d-000d3a64d748\/landingpageforms'\r\n        data-cached-form-url='https:\/\/assets-eur.mkt.dynamics.com\/30cac5a2-33f9-ed11-a66d-000d3a64d748\/digitalassets\/forms\/f4d0a8e4-73ce-ef11-b8e8-000d3ab41b62' ><\/div>\r\n        <script src = 'https:\/\/cxppusa1formui01cdnsa01-endpoint.azureedge.net\/eur\/FormLoader\/FormLoader.bundle.js' ><\/script>\r\n        <script>document.documentElement.lang = navigator.language;<\/script>\t\t\t\t<\/div>\n\t\t\t\t<\/div>\n\t\t\t\t\t<\/div>\n\t\t<\/div>\n\t\t\t\t\t<\/div>\n\t\t<\/section>\n\t\t\t\t<\/div>","protected":false},"excerpt":{"rendered":"<p>Kuriverter\u00ae RC Avoid RO membrane replacement by using Kuriverter\u00ae RC. Applications using Reverse Osmosis membrane technologies are everywhere in our lives: from tiny under counter units polishing our drinking water through industrial units preparing water for processes or purifying effluents for reuse, and massive seawater desalination plants producing thousands of m\u00b3 of drinking and irrigation [&hellip;]<\/p>\n","protected":false},"author":2,"featured_media":0,"parent":13875,"menu_order":0,"comment_status":"closed","ping_status":"closed","template":"","meta":{"footnotes":""},"class_list":["post-14259","page","type-page","status-publish","hentry"],"yoast_head":"<!-- This site is optimized with the Yoast SEO plugin v27.3 - https:\/\/yoast.com\/product\/yoast-seo-wordpress\/ -->\n<title>Kuriverter\u00ae RC - Kurita Europe<\/title>\n<meta name=\"description\" content=\"Kuriverter RC membrane rejuvenation: restore RO salt rejection via standard CIP, postpone replacements and cut OPEX using NSF\/FDA\u2011compliant chemistry.\" \/>\n<meta name=\"robots\" content=\"index, follow, max-snippet:-1, max-image-preview:large, max-video-preview:-1\" \/>\n<link rel=\"canonical\" href=\"https:\/\/kurita.eu\/pt\/solutions\/kuriverter-rc\/\" \/>\n<meta property=\"og:locale\" content=\"es_ES\" \/>\n<meta property=\"og:type\" content=\"article\" \/>\n<meta property=\"og:title\" content=\"Kuriverter\u00ae RC - Kurita Europe\" \/>\n<meta property=\"og:description\" content=\"Kuriverter RC membrane rejuvenation: restore RO salt rejection via standard CIP, postpone replacements and cut OPEX using NSF\/FDA\u2011compliant chemistry.\" \/>\n<meta property=\"og:url\" content=\"https:\/\/kurita.eu\/pt\/solutions\/kuriverter-rc\/\" \/>\n<meta property=\"og:site_name\" content=\"Kurita Europe\" \/>\n<meta property=\"article:modified_time\" content=\"2026-01-20T16:28:43+00:00\" \/>\n<meta property=\"og:image\" content=\"https:\/\/kuritaeuwe-1d317f88af-hmdafwemhrbdfrck.a03.azurefd.net\/wp-content\/uploads\/2025\/07\/kurita-favicon-512x512-1.png\" \/>\n\t<meta property=\"og:image:width\" content=\"512\" \/>\n\t<meta property=\"og:image:height\" content=\"512\" \/>\n\t<meta property=\"og:image:type\" content=\"image\/png\" \/>\n<meta name=\"twitter:card\" content=\"summary_large_image\" \/>\n<meta name=\"twitter:site\" content=\"@KuritaGlobal\" \/>\n<meta name=\"twitter:label1\" content=\"Tiempo de lectura\" \/>\n\t<meta name=\"twitter:data1\" content=\"3 minutos\" \/>\n<script type=\"application\/ld+json\" class=\"yoast-schema-graph\">{\"@context\":\"https:\\\/\\\/schema.org\",\"@graph\":[{\"@type\":\"WebPage\",\"@id\":\"https:\\\/\\\/kurita.eu\\\/pt\\\/solutions\\\/kuriverter-rc\\\/\",\"url\":\"https:\\\/\\\/kurita.eu\\\/pt\\\/solutions\\\/kuriverter-rc\\\/\",\"name\":\"Kuriverter\u00ae RC - Kurita Europe\",\"isPartOf\":{\"@id\":\"https:\\\/\\\/kuritaeuwe-1d317f88af-hmdafwemhrbdfrck.a03.azurefd.net\\\/it\\\/#website\"},\"datePublished\":\"2025-04-25T08:01:07+00:00\",\"dateModified\":\"2026-01-20T16:28:43+00:00\",\"description\":\"Kuriverter RC membrane rejuvenation: restore RO salt rejection via standard CIP, postpone replacements and cut OPEX using NSF\\\/FDA\u2011compliant chemistry.\",\"breadcrumb\":{\"@id\":\"https:\\\/\\\/kurita.eu\\\/pt\\\/solutions\\\/kuriverter-rc\\\/#breadcrumb\"},\"inLanguage\":\"es\",\"potentialAction\":[{\"@type\":\"ReadAction\",\"target\":[\"https:\\\/\\\/kurita.eu\\\/pt\\\/solutions\\\/kuriverter-rc\\\/\"]}]},{\"@type\":\"BreadcrumbList\",\"@id\":\"https:\\\/\\\/kurita.eu\\\/pt\\\/solutions\\\/kuriverter-rc\\\/#breadcrumb\",\"itemListElement\":[{\"@type\":\"ListItem\",\"position\":1,\"name\":\"Home\",\"item\":\"https:\\\/\\\/www.kurita.eu\\\/en\\\/\"},{\"@type\":\"ListItem\",\"position\":2,\"name\":\"Solutions\",\"item\":\"https:\\\/\\\/kurita.eu\\\/it\\\/solutions\\\/\"},{\"@type\":\"ListItem\",\"position\":3,\"name\":\"Kuriverter\u00ae RC\"}]},{\"@type\":\"WebSite\",\"@id\":\"https:\\\/\\\/kuritaeuwe-1d317f88af-hmdafwemhrbdfrck.a03.azurefd.net\\\/it\\\/#website\",\"url\":\"https:\\\/\\\/kuritaeuwe-1d317f88af-hmdafwemhrbdfrck.a03.azurefd.net\\\/it\\\/\",\"name\":\"Kurita Europe\",\"description\":\"Water Treatment Solutions\",\"publisher\":{\"@id\":\"https:\\\/\\\/kuritaeuwe-1d317f88af-hmdafwemhrbdfrck.a03.azurefd.net\\\/it\\\/#organization\"},\"potentialAction\":[{\"@type\":\"SearchAction\",\"target\":{\"@type\":\"EntryPoint\",\"urlTemplate\":\"https:\\\/\\\/kuritaeuwe-1d317f88af-hmdafwemhrbdfrck.a03.azurefd.net\\\/it\\\/?s={search_term_string}\"},\"query-input\":{\"@type\":\"PropertyValueSpecification\",\"valueRequired\":true,\"valueName\":\"search_term_string\"}}],\"inLanguage\":\"es\"},{\"@type\":\"Organization\",\"@id\":\"https:\\\/\\\/kuritaeuwe-1d317f88af-hmdafwemhrbdfrck.a03.azurefd.net\\\/it\\\/#organization\",\"name\":\"Kurita Europe\",\"url\":\"https:\\\/\\\/kuritaeuwe-1d317f88af-hmdafwemhrbdfrck.a03.azurefd.net\\\/it\\\/\",\"logo\":{\"@type\":\"ImageObject\",\"inLanguage\":\"es\",\"@id\":\"https:\\\/\\\/kuritaeuwe-1d317f88af-hmdafwemhrbdfrck.a03.azurefd.net\\\/it\\\/#\\\/schema\\\/logo\\\/image\\\/\",\"url\":\"\\\/wp-content\\\/uploads\\\/2025\\\/05\\\/cropped-brand_mark_horizon_blue.png\",\"contentUrl\":\"\\\/wp-content\\\/uploads\\\/2025\\\/05\\\/cropped-brand_mark_horizon_blue.png\",\"width\":712,\"height\":204,\"caption\":\"Kurita Europe\"},\"image\":{\"@id\":\"https:\\\/\\\/kuritaeuwe-1d317f88af-hmdafwemhrbdfrck.a03.azurefd.net\\\/it\\\/#\\\/schema\\\/logo\\\/image\\\/\"},\"sameAs\":[\"https:\\\/\\\/x.com\\\/KuritaGlobal\",\"https:\\\/\\\/www.linkedin.com\\\/company\\\/kurita\\\/\"]}]}<\/script>\n<!-- \/ Yoast SEO plugin. -->","yoast_head_json":{"title":"Recuperaci\u00f3n de membranas de \u00f3smosis inversa deterioradas | Kuriverter RC | Kurita Europe","description":"Rejuvenecimiento de la membrana Kuriverter RC: restablezca el rechazo de sales de \u00f3smosis inversa mediante CIP est\u00e1ndar, posponga las sustituciones y reduzca el OPEX utilizando productos qu\u00edmicos conformes con NSF\/FDA.","robots":{"index":"index","follow":"follow","max-snippet":"max-snippet:-1","max-image-preview":"max-image-preview:large","max-video-preview":"max-video-preview:-1"},"canonical":"https:\/\/kurita.eu\/pt\/solutions\/kuriverter-rc\/","og_locale":"es_ES","og_type":"article","og_title":"Kuriverter\u00ae RC - Kurita Europe","og_description":"Kuriverter RC membrane rejuvenation: restore RO salt rejection via standard CIP, postpone replacements and cut OPEX using NSF\/FDA\u2011compliant chemistry.","og_url":"https:\/\/kurita.eu\/pt\/solutions\/kuriverter-rc\/","og_site_name":"Kurita Europe","article_modified_time":"2026-01-20T16:28:43+00:00","og_image":[{"width":512,"height":512,"url":"https:\/\/kuritaeuwe-1d317f88af-hmdafwemhrbdfrck.a03.azurefd.net\/wp-content\/uploads\/2025\/07\/kurita-favicon-512x512-1.png","type":"image\/png"}],"twitter_card":"summary_large_image","twitter_site":"@KuritaGlobal","twitter_misc":{"Tiempo de lectura":"3 minutos"},"schema":{"@context":"https:\/\/schema.org","@graph":[{"@type":"WebPage","@id":"https:\/\/kurita.eu\/pt\/solutions\/kuriverter-rc\/","url":"https:\/\/kurita.eu\/pt\/solutions\/kuriverter-rc\/","name":"Recuperaci\u00f3n de membranas de \u00f3smosis inversa deterioradas | Kuriverter RC | Kurita Europe","isPartOf":{"@id":"https:\/\/kuritaeuwe-1d317f88af-hmdafwemhrbdfrck.a03.azurefd.net\/it\/#website"},"datePublished":"2025-04-25T08:01:07+00:00","dateModified":"2026-01-20T16:28:43+00:00","description":"Rejuvenecimiento de la membrana Kuriverter RC: restablezca el rechazo de sales de \u00f3smosis inversa mediante CIP est\u00e1ndar, posponga las sustituciones y reduzca el OPEX utilizando productos qu\u00edmicos conformes con NSF\/FDA.","breadcrumb":{"@id":"https:\/\/kurita.eu\/pt\/solutions\/kuriverter-rc\/#breadcrumb"},"inLanguage":"es","potentialAction":[{"@type":"ReadAction","target":["https:\/\/kurita.eu\/pt\/solutions\/kuriverter-rc\/"]}]},{"@type":"BreadcrumbList","@id":"https:\/\/kurita.eu\/pt\/solutions\/kuriverter-rc\/#breadcrumb","itemListElement":[{"@type":"ListItem","position":1,"name":"Home","item":"https:\/\/www.kurita.eu\/en\/"},{"@type":"ListItem","position":2,"name":"Solutions","item":"https:\/\/kurita.eu\/it\/solutions\/"},{"@type":"ListItem","position":3,"name":"Kuriverter\u00ae RC"}]},{"@type":"WebSite","@id":"https:\/\/kuritaeuwe-1d317f88af-hmdafwemhrbdfrck.a03.azurefd.net\/it\/#website","url":"https:\/\/kuritaeuwe-1d317f88af-hmdafwemhrbdfrck.a03.azurefd.net\/it\/","name":"Kurita Europa","description":"Soluciones para el tratamiento del agua","publisher":{"@id":"https:\/\/kuritaeuwe-1d317f88af-hmdafwemhrbdfrck.a03.azurefd.net\/it\/#organization"},"potentialAction":[{"@type":"SearchAction","target":{"@type":"EntryPoint","urlTemplate":"https:\/\/kuritaeuwe-1d317f88af-hmdafwemhrbdfrck.a03.azurefd.net\/it\/?s={search_term_string}"},"query-input":{"@type":"PropertyValueSpecification","valueRequired":true,"valueName":"search_term_string"}}],"inLanguage":"es"},{"@type":"Organization","@id":"https:\/\/kuritaeuwe-1d317f88af-hmdafwemhrbdfrck.a03.azurefd.net\/it\/#organization","name":"Kurita Europa","url":"https:\/\/kuritaeuwe-1d317f88af-hmdafwemhrbdfrck.a03.azurefd.net\/it\/","logo":{"@type":"ImageObject","inLanguage":"es","@id":"https:\/\/kuritaeuwe-1d317f88af-hmdafwemhrbdfrck.a03.azurefd.net\/it\/#\/schema\/logo\/image\/","url":"\/wp-content\/uploads\/2025\/05\/cropped-brand_mark_horizon_blue.png","contentUrl":"\/wp-content\/uploads\/2025\/05\/cropped-brand_mark_horizon_blue.png","width":712,"height":204,"caption":"Kurita Europe"},"image":{"@id":"https:\/\/kuritaeuwe-1d317f88af-hmdafwemhrbdfrck.a03.azurefd.net\/it\/#\/schema\/logo\/image\/"},"sameAs":["https:\/\/x.com\/KuritaGlobal","https:\/\/www.linkedin.com\/company\/kurita\/"]}]}},"_links":{"self":[{"href":"https:\/\/kuritaeuwe-1d317f88af-hmdafwemhrbdfrck.a03.azurefd.net\/es\/wp-json\/wp\/v2\/pages\/14259","targetHints":{"allow":["GET"]}}],"collection":[{"href":"https:\/\/kuritaeuwe-1d317f88af-hmdafwemhrbdfrck.a03.azurefd.net\/es\/wp-json\/wp\/v2\/pages"}],"about":[{"href":"https:\/\/kuritaeuwe-1d317f88af-hmdafwemhrbdfrck.a03.azurefd.net\/es\/wp-json\/wp\/v2\/types\/page"}],"author":[{"embeddable":true,"href":"https:\/\/kuritaeuwe-1d317f88af-hmdafwemhrbdfrck.a03.azurefd.net\/es\/wp-json\/wp\/v2\/users\/2"}],"replies":[{"embeddable":true,"href":"https:\/\/kuritaeuwe-1d317f88af-hmdafwemhrbdfrck.a03.azurefd.net\/es\/wp-json\/wp\/v2\/comments?post=14259"}],"version-history":[{"count":7,"href":"https:\/\/kuritaeuwe-1d317f88af-hmdafwemhrbdfrck.a03.azurefd.net\/es\/wp-json\/wp\/v2\/pages\/14259\/revisions"}],"predecessor-version":[{"id":19330,"href":"https:\/\/kuritaeuwe-1d317f88af-hmdafwemhrbdfrck.a03.azurefd.net\/es\/wp-json\/wp\/v2\/pages\/14259\/revisions\/19330"}],"up":[{"embeddable":true,"href":"https:\/\/kuritaeuwe-1d317f88af-hmdafwemhrbdfrck.a03.azurefd.net\/es\/wp-json\/wp\/v2\/pages\/13875"}],"wp:attachment":[{"href":"https:\/\/kuritaeuwe-1d317f88af-hmdafwemhrbdfrck.a03.azurefd.net\/es\/wp-json\/wp\/v2\/media?parent=14259"}],"curies":[{"name":"wp","href":"https:\/\/api.w.org\/{rel}","templated":true}]}}