{"id":14177,"date":"2025-04-25T07:29:04","date_gmt":"2025-04-25T07:29:04","guid":{"rendered":"https:\/\/kurita-eu-gudza2cjbzfhcwbx.francecentral-01.azurewebsites.net\/?page_id=14177"},"modified":"2026-01-20T16:18:52","modified_gmt":"2026-01-20T16:18:52","slug":"kuriloc-kit","status":"publish","type":"page","link":"https:\/\/kuritaeuwe-1d317f88af-hmdafwemhrbdfrck.a03.azurefd.net\/fr\/solutions\/kuriloc-kit\/","title":{"rendered":"Kit KuriLoc"},"content":{"rendered":"<div data-elementor-type=\"wp-page\" data-elementor-id=\"14177\" class=\"elementor elementor-14177\" data-elementor-post-type=\"page\">\n\t\t\t\t\t\t<section class=\"elementor-section elementor-top-section elementor-element elementor-element-454dafdc elementor-section-full_width elementor-section-height-default elementor-section-height-default\" data-id=\"454dafdc\" data-element_type=\"section\" data-e-type=\"section\">\n\t\t\t\t\t\t<div class=\"elementor-container elementor-column-gap-default\">\n\t\t\t\t\t<div class=\"elementor-column elementor-col-100 elementor-top-column elementor-element elementor-element-745955c2\" data-id=\"745955c2\" data-element_type=\"column\" data-e-type=\"column\">\n\t\t\t<div class=\"elementor-widget-wrap elementor-element-populated\">\n\t\t\t\t\t\t<div class=\"elementor-element elementor-element-1b81eb80 elementor--h-position-center elementor--v-position-middle elementor-arrows-position-inside elementor-pagination-position-inside elementor-widget elementor-widget-slides\" data-id=\"1b81eb80\" data-element_type=\"widget\" data-e-type=\"widget\" data-settings=\"{&quot;navigation&quot;:&quot;both&quot;,&quot;autoplay&quot;:&quot;yes&quot;,&quot;pause_on_hover&quot;:&quot;yes&quot;,&quot;pause_on_interaction&quot;:&quot;yes&quot;,&quot;autoplay_speed&quot;:5000,&quot;infinite&quot;:&quot;yes&quot;,&quot;transition&quot;:&quot;slide&quot;,&quot;transition_speed&quot;:500}\" data-widget_type=\"slides.default\">\n\t\t\t\t<div class=\"elementor-widget-container\">\n\t\t\t\t\t\t\t\t\t<div class=\"elementor-swiper\">\n\t\t\t\t\t<div class=\"elementor-slides-wrapper elementor-main-swiper swiper\" role=\"region\" aria-roledescription=\"carousel\" aria-label=\"Diapositives\" dir=\"ltr\" data-animation=\"fadeInUp\">\n\t\t\t\t<div class=\"swiper-wrapper elementor-slides\">\n\t\t\t\t\t\t\t\t\t\t<div class=\"elementor-repeater-item-4e0b9f7 swiper-slide\" role=\"group\" aria-roledescription=\"slide\"><div class=\"swiper-slide-bg elementor-ken-burns elementor-ken-burns--in\" role=\"img\" aria-label=\"Applications_WaterTreatment-401e7d4b.jpg\"><\/div><div class=\"elementor-background-overlay\"><\/div><div class=\"swiper-slide-inner\" ><div class=\"swiper-slide-contents\"><div class=\"elementor-slide-heading\">Kit KuriLoc <\/div><\/div><\/div><\/div>\t\t\t\t<\/div>\n\t\t\t\t\t\t\t<\/div>\n\t\t\t\t<\/div>\n\t\t\t\t\t\t\t\t<\/div>\n\t\t\t\t<\/div>\n\t\t\t\t\t<\/div>\n\t\t<\/div>\n\t\t\t\t\t<\/div>\n\t\t<\/section>\n\t\t\t\t<section class=\"elementor-section elementor-top-section elementor-element elementor-element-7f504964 elementor-section-boxed elementor-section-height-default elementor-section-height-default\" data-id=\"7f504964\" data-element_type=\"section\" data-e-type=\"section\">\n\t\t\t\t\t\t<div class=\"elementor-container elementor-column-gap-default\">\n\t\t\t\t\t<div class=\"elementor-column elementor-col-66 elementor-top-column elementor-element elementor-element-79a118bf margin-content\" data-id=\"79a118bf\" data-element_type=\"column\" data-e-type=\"column\">\n\t\t\t<div class=\"elementor-widget-wrap elementor-element-populated\">\n\t\t\t\t\t\t<div class=\"elementor-element elementor-element-6fb8e46f elementor-widget elementor-widget-heading\" data-id=\"6fb8e46f\" data-element_type=\"widget\" data-e-type=\"widget\" data-widget_type=\"heading.default\">\n\t\t\t\t<div class=\"elementor-widget-container\">\n\t\t\t\t\t<h1 class=\"elementor-heading-title elementor-size-default\">Kit KuriLoc - Kit de d\u00e9tection des l\u00e9gionelles<\/h1>\t\t\t\t<\/div>\n\t\t\t\t<\/div>\n\t\t\t\t<div class=\"elementor-element elementor-element-42135f59 elementor-invisible elementor-widget elementor-widget-text-editor\" data-id=\"42135f59\" data-element_type=\"widget\" data-e-type=\"widget\" data-settings=\"{&quot;_animation&quot;:&quot;fadeInUp&quot;}\" data-widget_type=\"text-editor.default\">\n\t\t\t\t<div class=\"elementor-widget-container\">\n\t\t\t\t\t\t\t\t\t<p>La maladie du l\u00e9gionnaire a \u00e9t\u00e9 d\u00e9couverte \u00e0 la fin des ann\u00e9es 70 apr\u00e8s plusieurs \u00e9pid\u00e9mies. Au cours des dix derni\u00e8res ann\u00e9es, les autorit\u00e9s et les pays ont commenc\u00e9 \u00e0 intensifier leurs efforts pour r\u00e9glementer le sujet. Des pays comme l'Espagne, la France, les Pays-Bas, l'Allemagne et le Royaume-Uni disposent de lois strictes qui obligent les utilisateurs finaux de l'eau dans les installations industrielles et municipales \u00e0 contr\u00f4ler \u00e9troitement leurs syst\u00e8mes et leurs applications. M\u00eame dans les pays o\u00f9 il n'existe pas de lois directes sur la l\u00e9gionellose, il existe des directives, des normes ou des meilleures pratiques qui doivent \u00eatre respect\u00e9es. Kurita a toujours eu une longueur d'avance dans le contr\u00f4le de la l\u00e9gionellose et a une longue trajectoire dans ce domaine.<\/p><p>L'une des derni\u00e8res innovations en mati\u00e8re de contr\u00f4le des l\u00e9gionelles est la m\u00e9thode de d\u00e9tection rapide :\u00a0<strong>Kit KuriLoc<\/strong>. Ce kit de d\u00e9pistage de la l\u00e9gionellose permet d'obtenir les premiers r\u00e9sultats 3 heures seulement apr\u00e8s l'\u00e9chantillonnage et est hautement sp\u00e9cifique. La d\u00e9termination est faite sp\u00e9cifiquement par l'ARN de Legionella, qui se trouve dans l'\u00e9chantillon d'eau. L'ARN ne se trouve que dans les cellules vivantes, contrairement \u00e0 l'ADN, y compris dans les cellules \u00e0 l'\u00e9tat de VBNC. Le test rapide KuriLoc est destin\u00e9 \u00e0 la d\u00e9termination des Legionella spp. con\u00e7ues. Le test rapide KuriLoc est d\u00e9j\u00e0 utilis\u00e9 dans des laboratoires accr\u00e9dit\u00e9s et d'autres laboratoires et fournit un aper\u00e7u de la concentration de Legionella en l'espace de quelques heures. Ainsi, il est possible d'\u00e9valuer \u00e0 temps un traitement effectu\u00e9 dans les syst\u00e8mes pour les probl\u00e8mes de l\u00e9gionelles en tant que contr\u00f4le interne. Cela augmente la fiabilit\u00e9 des syst\u00e8mes et minimise les risques potentiels pour la sant\u00e9 des tiers et de leurs propres employ\u00e9s. En outre, la surveillance des d\u00e9p\u00f4ts microbiens (biofilm) dans les aquif\u00e8res industriels - reproductible, quantitative et en temps r\u00e9el - est un \u00e9l\u00e9ment essentiel pour un contr\u00f4le r\u00e9ussi des processus en ce qui concerne la contamination. La d\u00e9tection et la surveillance rapides de la microbiologie jouent un r\u00f4le central.\u00a0<strong>Les clients b\u00e9n\u00e9ficient des avantages du kit de d\u00e9tection rapide KuriLoc, soit en achetant leur propre appareil, soit en utilisant les services de test de l\u00e9gionellose des laboratoires accr\u00e9dit\u00e9s de Kurita.<\/strong><\/p><p>Notre concept de contr\u00f4le de la l\u00e9gionellose offre un ensemble complet pour le contr\u00f4le, la surveillance et le traitement de la l\u00e9gionellose :<\/p><ul><li>Sp\u00e9cialistes certifi\u00e9s par le\u00a0<a href=\"http:\/\/www.vdi.eu\/\">VDI<\/a><\/li><li>M\u00e9thodes de d\u00e9tection rapide KuriLoc<\/li><li>Service d'analyse de la l\u00e9gionellose<\/li><li>Plan d'action<\/li><li>Contr\u00f4le\u00a0<a href=\"https:\/\/www.kurita.eu\/en\/solutions\/hydrobio-advance\/\">HydroBio<sup>\u00ae<\/sup>\u00a0Avancer<\/a><\/li><li>Technologies et produits\u00a0<a href=\"https:\/\/www.kurita.eu\/solutions\/dilurit-bcs\/\">Dilurit<sup>\u00ae<\/sup>\u00a0BC S-System<\/a><\/li><li>\u00c9valuation des risques li\u00e9s \u00e0 la l\u00e9gionellose<\/li><li>Proc\u00e9dure<\/li><li>\u00c9chantillonnage et analyse<\/li><li>Nettoyage et d\u00e9sinfection<\/li><li>Formation<\/li><\/ul>\t\t\t\t\t\t\t\t<\/div>\n\t\t\t\t<\/div>\n\t\t\t\t\t<\/div>\n\t\t<\/div>\n\t\t\t\t<div class=\"elementor-column elementor-col-33 elementor-top-column elementor-element elementor-element-2e2bce92 margin-content\" data-id=\"2e2bce92\" data-element_type=\"column\" data-e-type=\"column\">\n\t\t\t<div class=\"elementor-widget-wrap elementor-element-populated\">\n\t\t\t\t\t\t<div class=\"elementor-element elementor-element-7a1d2151 elementor-invisible elementor-widget elementor-widget-image\" data-id=\"7a1d2151\" data-element_type=\"widget\" data-e-type=\"widget\" data-settings=\"{&quot;_animation&quot;:&quot;fadeIn&quot;}\" data-widget_type=\"image.default\">\n\t\t\t\t<div class=\"elementor-widget-container\">\n\t\t\t\t\t\t\t\t\t\t\t\t\t\t\t<img fetchpriority=\"high\" decoding=\"async\" width=\"350\" height=\"197\" src=\"\/wp-content\/uploads\/2025\/04\/Legionella_CMYK_1920x1080-cd1a533b.jpg\" class=\"attachment-large size-large wp-image-14179\" alt=\"\" srcset=\"\/wp-content\/uploads\/2025\/04\/Legionella_CMYK_1920x1080-cd1a533b.jpg 350w, \/wp-content\/uploads\/2025\/04\/Legionella_CMYK_1920x1080-cd1a533b-300x169.jpg 300w\" sizes=\"(max-width: 350px) 100vw, 350px\" data-no-translation=\"\" \/>\t\t\t\t\t\t\t\t\t\t\t\t\t\t\t<\/div>\n\t\t\t\t<\/div>\n\t\t\t\t\t<\/div>\n\t\t<\/div>\n\t\t\t\t\t<\/div>\n\t\t<\/section>\n\t\t\t\t<section class=\"elementor-section elementor-top-section elementor-element elementor-element-4ea0ee7a elementor-section-boxed elementor-section-height-default elementor-section-height-default\" data-id=\"4ea0ee7a\" data-element_type=\"section\" data-e-type=\"section\" data-settings=\"{&quot;background_background&quot;:&quot;classic&quot;}\">\n\t\t\t\t\t\t<div class=\"elementor-container elementor-column-gap-default\">\n\t\t\t\t\t<div class=\"elementor-column elementor-col-100 elementor-top-column elementor-element elementor-element-41876185 margin-content\" data-id=\"41876185\" data-element_type=\"column\" data-e-type=\"column\">\n\t\t\t<div class=\"elementor-widget-wrap elementor-element-populated\">\n\t\t\t\t\t\t<div class=\"elementor-element elementor-element-3338ce7b elementor-widget elementor-widget-heading\" data-id=\"3338ce7b\" data-element_type=\"widget\" data-e-type=\"widget\" data-widget_type=\"heading.default\">\n\t\t\t\t<div class=\"elementor-widget-container\">\n\t\t\t\t\t<h2 class=\"elementor-heading-title elementor-size-default\">Nous sommes \u00e0 votre service<\/h2>\t\t\t\t<\/div>\n\t\t\t\t<\/div>\n\t\t\t\t<div class=\"elementor-element elementor-element-5bc4d54f elementor-widget elementor-widget-html\" data-id=\"5bc4d54f\" data-element_type=\"widget\" data-e-type=\"widget\" data-widget_type=\"html.default\">\n\t\t\t\t<div class=\"elementor-widget-container\">\n\t\t\t\t\t<div\r\n        data-form-id='f4d0a8e4-73ce-ef11-b8e8-000d3ab41b62'\r\n        data-form-api-url='https:\/\/public-eur.mkt.dynamics.com\/api\/v1.0\/orgs\/30cac5a2-33f9-ed11-a66d-000d3a64d748\/landingpageforms'\r\n        data-cached-form-url='https:\/\/assets-eur.mkt.dynamics.com\/30cac5a2-33f9-ed11-a66d-000d3a64d748\/digitalassets\/forms\/f4d0a8e4-73ce-ef11-b8e8-000d3ab41b62' ><\/div>\r\n        <script src = 'https:\/\/cxppusa1formui01cdnsa01-endpoint.azureedge.net\/eur\/FormLoader\/FormLoader.bundle.js' ><\/script>\r\n        <script>document.documentElement.lang = navigator.language;<\/script>\t\t\t\t<\/div>\n\t\t\t\t<\/div>\n\t\t\t\t\t<\/div>\n\t\t<\/div>\n\t\t\t\t\t<\/div>\n\t\t<\/section>\n\t\t\t\t<\/div>","protected":false},"excerpt":{"rendered":"<p>KuriLoc Kit KuriLoc Kit \u2013 Legionella testing kit Legionnaires disease was discovered in the late 70\u2018s after several outbreaks. In the last ten years, the authorities and countries started to intensify their efforts to regulate the topic. Countries like Spain, France, Nederland, Germany and UK have strict laws that force the final users of the [&hellip;]<\/p>\n","protected":false},"author":2,"featured_media":0,"parent":13875,"menu_order":0,"comment_status":"closed","ping_status":"closed","template":"","meta":{"footnotes":""},"class_list":["post-14177","page","type-page","status-publish","hentry"],"yoast_head":"<!-- This site is optimized with the Yoast SEO plugin v27.3 - https:\/\/yoast.com\/product\/yoast-seo-wordpress\/ -->\n<title>KuriLoc Kit - Kurita Europe<\/title>\n<meta name=\"description\" content=\"KuriLoc Kit: rapid Legionella detection. Reliable early insight in hours to guide actions, protect people and ensure compliance.\" \/>\n<meta name=\"robots\" content=\"index, follow, max-snippet:-1, max-image-preview:large, max-video-preview:-1\" \/>\n<link rel=\"canonical\" href=\"https:\/\/www.kurita.eu\/en\/solutions\/kuriloc-kit\/\" \/>\n<meta property=\"og:locale\" content=\"fr_FR\" \/>\n<meta property=\"og:type\" content=\"article\" \/>\n<meta property=\"og:title\" content=\"KuriLoc Kit - Kurita Europe\" \/>\n<meta property=\"og:description\" content=\"KuriLoc Kit: rapid Legionella detection. Reliable early insight in hours to guide actions, protect people and ensure compliance.\" \/>\n<meta property=\"og:url\" content=\"https:\/\/www.kurita.eu\/en\/solutions\/kuriloc-kit\/\" \/>\n<meta property=\"og:site_name\" content=\"Kurita Europe\" \/>\n<meta property=\"article:modified_time\" content=\"2026-01-20T16:18:52+00:00\" \/>\n<meta property=\"og:image\" content=\"https:\/\/kuritaeuwe-1d317f88af-hmdafwemhrbdfrck.a03.azurefd.net\/wp-content\/uploads\/2025\/07\/kurita-favicon-512x512-1.png\" \/>\n\t<meta property=\"og:image:width\" content=\"512\" \/>\n\t<meta property=\"og:image:height\" content=\"512\" \/>\n\t<meta property=\"og:image:type\" content=\"image\/png\" \/>\n<meta name=\"twitter:card\" content=\"summary_large_image\" \/>\n<meta name=\"twitter:site\" content=\"@KuritaGlobal\" \/>\n<meta name=\"twitter:label1\" content=\"Dur\u00e9e de lecture estim\u00e9e\" \/>\n\t<meta name=\"twitter:data1\" content=\"2 minutes\" \/>\n<script type=\"application\/ld+json\" class=\"yoast-schema-graph\">{\"@context\":\"https:\\\/\\\/schema.org\",\"@graph\":[{\"@type\":\"WebPage\",\"@id\":\"https:\\\/\\\/www.kurita.eu\\\/en\\\/solutions\\\/kuriloc-kit\\\/\",\"url\":\"https:\\\/\\\/www.kurita.eu\\\/en\\\/solutions\\\/kuriloc-kit\\\/\",\"name\":\"KuriLoc Kit - Kurita Europe\",\"isPartOf\":{\"@id\":\"https:\\\/\\\/www.kurita.eu\\\/fr\\\/#website\"},\"datePublished\":\"2025-04-25T07:29:04+00:00\",\"dateModified\":\"2026-01-20T16:18:52+00:00\",\"description\":\"KuriLoc Kit: rapid Legionella detection. Reliable early insight in hours to guide actions, protect people and ensure compliance.\",\"breadcrumb\":{\"@id\":\"https:\\\/\\\/www.kurita.eu\\\/en\\\/solutions\\\/kuriloc-kit\\\/#breadcrumb\"},\"inLanguage\":\"fr-FR\",\"potentialAction\":[{\"@type\":\"ReadAction\",\"target\":[\"https:\\\/\\\/www.kurita.eu\\\/en\\\/solutions\\\/kuriloc-kit\\\/\"]}]},{\"@type\":\"BreadcrumbList\",\"@id\":\"https:\\\/\\\/www.kurita.eu\\\/en\\\/solutions\\\/kuriloc-kit\\\/#breadcrumb\",\"itemListElement\":[{\"@type\":\"ListItem\",\"position\":1,\"name\":\"Home\",\"item\":\"https:\\\/\\\/kuritaeuwe-1d317f88af-hmdafwemhrbdfrck.a03.azurefd.net\\\/en\\\/\"},{\"@type\":\"ListItem\",\"position\":2,\"name\":\"Solutions\",\"item\":\"https:\\\/\\\/www.kurita.eu\\\/en\\\/solutions\\\/\"},{\"@type\":\"ListItem\",\"position\":3,\"name\":\"KuriLoc Kit\"}]},{\"@type\":\"WebSite\",\"@id\":\"https:\\\/\\\/www.kurita.eu\\\/fr\\\/#website\",\"url\":\"https:\\\/\\\/www.kurita.eu\\\/fr\\\/\",\"name\":\"Kurita Europe\",\"description\":\"Water Treatment Solutions\",\"publisher\":{\"@id\":\"https:\\\/\\\/www.kurita.eu\\\/fr\\\/#organization\"},\"potentialAction\":[{\"@type\":\"SearchAction\",\"target\":{\"@type\":\"EntryPoint\",\"urlTemplate\":\"https:\\\/\\\/www.kurita.eu\\\/fr\\\/?s={search_term_string}\"},\"query-input\":{\"@type\":\"PropertyValueSpecification\",\"valueRequired\":true,\"valueName\":\"search_term_string\"}}],\"inLanguage\":\"fr-FR\"},{\"@type\":\"Organization\",\"@id\":\"https:\\\/\\\/www.kurita.eu\\\/fr\\\/#organization\",\"name\":\"Kurita Europe\",\"url\":\"https:\\\/\\\/www.kurita.eu\\\/fr\\\/\",\"logo\":{\"@type\":\"ImageObject\",\"inLanguage\":\"fr-FR\",\"@id\":\"https:\\\/\\\/www.kurita.eu\\\/fr\\\/#\\\/schema\\\/logo\\\/image\\\/\",\"url\":\"\\\/wp-content\\\/uploads\\\/2025\\\/05\\\/cropped-brand_mark_horizon_blue.png\",\"contentUrl\":\"\\\/wp-content\\\/uploads\\\/2025\\\/05\\\/cropped-brand_mark_horizon_blue.png\",\"width\":712,\"height\":204,\"caption\":\"Kurita Europe\"},\"image\":{\"@id\":\"https:\\\/\\\/www.kurita.eu\\\/fr\\\/#\\\/schema\\\/logo\\\/image\\\/\"},\"sameAs\":[\"https:\\\/\\\/x.com\\\/KuritaGlobal\",\"https:\\\/\\\/www.linkedin.com\\\/company\\\/kurita\\\/\"]}]}<\/script>\n<!-- \/ Yoast SEO plugin. -->","yoast_head_json":{"title":"Kit KuriLoc - Kurita Europe","description":"Kit KuriLoc : d\u00e9tection rapide des l\u00e9gionelles. Un aper\u00e7u pr\u00e9coce et fiable en quelques heures pour guider les actions, prot\u00e9ger les personnes et garantir la conformit\u00e9.","robots":{"index":"index","follow":"follow","max-snippet":"max-snippet:-1","max-image-preview":"max-image-preview:large","max-video-preview":"max-video-preview:-1"},"canonical":"https:\/\/www.kurita.eu\/en\/solutions\/kuriloc-kit\/","og_locale":"fr_FR","og_type":"article","og_title":"KuriLoc Kit - Kurita Europe","og_description":"KuriLoc Kit: rapid Legionella detection. Reliable early insight in hours to guide actions, protect people and ensure compliance.","og_url":"https:\/\/www.kurita.eu\/en\/solutions\/kuriloc-kit\/","og_site_name":"Kurita Europe","article_modified_time":"2026-01-20T16:18:52+00:00","og_image":[{"width":512,"height":512,"url":"https:\/\/kuritaeuwe-1d317f88af-hmdafwemhrbdfrck.a03.azurefd.net\/wp-content\/uploads\/2025\/07\/kurita-favicon-512x512-1.png","type":"image\/png"}],"twitter_card":"summary_large_image","twitter_site":"@KuritaGlobal","twitter_misc":{"Dur\u00e9e de lecture estim\u00e9e":"2 minutes"},"schema":{"@context":"https:\/\/schema.org","@graph":[{"@type":"WebPage","@id":"https:\/\/www.kurita.eu\/en\/solutions\/kuriloc-kit\/","url":"https:\/\/www.kurita.eu\/en\/solutions\/kuriloc-kit\/","name":"Kit KuriLoc - Kurita Europe","isPartOf":{"@id":"https:\/\/www.kurita.eu\/fr\/#website"},"datePublished":"2025-04-25T07:29:04+00:00","dateModified":"2026-01-20T16:18:52+00:00","description":"Kit KuriLoc : d\u00e9tection rapide des l\u00e9gionelles. Un aper\u00e7u pr\u00e9coce et fiable en quelques heures pour guider les actions, prot\u00e9ger les personnes et garantir la conformit\u00e9.","breadcrumb":{"@id":"https:\/\/www.kurita.eu\/en\/solutions\/kuriloc-kit\/#breadcrumb"},"inLanguage":"fr-FR","potentialAction":[{"@type":"ReadAction","target":["https:\/\/www.kurita.eu\/en\/solutions\/kuriloc-kit\/"]}]},{"@type":"BreadcrumbList","@id":"https:\/\/www.kurita.eu\/en\/solutions\/kuriloc-kit\/#breadcrumb","itemListElement":[{"@type":"ListItem","position":1,"name":"Home","item":"https:\/\/kuritaeuwe-1d317f88af-hmdafwemhrbdfrck.a03.azurefd.net\/en\/"},{"@type":"ListItem","position":2,"name":"Solutions","item":"https:\/\/www.kurita.eu\/en\/solutions\/"},{"@type":"ListItem","position":3,"name":"KuriLoc Kit"}]},{"@type":"WebSite","@id":"https:\/\/www.kurita.eu\/fr\/#website","url":"https:\/\/www.kurita.eu\/fr\/","name":"Kurita Europe","description":"Solutions de traitement de l'eau","publisher":{"@id":"https:\/\/www.kurita.eu\/fr\/#organization"},"potentialAction":[{"@type":"SearchAction","target":{"@type":"EntryPoint","urlTemplate":"https:\/\/www.kurita.eu\/fr\/?s={search_term_string}"},"query-input":{"@type":"PropertyValueSpecification","valueRequired":true,"valueName":"search_term_string"}}],"inLanguage":"fr-FR"},{"@type":"Organization","@id":"https:\/\/www.kurita.eu\/fr\/#organization","name":"Kurita Europe","url":"https:\/\/www.kurita.eu\/fr\/","logo":{"@type":"ImageObject","inLanguage":"fr-FR","@id":"https:\/\/www.kurita.eu\/fr\/#\/schema\/logo\/image\/","url":"\/wp-content\/uploads\/2025\/05\/cropped-brand_mark_horizon_blue.png","contentUrl":"\/wp-content\/uploads\/2025\/05\/cropped-brand_mark_horizon_blue.png","width":712,"height":204,"caption":"Kurita Europe"},"image":{"@id":"https:\/\/www.kurita.eu\/fr\/#\/schema\/logo\/image\/"},"sameAs":["https:\/\/x.com\/KuritaGlobal","https:\/\/www.linkedin.com\/company\/kurita\/"]}]}},"_links":{"self":[{"href":"https:\/\/kuritaeuwe-1d317f88af-hmdafwemhrbdfrck.a03.azurefd.net\/fr\/wp-json\/wp\/v2\/pages\/14177","targetHints":{"allow":["GET"]}}],"collection":[{"href":"https:\/\/kuritaeuwe-1d317f88af-hmdafwemhrbdfrck.a03.azurefd.net\/fr\/wp-json\/wp\/v2\/pages"}],"about":[{"href":"https:\/\/kuritaeuwe-1d317f88af-hmdafwemhrbdfrck.a03.azurefd.net\/fr\/wp-json\/wp\/v2\/types\/page"}],"author":[{"embeddable":true,"href":"https:\/\/kuritaeuwe-1d317f88af-hmdafwemhrbdfrck.a03.azurefd.net\/fr\/wp-json\/wp\/v2\/users\/2"}],"replies":[{"embeddable":true,"href":"https:\/\/kuritaeuwe-1d317f88af-hmdafwemhrbdfrck.a03.azurefd.net\/fr\/wp-json\/wp\/v2\/comments?post=14177"}],"version-history":[{"count":10,"href":"https:\/\/kuritaeuwe-1d317f88af-hmdafwemhrbdfrck.a03.azurefd.net\/fr\/wp-json\/wp\/v2\/pages\/14177\/revisions"}],"predecessor-version":[{"id":19355,"href":"https:\/\/kuritaeuwe-1d317f88af-hmdafwemhrbdfrck.a03.azurefd.net\/fr\/wp-json\/wp\/v2\/pages\/14177\/revisions\/19355"}],"up":[{"embeddable":true,"href":"https:\/\/kuritaeuwe-1d317f88af-hmdafwemhrbdfrck.a03.azurefd.net\/fr\/wp-json\/wp\/v2\/pages\/13875"}],"wp:attachment":[{"href":"https:\/\/kuritaeuwe-1d317f88af-hmdafwemhrbdfrck.a03.azurefd.net\/fr\/wp-json\/wp\/v2\/media?parent=14177"}],"curies":[{"name":"wp","href":"https:\/\/api.w.org\/{rel}","templated":true}]}}