{"id":14059,"date":"2025-04-24T14:38:05","date_gmt":"2025-04-24T14:38:05","guid":{"rendered":"https:\/\/kurita-eu-gudza2cjbzfhcwbx.francecentral-01.azurewebsites.net\/?page_id=14059"},"modified":"2026-01-20T14:15:06","modified_gmt":"2026-01-20T14:15:06","slug":"ferrolin","status":"publish","type":"page","link":"https:\/\/kuritaeuwe-1d317f88af-hmdafwemhrbdfrck.a03.azurefd.net\/pl\/solutions\/ferrolin\/","title":{"rendered":"Ferrolin"},"content":{"rendered":"<div data-elementor-type=\"wp-page\" data-elementor-id=\"14059\" class=\"elementor elementor-14059\" data-elementor-post-type=\"page\">\n\t\t\t\t\t\t<section class=\"elementor-section elementor-top-section elementor-element elementor-element-28b8d21f elementor-section-full_width elementor-section-height-default elementor-section-height-default\" data-id=\"28b8d21f\" data-element_type=\"section\" data-e-type=\"section\">\n\t\t\t\t\t\t<div class=\"elementor-container elementor-column-gap-default\">\n\t\t\t\t\t<div class=\"elementor-column elementor-col-100 elementor-top-column elementor-element elementor-element-6d552c2a\" data-id=\"6d552c2a\" data-element_type=\"column\" data-e-type=\"column\">\n\t\t\t<div class=\"elementor-widget-wrap elementor-element-populated\">\n\t\t\t\t\t\t<div class=\"elementor-element elementor-element-414d51b7 elementor--h-position-center elementor--v-position-middle elementor-arrows-position-inside elementor-pagination-position-inside elementor-widget elementor-widget-slides\" data-id=\"414d51b7\" data-element_type=\"widget\" data-e-type=\"widget\" data-settings=\"{&quot;navigation&quot;:&quot;both&quot;,&quot;autoplay&quot;:&quot;yes&quot;,&quot;pause_on_hover&quot;:&quot;yes&quot;,&quot;pause_on_interaction&quot;:&quot;yes&quot;,&quot;autoplay_speed&quot;:5000,&quot;infinite&quot;:&quot;yes&quot;,&quot;transition&quot;:&quot;slide&quot;,&quot;transition_speed&quot;:500}\" data-widget_type=\"slides.default\">\n\t\t\t\t<div class=\"elementor-widget-container\">\n\t\t\t\t\t\t\t\t\t<div class=\"elementor-swiper\">\n\t\t\t\t\t<div class=\"elementor-slides-wrapper elementor-main-swiper swiper\" role=\"region\" aria-roledescription=\"carousel\" aria-label=\"Slajdy\" dir=\"ltr\" data-animation=\"fadeInUp\">\n\t\t\t\t<div class=\"swiper-wrapper elementor-slides\">\n\t\t\t\t\t\t\t\t\t\t<div class=\"elementor-repeater-item-4e0b9f7 swiper-slide\" role=\"group\" aria-roledescription=\"slide\"><div class=\"swiper-slide-bg elementor-ken-burns elementor-ken-burns--in\" role=\"img\" aria-label=\"Applications_WaterTreatment-401e7d4b-1.jpg\"><\/div><div class=\"elementor-background-overlay\"><\/div><div class=\"swiper-slide-inner\" ><div class=\"swiper-slide-contents\"><h1 class=\"elementor-slide-heading\">Alberol\u00ae\/Ferrolin\u00ae<\/h1><\/div><\/div><\/div>\t\t\t\t<\/div>\n\t\t\t\t\t\t\t<\/div>\n\t\t\t\t<\/div>\n\t\t\t\t\t\t\t\t<\/div>\n\t\t\t\t<\/div>\n\t\t\t\t\t<\/div>\n\t\t<\/div>\n\t\t\t\t\t<\/div>\n\t\t<\/section>\n\t\t\t\t<section class=\"elementor-section elementor-top-section elementor-element elementor-element-7785a45 elementor-section-boxed elementor-section-height-default elementor-section-height-default\" data-id=\"7785a45\" data-element_type=\"section\" data-e-type=\"section\">\n\t\t\t\t\t\t<div class=\"elementor-container elementor-column-gap-default\">\n\t\t\t\t\t<div class=\"elementor-column elementor-col-66 elementor-top-column elementor-element elementor-element-24f06164 margin-content\" data-id=\"24f06164\" data-element_type=\"column\" data-e-type=\"column\">\n\t\t\t<div class=\"elementor-widget-wrap elementor-element-populated\">\n\t\t\t\t\t\t<div class=\"elementor-element elementor-element-d85a4d3 elementor-widget elementor-widget-heading\" data-id=\"d85a4d3\" data-element_type=\"widget\" data-e-type=\"widget\" data-widget_type=\"heading.default\">\n\t\t\t\t<div class=\"elementor-widget-container\">\n\t\t\t\t\t<h2 class=\"elementor-heading-title elementor-size-default\">Zr\u00f3wnowa\u017cone czyszczenie z Alberol\u00ae\/Ferrolin\u00ae<\/h2>\t\t\t\t<\/div>\n\t\t\t\t<\/div>\n\t\t\t\t<div class=\"elementor-element elementor-element-c9186df elementor-invisible elementor-widget elementor-widget-text-editor\" data-id=\"c9186df\" data-element_type=\"widget\" data-e-type=\"widget\" data-settings=\"{&quot;_animation&quot;:&quot;fadeInUp&quot;}\" data-widget_type=\"text-editor.default\">\n\t\t\t\t<div class=\"elementor-widget-container\">\n\t\t\t\t\t\t\t\t\tOsady w systemach wodnych, zw\u0142aszcza w wymiennikach ciep\u0142a, mog\u0105 powodowa\u0107 znaczne zmniejszenie wymiany ciep\u0142a, co mo\u017ce prowadzi\u0107 do utraty wydajno\u015bci, a tym samym wydajno\u015bci ch\u0142odzenia. Wysoce zalecane i stanowi\u0105ce cz\u0119\u015b\u0107 protoko\u0142\u00f3w dobrej praktyki jest zastosowanie czyszczenia w nast\u0119puj\u0105cych okoliczno\u015bciach:<\/p>\n<ul>\n \t<li>D\u0142ugi czas czuwania systemu bez wody i z wod\u0105,<\/li>\n \t<li>Nieefektywna obr\u00f3bka chemiczna,<\/li>\n \t<li>Po kolejnych pracach konserwacyjnych w zak\u0142adzie.<\/li>\n<\/ul><\/p>\nOdpowiednie czyszczenie sprawia, \u017ce maszyny, rury i systemy s\u0105 dost\u0119pne w ka\u017cdej chwili i pomaga unikn\u0105\u0107 nieoczekiwanych przestoj\u00f3w. Regularne i specjalistyczne czyszczenie jest jednym z kluczowych czynnik\u00f3w gotowo\u015bci operacyjnej zak\u0142ad\u00f3w produkcyjnych.\n\nDlatego Kurita proponuje kwa\u015bne, alkaliczne i neutralne \u015brodki czyszcz\u0105ce do usuwania osad\u00f3w, kamienia, brudu, brudu lub zanieczyszcze\u0144.\n\n<strong>Alberol<sup>\u00ae<\/sup>\/Ferrolin<sup>\u00ae<\/sup><\/strong>Produkty do usuwania kamienia, tlenk\u00f3w metali, osad\u00f3w, oleju, b\u0142ota.\t\t\t\t\t\t\t\t<\/div>\n\t\t\t\t<\/div>\n\t\t\t\t\t<\/div>\n\t\t<\/div>\n\t\t\t\t<div class=\"elementor-column elementor-col-33 elementor-top-column elementor-element elementor-element-6ed0901d margin-content\" data-id=\"6ed0901d\" data-element_type=\"column\" data-e-type=\"column\">\n\t\t\t<div class=\"elementor-widget-wrap elementor-element-populated\">\n\t\t\t\t\t\t<div class=\"elementor-element elementor-element-6c48d12b elementor-invisible elementor-widget elementor-widget-image\" data-id=\"6c48d12b\" data-element_type=\"widget\" data-e-type=\"widget\" data-settings=\"{&quot;_animation&quot;:&quot;fadeIn&quot;}\" data-widget_type=\"image.default\">\n\t\t\t\t<div class=\"elementor-widget-container\">\n\t\t\t\t\t\t\t\t\t\t\t\t\t\t\t<img fetchpriority=\"high\" decoding=\"async\" width=\"350\" height=\"299\" src=\"\/wp-content\/uploads\/2025\/04\/Stamp-Kurita-PATENTED-SOLUTION-0e304df3.png\" class=\"attachment-large size-large wp-image-12806\" alt=\"\" srcset=\"\/wp-content\/uploads\/2025\/04\/Stamp-Kurita-PATENTED-SOLUTION-0e304df3.png 350w, \/wp-content\/uploads\/2025\/04\/Stamp-Kurita-PATENTED-SOLUTION-0e304df3-300x256.png 300w\" sizes=\"(max-width: 350px) 100vw, 350px\" data-no-translation=\"\" \/>\t\t\t\t\t\t\t\t\t\t\t\t\t\t\t<\/div>\n\t\t\t\t<\/div>\n\t\t\t\t\t<\/div>\n\t\t<\/div>\n\t\t\t\t\t<\/div>\n\t\t<\/section>\n\t\t\t\t<section class=\"elementor-section elementor-top-section elementor-element elementor-element-538b9eab elementor-section-boxed elementor-section-height-default elementor-section-height-default\" data-id=\"538b9eab\" data-element_type=\"section\" data-e-type=\"section\" data-settings=\"{&quot;background_background&quot;:&quot;classic&quot;}\">\n\t\t\t\t\t\t<div class=\"elementor-container elementor-column-gap-default\">\n\t\t\t\t\t<div class=\"elementor-column elementor-col-100 elementor-top-column elementor-element elementor-element-5fb8188f margin-content\" data-id=\"5fb8188f\" data-element_type=\"column\" data-e-type=\"column\">\n\t\t\t<div class=\"elementor-widget-wrap elementor-element-populated\">\n\t\t\t\t\t\t<div class=\"elementor-element elementor-element-7115cd87 elementor-widget elementor-widget-heading\" data-id=\"7115cd87\" data-element_type=\"widget\" data-e-type=\"widget\" data-widget_type=\"heading.default\">\n\t\t\t\t<div class=\"elementor-widget-container\">\n\t\t\t\t\t<h2 class=\"elementor-heading-title elementor-size-default\">Jeste\u015bmy do Twojej dyspozycji<\/h2>\t\t\t\t<\/div>\n\t\t\t\t<\/div>\n\t\t\t\t<div class=\"elementor-element elementor-element-3763d9b7 elementor-widget elementor-widget-html\" data-id=\"3763d9b7\" data-element_type=\"widget\" data-e-type=\"widget\" data-widget_type=\"html.default\">\n\t\t\t\t<div class=\"elementor-widget-container\">\n\t\t\t\t\t<div\r\n        data-form-id='f4d0a8e4-73ce-ef11-b8e8-000d3ab41b62'\r\n        data-form-api-url='https:\/\/public-eur.mkt.dynamics.com\/api\/v1.0\/orgs\/30cac5a2-33f9-ed11-a66d-000d3a64d748\/landingpageforms'\r\n        data-cached-form-url='https:\/\/assets-eur.mkt.dynamics.com\/30cac5a2-33f9-ed11-a66d-000d3a64d748\/digitalassets\/forms\/f4d0a8e4-73ce-ef11-b8e8-000d3ab41b62' ><\/div>\r\n        <script src = 'https:\/\/cxppusa1formui01cdnsa01-endpoint.azureedge.net\/eur\/FormLoader\/FormLoader.bundle.js' ><\/script>\r\n        <script>document.documentElement.lang = navigator.language;<\/script>\t\t\t\t<\/div>\n\t\t\t\t<\/div>\n\t\t\t\t\t<\/div>\n\t\t<\/div>\n\t\t\t\t\t<\/div>\n\t\t<\/section>\n\t\t\t\t<\/div>","protected":false},"excerpt":{"rendered":"<p>Alberol\u00ae\/Ferrolin\u00ae Sustainable cleaning with Alberol\u00ae\/Ferrolin\u00ae Deposits in water systems, especially in heat exchangers may cause significant heat transfer reduction which may lead to loss of efficiency and so cooling capacity. It is highly recommended and part of good practice protocols to apply a cleaning under the following circumstances: Long standby of the system without and [&hellip;]<\/p>\n","protected":false},"author":2,"featured_media":0,"parent":13875,"menu_order":0,"comment_status":"closed","ping_status":"closed","template":"","meta":{"footnotes":""},"class_list":["post-14059","page","type-page","status-publish","hentry"],"yoast_head":"<!-- This site is optimized with the Yoast SEO plugin v27.3 - https:\/\/yoast.com\/product\/yoast-seo-wordpress\/ -->\n<title>Ferrolin - Kurita Europe<\/title>\n<meta name=\"description\" content=\"Ferrolin\u00ae provides effective cleaners for removing scale, deposits, and fouling in industrial water systems and heat exchangers.\" \/>\n<meta name=\"robots\" content=\"index, follow, max-snippet:-1, max-image-preview:large, max-video-preview:-1\" \/>\n<link rel=\"canonical\" href=\"https:\/\/www.kurita.eu\/de\/solutions\/ferrolin\/\" \/>\n<meta property=\"og:locale\" content=\"pl_PL\" \/>\n<meta property=\"og:type\" content=\"article\" \/>\n<meta property=\"og:title\" content=\"Ferrolin - Kurita Europe\" \/>\n<meta property=\"og:description\" content=\"Ferrolin\u00ae provides effective cleaners for removing scale, deposits, and fouling in industrial water systems and heat exchangers.\" \/>\n<meta property=\"og:url\" content=\"https:\/\/www.kurita.eu\/de\/solutions\/ferrolin\/\" \/>\n<meta property=\"og:site_name\" content=\"Kurita Europe\" \/>\n<meta property=\"article:modified_time\" content=\"2026-01-20T14:15:06+00:00\" \/>\n<meta property=\"og:image\" content=\"https:\/\/kuritaeuwe-1d317f88af-hmdafwemhrbdfrck.a03.azurefd.net\/wp-content\/uploads\/2025\/07\/kurita-favicon-512x512-1.png\" \/>\n\t<meta property=\"og:image:width\" content=\"512\" \/>\n\t<meta property=\"og:image:height\" content=\"512\" \/>\n\t<meta property=\"og:image:type\" content=\"image\/png\" \/>\n<meta name=\"twitter:card\" content=\"summary_large_image\" \/>\n<meta name=\"twitter:site\" content=\"@KuritaGlobal\" \/>\n<meta name=\"twitter:label1\" content=\"Szacowany czas czytania\" \/>\n\t<meta name=\"twitter:data1\" content=\"3 minuty\" \/>\n<script type=\"application\/ld+json\" class=\"yoast-schema-graph\">{\"@context\":\"https:\\\/\\\/schema.org\",\"@graph\":[{\"@type\":\"WebPage\",\"@id\":\"https:\\\/\\\/www.kurita.eu\\\/de\\\/solutions\\\/ferrolin\\\/\",\"url\":\"https:\\\/\\\/www.kurita.eu\\\/de\\\/solutions\\\/ferrolin\\\/\",\"name\":\"Ferrolin - Kurita Europe\",\"isPartOf\":{\"@id\":\"https:\\\/\\\/www.kurita.eu\\\/fr\\\/#website\"},\"datePublished\":\"2025-04-24T14:38:05+00:00\",\"dateModified\":\"2026-01-20T14:15:06+00:00\",\"description\":\"Ferrolin\u00ae provides effective cleaners for removing scale, deposits, and fouling in industrial water systems and heat exchangers.\",\"breadcrumb\":{\"@id\":\"https:\\\/\\\/www.kurita.eu\\\/de\\\/solutions\\\/ferrolin\\\/#breadcrumb\"},\"inLanguage\":\"pl-PL\",\"potentialAction\":[{\"@type\":\"ReadAction\",\"target\":[\"https:\\\/\\\/www.kurita.eu\\\/de\\\/solutions\\\/ferrolin\\\/\"]}]},{\"@type\":\"BreadcrumbList\",\"@id\":\"https:\\\/\\\/www.kurita.eu\\\/de\\\/solutions\\\/ferrolin\\\/#breadcrumb\",\"itemListElement\":[{\"@type\":\"ListItem\",\"position\":1,\"name\":\"Home\",\"item\":\"https:\\\/\\\/kuritaeuwe-1d317f88af-hmdafwemhrbdfrck.a03.azurefd.net\\\/en\\\/\"},{\"@type\":\"ListItem\",\"position\":2,\"name\":\"Solutions\",\"item\":\"https:\\\/\\\/www.kurita.eu\\\/se\\\/losningar\\\/\"},{\"@type\":\"ListItem\",\"position\":3,\"name\":\"Ferrolin\"}]},{\"@type\":\"WebSite\",\"@id\":\"https:\\\/\\\/www.kurita.eu\\\/fr\\\/#website\",\"url\":\"https:\\\/\\\/www.kurita.eu\\\/fr\\\/\",\"name\":\"Kurita Europe\",\"description\":\"Water Treatment Solutions\",\"publisher\":{\"@id\":\"https:\\\/\\\/www.kurita.eu\\\/fr\\\/#organization\"},\"potentialAction\":[{\"@type\":\"SearchAction\",\"target\":{\"@type\":\"EntryPoint\",\"urlTemplate\":\"https:\\\/\\\/www.kurita.eu\\\/fr\\\/?s={search_term_string}\"},\"query-input\":{\"@type\":\"PropertyValueSpecification\",\"valueRequired\":true,\"valueName\":\"search_term_string\"}}],\"inLanguage\":\"pl-PL\"},{\"@type\":\"Organization\",\"@id\":\"https:\\\/\\\/www.kurita.eu\\\/fr\\\/#organization\",\"name\":\"Kurita Europe\",\"url\":\"https:\\\/\\\/www.kurita.eu\\\/fr\\\/\",\"logo\":{\"@type\":\"ImageObject\",\"inLanguage\":\"pl-PL\",\"@id\":\"https:\\\/\\\/www.kurita.eu\\\/fr\\\/#\\\/schema\\\/logo\\\/image\\\/\",\"url\":\"\\\/wp-content\\\/uploads\\\/2025\\\/05\\\/cropped-brand_mark_horizon_blue.png\",\"contentUrl\":\"\\\/wp-content\\\/uploads\\\/2025\\\/05\\\/cropped-brand_mark_horizon_blue.png\",\"width\":712,\"height\":204,\"caption\":\"Kurita Europe\"},\"image\":{\"@id\":\"https:\\\/\\\/www.kurita.eu\\\/fr\\\/#\\\/schema\\\/logo\\\/image\\\/\"},\"sameAs\":[\"https:\\\/\\\/x.com\\\/KuritaGlobal\",\"https:\\\/\\\/www.linkedin.com\\\/company\\\/kurita\\\/\"]}]}<\/script>\n<!-- \/ Yoast SEO plugin. -->","yoast_head_json":{"title":"Ferrolin - Kurita Europe","description":"Ferrolin\u00ae zapewnia skuteczne \u015brodki czyszcz\u0105ce do usuwania kamienia, osad\u00f3w i zanieczyszcze\u0144 w przemys\u0142owych systemach wodnych i wymiennikach ciep\u0142a.","robots":{"index":"index","follow":"follow","max-snippet":"max-snippet:-1","max-image-preview":"max-image-preview:large","max-video-preview":"max-video-preview:-1"},"canonical":"https:\/\/www.kurita.eu\/de\/solutions\/ferrolin\/","og_locale":"pl_PL","og_type":"article","og_title":"Ferrolin - Kurita Europe","og_description":"Ferrolin\u00ae provides effective cleaners for removing scale, deposits, and fouling in industrial water systems and heat exchangers.","og_url":"https:\/\/www.kurita.eu\/de\/solutions\/ferrolin\/","og_site_name":"Kurita Europe","article_modified_time":"2026-01-20T14:15:06+00:00","og_image":[{"width":512,"height":512,"url":"https:\/\/kuritaeuwe-1d317f88af-hmdafwemhrbdfrck.a03.azurefd.net\/wp-content\/uploads\/2025\/07\/kurita-favicon-512x512-1.png","type":"image\/png"}],"twitter_card":"summary_large_image","twitter_site":"@KuritaGlobal","twitter_misc":{"Szacowany czas czytania":"3 minuty"},"schema":{"@context":"https:\/\/schema.org","@graph":[{"@type":"WebPage","@id":"https:\/\/www.kurita.eu\/de\/solutions\/ferrolin\/","url":"https:\/\/www.kurita.eu\/de\/solutions\/ferrolin\/","name":"Ferrolin - Kurita Europe","isPartOf":{"@id":"https:\/\/www.kurita.eu\/fr\/#website"},"datePublished":"2025-04-24T14:38:05+00:00","dateModified":"2026-01-20T14:15:06+00:00","description":"Ferrolin\u00ae zapewnia skuteczne \u015brodki czyszcz\u0105ce do usuwania kamienia, osad\u00f3w i zanieczyszcze\u0144 w przemys\u0142owych systemach wodnych i wymiennikach ciep\u0142a.","breadcrumb":{"@id":"https:\/\/www.kurita.eu\/de\/solutions\/ferrolin\/#breadcrumb"},"inLanguage":"pl-PL","potentialAction":[{"@type":"ReadAction","target":["https:\/\/www.kurita.eu\/de\/solutions\/ferrolin\/"]}]},{"@type":"BreadcrumbList","@id":"https:\/\/www.kurita.eu\/de\/solutions\/ferrolin\/#breadcrumb","itemListElement":[{"@type":"ListItem","position":1,"name":"Home","item":"https:\/\/kuritaeuwe-1d317f88af-hmdafwemhrbdfrck.a03.azurefd.net\/en\/"},{"@type":"ListItem","position":2,"name":"Solutions","item":"https:\/\/www.kurita.eu\/se\/losningar\/"},{"@type":"ListItem","position":3,"name":"Ferrolin"}]},{"@type":"WebSite","@id":"https:\/\/www.kurita.eu\/fr\/#website","url":"https:\/\/www.kurita.eu\/fr\/","name":"Kurita Europe","description":"Rozwi\u0105zania do uzdatniania wody","publisher":{"@id":"https:\/\/www.kurita.eu\/fr\/#organization"},"potentialAction":[{"@type":"SearchAction","target":{"@type":"EntryPoint","urlTemplate":"https:\/\/www.kurita.eu\/fr\/?s={search_term_string}"},"query-input":{"@type":"PropertyValueSpecification","valueRequired":true,"valueName":"search_term_string"}}],"inLanguage":"pl-PL"},{"@type":"Organization","@id":"https:\/\/www.kurita.eu\/fr\/#organization","name":"Kurita Europe","url":"https:\/\/www.kurita.eu\/fr\/","logo":{"@type":"ImageObject","inLanguage":"pl-PL","@id":"https:\/\/www.kurita.eu\/fr\/#\/schema\/logo\/image\/","url":"\/wp-content\/uploads\/2025\/05\/cropped-brand_mark_horizon_blue.png","contentUrl":"\/wp-content\/uploads\/2025\/05\/cropped-brand_mark_horizon_blue.png","width":712,"height":204,"caption":"Kurita Europe"},"image":{"@id":"https:\/\/www.kurita.eu\/fr\/#\/schema\/logo\/image\/"},"sameAs":["https:\/\/x.com\/KuritaGlobal","https:\/\/www.linkedin.com\/company\/kurita\/"]}]}},"_links":{"self":[{"href":"https:\/\/kuritaeuwe-1d317f88af-hmdafwemhrbdfrck.a03.azurefd.net\/pl\/wp-json\/wp\/v2\/pages\/14059","targetHints":{"allow":["GET"]}}],"collection":[{"href":"https:\/\/kuritaeuwe-1d317f88af-hmdafwemhrbdfrck.a03.azurefd.net\/pl\/wp-json\/wp\/v2\/pages"}],"about":[{"href":"https:\/\/kuritaeuwe-1d317f88af-hmdafwemhrbdfrck.a03.azurefd.net\/pl\/wp-json\/wp\/v2\/types\/page"}],"author":[{"embeddable":true,"href":"https:\/\/kuritaeuwe-1d317f88af-hmdafwemhrbdfrck.a03.azurefd.net\/pl\/wp-json\/wp\/v2\/users\/2"}],"replies":[{"embeddable":true,"href":"https:\/\/kuritaeuwe-1d317f88af-hmdafwemhrbdfrck.a03.azurefd.net\/pl\/wp-json\/wp\/v2\/comments?post=14059"}],"version-history":[{"count":7,"href":"https:\/\/kuritaeuwe-1d317f88af-hmdafwemhrbdfrck.a03.azurefd.net\/pl\/wp-json\/wp\/v2\/pages\/14059\/revisions"}],"predecessor-version":[{"id":19276,"href":"https:\/\/kuritaeuwe-1d317f88af-hmdafwemhrbdfrck.a03.azurefd.net\/pl\/wp-json\/wp\/v2\/pages\/14059\/revisions\/19276"}],"up":[{"embeddable":true,"href":"https:\/\/kuritaeuwe-1d317f88af-hmdafwemhrbdfrck.a03.azurefd.net\/pl\/wp-json\/wp\/v2\/pages\/13875"}],"wp:attachment":[{"href":"https:\/\/kuritaeuwe-1d317f88af-hmdafwemhrbdfrck.a03.azurefd.net\/pl\/wp-json\/wp\/v2\/media?parent=14059"}],"curies":[{"name":"wp","href":"https:\/\/api.w.org\/{rel}","templated":true}]}}