{"id":13839,"date":"2025-04-24T13:12:38","date_gmt":"2025-04-24T13:12:38","guid":{"rendered":"https:\/\/kurita-eu-gudza2cjbzfhcwbx.francecentral-01.azurewebsites.net\/?page_id=13839"},"modified":"2026-02-26T14:32:36","modified_gmt":"2026-02-26T14:32:36","slug":"services","status":"publish","type":"page","link":"https:\/\/kuritaeuwe-1d317f88af-hmdafwemhrbdfrck.a03.azurefd.net\/se\/services\/","title":{"rendered":"Services &amp; Trainings"},"content":{"rendered":"<div data-elementor-type=\"wp-page\" data-elementor-id=\"13839\" class=\"elementor elementor-13839\" data-elementor-post-type=\"page\">\n\t\t\t\t\t\t<section class=\"elementor-section elementor-top-section elementor-element elementor-element-59b699e6 elementor-section-full_width elementor-section-height-default elementor-section-height-default\" data-id=\"59b699e6\" data-element_type=\"section\" data-e-type=\"section\">\n\t\t\t\t\t\t<div class=\"elementor-container elementor-column-gap-default\">\n\t\t\t\t\t<div class=\"elementor-column elementor-col-100 elementor-top-column elementor-element elementor-element-3577daae\" data-id=\"3577daae\" data-element_type=\"column\" data-e-type=\"column\">\n\t\t\t<div class=\"elementor-widget-wrap elementor-element-populated\">\n\t\t\t\t\t\t<div class=\"elementor-element elementor-element-3f34ac6b elementor--h-position-center elementor--v-position-middle elementor-arrows-position-inside elementor-pagination-position-inside elementor-widget elementor-widget-slides\" data-id=\"3f34ac6b\" data-element_type=\"widget\" data-e-type=\"widget\" data-settings=\"{&quot;navigation&quot;:&quot;both&quot;,&quot;autoplay&quot;:&quot;yes&quot;,&quot;pause_on_hover&quot;:&quot;yes&quot;,&quot;pause_on_interaction&quot;:&quot;yes&quot;,&quot;autoplay_speed&quot;:5000,&quot;infinite&quot;:&quot;yes&quot;,&quot;transition&quot;:&quot;slide&quot;,&quot;transition_speed&quot;:500}\" data-widget_type=\"slides.default\">\n\t\t\t\t<div class=\"elementor-widget-container\">\n\t\t\t\t\t\t\t\t\t<div class=\"elementor-swiper\">\n\t\t\t\t\t<div class=\"elementor-slides-wrapper elementor-main-swiper swiper\" role=\"region\" aria-roledescription=\"carousel\" aria-label=\"Diabilder\" dir=\"ltr\" data-animation=\"fadeInUp\">\n\t\t\t\t<div class=\"swiper-wrapper elementor-slides\">\n\t\t\t\t\t\t\t\t\t\t<div class=\"elementor-repeater-item-4e0b9f7 swiper-slide\" role=\"group\" aria-roledescription=\"slide\"><div class=\"swiper-slide-bg elementor-ken-burns elementor-ken-burns--in\" role=\"img\" aria-label=\"Applications_Service-0e1bc3fa.jpg\"><\/div><div class=\"elementor-background-overlay\"><\/div><div class=\"swiper-slide-inner\" ><div class=\"swiper-slide-contents\"><div class=\"elementor-slide-heading\">Service &amp; utbildning<\/div><\/div><\/div><\/div>\t\t\t\t<\/div>\n\t\t\t\t\t\t\t<\/div>\n\t\t\t\t<\/div>\n\t\t\t\t\t\t\t\t<\/div>\n\t\t\t\t<\/div>\n\t\t\t\t\t<\/div>\n\t\t<\/div>\n\t\t\t\t\t<\/div>\n\t\t<\/section>\n\t\t\t\t<section class=\"elementor-section elementor-top-section elementor-element elementor-element-7c420cf elementor-section-boxed elementor-section-height-default elementor-section-height-default\" data-id=\"7c420cf\" data-element_type=\"section\" data-e-type=\"section\">\n\t\t\t\t\t\t<div class=\"elementor-container elementor-column-gap-default\">\n\t\t\t\t\t<div class=\"elementor-column elementor-col-100 elementor-top-column elementor-element elementor-element-7afe63e4 margin-content\" data-id=\"7afe63e4\" data-element_type=\"column\" data-e-type=\"column\">\n\t\t\t<div class=\"elementor-widget-wrap elementor-element-populated\">\n\t\t\t\t\t\t<div class=\"elementor-element elementor-element-2bc3e001 elementor-widget elementor-widget-heading\" data-id=\"2bc3e001\" data-element_type=\"widget\" data-e-type=\"widget\" data-widget_type=\"heading.default\">\n\t\t\t\t<div class=\"elementor-widget-container\">\n\t\t\t\t\t<h1 class=\"elementor-heading-title elementor-size-default\">N\u00e4rhet till kunderna \u00e4r Kuritas styrka<\/h1>\t\t\t\t<\/div>\n\t\t\t\t<\/div>\n\t\t\t\t<div class=\"elementor-element elementor-element-a2819d1 elementor-widget elementor-widget-text-editor\" data-id=\"a2819d1\" data-element_type=\"widget\" data-e-type=\"widget\" data-widget_type=\"text-editor.default\">\n\t\t\t\t<div class=\"elementor-widget-container\">\n\t\t\t\t\t\t\t\t\t<p>Vi tar den kontinuerliga f\u00f6rb\u00e4ttringen av din anl\u00e4ggnings tillg\u00e4nglighet p\u00e5 st\u00f6rsta allvar. Det \u00e4r d\u00e4rf\u00f6r vi l\u00e4gger s\u00e5 stor vikt vid kompetent service: fr\u00e5n den enklaste vattenanalysen till en fullservicel\u00f6sning.<\/p><p>I v\u00e5r portf\u00f6lj ing\u00e5r:<\/p><ul><li>System\u00f6versikt och systemanalys<\/li><li>Utveckling av individuella behandlingskoncept<\/li><li>Analys (p\u00e5 plats och i egna laboratorier)<\/li><li>Reng\u00f6ring av vatten- och processanl\u00e4ggningar<\/li><li>Konsultverksamhet f\u00f6r anl\u00e4ggningskonstruktion och anl\u00e4ggningsoptimering<\/li><li>R\u00e5dgivning f\u00f6r val av utrustning<\/li><li>Logistik (transport &amp; lagerhantering)<\/li><li>Fj\u00e4rrkontroll och online-data\u00f6verf\u00f6ring med <a href=\"https:\/\/www.kurita.eu\/en\/solutions\/kurita-connect-360\/\">Kurita Connect 360<\/a><\/li><\/ul><p>\u00a0<\/p><p>V\u00e5ra kvalificerade och erfarna f\u00e4ltrepresentanter kommer att vara glada\u00a0<a href=\"#contact\">f\u00f6r att ge dig r\u00e5d\u00a0<\/a>p\u00e5 fr\u00e5gor om vilken tj\u00e4nst som \u00e4r b\u00e4st l\u00e4mpad f\u00f6r dina individuella behov. Utmana oss. Vi ser fram emot att arbeta tillsammans med dig.<\/p>\t\t\t\t\t\t\t\t<\/div>\n\t\t\t\t<\/div>\n\t\t\t\t\t<\/div>\n\t\t<\/div>\n\t\t\t\t\t<\/div>\n\t\t<\/section>\n\t\t\t\t<section class=\"elementor-section elementor-top-section elementor-element elementor-element-3c73006f elementor-section-full_width elementor-section-height-default elementor-section-height-default\" data-id=\"3c73006f\" data-element_type=\"section\" data-e-type=\"section\" data-settings=\"{&quot;background_background&quot;:&quot;classic&quot;}\">\n\t\t\t\t\t\t<div class=\"elementor-container elementor-column-gap-no\">\n\t\t\t\t\t<div class=\"elementor-column elementor-col-100 elementor-top-column elementor-element elementor-element-5ed876d9 margin-content\" data-id=\"5ed876d9\" data-element_type=\"column\" data-e-type=\"column\">\n\t\t\t<div class=\"elementor-widget-wrap elementor-element-populated\">\n\t\t\t\t\t\t<div class=\"elementor-element elementor-element-453113aa elementor-widget elementor-widget-heading\" data-id=\"453113aa\" data-element_type=\"widget\" data-e-type=\"widget\" data-widget_type=\"heading.default\">\n\t\t\t\t<div class=\"elementor-widget-container\">\n\t\t\t\t\t<h2 class=\"elementor-heading-title elementor-size-default\">Vi st\u00e5r till tj\u00e4nst f\u00f6r dig<\/h2>\t\t\t\t<\/div>\n\t\t\t\t<\/div>\n\t\t\t\t<div class=\"elementor-element elementor-element-18b1e93f elementor-widget elementor-widget-html\" data-id=\"18b1e93f\" data-element_type=\"widget\" data-e-type=\"widget\" data-widget_type=\"html.default\">\n\t\t\t\t<div class=\"elementor-widget-container\">\n\t\t\t\t\t<div\r\n        data-form-id='f4d0a8e4-73ce-ef11-b8e8-000d3ab41b62'\r\n        data-form-api-url='https:\/\/public-eur.mkt.dynamics.com\/api\/v1.0\/orgs\/30cac5a2-33f9-ed11-a66d-000d3a64d748\/landingpageforms'\r\n        data-cached-form-url='https:\/\/assets-eur.mkt.dynamics.com\/30cac5a2-33f9-ed11-a66d-000d3a64d748\/digitalassets\/forms\/f4d0a8e4-73ce-ef11-b8e8-000d3ab41b62' ><\/div>\r\n        <script src = 'https:\/\/cxppusa1formui01cdnsa01-endpoint.azureedge.net\/eur\/FormLoader\/FormLoader.bundle.js' ><\/script>\r\n        <script>document.documentElement.lang = navigator.language;<\/script>\t\t\t\t<\/div>\n\t\t\t\t<\/div>\n\t\t\t\t\t<\/div>\n\t\t<\/div>\n\t\t\t\t\t<\/div>\n\t\t<\/section>\n\t\t\t\t<\/div>","protected":false},"excerpt":{"rendered":"<p>Service &#038; Training Customer proximity is Kurita&#8217;s strength We take the continuous improvement of your plant availability to heart. That is why we place such an emphasis on competent service: from the simplest water analysis up to a full service solution. Our portfolio includes: System survey and system analysis Development of individual treatment concepts Analytics [&hellip;]<\/p>\n","protected":false},"author":2,"featured_media":13841,"parent":0,"menu_order":0,"comment_status":"closed","ping_status":"closed","template":"","meta":{"footnotes":""},"class_list":["post-13839","page","type-page","status-publish","has-post-thumbnail","hentry"],"yoast_head":"<!-- This site is optimized with the Yoast SEO plugin v27.3 - https:\/\/yoast.com\/product\/yoast-seo-wordpress\/ -->\n<title>Services &amp; Trainings - Kurita Europe<\/title>\n<meta name=\"description\" content=\"Kurita offers water treatment services like consulting, monitoring, and digital tools to boost industrial efficiency and sustainability.\" \/>\n<meta name=\"robots\" content=\"index, follow, max-snippet:-1, max-image-preview:large, max-video-preview:-1\" \/>\n<link rel=\"canonical\" href=\"https:\/\/kurita.eu\/de\/services\/\" \/>\n<meta property=\"og:locale\" content=\"sv_SE\" \/>\n<meta property=\"og:type\" content=\"article\" \/>\n<meta property=\"og:title\" content=\"Services &amp; Trainings - Kurita Europe\" \/>\n<meta property=\"og:description\" content=\"Kurita offers water treatment services like consulting, monitoring, and digital tools to boost industrial efficiency and sustainability.\" \/>\n<meta property=\"og:url\" content=\"https:\/\/kurita.eu\/de\/services\/\" \/>\n<meta property=\"og:site_name\" content=\"Kurita Europe\" \/>\n<meta property=\"article:modified_time\" content=\"2026-02-26T14:32:36+00:00\" \/>\n<meta property=\"og:image\" content=\"https:\/\/kuritaeuwe-1d317f88af-hmdafwemhrbdfrck.a03.azurefd.net\/wp-content\/uploads\/2025\/04\/Applications_Service-0e1bc3fa.jpg\" \/>\n\t<meta property=\"og:image:width\" content=\"870\" \/>\n\t<meta property=\"og:image:height\" content=\"350\" \/>\n\t<meta property=\"og:image:type\" content=\"image\/jpeg\" \/>\n<meta name=\"twitter:card\" content=\"summary_large_image\" \/>\n<meta name=\"twitter:site\" content=\"@KuritaGlobal\" \/>\n<meta name=\"twitter:label1\" content=\"Ber\u00e4knad l\u00e4stid\" \/>\n\t<meta name=\"twitter:data1\" content=\"3 minuter\" \/>\n<script type=\"application\/ld+json\" class=\"yoast-schema-graph\">{\"@context\":\"https:\\\/\\\/schema.org\",\"@graph\":[{\"@type\":\"WebPage\",\"@id\":\"https:\\\/\\\/kurita.eu\\\/de\\\/services\\\/\",\"url\":\"https:\\\/\\\/kurita.eu\\\/de\\\/services\\\/\",\"name\":\"Services &amp; Trainings - Kurita Europe\",\"isPartOf\":{\"@id\":\"https:\\\/\\\/www.kurita.eu\\\/fr\\\/#website\"},\"primaryImageOfPage\":{\"@id\":\"https:\\\/\\\/kurita.eu\\\/de\\\/services\\\/#primaryimage\"},\"image\":{\"@id\":\"https:\\\/\\\/kurita.eu\\\/de\\\/services\\\/#primaryimage\"},\"thumbnailUrl\":\"\\\/wp-content\\\/uploads\\\/2025\\\/04\\\/Applications_Service-0e1bc3fa.jpg\",\"datePublished\":\"2025-04-24T13:12:38+00:00\",\"dateModified\":\"2026-02-26T14:32:36+00:00\",\"description\":\"Kurita offers water treatment services like consulting, monitoring, and digital tools to boost industrial efficiency and sustainability.\",\"breadcrumb\":{\"@id\":\"https:\\\/\\\/kurita.eu\\\/de\\\/services\\\/#breadcrumb\"},\"inLanguage\":\"sv-SE\",\"potentialAction\":[{\"@type\":\"ReadAction\",\"target\":[\"https:\\\/\\\/kurita.eu\\\/de\\\/services\\\/\"]}]},{\"@type\":\"ImageObject\",\"inLanguage\":\"sv-SE\",\"@id\":\"https:\\\/\\\/kurita.eu\\\/de\\\/services\\\/#primaryimage\",\"url\":\"\\\/wp-content\\\/uploads\\\/2025\\\/04\\\/Applications_Service-0e1bc3fa.jpg\",\"contentUrl\":\"\\\/wp-content\\\/uploads\\\/2025\\\/04\\\/Applications_Service-0e1bc3fa.jpg\",\"width\":870,\"height\":350},{\"@type\":\"BreadcrumbList\",\"@id\":\"https:\\\/\\\/kurita.eu\\\/de\\\/services\\\/#breadcrumb\",\"itemListElement\":[{\"@type\":\"ListItem\",\"position\":1,\"name\":\"Home\",\"item\":\"https:\\\/\\\/kuritaeuwe-1d317f88af-hmdafwemhrbdfrck.a03.azurefd.net\\\/en\\\/\"},{\"@type\":\"ListItem\",\"position\":2,\"name\":\"Services &amp; Trainings\"}]},{\"@type\":\"WebSite\",\"@id\":\"https:\\\/\\\/www.kurita.eu\\\/fr\\\/#website\",\"url\":\"https:\\\/\\\/www.kurita.eu\\\/fr\\\/\",\"name\":\"Kurita Europe\",\"description\":\"Water Treatment Solutions\",\"publisher\":{\"@id\":\"https:\\\/\\\/www.kurita.eu\\\/fr\\\/#organization\"},\"potentialAction\":[{\"@type\":\"SearchAction\",\"target\":{\"@type\":\"EntryPoint\",\"urlTemplate\":\"https:\\\/\\\/www.kurita.eu\\\/fr\\\/?s={search_term_string}\"},\"query-input\":{\"@type\":\"PropertyValueSpecification\",\"valueRequired\":true,\"valueName\":\"search_term_string\"}}],\"inLanguage\":\"sv-SE\"},{\"@type\":\"Organization\",\"@id\":\"https:\\\/\\\/www.kurita.eu\\\/fr\\\/#organization\",\"name\":\"Kurita Europe\",\"url\":\"https:\\\/\\\/www.kurita.eu\\\/fr\\\/\",\"logo\":{\"@type\":\"ImageObject\",\"inLanguage\":\"sv-SE\",\"@id\":\"https:\\\/\\\/www.kurita.eu\\\/fr\\\/#\\\/schema\\\/logo\\\/image\\\/\",\"url\":\"\\\/wp-content\\\/uploads\\\/2025\\\/05\\\/cropped-brand_mark_horizon_blue.png\",\"contentUrl\":\"\\\/wp-content\\\/uploads\\\/2025\\\/05\\\/cropped-brand_mark_horizon_blue.png\",\"width\":712,\"height\":204,\"caption\":\"Kurita Europe\"},\"image\":{\"@id\":\"https:\\\/\\\/www.kurita.eu\\\/fr\\\/#\\\/schema\\\/logo\\\/image\\\/\"},\"sameAs\":[\"https:\\\/\\\/x.com\\\/KuritaGlobal\",\"https:\\\/\\\/www.linkedin.com\\\/company\\\/kurita\\\/\"]}]}<\/script>\n<!-- \/ Yoast SEO plugin. -->","yoast_head_json":{"title":"Services &amp; Trainings - Kurita Europe","description":"Kurita erbjuder vattenreningstj\u00e4nster som r\u00e5dgivning, \u00f6vervakning och digitala verktyg f\u00f6r att \u00f6ka industrins effektivitet och h\u00e5llbarhet.","robots":{"index":"index","follow":"follow","max-snippet":"max-snippet:-1","max-image-preview":"max-image-preview:large","max-video-preview":"max-video-preview:-1"},"canonical":"https:\/\/kurita.eu\/de\/services\/","og_locale":"sv_SE","og_type":"article","og_title":"Services &amp; Trainings - Kurita Europe","og_description":"Kurita offers water treatment services like consulting, monitoring, and digital tools to boost industrial efficiency and sustainability.","og_url":"https:\/\/kurita.eu\/de\/services\/","og_site_name":"Kurita Europe","article_modified_time":"2026-02-26T14:32:36+00:00","og_image":[{"width":870,"height":350,"url":"https:\/\/kuritaeuwe-1d317f88af-hmdafwemhrbdfrck.a03.azurefd.net\/wp-content\/uploads\/2025\/04\/Applications_Service-0e1bc3fa.jpg","type":"image\/jpeg"}],"twitter_card":"summary_large_image","twitter_site":"@KuritaGlobal","twitter_misc":{"Ber\u00e4knad l\u00e4stid":"3 minuter"},"schema":{"@context":"https:\/\/schema.org","@graph":[{"@type":"WebPage","@id":"https:\/\/kurita.eu\/de\/services\/","url":"https:\/\/kurita.eu\/de\/services\/","name":"Services &amp; Trainings - Kurita Europe","isPartOf":{"@id":"https:\/\/www.kurita.eu\/fr\/#website"},"primaryImageOfPage":{"@id":"https:\/\/kurita.eu\/de\/services\/#primaryimage"},"image":{"@id":"https:\/\/kurita.eu\/de\/services\/#primaryimage"},"thumbnailUrl":"\/wp-content\/uploads\/2025\/04\/Applications_Service-0e1bc3fa.jpg","datePublished":"2025-04-24T13:12:38+00:00","dateModified":"2026-02-26T14:32:36+00:00","description":"Kurita erbjuder vattenreningstj\u00e4nster som r\u00e5dgivning, \u00f6vervakning och digitala verktyg f\u00f6r att \u00f6ka industrins effektivitet och h\u00e5llbarhet.","breadcrumb":{"@id":"https:\/\/kurita.eu\/de\/services\/#breadcrumb"},"inLanguage":"sv-SE","potentialAction":[{"@type":"ReadAction","target":["https:\/\/kurita.eu\/de\/services\/"]}]},{"@type":"ImageObject","inLanguage":"sv-SE","@id":"https:\/\/kurita.eu\/de\/services\/#primaryimage","url":"\/wp-content\/uploads\/2025\/04\/Applications_Service-0e1bc3fa.jpg","contentUrl":"\/wp-content\/uploads\/2025\/04\/Applications_Service-0e1bc3fa.jpg","width":870,"height":350},{"@type":"BreadcrumbList","@id":"https:\/\/kurita.eu\/de\/services\/#breadcrumb","itemListElement":[{"@type":"ListItem","position":1,"name":"Home","item":"https:\/\/kuritaeuwe-1d317f88af-hmdafwemhrbdfrck.a03.azurefd.net\/en\/"},{"@type":"ListItem","position":2,"name":"Services &amp; Trainings"}]},{"@type":"WebSite","@id":"https:\/\/www.kurita.eu\/fr\/#website","url":"https:\/\/www.kurita.eu\/fr\/","name":"Kurita Europa","description":"L\u00f6sningar f\u00f6r vattenbehandling","publisher":{"@id":"https:\/\/www.kurita.eu\/fr\/#organization"},"potentialAction":[{"@type":"SearchAction","target":{"@type":"EntryPoint","urlTemplate":"https:\/\/www.kurita.eu\/fr\/?s={search_term_string}"},"query-input":{"@type":"PropertyValueSpecification","valueRequired":true,"valueName":"search_term_string"}}],"inLanguage":"sv-SE"},{"@type":"Organization","@id":"https:\/\/www.kurita.eu\/fr\/#organization","name":"Kurita Europa","url":"https:\/\/www.kurita.eu\/fr\/","logo":{"@type":"ImageObject","inLanguage":"sv-SE","@id":"https:\/\/www.kurita.eu\/fr\/#\/schema\/logo\/image\/","url":"\/wp-content\/uploads\/2025\/05\/cropped-brand_mark_horizon_blue.png","contentUrl":"\/wp-content\/uploads\/2025\/05\/cropped-brand_mark_horizon_blue.png","width":712,"height":204,"caption":"Kurita Europe"},"image":{"@id":"https:\/\/www.kurita.eu\/fr\/#\/schema\/logo\/image\/"},"sameAs":["https:\/\/x.com\/KuritaGlobal","https:\/\/www.linkedin.com\/company\/kurita\/"]}]}},"_links":{"self":[{"href":"https:\/\/kuritaeuwe-1d317f88af-hmdafwemhrbdfrck.a03.azurefd.net\/se\/wp-json\/wp\/v2\/pages\/13839","targetHints":{"allow":["GET"]}}],"collection":[{"href":"https:\/\/kuritaeuwe-1d317f88af-hmdafwemhrbdfrck.a03.azurefd.net\/se\/wp-json\/wp\/v2\/pages"}],"about":[{"href":"https:\/\/kuritaeuwe-1d317f88af-hmdafwemhrbdfrck.a03.azurefd.net\/se\/wp-json\/wp\/v2\/types\/page"}],"author":[{"embeddable":true,"href":"https:\/\/kuritaeuwe-1d317f88af-hmdafwemhrbdfrck.a03.azurefd.net\/se\/wp-json\/wp\/v2\/users\/2"}],"replies":[{"embeddable":true,"href":"https:\/\/kuritaeuwe-1d317f88af-hmdafwemhrbdfrck.a03.azurefd.net\/se\/wp-json\/wp\/v2\/comments?post=13839"}],"version-history":[{"count":41,"href":"https:\/\/kuritaeuwe-1d317f88af-hmdafwemhrbdfrck.a03.azurefd.net\/se\/wp-json\/wp\/v2\/pages\/13839\/revisions"}],"predecessor-version":[{"id":20844,"href":"https:\/\/kuritaeuwe-1d317f88af-hmdafwemhrbdfrck.a03.azurefd.net\/se\/wp-json\/wp\/v2\/pages\/13839\/revisions\/20844"}],"wp:featuredmedia":[{"embeddable":true,"href":"https:\/\/kuritaeuwe-1d317f88af-hmdafwemhrbdfrck.a03.azurefd.net\/se\/wp-json\/wp\/v2\/media\/13841"}],"wp:attachment":[{"href":"https:\/\/kuritaeuwe-1d317f88af-hmdafwemhrbdfrck.a03.azurefd.net\/se\/wp-json\/wp\/v2\/media?parent=13839"}],"curies":[{"name":"wp","href":"https:\/\/api.w.org\/{rel}","templated":true}]}}