{"id":14259,"date":"2025-04-25T08:01:07","date_gmt":"2025-04-25T08:01:07","guid":{"rendered":"https:\/\/kurita-eu-gudza2cjbzfhcwbx.francecentral-01.azurewebsites.net\/?page_id=14259"},"modified":"2026-01-20T16:28:43","modified_gmt":"2026-01-20T16:28:43","slug":"kuriverter-rc","status":"publish","type":"page","link":"https:\/\/kuritaeuwe-1d317f88af-hmdafwemhrbdfrck.a03.azurefd.net\/se\/solutions\/kuriverter-rc\/","title":{"rendered":"Kuriverter\u00ae RC"},"content":{"rendered":"<div data-elementor-type=\"wp-page\" data-elementor-id=\"14259\" class=\"elementor elementor-14259\" data-elementor-post-type=\"page\">\n\t\t\t\t\t\t<section class=\"elementor-section elementor-top-section elementor-element elementor-element-4f2780b7 elementor-section-full_width elementor-section-height-default elementor-section-height-default\" data-id=\"4f2780b7\" data-element_type=\"section\" data-e-type=\"section\">\n\t\t\t\t\t\t<div class=\"elementor-container elementor-column-gap-default\">\n\t\t\t\t\t<div class=\"elementor-column elementor-col-100 elementor-top-column elementor-element elementor-element-7e809e46\" data-id=\"7e809e46\" data-element_type=\"column\" data-e-type=\"column\">\n\t\t\t<div class=\"elementor-widget-wrap elementor-element-populated\">\n\t\t\t\t\t\t<div class=\"elementor-element elementor-element-4a1bccb2 elementor--h-position-center elementor--v-position-middle elementor-arrows-position-inside elementor-pagination-position-inside elementor-widget elementor-widget-slides\" data-id=\"4a1bccb2\" data-element_type=\"widget\" data-e-type=\"widget\" data-settings=\"{&quot;navigation&quot;:&quot;both&quot;,&quot;autoplay&quot;:&quot;yes&quot;,&quot;pause_on_hover&quot;:&quot;yes&quot;,&quot;pause_on_interaction&quot;:&quot;yes&quot;,&quot;autoplay_speed&quot;:5000,&quot;infinite&quot;:&quot;yes&quot;,&quot;transition&quot;:&quot;slide&quot;,&quot;transition_speed&quot;:500}\" data-widget_type=\"slides.default\">\n\t\t\t\t<div class=\"elementor-widget-container\">\n\t\t\t\t\t\t\t\t\t<div class=\"elementor-swiper\">\n\t\t\t\t\t<div class=\"elementor-slides-wrapper elementor-main-swiper swiper\" role=\"region\" aria-roledescription=\"carousel\" aria-label=\"Diabilder\" dir=\"ltr\" data-animation=\"fadeInUp\">\n\t\t\t\t<div class=\"swiper-wrapper elementor-slides\">\n\t\t\t\t\t\t\t\t\t\t<div class=\"elementor-repeater-item-4e0b9f7 swiper-slide\" role=\"group\" aria-roledescription=\"slide\"><div class=\"swiper-slide-bg elementor-ken-burns elementor-ken-burns--in\" role=\"img\" aria-label=\"Kuriverter-14299ba0-1.png\"><\/div><div class=\"elementor-background-overlay\"><\/div><div class=\"swiper-slide-inner\" ><div class=\"swiper-slide-contents\"><h1 class=\"elementor-slide-heading\">Kuriverter\u00ae RC<\/h1><\/div><\/div><\/div>\t\t\t\t<\/div>\n\t\t\t\t\t\t\t<\/div>\n\t\t\t\t<\/div>\n\t\t\t\t\t\t\t\t<\/div>\n\t\t\t\t<\/div>\n\t\t\t\t\t<\/div>\n\t\t<\/div>\n\t\t\t\t\t<\/div>\n\t\t<\/section>\n\t\t\t\t<section class=\"elementor-section elementor-top-section elementor-element elementor-element-196327a4 elementor-section-boxed elementor-section-height-default elementor-section-height-default\" data-id=\"196327a4\" data-element_type=\"section\" data-e-type=\"section\">\n\t\t\t\t\t\t<div class=\"elementor-container elementor-column-gap-default\">\n\t\t\t\t\t<div class=\"elementor-column elementor-col-66 elementor-top-column elementor-element elementor-element-3fedc7e6 margin-content\" data-id=\"3fedc7e6\" data-element_type=\"column\" data-e-type=\"column\">\n\t\t\t<div class=\"elementor-widget-wrap elementor-element-populated\">\n\t\t\t\t\t\t<div class=\"elementor-element elementor-element-48e55468 elementor-widget elementor-widget-heading\" data-id=\"48e55468\" data-element_type=\"widget\" data-e-type=\"widget\" data-widget_type=\"heading.default\">\n\t\t\t\t<div class=\"elementor-widget-container\">\n\t\t\t\t\t<h2 class=\"elementor-heading-title elementor-size-default\">Undvik byte av RO-membran genom att anv\u00e4nda Kuriverter\u00ae RC.\n<\/h2>\t\t\t\t<\/div>\n\t\t\t\t<\/div>\n\t\t\t\t<div class=\"elementor-element elementor-element-179a455b elementor-invisible elementor-widget elementor-widget-text-editor\" data-id=\"179a455b\" data-element_type=\"widget\" data-e-type=\"widget\" data-settings=\"{&quot;_animation&quot;:&quot;fadeInUp&quot;}\" data-widget_type=\"text-editor.default\">\n\t\t\t\t<div class=\"elementor-widget-container\">\n\t\t\t\t\t\t\t\t\t<p>Applikationer som anv\u00e4nder membranteknik f\u00f6r omv\u00e4nd osmos finns \u00f6verallt i v\u00e5ra liv: fr\u00e5n sm\u00e5 enheter under diskb\u00e4nken som polerar v\u00e5rt dricksvatten via industriella enheter som bereder vatten f\u00f6r processer eller renar avloppsvatten f\u00f6r \u00e5teranv\u00e4ndning, till massiva avsaltningsanl\u00e4ggningar f\u00f6r havsvatten som producerar tusentals m\u00b3 dricks- och bevattningsvatten varje dag. Den omv\u00e4nda osmos som anv\u00e4nds i denna teknik st\u00e5r inf\u00f6r m\u00e5nga potentiella problem, n\u00e4mligen kalkavlagringar, biofouling, fysiska p\u00e5frestningar och kemiska skador. F\u00f6r m\u00e5nga av dessa problem har vi utvecklat f\u00f6rebyggande l\u00f6sningar i form av f\u00f6rbehandling, antiskalmedel, dispergeringsmedel, biocider och b\u00e4ttre driftsrutiner.<\/p><p>Kuritas produktsortiment f\u00f6r omv\u00e4nd osmos och dess produkter \u00e4r kompatibla med membran och ackrediterade med kompatibilitetsbrev fr\u00e5n de mest v\u00e4rldsomsp\u00e4nnande k\u00e4nda membrantillverkningsf\u00f6retagen.<\/p><p>\u00c4ven om man anv\u00e4nder r\u00e4tt produkter \u00e4r det dagliga arbetet inte befriat fr\u00e5n incidenter. \u00d6verdosering av vissa kemikalier, avbrott i neutraliseringsmedel, trasiga pumpar, felber\u00e4kning av arbetskraft etc... kan leda till att omv\u00e4nd osmossystem lider av kemisk skada eller oxidation med den resulterande \u00f6kningen av saltpassage, f\u00f6rlust av prestanda och produktionsproblem. Den snabbaste och vanligaste l\u00f6sningen i dessa fall \u00e4r membranbyte f\u00f6r att undvika l\u00e5ngsiktiga produktionsf\u00f6rluster, men det inneb\u00e4r naturligtvis en h\u00f6g ekonomisk kostnad, s\u00e4rskilt i de stora anl\u00e4ggningarna f\u00f6r omv\u00e4nd osmos.<\/p><p>Men nu finns det ett alternativ f\u00f6r Kuritas kunder som hj\u00e4lper till att beh\u00e5lla membranet utan att f\u00f6rlora prestanda: Kuriverter\u00ae RC-teknik fr\u00e5n Kurita. Med den h\u00e4r tekniken kan vi f\u00f6ryngra membranet, \u00e5terst\u00e4lla saltavskiljningen och skjuta upp membranbytet tills det \u00e4r budgeterat och bekv\u00e4mt. Detta till en br\u00e5kdel av utbyteskostnaden med hj\u00e4lp av en CIP-process som \u00e4r enkel att till\u00e4mpa.<\/p>\t\t\t\t\t\t\t\t<\/div>\n\t\t\t\t<\/div>\n\t\t\t\t\t<\/div>\n\t\t<\/div>\n\t\t\t\t<div class=\"elementor-column elementor-col-33 elementor-top-column elementor-element elementor-element-3431d06d margin-content\" data-id=\"3431d06d\" data-element_type=\"column\" data-e-type=\"column\">\n\t\t\t<div class=\"elementor-widget-wrap elementor-element-populated\">\n\t\t\t\t\t\t<div class=\"elementor-element elementor-element-3517d80f elementor-invisible elementor-widget elementor-widget-image\" data-id=\"3517d80f\" data-element_type=\"widget\" data-e-type=\"widget\" data-settings=\"{&quot;_animation&quot;:&quot;fadeIn&quot;}\" data-widget_type=\"image.default\">\n\t\t\t\t<div class=\"elementor-widget-container\">\n\t\t\t\t\t\t\t\t\t\t\t\t\t\t\t<img fetchpriority=\"high\" decoding=\"async\" width=\"350\" height=\"299\" src=\"\/wp-content\/uploads\/2025\/04\/Stamp-Kurita-PATENTED-SOLUTION-0e304df3.png\" class=\"attachment-large size-large wp-image-12806\" alt=\"\" srcset=\"\/wp-content\/uploads\/2025\/04\/Stamp-Kurita-PATENTED-SOLUTION-0e304df3.png 350w, \/wp-content\/uploads\/2025\/04\/Stamp-Kurita-PATENTED-SOLUTION-0e304df3-300x256.png 300w\" sizes=\"(max-width: 350px) 100vw, 350px\" data-no-translation=\"\" \/>\t\t\t\t\t\t\t\t\t\t\t\t\t\t\t<\/div>\n\t\t\t\t<\/div>\n\t\t\t\t\t<\/div>\n\t\t<\/div>\n\t\t\t\t\t<\/div>\n\t\t<\/section>\n\t\t\t\t<section class=\"elementor-section elementor-top-section elementor-element elementor-element-3e203dab elementor-section-boxed elementor-section-height-default elementor-section-height-default\" data-id=\"3e203dab\" data-element_type=\"section\" data-e-type=\"section\" data-settings=\"{&quot;background_background&quot;:&quot;classic&quot;}\">\n\t\t\t\t\t\t<div class=\"elementor-container elementor-column-gap-default\">\n\t\t\t\t\t<div class=\"elementor-column elementor-col-50 elementor-top-column elementor-element elementor-element-2f052e1a margin-content\" data-id=\"2f052e1a\" data-element_type=\"column\" data-e-type=\"column\">\n\t\t\t<div class=\"elementor-widget-wrap elementor-element-populated\">\n\t\t\t\t\t\t<div class=\"elementor-element elementor-element-4a1d8c3e elementor-widget elementor-widget-heading\" data-id=\"4a1d8c3e\" data-element_type=\"widget\" data-e-type=\"widget\" data-widget_type=\"heading.default\">\n\t\t\t\t<div class=\"elementor-widget-container\">\n\t\t\t\t\t<h4 class=\"elementor-heading-title elementor-size-default\">F\u00f6rm\u00e5ner inkluderar:\n<\/h4>\t\t\t\t<\/div>\n\t\t\t\t<\/div>\n\t\t\t\t<div class=\"elementor-element elementor-element-260bc15d elementor-invisible elementor-widget elementor-widget-text-editor\" data-id=\"260bc15d\" data-element_type=\"widget\" data-e-type=\"widget\" data-settings=\"{&quot;_animation&quot;:&quot;fadeIn&quot;}\" data-widget_type=\"text-editor.default\">\n\t\t\t\t<div class=\"elementor-widget-container\">\n\t\t\t\t\t\t\t\t\t<ul><li>S\u00e4ker FDA och\u00a0<a href=\"http:\/\/www.nsf.org\/\">NSF<\/a>\u00a0godk\u00e4nda komponenter<\/li><li>Standard CIP-processapplikation<\/li><li>Den omedelbara l\u00f6sningen f\u00f6r att \u00e5terst\u00e4lla permeatkvaliteten<\/li><li>L\u00e5g kostnad j\u00e4mf\u00f6rt med utbyte<\/li><li>M\u00f6jligg\u00f6r planering och budgetering f\u00f6r eventuellt membranbyte<\/li><\/ul>\t\t\t\t\t\t\t\t<\/div>\n\t\t\t\t<\/div>\n\t\t\t\t<div class=\"elementor-element elementor-element-397b8f22 elementor-widget elementor-widget-text-editor\" data-id=\"397b8f22\" data-element_type=\"widget\" data-e-type=\"widget\" data-widget_type=\"text-editor.default\">\n\t\t\t\t<div class=\"elementor-widget-container\">\n\t\t\t\t\t\t\t\t\t<p>Kuriverter\u00ae RC-tekniken ger operat\u00f6ren av membrananl\u00e4ggningen ytterligare ett verktyg f\u00f6r att minska riskerna och f\u00f6rb\u00e4ttra anl\u00e4ggningens prestanda, samtidigt som det ursprungliga permeatfl\u00f6det och saltavskiljningen bibeh\u00e5lls.<\/p><p>Driften av en membrananl\u00e4ggning \u00e4r en sekventiell process d\u00e4r varje steg har specifika krav f\u00f6r effektiv drift, och bristande kontroll i ett steg har en betydande inverkan p\u00e5 n\u00e4sta. Med \u00f6ver 60 \u00e5rs erfarenhet erbjuder Kurita l\u00f6sningar f\u00f6r vart och ett av dessa processteg som f\u00f6rl\u00e4nger anl\u00e4ggningens livsl\u00e4ngd och minskar den totala driftskostnaden.<\/p><p>Kuriverter\u00ae RC-komponenterna \u00e4r alla helt f\u00f6renliga med FDA:s livsmedelsgodk\u00e4nda kemikalier f\u00f6r m\u00e4nsklig konsumtion.<\/p><p>Kuriverter\u00ae RC \u00e4r\u00a0<a href=\"http:\/\/www.nsf.org\/\">NSF<\/a>\u00a0\/ ANSI 60-certifierad f\u00f6r anv\u00e4ndning i membrananl\u00e4ggningar som producerar dricksvatten.<\/p>\t\t\t\t\t\t\t\t<\/div>\n\t\t\t\t<\/div>\n\t\t\t\t\t<\/div>\n\t\t<\/div>\n\t\t\t\t<div class=\"elementor-column elementor-col-50 elementor-top-column elementor-element elementor-element-6be3b973\" data-id=\"6be3b973\" data-element_type=\"column\" data-e-type=\"column\">\n\t\t\t<div class=\"elementor-widget-wrap elementor-element-populated\">\n\t\t\t\t\t\t<div class=\"elementor-element elementor-element-38679733 margin-content elementor-widget elementor-widget-image\" data-id=\"38679733\" data-element_type=\"widget\" data-e-type=\"widget\" data-widget_type=\"image.default\">\n\t\t\t\t<div class=\"elementor-widget-container\">\n\t\t\t\t\t\t\t\t\t\t\t\t\t\t\t<img decoding=\"async\" width=\"350\" height=\"232\" src=\"\/wp-content\/uploads\/2025\/04\/Innovations_Kuriverter-RC-40843c14.jpg\" class=\"attachment-large size-large wp-image-14262\" alt=\"\" srcset=\"\/wp-content\/uploads\/2025\/04\/Innovations_Kuriverter-RC-40843c14.jpg 350w, \/wp-content\/uploads\/2025\/04\/Innovations_Kuriverter-RC-40843c14-300x199.jpg 300w\" sizes=\"(max-width: 350px) 100vw, 350px\" data-no-translation=\"\" \/>\t\t\t\t\t\t\t\t\t\t\t\t\t\t\t<\/div>\n\t\t\t\t<\/div>\n\t\t\t\t\t<\/div>\n\t\t<\/div>\n\t\t\t\t\t<\/div>\n\t\t<\/section>\n\t\t\t\t<section class=\"elementor-section elementor-top-section elementor-element elementor-element-373089d8 elementor-section-boxed elementor-section-height-default elementor-section-height-default\" data-id=\"373089d8\" data-element_type=\"section\" data-e-type=\"section\" data-settings=\"{&quot;background_background&quot;:&quot;classic&quot;}\">\n\t\t\t\t\t\t<div class=\"elementor-container elementor-column-gap-default\">\n\t\t\t\t\t<div class=\"elementor-column elementor-col-100 elementor-top-column elementor-element elementor-element-78a2b396 margin-content\" data-id=\"78a2b396\" data-element_type=\"column\" data-e-type=\"column\">\n\t\t\t<div class=\"elementor-widget-wrap elementor-element-populated\">\n\t\t\t\t\t\t<div class=\"elementor-element elementor-element-588dcf26 elementor-widget elementor-widget-heading\" data-id=\"588dcf26\" data-element_type=\"widget\" data-e-type=\"widget\" data-widget_type=\"heading.default\">\n\t\t\t\t<div class=\"elementor-widget-container\">\n\t\t\t\t\t<h4 class=\"elementor-heading-title elementor-size-default\">Laboratorietest<\/h4>\t\t\t\t<\/div>\n\t\t\t\t<\/div>\n\t\t\t\t<div class=\"elementor-element elementor-element-3ed76b43 elementor-widget elementor-widget-video\" data-id=\"3ed76b43\" data-element_type=\"widget\" data-e-type=\"widget\" data-settings=\"{&quot;youtube_url&quot;:&quot;https:\\\/\\\/www.youtube.com\\\/watch?v=Vqjw4wDwi4Y&amp;t&quot;,&quot;video_type&quot;:&quot;youtube&quot;,&quot;controls&quot;:&quot;yes&quot;}\" data-widget_type=\"video.default\">\n\t\t\t\t<div class=\"elementor-widget-container\">\n\t\t\t\t\t\t\t<div class=\"elementor-wrapper elementor-open-inline\">\n\t\t\t<div class=\"elementor-video\"><\/div>\t\t<\/div>\n\t\t\t\t\t\t<\/div>\n\t\t\t\t<\/div>\n\t\t\t\t\t<\/div>\n\t\t<\/div>\n\t\t\t\t\t<\/div>\n\t\t<\/section>\n\t\t\t\t<section class=\"elementor-section elementor-top-section elementor-element elementor-element-3dd265ea elementor-section-boxed elementor-section-height-default elementor-section-height-default\" data-id=\"3dd265ea\" data-element_type=\"section\" data-e-type=\"section\" data-settings=\"{&quot;background_background&quot;:&quot;classic&quot;}\">\n\t\t\t\t\t\t<div class=\"elementor-container elementor-column-gap-default\">\n\t\t\t\t\t<div class=\"elementor-column elementor-col-100 elementor-top-column elementor-element elementor-element-57eaabdf margin-content\" data-id=\"57eaabdf\" data-element_type=\"column\" data-e-type=\"column\">\n\t\t\t<div class=\"elementor-widget-wrap elementor-element-populated\">\n\t\t\t\t\t\t<div class=\"elementor-element elementor-element-56d5b128 elementor-widget elementor-widget-heading\" data-id=\"56d5b128\" data-element_type=\"widget\" data-e-type=\"widget\" data-widget_type=\"heading.default\">\n\t\t\t\t<div class=\"elementor-widget-container\">\n\t\t\t\t\t<h2 class=\"elementor-heading-title elementor-size-default\">Vi st\u00e5r till tj\u00e4nst f\u00f6r dig<\/h2>\t\t\t\t<\/div>\n\t\t\t\t<\/div>\n\t\t\t\t<div class=\"elementor-element elementor-element-e76bb06 elementor-widget elementor-widget-html\" data-id=\"e76bb06\" data-element_type=\"widget\" data-e-type=\"widget\" data-widget_type=\"html.default\">\n\t\t\t\t<div class=\"elementor-widget-container\">\n\t\t\t\t\t<div\r\n        data-form-id='f4d0a8e4-73ce-ef11-b8e8-000d3ab41b62'\r\n        data-form-api-url='https:\/\/public-eur.mkt.dynamics.com\/api\/v1.0\/orgs\/30cac5a2-33f9-ed11-a66d-000d3a64d748\/landingpageforms'\r\n        data-cached-form-url='https:\/\/assets-eur.mkt.dynamics.com\/30cac5a2-33f9-ed11-a66d-000d3a64d748\/digitalassets\/forms\/f4d0a8e4-73ce-ef11-b8e8-000d3ab41b62' ><\/div>\r\n        <script src = 'https:\/\/cxppusa1formui01cdnsa01-endpoint.azureedge.net\/eur\/FormLoader\/FormLoader.bundle.js' ><\/script>\r\n        <script>document.documentElement.lang = navigator.language;<\/script>\t\t\t\t<\/div>\n\t\t\t\t<\/div>\n\t\t\t\t\t<\/div>\n\t\t<\/div>\n\t\t\t\t\t<\/div>\n\t\t<\/section>\n\t\t\t\t<\/div>","protected":false},"excerpt":{"rendered":"<p>Kuriverter\u00ae RC Avoid RO membrane replacement by using Kuriverter\u00ae RC. Applications using Reverse Osmosis membrane technologies are everywhere in our lives: from tiny under counter units polishing our drinking water through industrial units preparing water for processes or purifying effluents for reuse, and massive seawater desalination plants producing thousands of m\u00b3 of drinking and irrigation [&hellip;]<\/p>\n","protected":false},"author":2,"featured_media":0,"parent":13875,"menu_order":0,"comment_status":"closed","ping_status":"closed","template":"","meta":{"footnotes":""},"class_list":["post-14259","page","type-page","status-publish","hentry"],"yoast_head":"<!-- This site is optimized with the Yoast SEO plugin v27.3 - https:\/\/yoast.com\/product\/yoast-seo-wordpress\/ -->\n<title>Kuriverter\u00ae RC - Kurita Europe<\/title>\n<meta name=\"description\" content=\"Kuriverter RC membrane rejuvenation: restore RO salt rejection via standard CIP, postpone replacements and cut OPEX using NSF\/FDA\u2011compliant chemistry.\" \/>\n<meta name=\"robots\" content=\"index, follow, max-snippet:-1, max-image-preview:large, max-video-preview:-1\" \/>\n<link rel=\"canonical\" href=\"https:\/\/kurita.eu\/pt\/solutions\/kuriverter-rc\/\" \/>\n<meta property=\"og:locale\" content=\"sv_SE\" \/>\n<meta property=\"og:type\" content=\"article\" \/>\n<meta property=\"og:title\" content=\"Kuriverter\u00ae RC - Kurita Europe\" \/>\n<meta property=\"og:description\" content=\"Kuriverter RC membrane rejuvenation: restore RO salt rejection via standard CIP, postpone replacements and cut OPEX using NSF\/FDA\u2011compliant chemistry.\" \/>\n<meta property=\"og:url\" content=\"https:\/\/kurita.eu\/pt\/solutions\/kuriverter-rc\/\" \/>\n<meta property=\"og:site_name\" content=\"Kurita Europe\" \/>\n<meta property=\"article:modified_time\" content=\"2026-01-20T16:28:43+00:00\" \/>\n<meta property=\"og:image\" content=\"https:\/\/kuritaeuwe-1d317f88af-hmdafwemhrbdfrck.a03.azurefd.net\/wp-content\/uploads\/2025\/07\/kurita-favicon-512x512-1.png\" \/>\n\t<meta property=\"og:image:width\" content=\"512\" \/>\n\t<meta property=\"og:image:height\" content=\"512\" \/>\n\t<meta property=\"og:image:type\" content=\"image\/png\" \/>\n<meta name=\"twitter:card\" content=\"summary_large_image\" \/>\n<meta name=\"twitter:site\" content=\"@KuritaGlobal\" \/>\n<meta name=\"twitter:label1\" content=\"Ber\u00e4knad l\u00e4stid\" \/>\n\t<meta name=\"twitter:data1\" content=\"3 minuter\" \/>\n<script type=\"application\/ld+json\" class=\"yoast-schema-graph\">{\"@context\":\"https:\\\/\\\/schema.org\",\"@graph\":[{\"@type\":\"WebPage\",\"@id\":\"https:\\\/\\\/kurita.eu\\\/pt\\\/solutions\\\/kuriverter-rc\\\/\",\"url\":\"https:\\\/\\\/kurita.eu\\\/pt\\\/solutions\\\/kuriverter-rc\\\/\",\"name\":\"Kuriverter\u00ae RC - Kurita Europe\",\"isPartOf\":{\"@id\":\"https:\\\/\\\/kuritaeuwe-1d317f88af-hmdafwemhrbdfrck.a03.azurefd.net\\\/it\\\/#website\"},\"datePublished\":\"2025-04-25T08:01:07+00:00\",\"dateModified\":\"2026-01-20T16:28:43+00:00\",\"description\":\"Kuriverter RC membrane rejuvenation: restore RO salt rejection via standard CIP, postpone replacements and cut OPEX using NSF\\\/FDA\u2011compliant chemistry.\",\"breadcrumb\":{\"@id\":\"https:\\\/\\\/kurita.eu\\\/pt\\\/solutions\\\/kuriverter-rc\\\/#breadcrumb\"},\"inLanguage\":\"sv-SE\",\"potentialAction\":[{\"@type\":\"ReadAction\",\"target\":[\"https:\\\/\\\/kurita.eu\\\/pt\\\/solutions\\\/kuriverter-rc\\\/\"]}]},{\"@type\":\"BreadcrumbList\",\"@id\":\"https:\\\/\\\/kurita.eu\\\/pt\\\/solutions\\\/kuriverter-rc\\\/#breadcrumb\",\"itemListElement\":[{\"@type\":\"ListItem\",\"position\":1,\"name\":\"Home\",\"item\":\"https:\\\/\\\/www.kurita.eu\\\/en\\\/\"},{\"@type\":\"ListItem\",\"position\":2,\"name\":\"Solutions\",\"item\":\"https:\\\/\\\/kurita.eu\\\/it\\\/solutions\\\/\"},{\"@type\":\"ListItem\",\"position\":3,\"name\":\"Kuriverter\u00ae RC\"}]},{\"@type\":\"WebSite\",\"@id\":\"https:\\\/\\\/kuritaeuwe-1d317f88af-hmdafwemhrbdfrck.a03.azurefd.net\\\/it\\\/#website\",\"url\":\"https:\\\/\\\/kuritaeuwe-1d317f88af-hmdafwemhrbdfrck.a03.azurefd.net\\\/it\\\/\",\"name\":\"Kurita Europe\",\"description\":\"Water Treatment Solutions\",\"publisher\":{\"@id\":\"https:\\\/\\\/kuritaeuwe-1d317f88af-hmdafwemhrbdfrck.a03.azurefd.net\\\/it\\\/#organization\"},\"potentialAction\":[{\"@type\":\"SearchAction\",\"target\":{\"@type\":\"EntryPoint\",\"urlTemplate\":\"https:\\\/\\\/kuritaeuwe-1d317f88af-hmdafwemhrbdfrck.a03.azurefd.net\\\/it\\\/?s={search_term_string}\"},\"query-input\":{\"@type\":\"PropertyValueSpecification\",\"valueRequired\":true,\"valueName\":\"search_term_string\"}}],\"inLanguage\":\"sv-SE\"},{\"@type\":\"Organization\",\"@id\":\"https:\\\/\\\/kuritaeuwe-1d317f88af-hmdafwemhrbdfrck.a03.azurefd.net\\\/it\\\/#organization\",\"name\":\"Kurita Europe\",\"url\":\"https:\\\/\\\/kuritaeuwe-1d317f88af-hmdafwemhrbdfrck.a03.azurefd.net\\\/it\\\/\",\"logo\":{\"@type\":\"ImageObject\",\"inLanguage\":\"sv-SE\",\"@id\":\"https:\\\/\\\/kuritaeuwe-1d317f88af-hmdafwemhrbdfrck.a03.azurefd.net\\\/it\\\/#\\\/schema\\\/logo\\\/image\\\/\",\"url\":\"\\\/wp-content\\\/uploads\\\/2025\\\/05\\\/cropped-brand_mark_horizon_blue.png\",\"contentUrl\":\"\\\/wp-content\\\/uploads\\\/2025\\\/05\\\/cropped-brand_mark_horizon_blue.png\",\"width\":712,\"height\":204,\"caption\":\"Kurita Europe\"},\"image\":{\"@id\":\"https:\\\/\\\/kuritaeuwe-1d317f88af-hmdafwemhrbdfrck.a03.azurefd.net\\\/it\\\/#\\\/schema\\\/logo\\\/image\\\/\"},\"sameAs\":[\"https:\\\/\\\/x.com\\\/KuritaGlobal\",\"https:\\\/\\\/www.linkedin.com\\\/company\\\/kurita\\\/\"]}]}<\/script>\n<!-- \/ Yoast SEO plugin. -->","yoast_head_json":{"title":"Kuriverter\u00ae RC - Kurita Europa","description":"Kuriverter RC-membranf\u00f6ryngring: \u00e5terst\u00e4ll RO-saltavskiljning via standard CIP, senarel\u00e4gg byten och minska OPEX med NSF\/FDA-kompatibel kemi.","robots":{"index":"index","follow":"follow","max-snippet":"max-snippet:-1","max-image-preview":"max-image-preview:large","max-video-preview":"max-video-preview:-1"},"canonical":"https:\/\/kurita.eu\/pt\/solutions\/kuriverter-rc\/","og_locale":"sv_SE","og_type":"article","og_title":"Kuriverter\u00ae RC - Kurita Europe","og_description":"Kuriverter RC membrane rejuvenation: restore RO salt rejection via standard CIP, postpone replacements and cut OPEX using NSF\/FDA\u2011compliant chemistry.","og_url":"https:\/\/kurita.eu\/pt\/solutions\/kuriverter-rc\/","og_site_name":"Kurita Europe","article_modified_time":"2026-01-20T16:28:43+00:00","og_image":[{"width":512,"height":512,"url":"https:\/\/kuritaeuwe-1d317f88af-hmdafwemhrbdfrck.a03.azurefd.net\/wp-content\/uploads\/2025\/07\/kurita-favicon-512x512-1.png","type":"image\/png"}],"twitter_card":"summary_large_image","twitter_site":"@KuritaGlobal","twitter_misc":{"Ber\u00e4knad l\u00e4stid":"3 minuter"},"schema":{"@context":"https:\/\/schema.org","@graph":[{"@type":"WebPage","@id":"https:\/\/kurita.eu\/pt\/solutions\/kuriverter-rc\/","url":"https:\/\/kurita.eu\/pt\/solutions\/kuriverter-rc\/","name":"Kuriverter\u00ae RC - Kurita Europa","isPartOf":{"@id":"https:\/\/kuritaeuwe-1d317f88af-hmdafwemhrbdfrck.a03.azurefd.net\/it\/#website"},"datePublished":"2025-04-25T08:01:07+00:00","dateModified":"2026-01-20T16:28:43+00:00","description":"Kuriverter RC-membranf\u00f6ryngring: \u00e5terst\u00e4ll RO-saltavskiljning via standard CIP, senarel\u00e4gg byten och minska OPEX med NSF\/FDA-kompatibel kemi.","breadcrumb":{"@id":"https:\/\/kurita.eu\/pt\/solutions\/kuriverter-rc\/#breadcrumb"},"inLanguage":"sv-SE","potentialAction":[{"@type":"ReadAction","target":["https:\/\/kurita.eu\/pt\/solutions\/kuriverter-rc\/"]}]},{"@type":"BreadcrumbList","@id":"https:\/\/kurita.eu\/pt\/solutions\/kuriverter-rc\/#breadcrumb","itemListElement":[{"@type":"ListItem","position":1,"name":"Home","item":"https:\/\/www.kurita.eu\/en\/"},{"@type":"ListItem","position":2,"name":"Solutions","item":"https:\/\/kurita.eu\/it\/solutions\/"},{"@type":"ListItem","position":3,"name":"Kuriverter\u00ae RC"}]},{"@type":"WebSite","@id":"https:\/\/kuritaeuwe-1d317f88af-hmdafwemhrbdfrck.a03.azurefd.net\/it\/#website","url":"https:\/\/kuritaeuwe-1d317f88af-hmdafwemhrbdfrck.a03.azurefd.net\/it\/","name":"Kurita Europa","description":"L\u00f6sningar f\u00f6r vattenbehandling","publisher":{"@id":"https:\/\/kuritaeuwe-1d317f88af-hmdafwemhrbdfrck.a03.azurefd.net\/it\/#organization"},"potentialAction":[{"@type":"SearchAction","target":{"@type":"EntryPoint","urlTemplate":"https:\/\/kuritaeuwe-1d317f88af-hmdafwemhrbdfrck.a03.azurefd.net\/it\/?s={search_term_string}"},"query-input":{"@type":"PropertyValueSpecification","valueRequired":true,"valueName":"search_term_string"}}],"inLanguage":"sv-SE"},{"@type":"Organization","@id":"https:\/\/kuritaeuwe-1d317f88af-hmdafwemhrbdfrck.a03.azurefd.net\/it\/#organization","name":"Kurita Europa","url":"https:\/\/kuritaeuwe-1d317f88af-hmdafwemhrbdfrck.a03.azurefd.net\/it\/","logo":{"@type":"ImageObject","inLanguage":"sv-SE","@id":"https:\/\/kuritaeuwe-1d317f88af-hmdafwemhrbdfrck.a03.azurefd.net\/it\/#\/schema\/logo\/image\/","url":"\/wp-content\/uploads\/2025\/05\/cropped-brand_mark_horizon_blue.png","contentUrl":"\/wp-content\/uploads\/2025\/05\/cropped-brand_mark_horizon_blue.png","width":712,"height":204,"caption":"Kurita Europe"},"image":{"@id":"https:\/\/kuritaeuwe-1d317f88af-hmdafwemhrbdfrck.a03.azurefd.net\/it\/#\/schema\/logo\/image\/"},"sameAs":["https:\/\/x.com\/KuritaGlobal","https:\/\/www.linkedin.com\/company\/kurita\/"]}]}},"_links":{"self":[{"href":"https:\/\/kuritaeuwe-1d317f88af-hmdafwemhrbdfrck.a03.azurefd.net\/se\/wp-json\/wp\/v2\/pages\/14259","targetHints":{"allow":["GET"]}}],"collection":[{"href":"https:\/\/kuritaeuwe-1d317f88af-hmdafwemhrbdfrck.a03.azurefd.net\/se\/wp-json\/wp\/v2\/pages"}],"about":[{"href":"https:\/\/kuritaeuwe-1d317f88af-hmdafwemhrbdfrck.a03.azurefd.net\/se\/wp-json\/wp\/v2\/types\/page"}],"author":[{"embeddable":true,"href":"https:\/\/kuritaeuwe-1d317f88af-hmdafwemhrbdfrck.a03.azurefd.net\/se\/wp-json\/wp\/v2\/users\/2"}],"replies":[{"embeddable":true,"href":"https:\/\/kuritaeuwe-1d317f88af-hmdafwemhrbdfrck.a03.azurefd.net\/se\/wp-json\/wp\/v2\/comments?post=14259"}],"version-history":[{"count":7,"href":"https:\/\/kuritaeuwe-1d317f88af-hmdafwemhrbdfrck.a03.azurefd.net\/se\/wp-json\/wp\/v2\/pages\/14259\/revisions"}],"predecessor-version":[{"id":19330,"href":"https:\/\/kuritaeuwe-1d317f88af-hmdafwemhrbdfrck.a03.azurefd.net\/se\/wp-json\/wp\/v2\/pages\/14259\/revisions\/19330"}],"up":[{"embeddable":true,"href":"https:\/\/kuritaeuwe-1d317f88af-hmdafwemhrbdfrck.a03.azurefd.net\/se\/wp-json\/wp\/v2\/pages\/13875"}],"wp:attachment":[{"href":"https:\/\/kuritaeuwe-1d317f88af-hmdafwemhrbdfrck.a03.azurefd.net\/se\/wp-json\/wp\/v2\/media?parent=14259"}],"curies":[{"name":"wp","href":"https:\/\/api.w.org\/{rel}","templated":true}]}}