{"id":14393,"date":"2025-04-25T09:08:27","date_gmt":"2025-04-25T09:08:27","guid":{"rendered":"https:\/\/kurita-eu-gudza2cjbzfhcwbx.francecentral-01.azurewebsites.net\/?page_id=14393"},"modified":"2026-04-07T08:58:39","modified_gmt":"2026-04-07T08:58:39","slug":"ssk","status":"publish","type":"page","link":"https:\/\/kuritaeuwe-1d317f88af-hmdafwemhrbdfrck.a03.azurefd.net\/se\/solutions\/ssk\/","title":{"rendered":"SSK"},"content":{"rendered":"<div data-elementor-type=\"wp-page\" data-elementor-id=\"14393\" class=\"elementor elementor-14393\" data-elementor-post-type=\"page\">\n\t\t\t\t\t\t<section class=\"elementor-section elementor-top-section elementor-element elementor-element-5a8dcc58 elementor-section-full_width elementor-section-height-default elementor-section-height-default\" data-id=\"5a8dcc58\" data-element_type=\"section\" data-e-type=\"section\">\n\t\t\t\t\t\t<div class=\"elementor-container elementor-column-gap-default\">\n\t\t\t\t\t<div class=\"elementor-column elementor-col-100 elementor-top-column elementor-element elementor-element-4086de5d\" data-id=\"4086de5d\" data-element_type=\"column\" data-e-type=\"column\">\n\t\t\t<div class=\"elementor-widget-wrap elementor-element-populated\">\n\t\t\t\t\t\t<div class=\"elementor-element elementor-element-283abb4e elementor--h-position-center elementor--v-position-middle elementor-arrows-position-inside elementor-pagination-position-inside elementor-widget elementor-widget-slides\" data-id=\"283abb4e\" data-element_type=\"widget\" data-e-type=\"widget\" data-settings=\"{&quot;navigation&quot;:&quot;both&quot;,&quot;autoplay&quot;:&quot;yes&quot;,&quot;pause_on_hover&quot;:&quot;yes&quot;,&quot;pause_on_interaction&quot;:&quot;yes&quot;,&quot;autoplay_speed&quot;:5000,&quot;infinite&quot;:&quot;yes&quot;,&quot;transition&quot;:&quot;slide&quot;,&quot;transition_speed&quot;:500}\" data-widget_type=\"slides.default\">\n\t\t\t\t<div class=\"elementor-widget-container\">\n\t\t\t\t\t\t\t\t\t<div class=\"elementor-swiper\">\n\t\t\t\t\t<div class=\"elementor-slides-wrapper elementor-main-swiper swiper\" role=\"region\" aria-roledescription=\"carousel\" aria-label=\"Diabilder\" dir=\"ltr\" data-animation=\"fadeInUp\">\n\t\t\t\t<div class=\"swiper-wrapper elementor-slides\">\n\t\t\t\t\t\t\t\t\t\t<div class=\"elementor-repeater-item-4e0b9f7 swiper-slide\" role=\"group\" aria-roledescription=\"slide\"><div class=\"swiper-slide-bg elementor-ken-burns elementor-ken-burns--in\" role=\"img\" aria-label=\"shutterstock_medium-size_1992497891-9f42f35e.jpg\"><\/div><div class=\"elementor-background-overlay\"><\/div><div class=\"swiper-slide-inner\" ><div class=\"swiper-slide-contents\"><h1 class=\"elementor-slide-heading\">SSK Teknik<\/h1><h2 class=\"elementor-slide-description\">Kombinerad teknik f\u00f6r luftning och biocid<\/h2><\/div><\/div><\/div>\t\t\t\t<\/div>\n\t\t\t\t\t\t\t<\/div>\n\t\t\t\t<\/div>\n\t\t\t\t\t\t\t\t<\/div>\n\t\t\t\t<\/div>\n\t\t\t\t\t<\/div>\n\t\t<\/div>\n\t\t\t\t\t<\/div>\n\t\t<\/section>\n\t\t\t\t<section class=\"elementor-section elementor-top-section elementor-element elementor-element-618c9adb elementor-section-boxed elementor-section-height-default elementor-section-height-default\" data-id=\"618c9adb\" data-element_type=\"section\" data-e-type=\"section\">\n\t\t\t\t\t\t<div class=\"elementor-container elementor-column-gap-default\">\n\t\t\t\t\t<div class=\"elementor-column elementor-col-66 elementor-top-column elementor-element elementor-element-7fb485da margin-content\" data-id=\"7fb485da\" data-element_type=\"column\" data-e-type=\"column\">\n\t\t\t<div class=\"elementor-widget-wrap elementor-element-populated\">\n\t\t\t\t\t\t<div class=\"elementor-element elementor-element-f0639a2 elementor-widget elementor-widget-heading\" data-id=\"f0639a2\" data-element_type=\"widget\" data-e-type=\"widget\" data-widget_type=\"heading.default\">\n\t\t\t\t<div class=\"elementor-widget-container\">\n\t\t\t\t\t<h4 class=\"elementor-heading-title elementor-size-default\">SSK-system - Kuritas luftningsteknik<\/h4>\t\t\t\t<\/div>\n\t\t\t\t<\/div>\n\t\t\t\t<div class=\"elementor-element elementor-element-5a38f343 elementor-widget elementor-widget-text-editor\" data-id=\"5a38f343\" data-element_type=\"widget\" data-e-type=\"widget\" data-widget_type=\"text-editor.default\">\n\t\t\t\t<div class=\"elementor-widget-container\">\n\t\t\t\t\t\t\t\t\t<h5><span class=\"TextRun SCXP215523348 BCX0\" lang=\"TR-TR\" xml:lang=\"TR-TR\" data-scheme-color=\"@0069C8,,\" data-usefontface=\"true\" data-contrast=\"none\"><span class=\"NormalTextRun SCXP215523348 BCX0\">I<\/span><\/span><span class=\"TextRun SpellingErrorZoomed SCXP215523348 BCX0\" lang=\"EN-GB\" xml:lang=\"EN-GB\" data-scheme-color=\"@0069C8,,\" data-usefontface=\"true\" data-contrast=\"none\"><span class=\"SCXP215523348 BCX0\">mf\u00f6rb\u00e4ttra<\/span><\/span><span class=\"TextRun SCXP215523348 BCX0\" lang=\"EN-GB\" xml:lang=\"EN-GB\" data-scheme-color=\"@0069C8,,\" data-usefontface=\"true\" data-contrast=\"none\"><span class=\"NormalTextRun SCXP215523348 BCX0\"> Produktivitet, driftseffektivitet och milj\u00f6h\u00e4nsyn <\/span><\/span><span class=\"TextRun SCXP215523348 BCX0\" lang=\"EN-GB\" xml:lang=\"EN-GB\" data-scheme-color=\"@0069C8,,\" data-usefontface=\"true\" data-contrast=\"none\"><span class=\"NormalTextRun SCXP215523348 BCX0\">H\u00e4lsa i papper <\/span><\/span><span class=\"TextRun SCXP215523348 BCX0\" lang=\"TR-TR\" xml:lang=\"TR-TR\" data-scheme-color=\"@0069C8,,\" data-usefontface=\"true\" data-contrast=\"none\"><span class=\"NormalTextRun SCXP215523348 BCX0\">B<\/span><\/span><span class=\"TextRun SpellingErrorZoomed SCXP215523348 BCX0\" lang=\"EN-GB\" xml:lang=\"EN-GB\" data-scheme-color=\"@0069C8,,\" data-usefontface=\"true\" data-contrast=\"none\"><span class=\"SCXP215523348 BCX0\">oard<\/span><\/span> <span class=\"TextRun SCXP215523348 BCX0\" lang=\"TR-TR\" xml:lang=\"TR-TR\" data-scheme-color=\"@0069C8,,\" data-usefontface=\"true\" data-contrast=\"none\"><span class=\"NormalTextRun SCXP215523348 BCX0\">P<\/span><\/span><span class=\"TextRun SpellingErrorZoomed SCXP215523348 BCX0\" lang=\"EN-GB\" xml:lang=\"EN-GB\" data-scheme-color=\"@0069C8,,\" data-usefontface=\"true\" data-contrast=\"none\"><span class=\"SCXP215523348 BCX0\">roduktion<\/span><\/span><\/h5>\t\t\t\t\t\t\t\t<\/div>\n\t\t\t\t<\/div>\n\t\t\t\t<div class=\"elementor-element elementor-element-530ab92d elementor-invisible elementor-widget elementor-widget-text-editor\" data-id=\"530ab92d\" data-element_type=\"widget\" data-e-type=\"widget\" data-settings=\"{&quot;_animation&quot;:&quot;fadeInUp&quot;}\" data-widget_type=\"text-editor.default\">\n\t\t\t\t<div class=\"elementor-widget-container\">\n\t\t\t\t\t\t\t\t\t<p><span class=\"style-scope yt-formatted-string\" dir=\"auto\">Att det finns gott om bakterier i systemet inneb\u00e4r att syre f\u00f6rbrukas, att oxidationsreduktionspotentialen uppvisar ett negativt v\u00e4rde och att hela systemet\u00a0<\/span>anaerob<span class=\"style-scope yt-formatted-string\" dir=\"auto\">. Traditionellt bildas ett slemlager i den stillast\u00e5ende delen, men med Kuritas teknik f\u00f6rsvinner den stillast\u00e5ende delen. Kombinationen av Kuritas patenterade\u00a0<\/span>Biokontroll<span class=\"style-scope yt-formatted-string\" dir=\"auto\">\u00a0rening, luftningsteknik och\u00a0<a href=\"https:\/\/www.kurita.eu\/solutions\/ssensing\/\">S.sensing<sup>TM<\/sup><\/a>\u00a0som \u00f6vervakningssystem, leder till en avsaknad av slemskikt vilket \u00f6kar effektiviteten i hela systemet. Genom att anv\u00e4nda luftning med biocid verkar biociden effektivt.\u00a0<\/span><\/p>\t\t\t\t\t\t\t\t<\/div>\n\t\t\t\t<\/div>\n\t\t\t\t\t<\/div>\n\t\t<\/div>\n\t\t\t\t<div class=\"elementor-column elementor-col-33 elementor-top-column elementor-element elementor-element-4b220d55 margin-content\" data-id=\"4b220d55\" data-element_type=\"column\" data-e-type=\"column\">\n\t\t\t<div class=\"elementor-widget-wrap elementor-element-populated\">\n\t\t\t\t\t\t<div class=\"elementor-element elementor-element-400de5b4 elementor-invisible elementor-widget elementor-widget-image\" data-id=\"400de5b4\" data-element_type=\"widget\" data-e-type=\"widget\" data-settings=\"{&quot;_animation&quot;:&quot;fadeIn&quot;}\" data-widget_type=\"image.default\">\n\t\t\t\t<div class=\"elementor-widget-container\">\n\t\t\t\t\t\t\t\t\t\t\t\t\t\t\t\t<a href=\"\/wp-content\/uploads\/2026\/02\/SSK-infographic.png\" data-elementor-open-lightbox=\"yes\" data-elementor-lightbox-title=\"SSK-infographic\" data-e-action-hash=\"#elementor-action%3Aaction%3Dlightbox%26settings%3DeyJpZCI6MTk3NDMsInVybCI6Ilwvd3AtY29udGVudFwvdXBsb2Fkc1wvMjAyNlwvMDJcL1NTSy1pbmZvZ3JhcGhpYy5wbmcifQ%3D%3D\">\n\t\t\t\t\t\t\t<img fetchpriority=\"high\" decoding=\"async\" width=\"800\" height=\"452\" src=\"\/wp-content\/uploads\/2026\/02\/SSK-infographic-1024x579.png\" class=\"attachment-large size-large wp-image-19743\" alt=\"\" srcset=\"\/wp-content\/uploads\/2026\/02\/SSK-infographic-1024x579.png 1024w, \/wp-content\/uploads\/2026\/02\/SSK-infographic-300x170.png 300w, \/wp-content\/uploads\/2026\/02\/SSK-infographic-768x434.png 768w, \/wp-content\/uploads\/2026\/02\/SSK-infographic-1536x869.png 1536w, \/wp-content\/uploads\/2026\/02\/SSK-infographic-2048x1158.png 2048w, \/wp-content\/uploads\/2026\/02\/SSK-infographic-18x10.png 18w\" sizes=\"(max-width: 800px) 100vw, 800px\" data-no-translation=\"\" \/>\t\t\t\t\t\t\t\t<\/a>\n\t\t\t\t\t\t\t\t\t\t\t\t\t\t\t<\/div>\n\t\t\t\t<\/div>\n\t\t\t\t\t<\/div>\n\t\t<\/div>\n\t\t\t\t\t<\/div>\n\t\t<\/section>\n\t\t\t\t<section class=\"elementor-section elementor-top-section elementor-element elementor-element-c0e7340 elementor-section-boxed elementor-section-height-default elementor-section-height-default\" data-id=\"c0e7340\" data-element_type=\"section\" data-e-type=\"section\" data-settings=\"{&quot;background_background&quot;:&quot;classic&quot;}\">\n\t\t\t\t\t\t<div class=\"elementor-container elementor-column-gap-default\">\n\t\t\t\t\t<div class=\"elementor-column elementor-col-100 elementor-top-column elementor-element elementor-element-408102ec margin-content\" data-id=\"408102ec\" data-element_type=\"column\" data-e-type=\"column\">\n\t\t\t<div class=\"elementor-widget-wrap elementor-element-populated\">\n\t\t\t\t\t\t<div class=\"elementor-element elementor-element-2a8072d3 elementor-widget elementor-widget-heading\" data-id=\"2a8072d3\" data-element_type=\"widget\" data-e-type=\"widget\" data-widget_type=\"heading.default\">\n\t\t\t\t<div class=\"elementor-widget-container\">\n\t\t\t\t\t<h4 class=\"elementor-heading-title elementor-size-default\">F\u00f6rdelar med Kuritas SSK-system\n<\/h4>\t\t\t\t<\/div>\n\t\t\t\t<\/div>\n\t\t\t\t<div class=\"elementor-element elementor-element-125baf44 elementor-invisible elementor-widget elementor-widget-text-editor\" data-id=\"125baf44\" data-element_type=\"widget\" data-e-type=\"widget\" data-settings=\"{&quot;_animation&quot;:&quot;fadeIn&quot;}\" data-widget_type=\"text-editor.default\">\n\t\t\t\t<div class=\"elementor-widget-container\">\n\t\t\t\t\t\t\t\t\t<li>Minskning av COD i avloppsvatten<\/li>\n \t<li>Besparingar i vattenf\u00f6rbrukning<\/li>\n \t<li class=\"ce_text first block\">Luktbildning under kontroll<\/li>\n \t<li class=\"ce_text first block\">\u00d6kat produktutbyte<\/li>\n \t<li class=\"ce_text first block\">Minskning av kemiska tillsatser<\/li>\n \t<li class=\"ce_text first block\">Reducerad tonh\u00f6jd p\u00e5 deponerings- och pl\u00e5tbromsar<\/li>\n<\/ul>\t\t\t\t\t\t\t\t<\/div>\n\t\t\t\t<\/div>\n\t\t\t\t\t<\/div>\n\t\t<\/div>\n\t\t\t\t\t<\/div>\n\t\t<\/section>\n\t\t\t\t<section class=\"elementor-section elementor-top-section elementor-element elementor-element-21c8776d elementor-section-boxed elementor-section-height-default elementor-section-height-default\" data-id=\"21c8776d\" data-element_type=\"section\" data-e-type=\"section\" data-settings=\"{&quot;background_background&quot;:&quot;classic&quot;}\">\n\t\t\t\t\t\t<div class=\"elementor-container elementor-column-gap-default\">\n\t\t\t\t\t<div class=\"elementor-column elementor-col-100 elementor-top-column elementor-element elementor-element-5eac46a7 margin-content\" data-id=\"5eac46a7\" data-element_type=\"column\" data-e-type=\"column\">\n\t\t\t<div class=\"elementor-widget-wrap elementor-element-populated\">\n\t\t\t\t\t\t<div class=\"elementor-element elementor-element-bcc4de2 elementor-widget elementor-widget-heading\" data-id=\"bcc4de2\" data-element_type=\"widget\" data-e-type=\"widget\" data-widget_type=\"heading.default\">\n\t\t\t\t<div class=\"elementor-widget-container\">\n\t\t\t\t\t<h4 class=\"elementor-heading-title elementor-size-default\">Produktvideo<\/h4>\t\t\t\t<\/div>\n\t\t\t\t<\/div>\n\t\t\t\t<div class=\"elementor-element elementor-element-30975d75 elementor-widget elementor-widget-video\" data-id=\"30975d75\" data-element_type=\"widget\" data-e-type=\"widget\" data-settings=\"{&quot;video_type&quot;:&quot;vimeo&quot;}\" data-widget_type=\"video.default\">\n\t\t\t\t<div class=\"elementor-widget-container\">\n\t\t\t\t\t\t\t<div class=\"elementor-wrapper elementor-open-inline\">\n\t\t\t<iframe class=\"elementor-video-iframe\" allowfullscreen allow=\"clipboard-write\" title=\"vimeo-videospelare\" src=\"https:\/\/player.vimeo.com\/video\/827989662?color&amp;autopause=0&amp;loop=0&amp;muted=0&amp;title=1&amp;portrait=1&amp;byline=1#t=\" data-no-translation-title=\"\"><\/iframe>\t\t<\/div>\n\t\t\t\t\t\t<\/div>\n\t\t\t\t<\/div>\n\t\t\t\t\t<\/div>\n\t\t<\/div>\n\t\t\t\t\t<\/div>\n\t\t<\/section>\n\t\t\t\t<section class=\"elementor-section elementor-top-section elementor-element elementor-element-44dac175 elementor-section-boxed elementor-section-height-default elementor-section-height-default\" data-id=\"44dac175\" data-element_type=\"section\" data-e-type=\"section\" data-settings=\"{&quot;background_background&quot;:&quot;classic&quot;}\">\n\t\t\t\t\t\t<div class=\"elementor-container elementor-column-gap-default\">\n\t\t\t\t\t<div class=\"elementor-column elementor-col-100 elementor-top-column elementor-element elementor-element-25a0b2f6 margin-content\" data-id=\"25a0b2f6\" data-element_type=\"column\" data-e-type=\"column\">\n\t\t\t<div class=\"elementor-widget-wrap elementor-element-populated\">\n\t\t\t\t\t\t<div class=\"elementor-element elementor-element-2afab7f9 elementor-widget elementor-widget-heading\" data-id=\"2afab7f9\" data-element_type=\"widget\" data-e-type=\"widget\" data-widget_type=\"heading.default\">\n\t\t\t\t<div class=\"elementor-widget-container\">\n\t\t\t\t\t<h2 class=\"elementor-heading-title elementor-size-default\">Vi st\u00e5r till tj\u00e4nst f\u00f6r dig<\/h2>\t\t\t\t<\/div>\n\t\t\t\t<\/div>\n\t\t\t\t<div class=\"elementor-element elementor-element-2a6f148c elementor-widget elementor-widget-html\" data-id=\"2a6f148c\" data-element_type=\"widget\" data-e-type=\"widget\" data-widget_type=\"html.default\">\n\t\t\t\t<div class=\"elementor-widget-container\">\n\t\t\t\t\t<div\r\n        data-form-id='f4d0a8e4-73ce-ef11-b8e8-000d3ab41b62'\r\n        data-form-api-url='https:\/\/public-eur.mkt.dynamics.com\/api\/v1.0\/orgs\/30cac5a2-33f9-ed11-a66d-000d3a64d748\/landingpageforms'\r\n        data-cached-form-url='https:\/\/assets-eur.mkt.dynamics.com\/30cac5a2-33f9-ed11-a66d-000d3a64d748\/digitalassets\/forms\/f4d0a8e4-73ce-ef11-b8e8-000d3ab41b62' ><\/div>\r\n        <script src = 'https:\/\/cxppusa1formui01cdnsa01-endpoint.azureedge.net\/eur\/FormLoader\/FormLoader.bundle.js' ><\/script>\r\n        <script>document.documentElement.lang = navigator.language;<\/script>\t\t\t\t<\/div>\n\t\t\t\t<\/div>\n\t\t\t\t\t<\/div>\n\t\t<\/div>\n\t\t\t\t\t<\/div>\n\t\t<\/section>\n\t\t\t\t<\/div>","protected":false},"excerpt":{"rendered":"<p>Kuritas integrerade biokontroll, luftningsteknik och S.sensing\u2122-\u00f6vervakning f\u00f6rhindrar slembildning och f\u00f6rb\u00e4ttrar effektiviteten och milj\u00f6prestandan vid kartongtillverkning.<\/p>","protected":false},"author":2,"featured_media":0,"parent":13875,"menu_order":0,"comment_status":"closed","ping_status":"closed","template":"","meta":{"footnotes":""},"class_list":["post-14393","page","type-page","status-publish","hentry"],"yoast_head":"<!-- This site is optimized with the Yoast SEO plugin v27.3 - https:\/\/yoast.com\/product\/yoast-seo-wordpress\/ -->\n<title>SSK - Kurita Europe<\/title>\n<meta name=\"description\" content=\"SSK Technology: combined aeration and biocide approach that strengthens biological treatment, stabilizes performance and reduces wastewater bottlenecks.\" \/>\n<meta name=\"robots\" content=\"index, follow, max-snippet:-1, max-image-preview:large, max-video-preview:-1\" \/>\n<link rel=\"canonical\" href=\"https:\/\/www.kurita.eu\/en\/solutions\/ssk\/\" \/>\n<meta property=\"og:locale\" content=\"sv_SE\" \/>\n<meta property=\"og:type\" content=\"article\" \/>\n<meta property=\"og:title\" content=\"SSK - Kurita Europe\" \/>\n<meta property=\"og:description\" content=\"SSK Technology: combined aeration and biocide approach that strengthens biological treatment, stabilizes performance and reduces wastewater bottlenecks.\" \/>\n<meta property=\"og:url\" content=\"https:\/\/www.kurita.eu\/en\/solutions\/ssk\/\" \/>\n<meta property=\"og:site_name\" content=\"Kurita Europe\" \/>\n<meta property=\"article:modified_time\" content=\"2026-04-07T08:58:39+00:00\" \/>\n<meta property=\"og:image\" content=\"https:\/\/kuritaeuwe-1d317f88af-hmdafwemhrbdfrck.a03.azurefd.net\/wp-content\/uploads\/2025\/07\/kurita-favicon-512x512-1.png\" \/>\n\t<meta property=\"og:image:width\" content=\"512\" \/>\n\t<meta property=\"og:image:height\" content=\"512\" \/>\n\t<meta property=\"og:image:type\" content=\"image\/png\" \/>\n<meta name=\"twitter:card\" content=\"summary_large_image\" \/>\n<meta name=\"twitter:site\" content=\"@KuritaGlobal\" \/>\n<meta name=\"twitter:label1\" content=\"Ber\u00e4knad l\u00e4stid\" \/>\n\t<meta name=\"twitter:data1\" content=\"3 minuter\" \/>\n<script type=\"application\/ld+json\" class=\"yoast-schema-graph\">{\"@context\":\"https:\\\/\\\/schema.org\",\"@graph\":[{\"@type\":\"WebPage\",\"@id\":\"https:\\\/\\\/www.kurita.eu\\\/en\\\/solutions\\\/ssk\\\/\",\"url\":\"https:\\\/\\\/www.kurita.eu\\\/en\\\/solutions\\\/ssk\\\/\",\"name\":\"SSK - Kurita Europe\",\"isPartOf\":{\"@id\":\"https:\\\/\\\/www.kurita.eu\\\/fr\\\/#website\"},\"datePublished\":\"2025-04-25T09:08:27+00:00\",\"dateModified\":\"2026-04-07T08:58:39+00:00\",\"description\":\"SSK Technology: combined aeration and biocide approach that strengthens biological treatment, stabilizes performance and reduces wastewater bottlenecks.\",\"breadcrumb\":{\"@id\":\"https:\\\/\\\/www.kurita.eu\\\/en\\\/solutions\\\/ssk\\\/#breadcrumb\"},\"inLanguage\":\"sv-SE\",\"potentialAction\":[{\"@type\":\"ReadAction\",\"target\":[\"https:\\\/\\\/www.kurita.eu\\\/en\\\/solutions\\\/ssk\\\/\"]}]},{\"@type\":\"BreadcrumbList\",\"@id\":\"https:\\\/\\\/www.kurita.eu\\\/en\\\/solutions\\\/ssk\\\/#breadcrumb\",\"itemListElement\":[{\"@type\":\"ListItem\",\"position\":1,\"name\":\"Home\",\"item\":\"https:\\\/\\\/kuritaeuwe-1d317f88af-hmdafwemhrbdfrck.a03.azurefd.net\\\/en\\\/\"},{\"@type\":\"ListItem\",\"position\":2,\"name\":\"Solutions\",\"item\":\"https:\\\/\\\/www.kurita.eu\\\/en\\\/solutions\\\/\"},{\"@type\":\"ListItem\",\"position\":3,\"name\":\"SSK\"}]},{\"@type\":\"WebSite\",\"@id\":\"https:\\\/\\\/www.kurita.eu\\\/fr\\\/#website\",\"url\":\"https:\\\/\\\/www.kurita.eu\\\/fr\\\/\",\"name\":\"Kurita Europe\",\"description\":\"Water Treatment Solutions\",\"publisher\":{\"@id\":\"https:\\\/\\\/www.kurita.eu\\\/fr\\\/#organization\"},\"potentialAction\":[{\"@type\":\"SearchAction\",\"target\":{\"@type\":\"EntryPoint\",\"urlTemplate\":\"https:\\\/\\\/www.kurita.eu\\\/fr\\\/?s={search_term_string}\"},\"query-input\":{\"@type\":\"PropertyValueSpecification\",\"valueRequired\":true,\"valueName\":\"search_term_string\"}}],\"inLanguage\":\"sv-SE\"},{\"@type\":\"Organization\",\"@id\":\"https:\\\/\\\/www.kurita.eu\\\/fr\\\/#organization\",\"name\":\"Kurita Europe\",\"url\":\"https:\\\/\\\/www.kurita.eu\\\/fr\\\/\",\"logo\":{\"@type\":\"ImageObject\",\"inLanguage\":\"sv-SE\",\"@id\":\"https:\\\/\\\/www.kurita.eu\\\/fr\\\/#\\\/schema\\\/logo\\\/image\\\/\",\"url\":\"\\\/wp-content\\\/uploads\\\/2025\\\/05\\\/cropped-brand_mark_horizon_blue.png\",\"contentUrl\":\"\\\/wp-content\\\/uploads\\\/2025\\\/05\\\/cropped-brand_mark_horizon_blue.png\",\"width\":712,\"height\":204,\"caption\":\"Kurita Europe\"},\"image\":{\"@id\":\"https:\\\/\\\/www.kurita.eu\\\/fr\\\/#\\\/schema\\\/logo\\\/image\\\/\"},\"sameAs\":[\"https:\\\/\\\/x.com\\\/KuritaGlobal\",\"https:\\\/\\\/www.linkedin.com\\\/company\\\/kurita\\\/\"]}]}<\/script>\n<!-- \/ Yoast SEO plugin. -->","yoast_head_json":{"title":"SSK - Kurita Europa","description":"SSK Technology: kombinerad luftning och biocidmetod som st\u00e4rker den biologiska reningen, stabiliserar prestandan och minskar flaskhalsar i avloppsvattnet.","robots":{"index":"index","follow":"follow","max-snippet":"max-snippet:-1","max-image-preview":"max-image-preview:large","max-video-preview":"max-video-preview:-1"},"canonical":"https:\/\/www.kurita.eu\/en\/solutions\/ssk\/","og_locale":"sv_SE","og_type":"article","og_title":"SSK - Kurita Europe","og_description":"SSK Technology: combined aeration and biocide approach that strengthens biological treatment, stabilizes performance and reduces wastewater bottlenecks.","og_url":"https:\/\/www.kurita.eu\/en\/solutions\/ssk\/","og_site_name":"Kurita Europe","article_modified_time":"2026-04-07T08:58:39+00:00","og_image":[{"width":512,"height":512,"url":"https:\/\/kuritaeuwe-1d317f88af-hmdafwemhrbdfrck.a03.azurefd.net\/wp-content\/uploads\/2025\/07\/kurita-favicon-512x512-1.png","type":"image\/png"}],"twitter_card":"summary_large_image","twitter_site":"@KuritaGlobal","twitter_misc":{"Ber\u00e4knad l\u00e4stid":"3 minuter"},"schema":{"@context":"https:\/\/schema.org","@graph":[{"@type":"WebPage","@id":"https:\/\/www.kurita.eu\/en\/solutions\/ssk\/","url":"https:\/\/www.kurita.eu\/en\/solutions\/ssk\/","name":"SSK - Kurita Europa","isPartOf":{"@id":"https:\/\/www.kurita.eu\/fr\/#website"},"datePublished":"2025-04-25T09:08:27+00:00","dateModified":"2026-04-07T08:58:39+00:00","description":"SSK Technology: kombinerad luftning och biocidmetod som st\u00e4rker den biologiska reningen, stabiliserar prestandan och minskar flaskhalsar i avloppsvattnet.","breadcrumb":{"@id":"https:\/\/www.kurita.eu\/en\/solutions\/ssk\/#breadcrumb"},"inLanguage":"sv-SE","potentialAction":[{"@type":"ReadAction","target":["https:\/\/www.kurita.eu\/en\/solutions\/ssk\/"]}]},{"@type":"BreadcrumbList","@id":"https:\/\/www.kurita.eu\/en\/solutions\/ssk\/#breadcrumb","itemListElement":[{"@type":"ListItem","position":1,"name":"Home","item":"https:\/\/kuritaeuwe-1d317f88af-hmdafwemhrbdfrck.a03.azurefd.net\/en\/"},{"@type":"ListItem","position":2,"name":"Solutions","item":"https:\/\/www.kurita.eu\/en\/solutions\/"},{"@type":"ListItem","position":3,"name":"SSK"}]},{"@type":"WebSite","@id":"https:\/\/www.kurita.eu\/fr\/#website","url":"https:\/\/www.kurita.eu\/fr\/","name":"Kurita Europa","description":"L\u00f6sningar f\u00f6r vattenbehandling","publisher":{"@id":"https:\/\/www.kurita.eu\/fr\/#organization"},"potentialAction":[{"@type":"SearchAction","target":{"@type":"EntryPoint","urlTemplate":"https:\/\/www.kurita.eu\/fr\/?s={search_term_string}"},"query-input":{"@type":"PropertyValueSpecification","valueRequired":true,"valueName":"search_term_string"}}],"inLanguage":"sv-SE"},{"@type":"Organization","@id":"https:\/\/www.kurita.eu\/fr\/#organization","name":"Kurita Europa","url":"https:\/\/www.kurita.eu\/fr\/","logo":{"@type":"ImageObject","inLanguage":"sv-SE","@id":"https:\/\/www.kurita.eu\/fr\/#\/schema\/logo\/image\/","url":"\/wp-content\/uploads\/2025\/05\/cropped-brand_mark_horizon_blue.png","contentUrl":"\/wp-content\/uploads\/2025\/05\/cropped-brand_mark_horizon_blue.png","width":712,"height":204,"caption":"Kurita Europe"},"image":{"@id":"https:\/\/www.kurita.eu\/fr\/#\/schema\/logo\/image\/"},"sameAs":["https:\/\/x.com\/KuritaGlobal","https:\/\/www.linkedin.com\/company\/kurita\/"]}]}},"_links":{"self":[{"href":"https:\/\/kuritaeuwe-1d317f88af-hmdafwemhrbdfrck.a03.azurefd.net\/se\/wp-json\/wp\/v2\/pages\/14393","targetHints":{"allow":["GET"]}}],"collection":[{"href":"https:\/\/kuritaeuwe-1d317f88af-hmdafwemhrbdfrck.a03.azurefd.net\/se\/wp-json\/wp\/v2\/pages"}],"about":[{"href":"https:\/\/kuritaeuwe-1d317f88af-hmdafwemhrbdfrck.a03.azurefd.net\/se\/wp-json\/wp\/v2\/types\/page"}],"author":[{"embeddable":true,"href":"https:\/\/kuritaeuwe-1d317f88af-hmdafwemhrbdfrck.a03.azurefd.net\/se\/wp-json\/wp\/v2\/users\/2"}],"replies":[{"embeddable":true,"href":"https:\/\/kuritaeuwe-1d317f88af-hmdafwemhrbdfrck.a03.azurefd.net\/se\/wp-json\/wp\/v2\/comments?post=14393"}],"version-history":[{"count":18,"href":"https:\/\/kuritaeuwe-1d317f88af-hmdafwemhrbdfrck.a03.azurefd.net\/se\/wp-json\/wp\/v2\/pages\/14393\/revisions"}],"predecessor-version":[{"id":21762,"href":"https:\/\/kuritaeuwe-1d317f88af-hmdafwemhrbdfrck.a03.azurefd.net\/se\/wp-json\/wp\/v2\/pages\/14393\/revisions\/21762"}],"up":[{"embeddable":true,"href":"https:\/\/kuritaeuwe-1d317f88af-hmdafwemhrbdfrck.a03.azurefd.net\/se\/wp-json\/wp\/v2\/pages\/13875"}],"wp:attachment":[{"href":"https:\/\/kuritaeuwe-1d317f88af-hmdafwemhrbdfrck.a03.azurefd.net\/se\/wp-json\/wp\/v2\/media?parent=14393"}],"curies":[{"name":"wp","href":"https:\/\/api.w.org\/{rel}","templated":true}]}}